{"id":12517,"date":"2018-06-27T10:39:17","date_gmt":"2018-06-27T10:39:17","guid":{"rendered":"https:\/\/twsites.com.br\/novomigcenter\/?product=geladeira-comercial-com-controle-inteligente-grce-4p"},"modified":"2018-06-27T10:39:17","modified_gmt":"2018-06-27T10:39:17","slug":"geladeira-comercial-com-controle-inteligente-grce-4p","status":"publish","type":"product","link":"https:\/\/twsites.com.br\/novomigcenter\/?product=geladeira-comercial-com-controle-inteligente-grce-4p","title":{"rendered":"Geladeira Comercial &#8211; Controlador Inteligente 4 Portas GRCE-4P"},"content":{"rendered":"<div class=\"bloco-desc-prod\" style=\"outline: 0px; -webkit-font-smoothing: antialiased; text-rendering: optimizeLegibility; border: 0px; font-size: 15px; margin: 0px 20px 0px 0px; padding: 0px; vertical-align: baseline; float: left; clear: both; width: 440px; color: rgb(76, 76, 76); line-height: 30px; caret-color: rgb(76, 76, 76);\"><strong class=\"tit-bloco-desc\" style=\"outline: transparent none medium; -webkit-font-smoothing: antialiased; text-rendering: optimizeLegibility;\"><font face=\"Arial\">Descri\u00e7\u00e3o do Produto<\/font><\/strong><\/p>\n<p style=\"outline: 0px; -webkit-font-smoothing: antialiased; text-rendering: optimizeLegibility; border: 0px; font-style: inherit; font-size: 12pt; margin: 0cm 0cm 0.0001pt; padding: 0px; vertical-align: baseline;\"><span style=\"outline: 0px; -webkit-font-smoothing: antialiased; text-rendering: optimizeLegibility; border: 0px; font-style: inherit; font-size: 10pt; margin: 0px; padding: 0px; vertical-align: baseline; color: rgb(82, 82, 82);\"><font face=\"Arial\">Temperatura: +2\u00ba a +8\u00baC<o:p style=\"outline: transparent none medium; -webkit-font-smoothing: antialiased; text-rendering: optimizeLegibility;\"><\/o:p><\/font><\/span><\/p>\n<p style=\"-webkit-font-smoothing: antialiased; text-rendering: optimizeLegibility; border: 0px; font-style: inherit; font-size: 12pt; margin: 0cm 0cm 0.0001pt; padding: 0px; vertical-align: baseline; font-variant-ligatures: normal; orphans: 2; widows: 2; outline: none !important;\"><span style=\"outline: 0px; -webkit-font-smoothing: antialiased; text-rendering: optimizeLegibility; border: 0px; font-style: inherit; font-size: 10pt; margin: 0px; padding: 0px; vertical-align: baseline; color: rgb(82, 82, 82);\"><font face=\"Arial\">Refrigera\u00e7\u00e3o: Ar for\u00e7ado com serpentina aletada<o:p style=\"outline: transparent none medium; -webkit-font-smoothing: antialiased; text-rendering: optimizeLegibility;\"><\/o:p><\/font><\/span><\/p>\n<p style=\"-webkit-font-smoothing: antialiased; text-rendering: optimizeLegibility; border: 0px; font-style: inherit; font-size: 12pt; margin: 0cm 0cm 0.0001pt; padding: 0px; vertical-align: baseline; font-variant-ligatures: normal; orphans: 2; widows: 2; outline: none !important;\"><span style=\"outline: 0px; -webkit-font-smoothing: antialiased; text-rendering: optimizeLegibility; border: 0px; font-style: inherit; font-size: 10pt; margin: 0px; padding: 0px; vertical-align: baseline; color: rgb(82, 82, 82);\"><font face=\"Arial\">Prateleiras aramadas: 4 n\u00edveis regul\u00e1veis<o:p style=\"outline: transparent none medium; -webkit-font-smoothing: antialiased; text-rendering: optimizeLegibility;\"><\/o:p><\/font><\/span><\/p>\n<p style=\"outline: 0px; -webkit-font-smoothing: antialiased; text-rendering: optimizeLegibility; border: 0px; font-style: inherit; font-size: 12pt; margin: 0cm 0cm 0.0001pt; padding: 0px; vertical-align: baseline;\"><span style=\"outline: 0px; -webkit-font-smoothing: antialiased; text-rendering: optimizeLegibility; border: 0px; font-style: inherit; font-size: 10pt; margin: 0px; padding: 0px; vertical-align: baseline; color: rgb(82, 82, 82);\"><font face=\"Arial\">Revestimento: Externo chapa cinza e interno em a\u00e7o galvanizado<o:p style=\"outline: transparent none medium; -webkit-font-smoothing: antialiased; text-rendering: optimizeLegibility;\"><\/o:p><\/font><\/span><\/p>\n<p style=\"outline: 0px; -webkit-font-smoothing: antialiased; text-rendering: optimizeLegibility; border: 0px; font-style: inherit; font-size: 12pt; margin: 0cm 0cm 0.0001pt; padding: 0px; vertical-align: baseline;\"><span style=\"outline: 0px; -webkit-font-smoothing: antialiased; text-rendering: optimizeLegibility; border: 0px; font-style: inherit; font-size: 10pt; margin: 0px; padding: 0px; vertical-align: baseline; color: rgb(82, 82, 82);\"><font face=\"Arial\">Controlador eletr\u00f4nico digital com as seguintes fun\u00e7\u00f5es:<o:p style=\"outline: transparent none medium; -webkit-font-smoothing: antialiased; text-rendering: optimizeLegibility;\"><\/o:p><\/font><\/span><\/p>\n<p style=\"-webkit-font-smoothing: antialiased; text-rendering: optimizeLegibility; border: 0px; font-style: inherit; font-size: 12pt; margin: 0cm 0cm 0.0001pt; padding: 0px; vertical-align: baseline; font-variant-ligatures: normal; orphans: 2; widows: 2; outline: none !important;\"><span style=\"outline: 0px; -webkit-font-smoothing: antialiased; text-rendering: optimizeLegibility; border: 0px; font-style: inherit; font-size: 10pt; margin: 0px; padding: 0px; vertical-align: baseline; color: rgb(82, 82, 82);\"><font face=\"Arial\">Mostrador digital de temperatura e degelo autom\u00e1tico (frost free)<o:p style=\"outline: transparent none medium; -webkit-font-smoothing: antialiased; text-rendering: optimizeLegibility;\"><\/o:p><\/font><\/span><\/p>\n<p style=\"-webkit-font-smoothing: antialiased; text-rendering: optimizeLegibility; border: 0px; font-style: inherit; font-size: 12pt; margin: 0cm 0cm 0.0001pt; padding: 0px; vertical-align: baseline; font-variant-ligatures: normal; orphans: 2; widows: 2; outline: none !important;\"><span style=\"outline: 0px; -webkit-font-smoothing: antialiased; text-rendering: optimizeLegibility; border: 0px; font-style: inherit; font-size: 10pt; margin: 0px; padding: 0px; vertical-align: baseline; color: rgb(82, 82, 82);\"><font face=\"Arial\">Led indicador de energia<o:p style=\"outline: transparent none medium; -webkit-font-smoothing: antialiased; text-rendering: optimizeLegibility;\"><\/o:p><\/font><\/span><\/p>\n<p style=\"-webkit-font-smoothing: antialiased; text-rendering: optimizeLegibility; border: 0px; font-style: inherit; font-size: 12pt; margin: 0cm 0cm 0.0001pt; padding: 0px; vertical-align: baseline; font-variant-ligatures: normal; orphans: 2; widows: 2; outline: none !important;\"><span style=\"outline: 0px; -webkit-font-smoothing: antialiased; text-rendering: optimizeLegibility; border: 0px; font-style: inherit; font-size: 10pt; margin: 0px; padding: 0px; vertical-align: baseline; color: rgb(82, 82, 82);\"><font face=\"Arial\">Discador telef\u00f4nico em caso de eleva\u00e7\u00e3o de temperatura<o:p style=\"outline: transparent none medium; -webkit-font-smoothing: antialiased; text-rendering: optimizeLegibility;\"><\/o:p><\/font><\/span><\/p>\n<p style=\"-webkit-font-smoothing: antialiased; text-rendering: optimizeLegibility; border: 0px; font-style: inherit; font-size: 12pt; margin: 0cm 0cm 0.0001pt; padding: 0px; vertical-align: baseline; font-variant-ligatures: normal; orphans: 2; widows: 2; outline: none !important;\"><span style=\"outline: 0px; -webkit-font-smoothing: antialiased; text-rendering: optimizeLegibility; border: 0px; font-style: inherit; font-size: 10pt; margin: 0px; padding: 0px; vertical-align: baseline; color: rgb(82, 82, 82);\"><font face=\"Arial\">Bateria para acionar alarme e discador em caso de falta de energia<\/font><\/span><\/p>\n<p style=\"-webkit-font-smoothing: antialiased; text-rendering: optimizeLegibility; border: 0px; font-style: inherit; font-size: 12pt; margin: 0cm 0cm 0.0001pt; padding: 0px; vertical-align: baseline; font-variant-ligatures: normal; orphans: 2; widows: 2; outline: none !important;\"><span style=\"outline: 0px; -webkit-font-smoothing: antialiased; text-rendering: optimizeLegibility; border: 0px; font-style: inherit; font-size: 10pt; margin: 0px; padding: 0px; vertical-align: baseline;\"><font face=\"Arial\">P\u00e9s regul\u00e1veis<\/font><\/span><\/p>\n<p style=\"-webkit-font-smoothing: antialiased; text-rendering: optimizeLegibility; border: 0px; font-style: inherit; font-size: 12pt; margin: 0cm 0cm 0.0001pt; padding: 0px; vertical-align: baseline; font-variant-ligatures: normal; orphans: 2; widows: 2; outline: none !important;\"><span style=\"outline: 0px; -webkit-font-smoothing: antialiased; text-rendering: optimizeLegibility; border: 0px; font-style: inherit; font-size: 10pt; margin: 0px; padding: 0px; vertical-align: baseline;\"><font face=\"Arial\"><br style=\"outline: transparent none medium; -webkit-font-smoothing: antialiased; text-rendering: optimizeLegibility;\"><\/font><\/span><\/p>\n<p style=\"outline: 0px; -webkit-font-smoothing: antialiased; text-rendering: optimizeLegibility; border: 0px; font-style: inherit; font-size: 12pt; margin: 0cm 0cm 0.0001pt; padding: 0px; vertical-align: baseline;\"><font face=\"Arial\"><span style=\"outline: 0px; -webkit-font-smoothing: antialiased; text-rendering: optimizeLegibility; border: 0px; font-weight: bold; font-style: inherit; font-size: inherit; margin: 0px; padding: 0px; vertical-align: baseline;\"><span style=\"outline: 0px; -webkit-font-smoothing: antialiased; text-rendering: optimizeLegibility; border: 1pt none windowtext; font-weight: 400; font-style: inherit; font-size: 7.5pt; margin: 0px; padding: 0cm; vertical-align: baseline; color: black;\">Informa\u00e7\u00f5es importantes:<\/span><u1:p style=\"outline: transparent none medium; -webkit-font-smoothing: antialiased; text-rendering: optimizeLegibility;\"><\/u1:p>&nbsp; &nbsp;<\/span>&nbsp;<span style=\"outline: 0px; -webkit-font-smoothing: antialiased; text-rendering: optimizeLegibility; border: 0px; font-style: inherit; font-size: 10pt; margin: 0px; padding: 0px; vertical-align: baseline;\"><br style=\"outline: transparent none medium; -webkit-font-smoothing: antialiased; text-rendering: optimizeLegibility;\"><\/span><\/font><\/p>\n<p class=\"mb-5\" style=\"outline: 0px; -webkit-font-smoothing: antialiased; text-rendering: optimizeLegibility; border: 0px; font-style: inherit; font-size: 12pt; margin: 0cm 0cm 0.0001pt; padding: 0px; vertical-align: baseline;\"><font face=\"Arial\"><span style=\"outline: 0px; -webkit-font-smoothing: antialiased; text-rendering: optimizeLegibility; border: 0px; font-style: inherit; font-size: 7.5pt; margin: 0px; padding: 0px; vertical-align: baseline; color: black;\">&#8211;<span class=\"apple-converted-space\" style=\"outline: 0px; -webkit-font-smoothing: antialiased; text-rendering: optimizeLegibility; border: 0px; font-style: inherit; font-size: inherit; margin: 0px; padding: 0px; vertical-align: baseline;\">&nbsp;<\/span><\/span><span style=\"outline: 0px; -webkit-font-smoothing: antialiased; text-rendering: optimizeLegibility; border: 0px; font-style: inherit; font-size: 7.5pt; margin: 0px; padding: 0px; vertical-align: baseline;\">Imagens meramente ilustrativas. Imagens e informa\u00e7\u00f5es sujeitas a altera\u00e7\u00f5es sem aviso pr\u00e9vio.&nbsp;<\/span><\/font><\/p>\n<p class=\"mb-5\" style=\"outline: 0px; -webkit-font-smoothing: antialiased; text-rendering: optimizeLegibility; border: 0px; font-style: inherit; font-size: 12pt; margin: 0cm 0cm 0.0001pt; padding: 0px; vertical-align: baseline;\"><span style=\"outline: 0px; -webkit-font-smoothing: antialiased; text-rendering: optimizeLegibility; border: 0px; font-style: inherit; font-size: 7.5pt; margin: 0px; padding: 0px; vertical-align: baseline;\"><font face=\"Arial\">&#8211; Cores de acabamento e materiais sujeitos a varia\u00e7\u00e3o de acordo com o lote de produ\u00e7\u00e3o e\/ou entre os materiais que comp\u00f5em o produto (ex.: chapa, pl\u00e1stico, madeiras e etc.).<\/font><\/span><\/p>\n<\/div>\n<table class=\"tabela-especificacoes\" style=\"outline: 0px; -webkit-font-smoothing: antialiased; text-rendering: optimizeLegibility; border: 0px; font-size: inherit; font-family: alegreya_sansregular; margin: 0px; padding: 0px; vertical-align: baseline; border-collapse: separate; width: 330px; table-layout: fixed; caret-color: rgb(76, 76, 76); color: rgb(76, 76, 76);\">\n<tbody style=\"outline: 0px; -webkit-font-smoothing: antialiased; text-rendering: optimizeLegibility; border: 0px; font-style: inherit; font-size: inherit; font-family: inherit; margin: 0px; padding: 0px; vertical-align: baseline;\">\n<tr style=\"outline: 0px; -webkit-font-smoothing: antialiased; text-rendering: optimizeLegibility; border: 0px; font-style: inherit; font-size: inherit; margin: 0px; padding: 0px; vertical-align: baseline;\">\n<td class=\"label-especificacoes\" width=\"190\" style=\"outline: 0px; -webkit-font-smoothing: antialiased; text-rendering: optimizeLegibility; border-width: 0px 5px 5px 0px; border-right-style: solid; border-bottom-style: solid; border-right-color: rgb(255, 255, 255); border-bottom-color: rgb(255, 255, 255); font-style: inherit; font-size: 15px; margin: 0px; padding: 7px; vertical-align: baseline; background-color: rgb(249, 249, 249); color: rgb(74, 74, 74); word-wrap: break-word; overflow-wrap: break-word;\"><font face=\"Arial\">Frente(mm)<\/font><\/td>\n<td colspan=\"2\" style=\"outline: 0px; -webkit-font-smoothing: antialiased; text-rendering: optimizeLegibility; border-width: 0px 5px 5px 0px; border-right-style: solid; border-bottom-style: solid; border-right-color: rgb(255, 255, 255); border-bottom-color: rgb(255, 255, 255); font-style: inherit; font-size: 15px; margin: 0px; padding: 7px; vertical-align: baseline; background-color: rgb(249, 249, 249); color: rgb(74, 74, 74); word-wrap: break-word; overflow-wrap: break-word;\"><font face=\"Arial\">1210<\/font><\/td>\n<\/tr>\n<tr style=\"outline: 0px; -webkit-font-smoothing: antialiased; text-rendering: optimizeLegibility; border: 0px; font-style: inherit; font-size: inherit; margin: 0px; padding: 0px; vertical-align: baseline;\">\n<td class=\"label-especificacoes\" width=\"190\" style=\"outline: 0px; -webkit-font-smoothing: antialiased; text-rendering: optimizeLegibility; border-width: 0px 5px 5px 0px; border-right-style: solid; border-bottom-style: solid; border-right-color: rgb(255, 255, 255); border-bottom-color: rgb(255, 255, 255); font-style: inherit; font-size: 15px; margin: 0px; padding: 7px; vertical-align: baseline; background-color: rgb(249, 249, 249); color: rgb(74, 74, 74); word-wrap: break-word; overflow-wrap: break-word;\"><font face=\"Arial\">Profundidade(mm)<\/font><\/td>\n<td colspan=\"2\" style=\"outline: 0px; -webkit-font-smoothing: antialiased; text-rendering: optimizeLegibility; border-width: 0px 5px 5px 0px; border-right-style: solid; border-bottom-style: solid; border-right-color: rgb(255, 255, 255); border-bottom-color: rgb(255, 255, 255); font-style: inherit; font-size: 15px; margin: 0px; padding: 7px; vertical-align: baseline; background-color: rgb(249, 249, 249); color: rgb(74, 74, 74); word-wrap: break-word; overflow-wrap: break-word;\"><font face=\"Arial\">680<\/font><\/td>\n<\/tr>\n<tr style=\"outline: 0px; -webkit-font-smoothing: antialiased; text-rendering: optimizeLegibility; border: 0px; font-style: inherit; font-size: inherit; margin: 0px; padding: 0px; vertical-align: baseline;\">\n<td class=\"label-especificacoes\" width=\"190\" style=\"outline: 0px; -webkit-font-smoothing: antialiased; text-rendering: optimizeLegibility; border-width: 0px 5px 5px 0px; border-right-style: solid; border-bottom-style: solid; border-right-color: rgb(255, 255, 255); border-bottom-color: rgb(255, 255, 255); font-style: inherit; font-size: 15px; margin: 0px; padding: 7px; vertical-align: baseline; background-color: rgb(249, 249, 249); color: rgb(74, 74, 74); word-wrap: break-word; overflow-wrap: break-word;\"><font face=\"Arial\">Altura(mm)<\/font><\/td>\n<td colspan=\"2\" style=\"outline: 0px; -webkit-font-smoothing: antialiased; text-rendering: optimizeLegibility; border-width: 0px 5px 5px 0px; border-right-style: solid; border-bottom-style: solid; border-right-color: rgb(255, 255, 255); border-bottom-color: rgb(255, 255, 255); font-style: inherit; font-size: 15px; margin: 0px; padding: 7px; vertical-align: baseline; background-color: rgb(249, 249, 249); color: rgb(74, 74, 74); word-wrap: break-word; overflow-wrap: break-word;\"><font face=\"Arial\">2055<\/font><\/td>\n<\/tr>\n<tr style=\"outline: 0px; -webkit-font-smoothing: antialiased; text-rendering: optimizeLegibility; border: 0px; font-style: inherit; font-size: inherit; margin: 0px; padding: 0px; vertical-align: baseline;\">\n<td class=\"label-especificacoes\" width=\"190\" style=\"outline: 0px; -webkit-font-smoothing: antialiased; text-rendering: optimizeLegibility; border-width: 0px 5px 5px 0px; border-right-style: solid; border-bottom-style: solid; border-right-color: rgb(255, 255, 255); border-bottom-color: rgb(255, 255, 255); font-style: inherit; font-size: 15px; margin: 0px; padding: 7px; vertical-align: baseline; background-color: rgb(249, 249, 249); color: rgb(74, 74, 74); word-wrap: break-word; overflow-wrap: break-word;\"><font face=\"Arial\">Capacidade bruta(litros)<\/font><\/td>\n<td colspan=\"2\" style=\"outline: 0px; -webkit-font-smoothing: antialiased; text-rendering: optimizeLegibility; border-width: 0px 5px 5px 0px; border-right-style: solid; border-bottom-style: solid; border-right-color: rgb(255, 255, 255); border-bottom-color: rgb(255, 255, 255); font-style: inherit; font-size: 15px; margin: 0px; padding: 7px; vertical-align: baseline; background-color: rgb(249, 249, 249); color: rgb(74, 74, 74); word-wrap: break-word; overflow-wrap: break-word;\"><font face=\"Arial\">864<\/font><\/td>\n<\/tr>\n<tr style=\"outline: 0px; -webkit-font-smoothing: antialiased; text-rendering: optimizeLegibility; border: 0px; font-style: inherit; font-size: inherit; margin: 0px; padding: 0px; vertical-align: baseline;\">\n<td class=\"label-especificacoes\" width=\"190\" style=\"outline: 0px; -webkit-font-smoothing: antialiased; text-rendering: optimizeLegibility; border-width: 0px 5px 5px 0px; border-right-style: solid; border-bottom-style: solid; border-right-color: rgb(255, 255, 255); border-bottom-color: rgb(255, 255, 255); font-style: inherit; font-size: 15px; margin: 0px; padding: 7px; vertical-align: baseline; background-color: rgb(249, 249, 249); color: rgb(74, 74, 74); word-wrap: break-word; overflow-wrap: break-word;\"><font face=\"Arial\">Peso bruto(kg)<\/font><\/td>\n<td colspan=\"2\" style=\"outline: 0px; -webkit-font-smoothing: antialiased; text-rendering: optimizeLegibility; border-width: 0px 5px 5px 0px; border-right-style: solid; border-bottom-style: solid; border-right-color: rgb(255, 255, 255); border-bottom-color: rgb(255, 255, 255); font-style: inherit; font-size: 15px; margin: 0px; padding: 7px; vertical-align: baseline; background-color: rgb(249, 249, 249); color: rgb(74, 74, 74); word-wrap: break-word; overflow-wrap: break-word;\"><font face=\"Arial\">263<\/font><\/td>\n<\/tr>\n<tr style=\"outline: 0px; -webkit-font-smoothing: antialiased; text-rendering: optimizeLegibility; border: 0px; font-style: inherit; font-size: inherit; margin: 0px; padding: 0px; vertical-align: baseline;\">\n<td class=\"label-especificacoes\" width=\"190\" style=\"outline: 0px; -webkit-font-smoothing: antialiased; text-rendering: optimizeLegibility; border-width: 0px 5px 5px 0px; border-right-style: solid; border-bottom-style: solid; border-right-color: rgb(255, 255, 255); border-bottom-color: rgb(255, 255, 255); font-style: inherit; font-size: 15px; margin: 0px; padding: 7px; vertical-align: baseline; background-color: rgb(249, 249, 249); color: rgb(74, 74, 74); word-wrap: break-word; overflow-wrap: break-word;\"><font face=\"Arial\">Tens\u00e3o(V)<\/font><\/td>\n<td style=\"outline: 0px; -webkit-font-smoothing: antialiased; text-rendering: optimizeLegibility; border-width: 0px 5px 5px 0px; border-right-style: solid; border-bottom-style: solid; border-right-color: rgb(255, 255, 255); border-bottom-color: rgb(255, 255, 255); font-style: inherit; font-size: 15px; margin: 0px; padding: 7px; vertical-align: baseline; background-color: rgb(249, 249, 249); color: rgb(74, 74, 74); word-wrap: break-word; overflow-wrap: break-word;\"><font face=\"Arial\">127<\/font><\/td>\n<td style=\"outline: 0px; -webkit-font-smoothing: antialiased; text-rendering: optimizeLegibility; border-width: 0px 5px 5px 0px; border-right-style: solid; border-bottom-style: solid; border-right-color: rgb(255, 255, 255); border-bottom-color: rgb(255, 255, 255); font-style: inherit; font-size: 15px; margin: 0px; padding: 7px; vertical-align: baseline; background-color: rgb(249, 249, 249); color: rgb(74, 74, 74); word-wrap: break-word; overflow-wrap: break-word;\"><font face=\"Arial\">220<\/font><\/td>\n<\/tr>\n<tr style=\"outline: 0px; -webkit-font-smoothing: antialiased; text-rendering: optimizeLegibility; border: 0px; font-style: inherit; font-size: inherit; margin: 0px; padding: 0px; vertical-align: baseline;\">\n<td class=\"label-especificacoes\" width=\"190\" style=\"outline: 0px; -webkit-font-smoothing: antialiased; text-rendering: optimizeLegibility; border-width: 0px 5px 5px 0px; border-right-style: solid; border-bottom-style: solid; border-right-color: rgb(255, 255, 255); border-bottom-color: rgb(255, 255, 255); font-style: inherit; font-size: 15px; margin: 0px; padding: 7px; vertical-align: baseline; background-color: rgb(249, 249, 249); color: rgb(74, 74, 74); word-wrap: break-word; overflow-wrap: break-word;\"><font face=\"Arial\">Frequ\u00eancia(Hz)<\/font><\/td>\n<td style=\"outline: 0px; -webkit-font-smoothing: antialiased; text-rendering: optimizeLegibility; border-width: 0px 5px 5px 0px; border-right-style: solid; border-bottom-style: solid; border-right-color: rgb(255, 255, 255); border-bottom-color: rgb(255, 255, 255); font-style: inherit; font-size: 15px; margin: 0px; padding: 7px; vertical-align: baseline; background-color: rgb(249, 249, 249); color: rgb(74, 74, 74); word-wrap: break-word; overflow-wrap: break-word;\"><font face=\"Arial\">60<\/font><\/td>\n<td style=\"outline: 0px; -webkit-font-smoothing: antialiased; text-rendering: optimizeLegibility; border-width: 0px 5px 5px 0px; border-right-style: solid; border-bottom-style: solid; border-right-color: rgb(255, 255, 255); border-bottom-color: rgb(255, 255, 255); font-style: inherit; font-size: 15px; margin: 0px; padding: 7px; vertical-align: baseline; background-color: rgb(249, 249, 249); color: rgb(74, 74, 74); word-wrap: break-word; overflow-wrap: break-word;\"><font face=\"Arial\">50 ou 60<\/font><\/td>\n<\/tr>\n<tr style=\"outline: 0px; -webkit-font-smoothing: antialiased; text-rendering: optimizeLegibility; border: 0px; font-style: inherit; font-size: inherit; margin: 0px; padding: 0px; vertical-align: baseline;\">\n<td class=\"label-especificacoes\" width=\"190\" style=\"outline: 0px; -webkit-font-smoothing: antialiased; text-rendering: optimizeLegibility; border-width: 0px 5px 5px 0px; border-right-style: solid; border-bottom-style: solid; border-right-color: rgb(255, 255, 255); border-bottom-color: rgb(255, 255, 255); font-style: inherit; font-size: 15px; margin: 0px; padding: 7px; vertical-align: baseline; background-color: rgb(249, 249, 249); color: rgb(74, 74, 74); word-wrap: break-word; overflow-wrap: break-word;\"><font face=\"Arial\">Consumo kWh\/dia(60Hz)<\/font><\/td>\n<td colspan=\"2\" style=\"outline: 0px; -webkit-font-smoothing: antialiased; text-rendering: optimizeLegibility; border-width: 0px 5px 5px 0px; border-right-style: solid; border-bottom-style: solid; border-right-color: rgb(255, 255, 255); border-bottom-color: rgb(255, 255, 255); font-style: inherit; font-size: 15px; margin: 0px; padding: 7px; vertical-align: baseline; background-color: rgb(249, 249, 249); color: rgb(74, 74, 74); word-wrap: break-word; overflow-wrap: break-word;\"><font face=\"Arial\">7,8<\/font><\/td>\n<\/tr>\n<tr style=\"outline: 0px; -webkit-font-smoothing: antialiased; text-rendering: optimizeLegibility; border: 0px; font-style: inherit; font-size: inherit; font-family: inherit; margin: 0px; padding: 0px; vertical-align: baseline;\">\n<td class=\"label-especificacoes\" width=\"190\" style=\"outline: 0px; -webkit-font-smoothing: antialiased; text-rendering: optimizeLegibility; border-width: 0px 5px 5px 0px; border-right-style: solid; border-bottom-style: solid; border-right-color: rgb(255, 255, 255); border-bottom-color: rgb(255, 255, 255); font-style: inherit; font-size: 15px; margin: 0px; padding: 7px; vertical-align: baseline; background-color: rgb(249, 249, 249); color: rgb(74, 74, 74); word-wrap: break-word; overflow-wrap: break-word;\"><font face=\"Arial\">Classe<\/font><\/td>\n<\/tr>\n<\/tbody>\n<\/table>\n","protected":false},"excerpt":{"rendered":"<p>Descri\u00e7\u00e3o do Produto Temperatura: +2\u00ba a +8\u00baC Refrigera\u00e7\u00e3o: Ar for\u00e7ado com serpentina aletada Prateleiras aramadas: 4 n\u00edveis regul\u00e1veis Revestimento: Externo chapa cinza e interno em a\u00e7o galvanizado Controlador eletr\u00f4nico digital com as seguintes fun\u00e7\u00f5es: Mostrador digital de temperatura e degelo autom\u00e1tico (frost free) Led indicador de energia Discador telef\u00f4nico em caso de eleva\u00e7\u00e3o de temperatura [&hellip;]<\/p>\n","protected":false},"featured_media":12516,"comment_status":"open","ping_status":"closed","template":"","meta":[],"product_brand":[],"product_cat":[327,442],"product_tag":[],"class_list":{"0":"post-12517","1":"product","2":"type-product","3":"status-publish","4":"has-post-thumbnail","6":"product_cat-geladeira","7":"product_cat-refrigeracao","9":"first","10":"instock","11":"shipping-taxable","12":"purchasable","13":"product-type-simple"},"_links":{"self":[{"href":"https:\/\/twsites.com.br\/novomigcenter\/index.php?rest_route=\/wp\/v2\/product\/12517","targetHints":{"allow":["GET"]}}],"collection":[{"href":"https:\/\/twsites.com.br\/novomigcenter\/index.php?rest_route=\/wp\/v2\/product"}],"about":[{"href":"https:\/\/twsites.com.br\/novomigcenter\/index.php?rest_route=\/wp\/v2\/types\/product"}],"replies":[{"embeddable":true,"href":"https:\/\/twsites.com.br\/novomigcenter\/index.php?rest_route=%2Fwp%2Fv2%2Fcomments&post=12517"}],"wp:featuredmedia":[{"embeddable":true,"href":"https:\/\/twsites.com.br\/novomigcenter\/index.php?rest_route=\/wp\/v2\/media\/12516"}],"wp:attachment":[{"href":"https:\/\/twsites.com.br\/novomigcenter\/index.php?rest_route=%2Fwp%2Fv2%2Fmedia&parent=12517"}],"wp:term":[{"taxonomy":"product_brand","embeddable":true,"href":"https:\/\/twsites.com.br\/novomigcenter\/index.php?rest_route=%2Fwp%2Fv2%2Fproduct_brand&post=12517"},{"taxonomy":"product_cat","embeddable":true,"href":"https:\/\/twsites.com.br\/novomigcenter\/index.php?rest_route=%2Fwp%2Fv2%2Fproduct_cat&post=12517"},{"taxonomy":"product_tag","embeddable":true,"href":"https:\/\/twsites.com.br\/novomigcenter\/index.php?rest_route=%2Fwp%2Fv2%2Fproduct_tag&post=12517"}],"curies":[{"name":"wp","href":"https:\/\/api.w.org\/{rel}","templated":true}]}}