{"id":12536,"date":"2018-06-28T10:02:44","date_gmt":"2018-06-28T10:02:44","guid":{"rendered":"https:\/\/twsites.com.br\/novomigcenter\/?product=vitrine-refrigerada-de-bancada-160m-gvrb-160"},"modified":"2018-06-28T10:02:44","modified_gmt":"2018-06-28T10:02:44","slug":"vitrine-refrigerada-de-bancada-160m-gvrb-160","status":"publish","type":"product","link":"https:\/\/twsites.com.br\/novomigcenter\/?product=vitrine-refrigerada-de-bancada-160m-gvrb-160","title":{"rendered":"Vitrine Refrigerada de Bancada 1.60M GVRB-160PR"},"content":{"rendered":"<div class=\"bloco-desc-prod\" style=\"outline: 0px; -webkit-font-smoothing: antialiased; text-rendering: optimizeLegibility; border: 0px; font-size: 15px; margin: 0px 20px 0px 0px; padding: 0px; vertical-align: baseline; float: left; clear: both; width: 440px; color: rgb(76, 76, 76); line-height: 30px; caret-color: rgb(76, 76, 76);\"><strong class=\"tit-bloco-desc\" style=\"outline: transparent none medium; -webkit-font-smoothing: antialiased; text-rendering: optimizeLegibility;\"><font face=\"Arial\">Descri\u00e7\u00e3o do Produto<\/font><\/strong><\/p>\n<p style=\"outline: 0px; -webkit-font-smoothing: antialiased; text-rendering: optimizeLegibility; border: 0px; font-style: inherit; font-size: 12pt; margin: 0cm 0cm 0.0001pt; padding: 0px; vertical-align: baseline;\"><span style=\"outline: 0px; -webkit-font-smoothing: antialiased; text-rendering: optimizeLegibility; border: 0px; font-style: inherit; font-size: 10pt; margin: 0px; padding: 0px; vertical-align: baseline; color: rgb(82, 82, 82);\"><font face=\"Arial\">Refrigera\u00e7\u00e3o e exposi\u00e7\u00e3o de Sushi e derivados<o:p style=\"outline: transparent none medium; -webkit-font-smoothing: antialiased; text-rendering: optimizeLegibility;\"><\/o:p><\/font><\/span><\/p>\n<p style=\"-webkit-font-smoothing: antialiased; text-rendering: optimizeLegibility; border: 0px; font-style: inherit; font-size: 12pt; margin: 0cm 0cm 0.0001pt; padding: 0px; vertical-align: baseline; font-variant-ligatures: normal; orphans: 2; widows: 2; outline: none !important;\"><span style=\"outline: 0px; -webkit-font-smoothing: antialiased; text-rendering: optimizeLegibility; border: 0px; font-style: inherit; font-size: 10pt; margin: 0px; padding: 0px; vertical-align: baseline; color: rgb(82, 82, 82);\"><font face=\"Arial\">Refrigera\u00e7\u00e3o e exposi\u00e7\u00e3o de frios, latic\u00ednios, bebidas e sobremesas<o:p style=\"outline: transparent none medium; -webkit-font-smoothing: antialiased; text-rendering: optimizeLegibility;\"><\/o:p><\/font><\/span><\/p>\n<p style=\"-webkit-font-smoothing: antialiased; text-rendering: optimizeLegibility; border: 0px; font-style: inherit; font-size: 12pt; margin: 0cm 0cm 0.0001pt; padding: 0px; vertical-align: baseline; font-variant-ligatures: normal; orphans: 2; widows: 2; outline: none !important;\"><span style=\"outline: 0px; -webkit-font-smoothing: antialiased; text-rendering: optimizeLegibility; border: 0px; font-style: inherit; font-size: 10pt; margin: 0px; padding: 0px; vertical-align: baseline; color: rgb(82, 82, 82);\"><font face=\"Arial\"><b>Temperatura:<\/b> +1\u00b0 a +7\u00b0C<o:p style=\"outline: transparent none medium; -webkit-font-smoothing: antialiased; text-rendering: optimizeLegibility;\"><\/o:p><\/font><\/span><\/p>\n<p style=\"-webkit-font-smoothing: antialiased; text-rendering: optimizeLegibility; border: 0px; font-style: inherit; font-size: 12pt; margin: 0cm 0cm 0.0001pt; padding: 0px; vertical-align: baseline; font-variant-ligatures: normal; orphans: 2; widows: 2; outline: none !important;\"><span style=\"outline: 0px; -webkit-font-smoothing: antialiased; text-rendering: optimizeLegibility; border: 0px; font-style: inherit; font-size: 10pt; margin: 0px; padding: 0px; vertical-align: baseline; color: rgb(82, 82, 82);\"><font face=\"Arial\"><b>Refrigera\u00e7\u00e3o:<\/b> Est\u00e1tica com Placa Fria na base e Serpentina de Cobre no alto<o:p style=\"outline: transparent none medium; -webkit-font-smoothing: antialiased; text-rendering: optimizeLegibility;\"><\/o:p><\/font><\/span><\/p>\n<p style=\"-webkit-font-smoothing: antialiased; text-rendering: optimizeLegibility; border: 0px; font-style: inherit; font-size: 12pt; margin: 0cm 0cm 0.0001pt; padding: 0px; vertical-align: baseline; font-variant-ligatures: normal; orphans: 2; widows: 2; outline: none !important;\"><span style=\"outline: 0px; -webkit-font-smoothing: antialiased; text-rendering: optimizeLegibility; border: 0px; font-style: inherit; font-size: 10pt; margin: 0px; padding: 0px; vertical-align: baseline; color: rgb(82, 82, 82);\"><font face=\"Arial\"><b>Degelo:<\/b> Manual<o:p style=\"outline: transparent none medium; -webkit-font-smoothing: antialiased; text-rendering: optimizeLegibility;\"><\/o:p><\/font><\/span><\/p>\n<p style=\"-webkit-font-smoothing: antialiased; text-rendering: optimizeLegibility; border: 0px; font-style: inherit; font-size: 12pt; margin: 0cm 0cm 0.0001pt; padding: 0px; vertical-align: baseline; font-variant-ligatures: normal; orphans: 2; widows: 2; outline: none !important;\"><span style=\"outline: 0px; -webkit-font-smoothing: antialiased; text-rendering: optimizeLegibility; border: 0px; font-style: inherit; font-size: 10pt; margin: 0px; padding: 0px; vertical-align: baseline; color: rgb(82, 82, 82);\"><font face=\"Arial\">Produto n\u00e3o utiliza controlador de temperatura; Compressor \u00e9 acionado atrav\u00e9s de interruptor liga\/desliga<o:p style=\"outline: transparent none medium; -webkit-font-smoothing: antialiased; text-rendering: optimizeLegibility;\"><\/o:p><\/font><\/span><\/p>\n<p style=\"-webkit-font-smoothing: antialiased; text-rendering: optimizeLegibility; border: 0px; font-style: inherit; font-size: 12pt; margin: 0cm 0cm 0.0001pt; padding: 0px; vertical-align: baseline; font-variant-ligatures: normal; orphans: 2; widows: 2; outline: none !important;\"><span style=\"outline: 0px; -webkit-font-smoothing: antialiased; text-rendering: optimizeLegibility; border: 0px; font-style: inherit; font-size: 10pt; margin: 0px; padding: 0px; vertical-align: baseline; color: rgb(82, 82, 82);\"><font face=\"Arial\"><b>Ilumina\u00e7\u00e3o:<\/b> Barra de LEDs<o:p style=\"outline: transparent none medium; -webkit-font-smoothing: antialiased; text-rendering: optimizeLegibility;\"><\/o:p><\/font><\/span><\/p>\n<p style=\"-webkit-font-smoothing: antialiased; text-rendering: optimizeLegibility; border: 0px; font-style: inherit; font-size: 12pt; margin: 0cm 0cm 0.0001pt; padding: 0px; vertical-align: baseline; font-variant-ligatures: normal; orphans: 2; widows: 2; outline: none !important;\"><span style=\"outline: 0px; -webkit-font-smoothing: antialiased; text-rendering: optimizeLegibility; border: 0px; font-style: inherit; font-size: 10pt; margin: 0px; padding: 0px; vertical-align: baseline; color: rgb(82, 82, 82);\"><font face=\"Arial\">P\u00e9s regul\u00e1veis<o:p style=\"outline: transparent none medium; -webkit-font-smoothing: antialiased; text-rendering: optimizeLegibility;\"><\/o:p><\/font><\/span><\/p>\n<p style=\"-webkit-font-smoothing: antialiased; text-rendering: optimizeLegibility; border: 0px; font-style: inherit; font-size: 12pt; margin: 0cm 0cm 0.0001pt; padding: 0px; vertical-align: baseline; font-variant-ligatures: normal; orphans: 2; widows: 2; outline: none !important;\"><span style=\"outline: 0px; -webkit-font-smoothing: antialiased; text-rendering: optimizeLegibility; border: 0px; font-style: inherit; font-size: 10pt; margin: 0px; padding: 0px; vertical-align: baseline; color: rgb(82, 82, 82);\"><font face=\"Arial\"><b>Portas:<\/b> Vidro temperado<o:p style=\"outline: transparent none medium; -webkit-font-smoothing: antialiased; text-rendering: optimizeLegibility;\"><\/o:p><\/font><\/span><\/p>\n<p style=\"-webkit-font-smoothing: antialiased; text-rendering: optimizeLegibility; border: 0px; font-style: inherit; font-size: 12pt; margin: 0cm 0cm 0.0001pt; padding: 0px; vertical-align: baseline; font-variant-ligatures: normal; orphans: 2; widows: 2; outline: none !important;\"><span style=\"outline: 0px; -webkit-font-smoothing: antialiased; text-rendering: optimizeLegibility; border: 0px; font-style: inherit; font-size: 10pt; margin: 0px; padding: 0px; vertical-align: baseline; color: rgb(82, 82, 82);\"><font face=\"Arial\">Vidros sujeitos a condensa\u00e7\u00e3o da umidade do ar<o:p style=\"outline: transparent none medium; -webkit-font-smoothing: antialiased; text-rendering: optimizeLegibility;\"><\/o:p><\/font><\/span><\/p>\n<p style=\"-webkit-font-smoothing: antialiased; text-rendering: optimizeLegibility; border: 0px; font-style: inherit; font-size: 12pt; margin: 0cm 0cm 0.0001pt; padding: 0px; vertical-align: baseline; font-variant-ligatures: normal; orphans: 2; widows: 2; outline: none !important;\"><span style=\"outline: 0px; -webkit-font-smoothing: antialiased; text-rendering: optimizeLegibility; border: 0px; font-style: inherit; font-size: 10pt; margin: 0px; padding: 0px; vertical-align: baseline; color: rgb(82, 82, 82);\"><font face=\"Arial\"><b>Cores:<\/b> A\u00e7o revestido Tipo Inox (padr\u00e3o) &nbsp;e Preto (PR) (opcional)<\/font><\/span><\/p>\n<p style=\"-webkit-font-smoothing: antialiased; text-rendering: optimizeLegibility; border: 0px; font-style: inherit; font-size: 12pt; margin: 0cm 0cm 0.0001pt; padding: 0px; vertical-align: baseline; font-variant-ligatures: normal; orphans: 2; widows: 2; outline: none !important;\"><span style=\"outline: 0px; -webkit-font-smoothing: antialiased; text-rendering: optimizeLegibility; border: 0px; font-style: inherit; font-size: 10pt; margin: 0px; padding: 0px; vertical-align: baseline;\"><font face=\"Arial\"><b>Opcional:<\/b> Bandejas em a\u00e7o inox 304, medindo 347x192x20mm<\/font><\/span><\/p>\n<p style=\"-webkit-font-smoothing: antialiased; text-rendering: optimizeLegibility; border: 0px; font-style: inherit; font-size: 12pt; margin: 0cm 0cm 0.0001pt; padding: 0px; vertical-align: baseline; font-variant-ligatures: normal; orphans: 2; widows: 2; outline: none !important;\"><span style=\"outline: 0px; -webkit-font-smoothing: antialiased; text-rendering: optimizeLegibility; border: 0px; font-style: inherit; font-size: 10pt; margin: 0px; padding: 0px; vertical-align: baseline;\"><font face=\"Arial\"><br style=\"outline: transparent none medium; -webkit-font-smoothing: antialiased; text-rendering: optimizeLegibility;\"><\/font><\/span><\/p>\n<p style=\"outline: 0px; -webkit-font-smoothing: antialiased; text-rendering: optimizeLegibility; border: 0px; font-style: inherit; font-size: 12pt; margin: 0cm 0cm 0.0001pt; padding: 0px; vertical-align: baseline;\"><font face=\"Arial\"><span style=\"outline: 0px; -webkit-font-smoothing: antialiased; text-rendering: optimizeLegibility; border: 0px; font-weight: bold; font-style: inherit; font-size: inherit; margin: 0px; padding: 0px; vertical-align: baseline;\"><span style=\"outline: 0px; -webkit-font-smoothing: antialiased; text-rendering: optimizeLegibility; border: 1pt none windowtext; font-weight: 400; font-style: inherit; font-size: 7.5pt; margin: 0px; padding: 0cm; vertical-align: baseline; color: black;\">Informa\u00e7\u00f5es importantes:<\/span><u1:p style=\"outline: transparent none medium; -webkit-font-smoothing: antialiased; text-rendering: optimizeLegibility;\"><\/u1:p>&nbsp; &nbsp;<\/span>&nbsp;<span style=\"outline: 0px; -webkit-font-smoothing: antialiased; text-rendering: optimizeLegibility; border: 0px; font-style: inherit; font-size: 10pt; margin: 0px; padding: 0px; vertical-align: baseline;\"><br style=\"outline: transparent none medium; -webkit-font-smoothing: antialiased; text-rendering: optimizeLegibility;\"><\/span><\/font><\/p>\n<p class=\"mb-5\" style=\"outline: 0px; -webkit-font-smoothing: antialiased; text-rendering: optimizeLegibility; border: 0px; font-style: inherit; font-size: 12pt; margin: 0cm 0cm 0.0001pt; padding: 0px; vertical-align: baseline;\"><font face=\"Arial\"><span style=\"outline: 0px; -webkit-font-smoothing: antialiased; text-rendering: optimizeLegibility; border: 0px; font-style: inherit; font-size: 7.5pt; margin: 0px; padding: 0px; vertical-align: baseline; color: black;\">&#8211;<span class=\"apple-converted-space\" style=\"outline: 0px; -webkit-font-smoothing: antialiased; text-rendering: optimizeLegibility; border: 0px; font-style: inherit; font-size: inherit; margin: 0px; padding: 0px; vertical-align: baseline;\">&nbsp;<\/span><\/span><span style=\"outline: 0px; -webkit-font-smoothing: antialiased; text-rendering: optimizeLegibility; border: 0px; font-style: inherit; font-size: 7.5pt; margin: 0px; padding: 0px; vertical-align: baseline;\">Imagens meramente ilustrativas. Imagens e informa\u00e7\u00f5es sujeitas a altera\u00e7\u00f5es sem aviso pr\u00e9vio.&nbsp;<\/span><\/font><\/p>\n<p class=\"mb-5\" style=\"outline: 0px; -webkit-font-smoothing: antialiased; text-rendering: optimizeLegibility; border: 0px; font-style: inherit; font-size: 12pt; margin: 0cm 0cm 0.0001pt; padding: 0px; vertical-align: baseline;\"><span style=\"outline: 0px; -webkit-font-smoothing: antialiased; text-rendering: optimizeLegibility; border: 0px; font-style: inherit; font-size: 7.5pt; margin: 0px; padding: 0px; vertical-align: baseline;\"><font face=\"Arial\">&#8211; Cores de acabamento e materiais sujeitos a varia\u00e7\u00e3o de acordo com o lote de produ\u00e7\u00e3o e\/ou entre os materiais que comp\u00f5em o produto (ex.: chapa, pl\u00e1stico, madeiras e etc.).<\/font><\/span><\/p>\n<\/div>\n<table class=\"tabela-especificacoes\" style=\"outline: 0px; -webkit-font-smoothing: antialiased; text-rendering: optimizeLegibility; border: 0px; font-size: inherit; font-family: alegreya_sansregular; margin: 0px; padding: 0px; vertical-align: baseline; border-collapse: separate; width: 330px; table-layout: fixed; caret-color: rgb(76, 76, 76); color: rgb(76, 76, 76);\">\n<tbody style=\"outline: 0px; -webkit-font-smoothing: antialiased; text-rendering: optimizeLegibility; border: 0px; font-style: inherit; font-size: inherit; font-family: inherit; margin: 0px; padding: 0px; vertical-align: baseline;\">\n<tr style=\"outline: 0px; -webkit-font-smoothing: antialiased; text-rendering: optimizeLegibility; border: 0px; font-style: inherit; font-size: inherit; font-family: inherit; margin: 0px; padding: 0px; vertical-align: baseline;\">\n<td class=\"label-especificacoes\" width=\"190\" style=\"outline: 0px; -webkit-font-smoothing: antialiased; text-rendering: optimizeLegibility; border-width: 0px 5px 5px 0px; border-right-style: solid; border-bottom-style: solid; border-right-color: rgb(255, 255, 255); border-bottom-color: rgb(255, 255, 255); font-style: inherit; font-size: 15px; margin: 0px; padding: 7px; vertical-align: baseline; background-color: rgb(249, 249, 249); color: rgb(74, 74, 74); word-wrap: break-word; overflow-wrap: break-word;\"><font face=\"Arial\">Frente(mm)<\/font><\/td>\n<td colspan=\"2\" style=\"outline: 0px; -webkit-font-smoothing: antialiased; text-rendering: optimizeLegibility; border-width: 0px 5px 5px 0px; border-right-style: solid; border-bottom-style: solid; border-right-color: rgb(255, 255, 255); border-bottom-color: rgb(255, 255, 255); font-style: inherit; font-size: 15px; margin: 0px; padding: 7px; vertical-align: baseline; background-color: rgb(249, 249, 249); color: rgb(74, 74, 74); word-wrap: break-word; overflow-wrap: break-word;\"><font face=\"Arial\">1570<\/font><\/td>\n<\/tr>\n<tr style=\"outline: 0px; -webkit-font-smoothing: antialiased; text-rendering: optimizeLegibility; border: 0px; font-style: inherit; font-size: inherit; margin: 0px; padding: 0px; vertical-align: baseline;\">\n<td class=\"label-especificacoes\" width=\"190\" style=\"outline: 0px; -webkit-font-smoothing: antialiased; text-rendering: optimizeLegibility; border-width: 0px 5px 5px 0px; border-right-style: solid; border-bottom-style: solid; border-right-color: rgb(255, 255, 255); border-bottom-color: rgb(255, 255, 255); font-style: inherit; font-size: 15px; margin: 0px; padding: 7px; vertical-align: baseline; background-color: rgb(249, 249, 249); color: rgb(74, 74, 74); word-wrap: break-word; overflow-wrap: break-word;\"><font face=\"Arial\">Profundidade(mm)<\/font><\/td>\n<td colspan=\"2\" style=\"outline: 0px; -webkit-font-smoothing: antialiased; text-rendering: optimizeLegibility; border-width: 0px 5px 5px 0px; border-right-style: solid; border-bottom-style: solid; border-right-color: rgb(255, 255, 255); border-bottom-color: rgb(255, 255, 255); font-style: inherit; font-size: 15px; margin: 0px; padding: 7px; vertical-align: baseline; background-color: rgb(249, 249, 249); color: rgb(74, 74, 74); word-wrap: break-word; overflow-wrap: break-word;\"><font face=\"Arial\">453<\/font><\/td>\n<\/tr>\n<tr style=\"outline: 0px; -webkit-font-smoothing: antialiased; text-rendering: optimizeLegibility; border: 0px; font-style: inherit; font-size: inherit; margin: 0px; padding: 0px; vertical-align: baseline;\">\n<td class=\"label-especificacoes\" width=\"190\" style=\"outline: 0px; -webkit-font-smoothing: antialiased; text-rendering: optimizeLegibility; border-width: 0px 5px 5px 0px; border-right-style: solid; border-bottom-style: solid; border-right-color: rgb(255, 255, 255); border-bottom-color: rgb(255, 255, 255); font-style: inherit; font-size: 15px; margin: 0px; padding: 7px; vertical-align: baseline; background-color: rgb(249, 249, 249); color: rgb(74, 74, 74); word-wrap: break-word; overflow-wrap: break-word;\"><font face=\"Arial\">Altura(mm)<\/font><\/td>\n<td colspan=\"2\" style=\"outline: 0px; -webkit-font-smoothing: antialiased; text-rendering: optimizeLegibility; border-width: 0px 5px 5px 0px; border-right-style: solid; border-bottom-style: solid; border-right-color: rgb(255, 255, 255); border-bottom-color: rgb(255, 255, 255); font-style: inherit; font-size: 15px; margin: 0px; padding: 7px; vertical-align: baseline; background-color: rgb(249, 249, 249); color: rgb(74, 74, 74); word-wrap: break-word; overflow-wrap: break-word;\"><font face=\"Arial\">385<\/font><\/td>\n<\/tr>\n<tr style=\"outline: 0px; -webkit-font-smoothing: antialiased; text-rendering: optimizeLegibility; border: 0px; font-style: inherit; font-size: inherit; margin: 0px; padding: 0px; vertical-align: baseline;\">\n<td class=\"label-especificacoes\" width=\"190\" style=\"outline: 0px; -webkit-font-smoothing: antialiased; text-rendering: optimizeLegibility; border-width: 0px 5px 5px 0px; border-right-style: solid; border-bottom-style: solid; border-right-color: rgb(255, 255, 255); border-bottom-color: rgb(255, 255, 255); font-style: inherit; font-size: 15px; margin: 0px; padding: 7px; vertical-align: baseline; background-color: rgb(249, 249, 249); color: rgb(74, 74, 74); word-wrap: break-word; overflow-wrap: break-word;\"><font face=\"Arial\">Peso bruto(kg)<\/font><\/td>\n<td colspan=\"2\" style=\"outline: 0px; -webkit-font-smoothing: antialiased; text-rendering: optimizeLegibility; border-width: 0px 5px 5px 0px; border-right-style: solid; border-bottom-style: solid; border-right-color: rgb(255, 255, 255); border-bottom-color: rgb(255, 255, 255); font-style: inherit; font-size: 15px; margin: 0px; padding: 7px; vertical-align: baseline; background-color: rgb(249, 249, 249); color: rgb(74, 74, 74); word-wrap: break-word; overflow-wrap: break-word;\"><font face=\"Arial\">39<\/font><\/td>\n<\/tr>\n<tr style=\"outline: 0px; -webkit-font-smoothing: antialiased; text-rendering: optimizeLegibility; border: 0px; font-style: inherit; font-size: inherit; margin: 0px; padding: 0px; vertical-align: baseline;\">\n<td class=\"label-especificacoes\" width=\"190\" style=\"outline: 0px; -webkit-font-smoothing: antialiased; text-rendering: optimizeLegibility; border-width: 0px 5px 5px 0px; border-right-style: solid; border-bottom-style: solid; border-right-color: rgb(255, 255, 255); border-bottom-color: rgb(255, 255, 255); font-style: inherit; font-size: 15px; margin: 0px; padding: 7px; vertical-align: baseline; background-color: rgb(249, 249, 249); color: rgb(74, 74, 74); word-wrap: break-word; overflow-wrap: break-word;\"><font face=\"Arial\">Tens\u00e3o(V)<\/font><\/td>\n<td style=\"outline: 0px; -webkit-font-smoothing: antialiased; text-rendering: optimizeLegibility; border-width: 0px 5px 5px 0px; border-right-style: solid; border-bottom-style: solid; border-right-color: rgb(255, 255, 255); border-bottom-color: rgb(255, 255, 255); font-style: inherit; font-size: 15px; margin: 0px; padding: 7px; vertical-align: baseline; background-color: rgb(249, 249, 249); color: rgb(74, 74, 74); word-wrap: break-word; overflow-wrap: break-word;\"><font face=\"Arial\">127<\/font><\/td>\n<td style=\"outline: 0px; -webkit-font-smoothing: antialiased; text-rendering: optimizeLegibility; border-width: 0px 5px 5px 0px; border-right-style: solid; border-bottom-style: solid; border-right-color: rgb(255, 255, 255); border-bottom-color: rgb(255, 255, 255); font-style: inherit; font-size: 15px; margin: 0px; padding: 7px; vertical-align: baseline; background-color: rgb(249, 249, 249); color: rgb(74, 74, 74); word-wrap: break-word; overflow-wrap: break-word;\"><font face=\"Arial\">220<\/font><\/td>\n<\/tr>\n<tr style=\"outline: 0px; -webkit-font-smoothing: antialiased; text-rendering: optimizeLegibility; border: 0px; font-style: inherit; font-size: inherit; margin: 0px; padding: 0px; vertical-align: baseline;\">\n<td class=\"label-especificacoes\" width=\"190\" style=\"outline: 0px; -webkit-font-smoothing: antialiased; text-rendering: optimizeLegibility; border-width: 0px 5px 5px 0px; border-right-style: solid; border-bottom-style: solid; border-right-color: rgb(255, 255, 255); border-bottom-color: rgb(255, 255, 255); font-style: inherit; font-size: 15px; margin: 0px; padding: 7px; vertical-align: baseline; background-color: rgb(249, 249, 249); color: rgb(74, 74, 74); word-wrap: break-word; overflow-wrap: break-word;\"><font face=\"Arial\">Frequ\u00eancia(Hz)<\/font><\/td>\n<td style=\"outline: 0px; -webkit-font-smoothing: antialiased; text-rendering: optimizeLegibility; border-width: 0px 5px 5px 0px; border-right-style: solid; border-bottom-style: solid; border-right-color: rgb(255, 255, 255); border-bottom-color: rgb(255, 255, 255); font-style: inherit; font-size: 15px; margin: 0px; padding: 7px; vertical-align: baseline; background-color: rgb(249, 249, 249); color: rgb(74, 74, 74); word-wrap: break-word; overflow-wrap: break-word;\"><font face=\"Arial\">60<\/font><\/td>\n<td style=\"outline: 0px; -webkit-font-smoothing: antialiased; text-rendering: optimizeLegibility; border-width: 0px 5px 5px 0px; border-right-style: solid; border-bottom-style: solid; border-right-color: rgb(255, 255, 255); border-bottom-color: rgb(255, 255, 255); font-style: inherit; font-size: 15px; margin: 0px; padding: 7px; vertical-align: baseline; background-color: rgb(249, 249, 249); color: rgb(74, 74, 74); word-wrap: break-word; overflow-wrap: break-word;\"><font face=\"Arial\">50 ou 60<\/font><\/td>\n<\/tr>\n<tr style=\"outline: 0px; -webkit-font-smoothing: antialiased; text-rendering: optimizeLegibility; border: 0px; font-style: inherit; font-size: inherit; margin: 0px; padding: 0px; vertical-align: baseline;\">\n<td class=\"label-especificacoes\" width=\"190\" style=\"outline: 0px; -webkit-font-smoothing: antialiased; text-rendering: optimizeLegibility; border-width: 0px 5px 5px 0px; border-right-style: solid; border-bottom-style: solid; border-right-color: rgb(255, 255, 255); border-bottom-color: rgb(255, 255, 255); font-style: inherit; font-size: 15px; margin: 0px; padding: 7px; vertical-align: baseline; background-color: rgb(249, 249, 249); color: rgb(74, 74, 74); word-wrap: break-word; overflow-wrap: break-word;\"><font face=\"Arial\">Consumo kWh\/dia(60Hz)<\/font><\/td>\n<td colspan=\"2\" style=\"outline: 0px; -webkit-font-smoothing: antialiased; text-rendering: optimizeLegibility; border-width: 0px 5px 5px 0px; border-right-style: solid; border-bottom-style: solid; border-right-color: rgb(255, 255, 255); border-bottom-color: rgb(255, 255, 255); font-style: inherit; font-size: 15px; margin: 0px; padding: 7px; vertical-align: baseline; background-color: rgb(249, 249, 249); color: rgb(74, 74, 74); word-wrap: break-word; overflow-wrap: break-word;\"><font face=\"Arial\">3,4<\/font><\/td>\n<\/tr>\n<tr style=\"outline: 0px; -webkit-font-smoothing: antialiased; text-rendering: optimizeLegibility; border: 0px; font-style: inherit; font-size: inherit; font-family: inherit; margin: 0px; padding: 0px; vertical-align: baseline;\">\n<td class=\"label-especificacoes\" width=\"190\" style=\"outline: 0px; -webkit-font-smoothing: antialiased; text-rendering: optimizeLegibility; border-width: 0px 5px 5px 0px; border-right-style: solid; border-bottom-style: solid; border-right-color: rgb(255, 255, 255); border-bottom-color: rgb(255, 255, 255); font-style: inherit; font-size: 15px; margin: 0px; padding: 7px; vertical-align: baseline; background-color: rgb(249, 249, 249); color: rgb(74, 74, 74); word-wrap: break-word; overflow-wrap: break-word;\"><font face=\"Arial\">Classe<\/font><\/td>\n<td colspan=\"2\" style=\"outline: 0px; -webkit-font-smoothing: antialiased; text-rendering: optimizeLegibility; border-width: 0px 5px 5px 0px; border-right-style: solid; border-bottom-style: solid; border-right-color: rgb(255, 255, 255); border-bottom-color: rgb(255, 255, 255); font-style: inherit; font-size: 15px; margin: 0px; padding: 7px; vertical-align: baseline; background-color: rgb(249, 249, 249); color: rgb(74, 74, 74); word-wrap: break-word; overflow-wrap: break-word;\"><font face=\"Arial\">4<\/font><\/td>\n<\/tr>\n<\/tbody>\n<\/table>\n","protected":false},"excerpt":{"rendered":"<p>Descri\u00e7\u00e3o do Produto Refrigera\u00e7\u00e3o e exposi\u00e7\u00e3o de Sushi e derivados Refrigera\u00e7\u00e3o e exposi\u00e7\u00e3o de frios, latic\u00ednios, bebidas e sobremesas Temperatura: +1\u00b0 a +7\u00b0C Refrigera\u00e7\u00e3o: Est\u00e1tica com Placa Fria na base e Serpentina de Cobre no alto Degelo: Manual Produto n\u00e3o utiliza controlador de temperatura; Compressor \u00e9 acionado atrav\u00e9s de interruptor liga\/desliga Ilumina\u00e7\u00e3o: Barra de LEDs [&hellip;]<\/p>\n","protected":false},"featured_media":12534,"comment_status":"open","ping_status":"closed","template":"","meta":[],"product_brand":[],"product_cat":[333],"product_tag":[],"class_list":{"0":"post-12536","1":"product","2":"type-product","3":"status-publish","4":"has-post-thumbnail","6":"product_cat-vitrine-refrigerada-de-bancada","8":"first","9":"instock","10":"shipping-taxable","11":"purchasable","12":"product-type-simple"},"_links":{"self":[{"href":"https:\/\/twsites.com.br\/novomigcenter\/index.php?rest_route=\/wp\/v2\/product\/12536","targetHints":{"allow":["GET"]}}],"collection":[{"href":"https:\/\/twsites.com.br\/novomigcenter\/index.php?rest_route=\/wp\/v2\/product"}],"about":[{"href":"https:\/\/twsites.com.br\/novomigcenter\/index.php?rest_route=\/wp\/v2\/types\/product"}],"replies":[{"embeddable":true,"href":"https:\/\/twsites.com.br\/novomigcenter\/index.php?rest_route=%2Fwp%2Fv2%2Fcomments&post=12536"}],"wp:featuredmedia":[{"embeddable":true,"href":"https:\/\/twsites.com.br\/novomigcenter\/index.php?rest_route=\/wp\/v2\/media\/12534"}],"wp:attachment":[{"href":"https:\/\/twsites.com.br\/novomigcenter\/index.php?rest_route=%2Fwp%2Fv2%2Fmedia&parent=12536"}],"wp:term":[{"taxonomy":"product_brand","embeddable":true,"href":"https:\/\/twsites.com.br\/novomigcenter\/index.php?rest_route=%2Fwp%2Fv2%2Fproduct_brand&post=12536"},{"taxonomy":"product_cat","embeddable":true,"href":"https:\/\/twsites.com.br\/novomigcenter\/index.php?rest_route=%2Fwp%2Fv2%2Fproduct_cat&post=12536"},{"taxonomy":"product_tag","embeddable":true,"href":"https:\/\/twsites.com.br\/novomigcenter\/index.php?rest_route=%2Fwp%2Fv2%2Fproduct_tag&post=12536"}],"curies":[{"name":"wp","href":"https:\/\/api.w.org\/{rel}","templated":true}]}}