{"id":12541,"date":"2018-07-03T11:01:18","date_gmt":"2018-07-03T11:01:18","guid":{"rendered":"https:\/\/twsites.com.br\/novomigcenter\/?product=bps-05-skymsen"},"modified":"2018-07-03T11:01:18","modified_gmt":"2018-07-03T11:01:18","slug":"bps-05-skymsen","status":"publish","type":"product","link":"https:\/\/twsites.com.br\/novomigcenter\/?product=bps-05-skymsen","title":{"rendered":"BATEDEIRA PLANET\u00c1RIA BRANCA, 5 LITROS &#8211; BPS-05-N &#8211; SKYMSEN"},"content":{"rendered":"<p><span style=\"font-family: verdana, geneva, sans-serif; font-size: x-small;\"><br \/>A BPS-05-N \u00e9 indicada para a produ\u00e7\u00e3o de coberturas e recheios de tortas, al\u00e9m de cremes, glac\u00eas e pr\u00e9-misturas.<\/p>\n<p>Sua alta performance e robustez, permitem um maior rendimento em v\u00e1rios segmentos como confeitaria, cozinhas industriais e padarias em geral.<\/p>\n<p>Equipada com sistema de varia\u00e7\u00e3o cont\u00ednua de velocidades.<\/p>\n<p>Cuba de a\u00e7o inox de 5 litros.<\/p>\n<p>Estrutura em alum\u00ednio fundido.<\/p>\n<p>Acompanha 03 (tr\u00eas) batedores intercambi\u00e1veis (globo, raquete e gancho).<\/p>\n<p><\/span><strong style=\"font-family: verdana, geneva, sans-serif; font-size: small;\">Sistema de Seguran\u00e7a:<\/strong><span style=\"font-family: verdana, geneva, sans-serif; font-size: x-small;\"><\/p>\n<p>Anti rearme que impede o religamento autom\u00e1tico da m\u00e1quina em casos de desligamentos anormais de energia el\u00e9trica.<\/span><\/p>\n","protected":false},"excerpt":{"rendered":"<p>A BPS-05-N \u00e9 indicada para a produ\u00e7\u00e3o de coberturas e recheios de tortas, al\u00e9m de cremes, glac\u00eas e pr\u00e9-misturas. Sua alta performance e robustez, permitem um maior rendimento em v\u00e1rios segmentos como confeitaria, cozinhas industriais e padarias em geral. Equipada com sistema de varia\u00e7\u00e3o cont\u00ednua de velocidades. Cuba de a\u00e7o inox de 5 litros. Estrutura [&hellip;]<\/p>\n","protected":false},"featured_media":12540,"comment_status":"open","ping_status":"closed","template":"","meta":[],"product_brand":[],"product_cat":[338,441],"product_tag":[],"class_list":{"0":"post-12541","1":"product","2":"type-product","3":"status-publish","4":"has-post-thumbnail","6":"product_cat-batedeira-planetaria","7":"product_cat-panificacao","9":"first","10":"instock","11":"shipping-taxable","12":"purchasable","13":"product-type-simple"},"_links":{"self":[{"href":"https:\/\/twsites.com.br\/novomigcenter\/index.php?rest_route=\/wp\/v2\/product\/12541","targetHints":{"allow":["GET"]}}],"collection":[{"href":"https:\/\/twsites.com.br\/novomigcenter\/index.php?rest_route=\/wp\/v2\/product"}],"about":[{"href":"https:\/\/twsites.com.br\/novomigcenter\/index.php?rest_route=\/wp\/v2\/types\/product"}],"replies":[{"embeddable":true,"href":"https:\/\/twsites.com.br\/novomigcenter\/index.php?rest_route=%2Fwp%2Fv2%2Fcomments&post=12541"}],"wp:featuredmedia":[{"embeddable":true,"href":"https:\/\/twsites.com.br\/novomigcenter\/index.php?rest_route=\/wp\/v2\/media\/12540"}],"wp:attachment":[{"href":"https:\/\/twsites.com.br\/novomigcenter\/index.php?rest_route=%2Fwp%2Fv2%2Fmedia&parent=12541"}],"wp:term":[{"taxonomy":"product_brand","embeddable":true,"href":"https:\/\/twsites.com.br\/novomigcenter\/index.php?rest_route=%2Fwp%2Fv2%2Fproduct_brand&post=12541"},{"taxonomy":"product_cat","embeddable":true,"href":"https:\/\/twsites.com.br\/novomigcenter\/index.php?rest_route=%2Fwp%2Fv2%2Fproduct_cat&post=12541"},{"taxonomy":"product_tag","embeddable":true,"href":"https:\/\/twsites.com.br\/novomigcenter\/index.php?rest_route=%2Fwp%2Fv2%2Fproduct_tag&post=12541"}],"curies":[{"name":"wp","href":"https:\/\/api.w.org\/{rel}","templated":true}]}}