{"id":12551,"date":"2018-07-11T11:42:10","date_gmt":"2018-07-11T11:42:10","guid":{"rendered":"https:\/\/twsites.com.br\/novomigcenter\/?product=expositor-horizontal-linha-turino-grta300-gelopar"},"modified":"2018-07-11T11:42:10","modified_gmt":"2018-07-11T11:42:10","slug":"expositor-horizontal-linha-turino-grta300-gelopar","status":"publish","type":"product","link":"https:\/\/twsites.com.br\/novomigcenter\/?product=expositor-horizontal-linha-turino-grta300-gelopar","title":{"rendered":"Balc\u00e3o Frigorifico Av\u00edcola Linha Turino 3m &#8211; GRTA 300 &#8211; Gelopar"},"content":{"rendered":"<div class=\"bloco-desc-prod\" style=\"font-family: -webkit-standard;\"><\/p>\n<section id=\"product-description\" style=\"outline: none; margin: 0px; padding: 0px; border: 0px; font-variant-numeric: inherit; font-variant-east-asian: inherit; font-variant-alternates: inherit; font-variant-position: inherit; font-stretch: inherit; font-size: 15px; line-height: inherit; font-family: &quot;Noto Sans&quot;, sans-serif; font-optical-sizing: inherit; font-kerning: inherit; font-feature-settings: inherit; font-variation-settings: inherit; vertical-align: baseline; color: rgb(51, 51, 51);\">\n<div class=\"container md-pd bordered\" style=\"outline: none; margin-top: 0px; margin-bottom: 0px; padding: 40px 20px; border: 1px solid rgb(255, 255, 255); font: inherit; vertical-align: baseline; width: unset !important; max-width: 1240px !important;\">\n<h2 class=\"styled-title mb-40\" style=\"outline: none; font-weight: bold; line-height: inherit; margin-right: 0px; margin-bottom: 40px; margin-left: 0px; font-size: 1.8em; padding: 0px; border: 0px; font-style: inherit; font-variant: inherit; font-stretch: inherit; font-optical-sizing: inherit; font-kerning: inherit; font-feature-settings: inherit; font-variation-settings: inherit; vertical-align: baseline; text-transform: uppercase; display: flex; align-items: center; justify-content: center; text-align: center;\">DESCRI\u00c7\u00c3O DO PRODUTO<\/h2>\n<div class=\"cont-description grid col-12\" style=\"outline: none; margin: 0px; padding: 0px; border: 0px; font: inherit; vertical-align: baseline; display: grid; gap: 20px; grid-template-columns: repeat(12, 1fr);\">\n<div class=\"desc span-12\" style=\"outline: none; margin: 0px; padding: 0px; border: 0px; font-style: inherit; font-variant: inherit; font-weight: inherit; font-stretch: inherit; font-size: inherit; line-height: 24px; font-family: inherit; font-optical-sizing: inherit; font-kerning: inherit; font-feature-settings: inherit; font-variation-settings: inherit; vertical-align: baseline; grid-column: span 12;\">Balc\u00e3o Frigorifico Av\u00edcola<br style=\"outline: none;\">Conserva\u00e7\u00e3o e exposi\u00e7\u00e3o de carnes e aves (n\u00e3o congeladas)<br style=\"outline: none;\">Refrigera\u00e7\u00e3o: Est\u00e1tica com 1 placa fria (prateleira) e serpentina de cobre<br style=\"outline: none;\">Temperatura: 0 a +7C<br style=\"outline: none;\">Degelo: Manual<br style=\"outline: none;\">Controlador eletr\u00f4nico com indicador de temperatura<br style=\"outline: none;\">Revestimento Interno: Revestimento interno em a\u00e7o inox 430<br style=\"outline: none;\">Revestimento Externo: Laterais em a\u00e7o injetado, parte externa pr\u00e9 pintada, parte interna a\u00e7o inox<br style=\"outline: none;\">Ilumina\u00e7\u00e3o LED (interna), com interruptor<br style=\"outline: none;\">6<br style=\"outline: none;\">2 n\u00edveis (1 n\u00edvel placa fria e 1 aramado)<br style=\"outline: none;\">Grades nas placas frias<br style=\"outline: none;\">P\u00e9s niveladores<br style=\"outline: none;\">Opcional: Bandejas em a\u00e7o inox 430<br style=\"outline: none;\">Opcional: Bandeja Alta; Divis\u00f3ria em Acr\u00edlico; Suporte bandejas descart\u00e1veis; Suporte bobina<br style=\"outline: none;\">Capacidade da placa fria \/ prateleira: 15kg\/metro por prateleira<br style=\"outline: none;\">Vidros sujeitos a condensa\u00e7\u00e3o da umidade do ar<br style=\"outline: none;\">Vidro frontal temperado, baixo emissivo<br style=\"outline: none;\">Equipamento certificado conforme Portaria Inmetro n\u00ba 371\/2009<br style=\"outline: none;\">Produto destinado para uso comercial<br style=\"outline: none;\">** Cores de acabamento e materiais sujeitos a varia\u00e7\u00e3o de acordo com o lote de produ\u00e7\u00e3o e\/ou entre os materiais que comp\u00f5em o produto (ex.: chapa, pl\u00e1stico,madeiras e etc.)<br style=\"outline: none;\"><\/div>\n<\/div>\n<\/div>\n<\/section>\n<section id=\"product-description\" class=\"pt-40\" style=\"outline: none; margin: 0px; padding: 40px 0px 0px; border: 0px; font-variant-numeric: inherit; font-variant-east-asian: inherit; font-variant-alternates: inherit; font-variant-position: inherit; font-stretch: inherit; font-size: 15px; line-height: inherit; font-family: &quot;Noto Sans&quot;, sans-serif; font-optical-sizing: inherit; font-kerning: inherit; font-feature-settings: inherit; font-variation-settings: inherit; vertical-align: baseline; color: rgb(51, 51, 51);\">\n<div class=\"container md-pd bordered\" style=\"outline: none; margin-top: 0px; margin-bottom: 0px; padding: 40px 20px; border: 1px solid rgb(255, 255, 255); font: inherit; vertical-align: baseline; width: unset !important; max-width: 1240px !important;\">\n<h2 class=\"styled-title mb-40\" style=\"outline: none; font-weight: bold; line-height: inherit; margin-right: 0px; margin-bottom: 40px; margin-left: 0px; font-size: 1.8em; padding: 0px; border: 0px; font-style: inherit; font-variant: inherit; font-stretch: inherit; font-optical-sizing: inherit; font-kerning: inherit; font-feature-settings: inherit; font-variation-settings: inherit; vertical-align: baseline; text-transform: uppercase; display: flex; align-items: center; justify-content: center; text-align: center;\">INFORMA\u00c7\u00d5ES T\u00c9CNICAS<\/h2>\n<div class=\"cont-description grid col-12\" style=\"outline: none; margin: 0px; padding: 0px; border: 0px; font: inherit; vertical-align: baseline; display: grid; gap: 20px; grid-template-columns: repeat(12, 1fr);\">\n<div class=\"desc span-8\" style=\"outline: none; margin: 0px; padding: 0px; border: 0px; font-style: inherit; font-variant: inherit; font-weight: inherit; font-stretch: inherit; font-size: inherit; line-height: 24px; font-family: inherit; font-optical-sizing: inherit; font-kerning: inherit; font-feature-settings: inherit; font-variation-settings: inherit; vertical-align: baseline; grid-column: span 8;\">\n<div clas=\"grid col-12 sm-gap\" style=\"outline: none; margin: 0px; padding: 0px; border: 0px; font: inherit; vertical-align: baseline;\">\n<div class=\"span-8\" style=\"outline: none; margin: 0px; padding: 0px; border: 0px; font: inherit; vertical-align: baseline; grid-column: span 8;\"><\/div>\n<div class=\"table-info span-4\" style=\"outline: none; margin: 0px; padding: 0px; border: 0px; font: inherit; vertical-align: baseline; grid-column: span 4;\">\n<table style=\"outline: none; margin: 25px 0px 0px; padding: 0px; border: 0px; font: inherit; vertical-align: baseline; width: 350px; min-width: 350px;\">\n<tbody style=\"outline: none; margin: 0px; padding: 0px; border-width: 0px 1px 1px; border-top-style: initial; border-right-style: solid; border-bottom-style: solid; border-left-style: solid; border-top-color: initial; border-right-color: rgb(204, 204, 204); border-bottom-color: rgb(204, 204, 204); border-left-color: rgb(204, 204, 204); border-image: initial; font: inherit; vertical-align: baseline;\">\n<tr style=\"outline: none; margin: 0px; padding: 0px; border: 0px; font: inherit; vertical-align: baseline;\">\n<td class=\"bold text-right\" style=\"outline: none; padding: 10px; margin: 0px; border-width: 0px 1px 0px 0px; border-top-style: initial; border-right-style: solid; border-bottom-style: initial; border-left-style: initial; border-top-color: initial; border-right-color: rgb(204, 204, 204); border-bottom-color: initial; border-left-color: initial; border-image: initial; font-style: inherit; font-variant: inherit; font-weight: bold; font-stretch: inherit; font-size: inherit; line-height: inherit; font-family: inherit; font-optical-sizing: inherit; font-kerning: inherit; font-feature-settings: inherit; font-variation-settings: inherit; vertical-align: baseline; width: 209.391px;\">Altura<\/td>\n<td class=\"bold\" style=\"outline: none; padding: 10px; margin: 0px; border: 0px; font-style: inherit; font-variant: inherit; font-weight: bold; font-stretch: inherit; font-size: inherit; line-height: inherit; font-family: inherit; font-optical-sizing: inherit; font-kerning: inherit; font-feature-settings: inherit; font-variation-settings: inherit; vertical-align: baseline;\">1462mm<\/td>\n<\/tr>\n<tr style=\"outline: none; margin: 0px; padding: 0px; border: 0px; font: inherit; vertical-align: baseline; background-color: rgb(226, 226, 226);\">\n<td class=\"bold text-right\" style=\"outline: none; padding: 10px; margin: 0px; border-width: 0px 1px 0px 0px; border-top-style: initial; border-right-style: solid; border-bottom-style: initial; border-left-style: initial; border-top-color: initial; border-right-color: rgb(204, 204, 204); border-bottom-color: initial; border-left-color: initial; border-image: initial; font-style: inherit; font-variant: inherit; font-weight: bold; font-stretch: inherit; font-size: inherit; line-height: inherit; font-family: inherit; font-optical-sizing: inherit; font-kerning: inherit; font-feature-settings: inherit; font-variation-settings: inherit; vertical-align: baseline; width: 209.391px;\">Profundidade<\/td>\n<td class=\"bold\" style=\"outline: none; padding: 10px; margin: 0px; border: 0px; font-style: inherit; font-variant: inherit; font-weight: bold; font-stretch: inherit; font-size: inherit; line-height: inherit; font-family: inherit; font-optical-sizing: inherit; font-kerning: inherit; font-feature-settings: inherit; font-variation-settings: inherit; vertical-align: baseline;\">965mm<\/td>\n<\/tr>\n<tr style=\"outline: none; margin: 0px; padding: 0px; border: 0px; font: inherit; vertical-align: baseline;\">\n<td class=\"bold text-right\" style=\"outline: none; padding: 10px; margin: 0px; border-width: 0px 1px 0px 0px; border-top-style: initial; border-right-style: solid; border-bottom-style: initial; border-left-style: initial; border-top-color: initial; border-right-color: rgb(204, 204, 204); border-bottom-color: initial; border-left-color: initial; border-image: initial; font-style: inherit; font-variant: inherit; font-weight: bold; font-stretch: inherit; font-size: inherit; line-height: inherit; font-family: inherit; font-optical-sizing: inherit; font-kerning: inherit; font-feature-settings: inherit; font-variation-settings: inherit; vertical-align: baseline; width: 209.391px;\">Frente<\/td>\n<td class=\"bold\" style=\"outline: none; padding: 10px; margin: 0px; border: 0px; font-style: inherit; font-variant: inherit; font-weight: bold; font-stretch: inherit; font-size: inherit; line-height: inherit; font-family: inherit; font-optical-sizing: inherit; font-kerning: inherit; font-feature-settings: inherit; font-variation-settings: inherit; vertical-align: baseline;\">3000mm<\/td>\n<\/tr>\n<tr style=\"outline: none; margin: 0px; padding: 0px; border: 0px; font: inherit; vertical-align: baseline; background-color: rgb(226, 226, 226);\">\n<td class=\"bold text-right\" style=\"outline: none; padding: 10px; margin: 0px; border-width: 0px 1px 0px 0px; border-top-style: initial; border-right-style: solid; border-bottom-style: initial; border-left-style: initial; border-top-color: initial; border-right-color: rgb(204, 204, 204); border-bottom-color: initial; border-left-color: initial; border-image: initial; font-style: inherit; font-variant: inherit; font-weight: bold; font-stretch: inherit; font-size: inherit; line-height: inherit; font-family: inherit; font-optical-sizing: inherit; font-kerning: inherit; font-feature-settings: inherit; font-variation-settings: inherit; vertical-align: baseline; width: 209.391px;\">Consumo<\/td>\n<td class=\"bold\" style=\"outline: none; padding: 10px; margin: 0px; border: 0px; font-style: inherit; font-variant: inherit; font-weight: bold; font-stretch: inherit; font-size: inherit; line-height: inherit; font-family: inherit; font-optical-sizing: inherit; font-kerning: inherit; font-feature-settings: inherit; font-variation-settings: inherit; vertical-align: baseline;\">9,5kW\/dia<\/td>\n<\/tr>\n<tr style=\"outline: none; margin: 0px; padding: 0px; border: 0px; font: inherit; vertical-align: baseline;\">\n<td class=\"bold text-right\" style=\"outline: none; padding: 10px; margin: 0px; border-width: 0px 1px 0px 0px; border-top-style: initial; border-right-style: solid; border-bottom-style: initial; border-left-style: initial; border-top-color: initial; border-right-color: rgb(204, 204, 204); border-bottom-color: initial; border-left-color: initial; border-image: initial; font-style: inherit; font-variant: inherit; font-weight: bold; font-stretch: inherit; font-size: inherit; line-height: inherit; font-family: inherit; font-optical-sizing: inherit; font-kerning: inherit; font-feature-settings: inherit; font-variation-settings: inherit; vertical-align: baseline; width: 209.391px;\">Peso L\u00edquido<\/td>\n<td class=\"bold\" style=\"outline: none; padding: 10px; margin: 0px; border: 0px; font-style: inherit; font-variant: inherit; font-weight: bold; font-stretch: inherit; font-size: inherit; line-height: inherit; font-family: inherit; font-optical-sizing: inherit; font-kerning: inherit; font-feature-settings: inherit; font-variation-settings: inherit; vertical-align: baseline;\">219kg<\/td>\n<\/tr>\n<tr style=\"outline: none; margin: 0px; padding: 0px; border: 0px; font: inherit; vertical-align: baseline; background-color: rgb(226, 226, 226);\">\n<td class=\"bold text-right\" style=\"outline: none; padding: 10px; margin: 0px; border-width: 0px 1px 0px 0px; border-top-style: initial; border-right-style: solid; border-bottom-style: initial; border-left-style: initial; border-top-color: initial; border-right-color: rgb(204, 204, 204); border-bottom-color: initial; border-left-color: initial; border-image: initial; font-style: inherit; font-variant: inherit; font-weight: bold; font-stretch: inherit; font-size: inherit; line-height: inherit; font-family: inherit; font-optical-sizing: inherit; font-kerning: inherit; font-feature-settings: inherit; font-variation-settings: inherit; vertical-align: baseline; width: 209.391px;\">Classe<\/td>\n<td class=\"bold\" style=\"outline: none; padding: 10px; margin: 0px; border: 0px; font-style: inherit; font-variant: inherit; font-weight: bold; font-stretch: inherit; font-size: inherit; line-height: inherit; font-family: inherit; font-optical-sizing: inherit; font-kerning: inherit; font-feature-settings: inherit; font-variation-settings: inherit; vertical-align: baseline;\">( 4 )<\/td>\n<\/tr>\n<\/tbody>\n<\/table>\n<\/div>\n<\/div>\n<\/div>\n<\/div>\n<\/div>\n<\/section>\n<table class=\"tabela-especificacoes\">\n<tbody>\n<tr>\n<td class=\"label-especificacoes\" width=\"190\"><\/td>\n<td colspan=\"2\"><\/td>\n<\/tr>\n<tr>\n<td class=\"label-especificacoes\" width=\"190\"><\/td>\n<td colspan=\"2\"><\/td>\n<\/tr>\n<tr>\n<td class=\"label-especificacoes\" width=\"190\"><\/td>\n<td colspan=\"2\"><\/td>\n<\/tr>\n<tr>\n<td class=\"label-especificacoes\" width=\"190\"><\/td>\n<td colspan=\"2\"><\/td>\n<\/tr>\n<tr>\n<td class=\"label-especificacoes\" width=\"190\"><\/td>\n<td colspan=\"2\"><\/td>\n<\/tr>\n<tr>\n<td class=\"label-especificacoes\" width=\"190\"><\/td>\n<td colspan=\"2\"><\/td>\n<\/tr>\n<tr>\n<td class=\"label-especificacoes\" width=\"190\"><\/td>\n<td><\/td>\n<td><\/td>\n<\/tr>\n<tr>\n<td class=\"label-especificacoes\" width=\"190\"><\/td>\n<td><\/td>\n<td><\/td>\n<\/tr>\n<tr>\n<td class=\"label-especificacoes\" width=\"190\"><\/td>\n<td colspan=\"2\"><\/td>\n<\/tr>\n<tr>\n<td class=\"label-especificacoes\" width=\"190\"><\/td>\n<td colspan=\"2\"><\/td>\n<\/tr>\n<\/tbody>\n<\/table>\n<\/div>\n","protected":false},"excerpt":{"rendered":"<p>DESCRI\u00c7\u00c3O DO PRODUTO Balc\u00e3o Frigorifico Av\u00edcolaConserva\u00e7\u00e3o e exposi\u00e7\u00e3o de carnes e aves (n\u00e3o congeladas)Refrigera\u00e7\u00e3o: Est\u00e1tica com 1 placa fria (prateleira) e serpentina de cobreTemperatura: 0 a +7CDegelo: ManualControlador eletr\u00f4nico com indicador de temperaturaRevestimento Interno: Revestimento interno em a\u00e7o inox 430Revestimento Externo: Laterais em a\u00e7o injetado, parte externa pr\u00e9 pintada, parte interna a\u00e7o inoxIlumina\u00e7\u00e3o LED (interna), [&hellip;]<\/p>\n","protected":false},"featured_media":12548,"comment_status":"open","ping_status":"closed","template":"","meta":[],"product_brand":[],"product_cat":[359,419,435],"product_tag":[],"class_list":{"0":"post-12551","1":"product","2":"type-product","3":"status-publish","4":"has-post-thumbnail","6":"product_cat-balcao-expositor","7":"product_cat-linha-gelopar","8":"product_cat-acougue","10":"first","11":"instock","12":"shipping-taxable","13":"purchasable","14":"product-type-simple"},"_links":{"self":[{"href":"https:\/\/twsites.com.br\/novomigcenter\/index.php?rest_route=\/wp\/v2\/product\/12551","targetHints":{"allow":["GET"]}}],"collection":[{"href":"https:\/\/twsites.com.br\/novomigcenter\/index.php?rest_route=\/wp\/v2\/product"}],"about":[{"href":"https:\/\/twsites.com.br\/novomigcenter\/index.php?rest_route=\/wp\/v2\/types\/product"}],"replies":[{"embeddable":true,"href":"https:\/\/twsites.com.br\/novomigcenter\/index.php?rest_route=%2Fwp%2Fv2%2Fcomments&post=12551"}],"wp:featuredmedia":[{"embeddable":true,"href":"https:\/\/twsites.com.br\/novomigcenter\/index.php?rest_route=\/wp\/v2\/media\/12548"}],"wp:attachment":[{"href":"https:\/\/twsites.com.br\/novomigcenter\/index.php?rest_route=%2Fwp%2Fv2%2Fmedia&parent=12551"}],"wp:term":[{"taxonomy":"product_brand","embeddable":true,"href":"https:\/\/twsites.com.br\/novomigcenter\/index.php?rest_route=%2Fwp%2Fv2%2Fproduct_brand&post=12551"},{"taxonomy":"product_cat","embeddable":true,"href":"https:\/\/twsites.com.br\/novomigcenter\/index.php?rest_route=%2Fwp%2Fv2%2Fproduct_cat&post=12551"},{"taxonomy":"product_tag","embeddable":true,"href":"https:\/\/twsites.com.br\/novomigcenter\/index.php?rest_route=%2Fwp%2Fv2%2Fproduct_tag&post=12551"}],"curies":[{"name":"wp","href":"https:\/\/api.w.org\/{rel}","templated":true}]}}