{"id":12553,"date":"2018-07-11T18:54:42","date_gmt":"2018-07-11T18:54:42","guid":{"rendered":"https:\/\/twsites.com.br\/novomigcenter\/?product=expositor-horizontal-pop-acougue-popular-2-10m-gaps-210"},"modified":"2018-07-11T18:54:42","modified_gmt":"2018-07-11T18:54:42","slug":"expositor-horizontal-pop-acougue-popular-2-10m-gaps-210","status":"publish","type":"product","link":"https:\/\/twsites.com.br\/novomigcenter\/?product=expositor-horizontal-pop-acougue-popular-2-10m-gaps-210","title":{"rendered":"Expositor Horizontal \u201cPOP\u201d A\u00e7ougue Popular 2.10m &#8211; GAPS 210"},"content":{"rendered":"<p><font face=\"Arial\"><span style=\"font-size: 14px;\">\u25aa Refrigera\u00e7\u00e3o e exposi\u00e7\u00e3o de carnes (n\u00e3o congeladas) <\/span><\/font><\/p>\n<p><font face=\"Arial\"><b><span style=\"font-size: 14px;\">\u25aa Temperatura:<\/span><\/b><span style=\"font-size: 14px;\"> +1\u00b0 a +7\u00b0C <\/span><\/font><\/p>\n<p><font face=\"Arial\"><b><span style=\"font-size: 14px;\">\u25aa Refrigera\u00e7\u00e3o: <\/span><\/b><span style=\"font-size: 14px;\">Est\u00e1tica com serpentina aletada na parte  superior e placa fria embutida na base <\/span><\/font><\/p>\n<p><font face=\"Arial\"><b><span style=\"font-size: 14px;\">\u25aa Controle de Temperatura: <\/span><\/b><span style=\"font-size: 14px;\">Termostato <\/span><\/font><\/p>\n<p><font face=\"Arial\"><span style=\"font-size: 14px;\"><b>\u25aa Term\u00f4metro:<\/b> Anal\u00f3gico <\/span><\/font><\/p>\n<p><font face=\"Arial\"><span style=\"font-size: 14px;\"><b>\u25aa Degelo:<\/b> Manual<\/span><\/font><\/p>\n<p><font face=\"Arial\"><b><span style=\"font-size: 14px;\"> \u25aa Ilumina\u00e7\u00e3o:<\/span><\/b><span style=\"font-size: 14px;\"> LED (interna), com interruptor <\/span><\/font><\/p>\n<p><font face=\"Arial\"><b><span style=\"font-size: 14px;\">\u25aa Tendal:<\/span><\/b><span style=\"font-size: 14px;\"> Simples em alum\u00ednio com ganchos <\/span><\/font><\/p>\n<p><font face=\"Arial\"><b><span style=\"font-size: 14px;\">\u25aa Cabeceira: <\/span><\/b><span style=\"font-size: 14px;\">externo em a\u00e7o pr\u00e9-pintado, interno pl\u00e1stico <\/span><\/font><\/p>\n<p><font face=\"Arial\"><span style=\"font-size: 14px;\">\u25aa Revestimento externo cinza e interno branco <\/span><\/font><\/p>\n<p><font face=\"Arial\"><span style=\"font-size: 14px;\">\u25aa P\u00e9s regul\u00e1veis <\/span><\/font><\/p>\n<p><font face=\"Arial\"><span style=\"font-size: 14px;\">\u25aa Vidros temperados sujeitos a condensa\u00e7\u00e3o da umidade do ar <\/span><\/font><\/p>\n<p><font face=\"Arial\"><b><span style=\"font-size: 14px;\">\u25aa Opcional: <\/span><\/b><span style=\"font-size: 14px;\">Bandejas em a\u00e7o inox 430<\/span><\/font><\/p>\n<h6>\n<p class=\"MsoNormal\"><span style=\"font-size:10.0pt;line-height:107%;font-family: &quot;Arial Narrow&quot;,&quot;sans-serif&quot;\"><b>Medidas<\/b><\/span><\/p>\n<p class=\"MsoNormal\"><span style=\"font-size:10.0pt;line-height:107%;font-family: &quot;Arial Narrow&quot;,&quot;sans-serif&quot;\">Frente (mm) 2093<o:p><\/o:p><\/span><\/p>\n<p class=\"MsoNormal\"><span style=\"font-size:10.0pt;line-height:107%;font-family: &quot;Arial Narrow&quot;,&quot;sans-serif&quot;\">Profundidade (mm) 929<o:p><\/o:p><\/span><\/p>\n<p class=\"MsoNormal\"><span style=\"font-size:10.0pt;line-height:107%;font-family: &quot;Arial Narrow&quot;,&quot;sans-serif&quot;\">Altura (mm) 1461<o:p><\/o:p><\/span><\/p>\n<p class=\"MsoNormal\"><span style=\"font-size:10.0pt;line-height:107%;font-family: &quot;Arial Narrow&quot;,&quot;sans-serif&quot;\">Peso bruto (kg) 207<o:p><\/o:p><\/span><\/p>\n<p class=\"MsoNormal\"><span style=\"font-size:10.0pt;line-height:107%;font-family: &quot;Arial Narrow&quot;,&quot;sans-serif&quot;\">Tens\u00e3o (V) 127 220<o:p><\/o:p><\/span><\/p>\n<p class=\"MsoNormal\"><span style=\"font-size:10.0pt;line-height:107%;font-family: &quot;Arial Narrow&quot;,&quot;sans-serif&quot;\">Frequ\u00eancia (Hz) 60 50 ou 60<o:p><\/o:p><\/span><\/p>\n<p class=\"MsoNormal\"><span style=\"font-size:10.0pt;line-height:107%;font-family: &quot;Arial Narrow&quot;,&quot;sans-serif&quot;\">Consumo kWh\/dia 9,40<o:p><\/o:p><\/span><\/p>\n<p class=\"MsoNormal\"><span style=\"font-size:10.0pt;line-height:107%;font-family: &quot;Arial Narrow&quot;,&quot;sans-serif&quot;\">Classe 4<o:p><\/o:p><\/span><\/p>\n<\/h6>\n","protected":false},"excerpt":{"rendered":"<p>\u25aa Refrigera\u00e7\u00e3o e exposi\u00e7\u00e3o de carnes (n\u00e3o congeladas) \u25aa Temperatura: +1\u00b0 a +7\u00b0C \u25aa Refrigera\u00e7\u00e3o: Est\u00e1tica com serpentina aletada na parte superior e placa fria embutida na base \u25aa Controle de Temperatura: Termostato \u25aa Term\u00f4metro: Anal\u00f3gico \u25aa Degelo: Manual \u25aa Ilumina\u00e7\u00e3o: LED (interna), com interruptor \u25aa Tendal: Simples em alum\u00ednio com ganchos \u25aa Cabeceira: externo [&hellip;]<\/p>\n","protected":false},"featured_media":12552,"comment_status":"open","ping_status":"closed","template":"","meta":[],"product_brand":[],"product_cat":[359,419,435],"product_tag":[],"class_list":{"0":"post-12553","1":"product","2":"type-product","3":"status-publish","4":"has-post-thumbnail","6":"product_cat-balcao-expositor","7":"product_cat-linha-gelopar","8":"product_cat-acougue","10":"first","11":"instock","12":"shipping-taxable","13":"purchasable","14":"product-type-simple"},"_links":{"self":[{"href":"https:\/\/twsites.com.br\/novomigcenter\/index.php?rest_route=\/wp\/v2\/product\/12553","targetHints":{"allow":["GET"]}}],"collection":[{"href":"https:\/\/twsites.com.br\/novomigcenter\/index.php?rest_route=\/wp\/v2\/product"}],"about":[{"href":"https:\/\/twsites.com.br\/novomigcenter\/index.php?rest_route=\/wp\/v2\/types\/product"}],"replies":[{"embeddable":true,"href":"https:\/\/twsites.com.br\/novomigcenter\/index.php?rest_route=%2Fwp%2Fv2%2Fcomments&post=12553"}],"wp:featuredmedia":[{"embeddable":true,"href":"https:\/\/twsites.com.br\/novomigcenter\/index.php?rest_route=\/wp\/v2\/media\/12552"}],"wp:attachment":[{"href":"https:\/\/twsites.com.br\/novomigcenter\/index.php?rest_route=%2Fwp%2Fv2%2Fmedia&parent=12553"}],"wp:term":[{"taxonomy":"product_brand","embeddable":true,"href":"https:\/\/twsites.com.br\/novomigcenter\/index.php?rest_route=%2Fwp%2Fv2%2Fproduct_brand&post=12553"},{"taxonomy":"product_cat","embeddable":true,"href":"https:\/\/twsites.com.br\/novomigcenter\/index.php?rest_route=%2Fwp%2Fv2%2Fproduct_cat&post=12553"},{"taxonomy":"product_tag","embeddable":true,"href":"https:\/\/twsites.com.br\/novomigcenter\/index.php?rest_route=%2Fwp%2Fv2%2Fproduct_tag&post=12553"}],"curies":[{"name":"wp","href":"https:\/\/api.w.org\/{rel}","templated":true}]}}