{"id":12557,"date":"2018-07-11T19:41:47","date_gmt":"2018-07-11T19:41:47","guid":{"rendered":"https:\/\/twsites.com.br\/novomigcenter\/?product=expositor-horizontal-pop-acougue-3-10m-duplo-popular-gaps-310d"},"modified":"2018-07-11T19:41:47","modified_gmt":"2018-07-11T19:41:47","slug":"expositor-horizontal-pop-acougue-3-10m-duplo-popular-gaps-310d","status":"publish","type":"product","link":"https:\/\/twsites.com.br\/novomigcenter\/?product=expositor-horizontal-pop-acougue-3-10m-duplo-popular-gaps-310d","title":{"rendered":"Expositor Horizontal \u201cPOP\u201d A\u00e7ougue 3.10m Duplo Popular &#8211; Gaps 310d"},"content":{"rendered":"<p class=\"MsoNormal\" style=\"margin-bottom:6.75pt;line-height:normal\"><span style=\"font-size: 14pt; font-family: &quot;Arial Narrow&quot;, sans-serif;\">\u25aa Refrigera\u00e7\u00e3o e exposi\u00e7\u00e3o de carnes (n\u00e3o congeladas)<o:p><\/o:p><\/span><\/p>\n<p class=\"MsoNormal\" style=\"margin-bottom:6.75pt;line-height:normal\"><b><span style=\"font-size: 14pt; font-family: &quot;Arial Narrow&quot;, sans-serif;\">\u25aa Temperatura:<\/span><\/b><span style=\"font-size: 14pt; font-family: &quot;Arial Narrow&quot;, sans-serif;\">&nbsp;+1\u00b0 a +7\u00b0C<o:p><\/o:p><\/span><\/p>\n<p class=\"MsoNormal\" style=\"margin-bottom:6.75pt;line-height:normal\"><b><span style=\"font-size: 14pt; font-family: &quot;Arial Narrow&quot;, sans-serif;\">\u25aa Refrigera\u00e7\u00e3o:&nbsp;<\/span><\/b><span style=\"font-size: 14pt; font-family: &quot;Arial Narrow&quot;, sans-serif;\">Est\u00e1tica com serpentina aletada na parte superior e placa fria embutida na base<o:p><\/o:p><\/span><\/p>\n<p class=\"MsoNormal\" style=\"margin-bottom:6.75pt;line-height:normal\"><b><span style=\"font-size: 14pt; font-family: &quot;Arial Narrow&quot;, sans-serif;\">\u25aa Controle de Temperatura:&nbsp;<\/span><\/b><span style=\"font-size: 14pt; font-family: &quot;Arial Narrow&quot;, sans-serif;\">Termostato<o:p><\/o:p><\/span><\/p>\n<p class=\"MsoNormal\" style=\"margin-bottom:6.75pt;line-height:normal\"><span style=\"font-size: 14pt; font-family: &quot;Arial Narrow&quot;, sans-serif;\">\u25aa Term\u00f4metro anal\u00f3gico<o:p><\/o:p><\/span><\/p>\n<p class=\"MsoNormal\" style=\"margin-bottom:6.75pt;line-height:normal\"><span style=\"font-size: 14pt; font-family: &quot;Arial Narrow&quot;, sans-serif;\">\u25aa Degelo: Manual<o:p><\/o:p><\/span><\/p>\n<p class=\"MsoNormal\" style=\"margin-bottom:6.75pt;line-height:normal\"><b><span style=\"font-size: 14pt; font-family: &quot;Arial Narrow&quot;, sans-serif;\">\u25aa Ilumina\u00e7\u00e3o:<\/span><\/b><span style=\"font-size: 14pt; font-family: &quot;Arial Narrow&quot;, sans-serif;\">&nbsp;LED (interna), com interruptor<o:p><\/o:p><\/span><\/p>\n<p class=\"MsoNormal\" style=\"margin-bottom:6.75pt;line-height:normal\"><b><span style=\"font-size: 14pt; font-family: &quot;Arial Narrow&quot;, sans-serif;\">\u25aa Tendal:<\/span><\/b><span style=\"font-size: 14pt; font-family: &quot;Arial Narrow&quot;, sans-serif;\">&nbsp;Simples em alum\u00ednio com ganchos<o:p><\/o:p><\/span><\/p>\n<p class=\"MsoNormal\" style=\"margin-bottom:6.75pt;line-height:normal\"><b><span style=\"font-size: 14pt; font-family: &quot;Arial Narrow&quot;, sans-serif;\">\u25aa Cabeceira:&nbsp;<\/span><\/b><span style=\"font-size: 14pt; font-family: &quot;Arial Narrow&quot;, sans-serif;\">externo em a\u00e7o pr\u00e9-pintado, interno pl\u00e1stico<o:p><\/o:p><\/span><\/p>\n<p class=\"MsoNormal\" style=\"margin-bottom:6.75pt;line-height:normal\"><span style=\"font-size: 14pt; font-family: &quot;Arial Narrow&quot;, sans-serif;\">\u25aa Revestimento externo cinza e interno branco<o:p><\/o:p><\/span><\/p>\n<p class=\"MsoNormal\" style=\"margin-bottom:6.75pt;line-height:normal\"><span style=\"font-size: 14pt; font-family: &quot;Arial Narrow&quot;, sans-serif;\">\u25aa P\u00e9s regul\u00e1veis<o:p><\/o:p><\/span><\/p>\n<p class=\"MsoNormal\" style=\"margin-bottom:6.75pt;line-height:normal\"><span style=\"font-size: 14pt; font-family: &quot;Arial Narrow&quot;, sans-serif;\">\u25aa Vidros temperados sujeitos a condensa\u00e7\u00e3o da umidade do ar<o:p><\/o:p><\/span><\/p>\n<p class=\"MsoNormal\" style=\"margin-bottom:6.75pt;line-height:normal\"><b><span style=\"font-size: 14pt; font-family: &quot;Arial Narrow&quot;, sans-serif;\">\u25aa Opcional:&nbsp;<\/span><\/b><span style=\"font-size: 14pt; font-family: &quot;Arial Narrow&quot;, sans-serif;\">Bandejas em a\u00e7o inox 430<o:p><\/o:p><\/span><\/p>\n<p class=\"MsoNormal\" style=\"margin-bottom:6.75pt;line-height:normal;mso-outline-level: 7\"><b><span style=\"font-size: 14pt; font-family: &quot;Arial Narrow&quot;, sans-serif;\">Medidas<\/span><\/b><span style=\"font-size: 14pt; font-family: &quot;Arial Narrow&quot;, sans-serif;\"><o:p><\/o:p><\/span><\/p>\n<p class=\"MsoNormal\" style=\"margin-bottom:6.75pt;line-height:normal;mso-outline-level: 7\"><span style=\"font-size: 14pt; font-family: &quot;Arial Narrow&quot;, sans-serif;\">Frente (mm) 3093<o:p><\/o:p><\/span><\/p>\n<p class=\"MsoNormal\" style=\"margin-bottom:6.75pt;line-height:normal;mso-outline-level: 7\"><span style=\"font-size: 14pt; font-family: &quot;Arial Narrow&quot;, sans-serif;\">Profundidade (mm) 929<o:p><\/o:p><\/span><\/p>\n<p class=\"MsoNormal\" style=\"margin-bottom:6.75pt;line-height:normal;mso-outline-level: 7\"><span style=\"font-size: 14pt; font-family: &quot;Arial Narrow&quot;, sans-serif;\">Altura (mm) 1461<o:p><\/o:p><\/span><\/p>\n<p class=\"MsoNormal\" style=\"margin-bottom:6.75pt;line-height:normal;mso-outline-level: 7\"><span style=\"font-size: 14pt; font-family: &quot;Arial Narrow&quot;, sans-serif;\">Peso bruto (kg) 267<o:p><\/o:p><\/span><\/p>\n<p class=\"MsoNormal\" style=\"margin-bottom:6.75pt;line-height:normal;mso-outline-level: 7\"><span style=\"font-size: 14pt; font-family: &quot;Arial Narrow&quot;, sans-serif;\">Tens\u00e3o (V) 127 220<o:p><\/o:p><\/span><\/p>\n<p class=\"MsoNormal\" style=\"margin-bottom:6.75pt;line-height:normal;mso-outline-level: 7\"><span style=\"font-size: 14pt; font-family: &quot;Arial Narrow&quot;, sans-serif;\">Frequ\u00eancia (Hz) 60 50 ou 60<o:p><\/o:p><\/span><\/p>\n<p class=\"MsoNormal\" style=\"margin-bottom:6.75pt;line-height:normal;mso-outline-level: 7\"><span style=\"font-size: 14pt; font-family: &quot;Arial Narrow&quot;, sans-serif;\">Consumo kWh\/dia 17,50<o:p><\/o:p><\/span><\/p>\n<\/p>\n<p class=\"MsoNormal\" style=\"margin-bottom:6.75pt;line-height:normal;mso-outline-level: 7\"><span style=\"font-size: 14pt; font-family: &quot;Arial Narrow&quot;, sans-serif;\">Classe 4<o:p><\/o:p><\/span><\/p>\n","protected":false},"excerpt":{"rendered":"<p>\u25aa Refrigera\u00e7\u00e3o e exposi\u00e7\u00e3o de carnes (n\u00e3o congeladas) \u25aa Temperatura:&nbsp;+1\u00b0 a +7\u00b0C \u25aa Refrigera\u00e7\u00e3o:&nbsp;Est\u00e1tica com serpentina aletada na parte superior e placa fria embutida na base \u25aa Controle de Temperatura:&nbsp;Termostato \u25aa Term\u00f4metro anal\u00f3gico \u25aa Degelo: Manual \u25aa Ilumina\u00e7\u00e3o:&nbsp;LED (interna), com interruptor \u25aa Tendal:&nbsp;Simples em alum\u00ednio com ganchos \u25aa Cabeceira:&nbsp;externo em a\u00e7o pr\u00e9-pintado, interno pl\u00e1stico \u25aa [&hellip;]<\/p>\n","protected":false},"featured_media":12554,"comment_status":"open","ping_status":"closed","template":"","meta":[],"product_brand":[],"product_cat":[359,435],"product_tag":[],"class_list":{"0":"post-12557","1":"product","2":"type-product","3":"status-publish","4":"has-post-thumbnail","6":"product_cat-balcao-expositor","7":"product_cat-acougue","9":"first","10":"instock","11":"shipping-taxable","12":"purchasable","13":"product-type-simple"},"_links":{"self":[{"href":"https:\/\/twsites.com.br\/novomigcenter\/index.php?rest_route=\/wp\/v2\/product\/12557","targetHints":{"allow":["GET"]}}],"collection":[{"href":"https:\/\/twsites.com.br\/novomigcenter\/index.php?rest_route=\/wp\/v2\/product"}],"about":[{"href":"https:\/\/twsites.com.br\/novomigcenter\/index.php?rest_route=\/wp\/v2\/types\/product"}],"replies":[{"embeddable":true,"href":"https:\/\/twsites.com.br\/novomigcenter\/index.php?rest_route=%2Fwp%2Fv2%2Fcomments&post=12557"}],"wp:featuredmedia":[{"embeddable":true,"href":"https:\/\/twsites.com.br\/novomigcenter\/index.php?rest_route=\/wp\/v2\/media\/12554"}],"wp:attachment":[{"href":"https:\/\/twsites.com.br\/novomigcenter\/index.php?rest_route=%2Fwp%2Fv2%2Fmedia&parent=12557"}],"wp:term":[{"taxonomy":"product_brand","embeddable":true,"href":"https:\/\/twsites.com.br\/novomigcenter\/index.php?rest_route=%2Fwp%2Fv2%2Fproduct_brand&post=12557"},{"taxonomy":"product_cat","embeddable":true,"href":"https:\/\/twsites.com.br\/novomigcenter\/index.php?rest_route=%2Fwp%2Fv2%2Fproduct_cat&post=12557"},{"taxonomy":"product_tag","embeddable":true,"href":"https:\/\/twsites.com.br\/novomigcenter\/index.php?rest_route=%2Fwp%2Fv2%2Fproduct_tag&post=12557"}],"curies":[{"name":"wp","href":"https:\/\/api.w.org\/{rel}","templated":true}]}}