{"id":12565,"date":"2018-07-14T13:59:07","date_gmt":"2018-07-14T13:59:07","guid":{"rendered":"https:\/\/twsites.com.br\/novomigcenter\/?product=geladeira-comercial-4-portas-grcs-4p"},"modified":"2018-07-14T13:59:07","modified_gmt":"2018-07-14T13:59:07","slug":"geladeira-comercial-4-portas-grcs-4p","status":"publish","type":"product","link":"https:\/\/twsites.com.br\/novomigcenter\/?product=geladeira-comercial-4-portas-grcs-4p","title":{"rendered":"Geladeira Comercial 4 Portas GRCS-4P"},"content":{"rendered":"<p><font face=\"Arial\">Refrigera\u00e7\u00e3o de produtos em cozinhas industriais de hot\u00e9is,&nbsp; restaurantes, clubes, bares, lanchonetes, confeitarias,mercados,&nbsp; mercearias e outros<\/font><\/p>\n<p><font face=\"Arial\">\u25aa Temperatura: +1\u00b0 a +\u00b07C \u25aa Refrigera\u00e7\u00e3o: Ar for\u00e7ado com serpentina aletada<\/font><\/p>\n<p><font face=\"Arial\">\u25aa Controle de Temperatura: Controlador Eletr\u00f4nico Digital, com&nbsp; indicador digital de temperatura e degelo autom\u00e1tico natural<\/font><\/p>\n<p><font face=\"Arial\">\u25aa Prateleiras: 4 n\u00edveis, aramadas, regul\u00e1veis em arame trefilado&nbsp; com pintura eletrost\u00e1tica cor alum\u00ednio<\/font><\/p>\n<p><font face=\"Arial\">\u25aa Portas cegas com fechamento autom\u00e1tico<\/font><\/p>\n<p><font face=\"Arial\">\u25aa GRCS-2P\/3P: Portas verticais com sistema de trava<\/font><\/p>\n<p><font face=\"Arial\">\u25aa Revestimento Externo (frente e laterais): A\u00e7o Revestido&nbsp; com Pel\u00edcula Tipo Inox<\/font><\/p>\n<p><font face=\"Arial\">\u25aa Revestimento Interno: A\u00e7o Inox 304<\/font><\/p>\n<p><font face=\"Arial\">\u25aa Parte Frontal sem resist\u00eancia no quadro de portas,&nbsp; podendo ocorrer condensa\u00e7\u00e3o da umidade do ar<\/font><\/p>\n<p><font face=\"Arial\">\u25aa Constru\u00e7\u00e3o do Gabinete: Monobloco<\/font><\/p>\n<p><font face=\"Arial\">\u25aa Estrado em PVC na Base<\/font><\/p>\n<p><font face=\"Arial\">\u25aa Gabinete com rod\u00edzios<\/font><\/p>\n<p><font face=\"Arial\"><b>CARACTER\u00cdSTICAS<\/b><\/font><\/p>\n<table class=\"table table-bordered\" style=\"width: 906px;\">\n<tbody>\n<tr>\n<td><font face=\"Arial\">Frente (mm)&nbsp;&nbsp;&nbsp;&nbsp;&nbsp;&nbsp;&nbsp; &nbsp; &nbsp; &nbsp; &nbsp; &nbsp; &nbsp; &nbsp;<br \/><\/font><\/td>\n<td><font face=\"Arial\">1400<br \/><\/font><\/td>\n<\/tr>\n<tr>\n<td><font face=\"Arial\">Profundidade<br \/><\/font><\/td>\n<td><font face=\"Arial\">900<br \/><\/font><\/td>\n<\/tr>\n<tr>\n<td><font face=\"Arial\">Altura (mm)<br \/><\/font><\/td>\n<td><font face=\"Arial\">2010<br \/><\/font><\/td>\n<\/tr>\n<tr>\n<td><font face=\"Arial\">Capacidade Bruta (I)<br \/><\/font><\/td>\n<td><font face=\"Arial\">1421<\/font><\/td>\n<\/tr>\n<tr>\n<td><font face=\"Arial\">Peso Bruto (kg)<br \/><\/font><\/td>\n<td><font face=\"Arial\">257<br \/><\/font><\/td>\n<\/tr>\n<tr>\n<td><font face=\"Arial\">Tens\u00e3o (V)<br \/><\/font><\/td>\n<td><font face=\"Arial\">127\/220<br \/><\/font><\/td>\n<\/tr>\n<tr>\n<td><font face=\"Arial\">Frequ\u00eancia (Hz)&nbsp;<br \/><\/font><\/td>\n<td><font face=\"Arial\">60 60 50 ou 60<br \/><\/font><\/td>\n<\/tr>\n<tr>\n<td><font face=\"Arial\">Consumo&nbsp; KWh\/dia<br \/><\/font><\/td>\n<td><font face=\"Arial\">4,7<br \/><\/font><\/td>\n<\/tr>\n<tr>\n<td><font face=\"Arial\">Classe<br \/><\/font><\/td>\n<td><font face=\"Arial\">4<br \/><\/font><\/td>\n<\/tr>\n<\/tbody>\n<\/table>\n","protected":false},"excerpt":{"rendered":"<p>Refrigera\u00e7\u00e3o de produtos em cozinhas industriais de hot\u00e9is,&nbsp; restaurantes, clubes, bares, lanchonetes, confeitarias,mercados,&nbsp; mercearias e outros \u25aa Temperatura: +1\u00b0 a +\u00b07C \u25aa Refrigera\u00e7\u00e3o: Ar for\u00e7ado com serpentina aletada \u25aa Controle de Temperatura: Controlador Eletr\u00f4nico Digital, com&nbsp; indicador digital de temperatura e degelo autom\u00e1tico natural \u25aa Prateleiras: 4 n\u00edveis, aramadas, regul\u00e1veis em arame trefilado&nbsp; com pintura [&hellip;]<\/p>\n","protected":false},"featured_media":12564,"comment_status":"open","ping_status":"closed","template":"","meta":[],"product_brand":[],"product_cat":[327,442],"product_tag":[],"class_list":{"0":"post-12565","1":"product","2":"type-product","3":"status-publish","4":"has-post-thumbnail","6":"product_cat-geladeira","7":"product_cat-refrigeracao","9":"first","10":"instock","11":"shipping-taxable","12":"purchasable","13":"product-type-simple"},"_links":{"self":[{"href":"https:\/\/twsites.com.br\/novomigcenter\/index.php?rest_route=\/wp\/v2\/product\/12565","targetHints":{"allow":["GET"]}}],"collection":[{"href":"https:\/\/twsites.com.br\/novomigcenter\/index.php?rest_route=\/wp\/v2\/product"}],"about":[{"href":"https:\/\/twsites.com.br\/novomigcenter\/index.php?rest_route=\/wp\/v2\/types\/product"}],"replies":[{"embeddable":true,"href":"https:\/\/twsites.com.br\/novomigcenter\/index.php?rest_route=%2Fwp%2Fv2%2Fcomments&post=12565"}],"wp:featuredmedia":[{"embeddable":true,"href":"https:\/\/twsites.com.br\/novomigcenter\/index.php?rest_route=\/wp\/v2\/media\/12564"}],"wp:attachment":[{"href":"https:\/\/twsites.com.br\/novomigcenter\/index.php?rest_route=%2Fwp%2Fv2%2Fmedia&parent=12565"}],"wp:term":[{"taxonomy":"product_brand","embeddable":true,"href":"https:\/\/twsites.com.br\/novomigcenter\/index.php?rest_route=%2Fwp%2Fv2%2Fproduct_brand&post=12565"},{"taxonomy":"product_cat","embeddable":true,"href":"https:\/\/twsites.com.br\/novomigcenter\/index.php?rest_route=%2Fwp%2Fv2%2Fproduct_cat&post=12565"},{"taxonomy":"product_tag","embeddable":true,"href":"https:\/\/twsites.com.br\/novomigcenter\/index.php?rest_route=%2Fwp%2Fv2%2Fproduct_tag&post=12565"}],"curies":[{"name":"wp","href":"https:\/\/api.w.org\/{rel}","templated":true}]}}