{"id":12569,"date":"2018-07-17T11:08:16","date_gmt":"2018-07-17T11:08:16","guid":{"rendered":"https:\/\/twsites.com.br\/novomigcenter\/?product=serra-fita-brt-22-gural"},"modified":"2018-07-17T11:08:16","modified_gmt":"2018-07-17T11:08:16","slug":"serra-fita-brt-22-gural","status":"publish","type":"product","link":"https:\/\/twsites.com.br\/novomigcenter\/?product=serra-fita-brt-22-gural","title":{"rendered":"Serra FIta de 22 &#8211; Gural Ref. BRT 22"},"content":{"rendered":"<p class=\"font_7\" style=\"font-family: -webkit-standard; font-size: 14px;\"><span class=\"color_19\"><span style=\"font-family: arial, &quot;\uff4d\uff53 \uff50\u30b4\u30b7\u30c3\u30af&quot;, &quot;ms pgothic&quot;, \ub3cb\uc6c0, dotum, helvetica, sans-serif;\"><span style=\"font-weight: bold;\">Comprimento:&nbsp;<\/span>493 mm<\/span><\/span><\/p>\n<p class=\"font_7\" style=\"font-family: -webkit-standard; font-size: 14px;\"><span class=\"color_19\"><span style=\"font-family: arial, &quot;\uff4d\uff53 \uff50\u30b4\u30b7\u30c3\u30af&quot;, &quot;ms pgothic&quot;, \ub3cb\uc6c0, dotum, helvetica, sans-serif;\"><span style=\"font-weight: bold;\">Largura:&nbsp;<\/span>470 mm<\/span><\/span><\/p>\n<p class=\"font_7\" style=\"font-family: -webkit-standard; font-size: 14px;\"><span class=\"color_19\"><span style=\"font-family: arial, &quot;\uff4d\uff53 \uff50\u30b4\u30b7\u30c3\u30af&quot;, &quot;ms pgothic&quot;, \ub3cb\uc6c0, dotum, helvetica, sans-serif;\"><span style=\"font-weight: bold;\">Altura:&nbsp;<\/span>915 mm<\/span><\/span><\/p>\n<p class=\"font_7\" style=\"font-family: -webkit-standard; font-size: 14px;\"><span class=\"color_19\"><span style=\"font-family: arial, &quot;\uff4d\uff53 \uff50\u30b4\u30b7\u30c3\u30af&quot;, &quot;ms pgothic&quot;, \ub3cb\uc6c0, dotum, helvetica, sans-serif;\"><span style=\"font-weight: bold;\">L\u00e2mina (comprimento x largura):<\/span>1770 mm x 15,8 mm<\/span><\/span><\/p>\n<p class=\"font_7\" style=\"font-family: -webkit-standard; font-size: 14px;\"><span class=\"color_19\"><span style=\"font-family: arial, &quot;\uff4d\uff53 \uff50\u30b4\u30b7\u30c3\u30af&quot;, &quot;ms pgothic&quot;, \ub3cb\uc6c0, dotum, helvetica, sans-serif;\"><span style=\"font-weight: bold;\">Peso:<\/span>43,5 Kg<\/span><\/span><\/p>\n<p class=\"font_7\" style=\"font-family: -webkit-standard; font-size: 14px;\"><span class=\"color_19\"><span style=\"font-family: arial, &quot;\uff4d\uff53 \uff50\u30b4\u30b7\u30c3\u30af&quot;, &quot;ms pgothic&quot;, \ub3cb\uc6c0, dotum, helvetica, sans-serif;\"><span style=\"font-weight: bold;\">Tens\u00e3o el\u00e9trica:&nbsp;<\/span>127 \/ 220 v<\/span><\/span><\/p>\n<p class=\"font_7\" style=\"font-family: -webkit-standard; font-size: 14px;\"><span class=\"color_19\"><span style=\"font-family: arial, &quot;\uff4d\uff53 \uff50\u30b4\u30b7\u30c3\u30af&quot;, &quot;ms pgothic&quot;, \ub3cb\uc6c0, dotum, helvetica, sans-serif;\"><span style=\"font-weight: bold;\">Pot\u00eancia do motor:<\/span>0,33 cv<\/span><\/span><\/p>\n<p class=\"font_7\" style=\"font-family: -webkit-standard; font-size: 14px;\"><span class=\"color_19\"><span style=\"font-family: arial, &quot;\uff4d\uff53 \uff50\u30b4\u30b7\u30c3\u30af&quot;, &quot;ms pgothic&quot;, \ub3cb\uc6c0, dotum, helvetica, sans-serif;\"><span style=\"font-weight: bold;\">Frequ\u00eancia:&nbsp;<\/span>50 \/ 60 Hz<\/span><\/span><\/p>\n<p class=\"font_7\" style=\"font-family: -webkit-standard; font-size: 14px;\"><span class=\"color_19\"><span style=\"font-family: arial, &quot;\uff4d\uff53 \uff50\u30b4\u30b7\u30c3\u30af&quot;, &quot;ms pgothic&quot;, \ub3cb\uc6c0, dotum, helvetica, sans-serif;\"><span style=\"font-weight: bold;\">Dimens\u00f5es da mesa (comprimento x largura):&nbsp;<\/span>483 mm x 412 mm<\/span><\/span><\/p>\n<p class=\"font_7\" style=\"font-family: -webkit-standard; font-size: 14px;\"><span class=\"color_19\"><span style=\"font-family: arial, &quot;\uff4d\uff53 \uff50\u30b4\u30b7\u30c3\u30af&quot;, &quot;ms pgothic&quot;, \ub3cb\uc6c0, dotum, helvetica, sans-serif;\"><span style=\"font-weight: bold;\">Dimens\u00f5es de corte (largura x altura):&nbsp;<\/span>210 mm x 255 mm<\/span><\/span><\/p>\n<p class=\"font_7\" style=\"font-family: -webkit-standard; font-size: 14px;\"><span class=\"color_19\"><span style=\"font-family: arial, &quot;\uff4d\uff53 \uff50\u30b4\u30b7\u30c3\u30af&quot;, &quot;ms pgothic&quot;, \ub3cb\uc6c0, dotum, helvetica, sans-serif;\"><span style=\"font-weight: bold;\">Posi\u00e7\u00e3o de corte da serra (mesa):<\/span>Esquerda<\/span><\/span><\/p>\n","protected":false},"excerpt":{"rendered":"<p>Comprimento:&nbsp;493 mm Largura:&nbsp;470 mm Altura:&nbsp;915 mm L\u00e2mina (comprimento x largura):1770 mm x 15,8 mm Peso:43,5 Kg Tens\u00e3o el\u00e9trica:&nbsp;127 \/ 220 v Pot\u00eancia do motor:0,33 cv Frequ\u00eancia:&nbsp;50 \/ 60 Hz Dimens\u00f5es da mesa (comprimento x largura):&nbsp;483 mm x 412 mm Dimens\u00f5es de corte (largura x altura):&nbsp;210 mm x 255 mm Posi\u00e7\u00e3o de corte da serra (mesa):Esquerda<\/p>\n","protected":false},"featured_media":12568,"comment_status":"open","ping_status":"closed","template":"","meta":[],"product_brand":[],"product_cat":[363,435],"product_tag":[],"class_list":{"0":"post-12569","1":"product","2":"type-product","3":"status-publish","4":"has-post-thumbnail","6":"product_cat-serra-fita","7":"product_cat-acougue","9":"first","10":"instock","11":"shipping-taxable","12":"purchasable","13":"product-type-simple"},"_links":{"self":[{"href":"https:\/\/twsites.com.br\/novomigcenter\/index.php?rest_route=\/wp\/v2\/product\/12569","targetHints":{"allow":["GET"]}}],"collection":[{"href":"https:\/\/twsites.com.br\/novomigcenter\/index.php?rest_route=\/wp\/v2\/product"}],"about":[{"href":"https:\/\/twsites.com.br\/novomigcenter\/index.php?rest_route=\/wp\/v2\/types\/product"}],"replies":[{"embeddable":true,"href":"https:\/\/twsites.com.br\/novomigcenter\/index.php?rest_route=%2Fwp%2Fv2%2Fcomments&post=12569"}],"wp:featuredmedia":[{"embeddable":true,"href":"https:\/\/twsites.com.br\/novomigcenter\/index.php?rest_route=\/wp\/v2\/media\/12568"}],"wp:attachment":[{"href":"https:\/\/twsites.com.br\/novomigcenter\/index.php?rest_route=%2Fwp%2Fv2%2Fmedia&parent=12569"}],"wp:term":[{"taxonomy":"product_brand","embeddable":true,"href":"https:\/\/twsites.com.br\/novomigcenter\/index.php?rest_route=%2Fwp%2Fv2%2Fproduct_brand&post=12569"},{"taxonomy":"product_cat","embeddable":true,"href":"https:\/\/twsites.com.br\/novomigcenter\/index.php?rest_route=%2Fwp%2Fv2%2Fproduct_cat&post=12569"},{"taxonomy":"product_tag","embeddable":true,"href":"https:\/\/twsites.com.br\/novomigcenter\/index.php?rest_route=%2Fwp%2Fv2%2Fproduct_tag&post=12569"}],"curies":[{"name":"wp","href":"https:\/\/api.w.org\/{rel}","templated":true}]}}