{"id":12581,"date":"2018-12-05T15:44:26","date_gmt":"2018-12-05T15:44:26","guid":{"rendered":"https:\/\/twsites.com.br\/novomigcenter\/?product=cortador-sirman-anniversario-lx-350"},"modified":"2018-12-05T15:44:26","modified_gmt":"2018-12-05T15:44:26","slug":"cortador-sirman-anniversario-lx-350","status":"publish","type":"product","link":"https:\/\/twsites.com.br\/novomigcenter\/?product=cortador-sirman-anniversario-lx-350","title":{"rendered":"Cortador de Frios Totalmente Manual Retr\u00f4 L\u00e2mina de 35mm &#8211; Sirman Mod. Anniversario lx 350"},"content":{"rendered":"<p><span style=\"font-size: 14px;\">\ufeff<\/span><font face=\"Arial\"><span style=\"font-size: 14px;\">Encontro entre a eleg\u00e2ncia cl\u00e1ssica e a funcionalidade moderna. <\/span><\/font><\/p>\n<p><font face=\"Arial\"><span style=\"font-size: 14px;\">Magistral fus\u00e3o de estilo e ergonomia, praticidade, sofistica\u00e7\u00e3o, funcionalidade e exclusividade. <\/span><\/font><\/p>\n<p><font face=\"Arial\"><span style=\"font-size: 14px;\">Uma poesia de linhas, luzes, cores, e mec\u00e2nica, a mais pura, simples e funcional.<\/span><\/font><\/p>\n<p><font face=\"Arial\"><span style=\"font-size: 14px;\">Constru\u00e7\u00e3o em fus\u00e3o de ferro fundido esferoidal. <\/span><\/font><\/p>\n<p><font face=\"Arial\"><span style=\"font-size: 14px;\">Detalhes em alum\u00ednio anodizado arg\u00eanteo. <\/span><\/font><\/p>\n<p><font face=\"Arial\"><span style=\"font-size: 14px;\">Bra\u00e7o especial com prendedor BS2. <\/span><\/font><\/p>\n<p><font face=\"Arial\"><span style=\"font-size: 14px;\">Prendedor do bra\u00e7o desmont\u00e1vel em a\u00e7o inox. <\/span><\/font><\/p>\n<p><font face=\"Arial\"><span style=\"font-size: 14px;\">Carro m\u00f3vel remov\u00edvel com interbloqueio do encosto<\/span><\/font><\/p>\n","protected":false},"excerpt":{"rendered":"<p>\ufeffEncontro entre a eleg\u00e2ncia cl\u00e1ssica e a funcionalidade moderna. Magistral fus\u00e3o de estilo e ergonomia, praticidade, sofistica\u00e7\u00e3o, funcionalidade e exclusividade. Uma poesia de linhas, luzes, cores, e mec\u00e2nica, a mais pura, simples e funcional. Constru\u00e7\u00e3o em fus\u00e3o de ferro fundido esferoidal. Detalhes em alum\u00ednio anodizado arg\u00eanteo. Bra\u00e7o especial com prendedor BS2. Prendedor do bra\u00e7o desmont\u00e1vel [&hellip;]<\/p>\n","protected":false},"featured_media":12576,"comment_status":"open","ping_status":"closed","template":"","meta":[],"product_brand":[],"product_cat":[301,440],"product_tag":[],"class_list":{"0":"post-12581","1":"product","2":"type-product","3":"status-publish","4":"has-post-thumbnail","6":"product_cat-cortador-de-frios","7":"product_cat-maquinas","9":"first","10":"instock","11":"shipping-taxable","12":"purchasable","13":"product-type-simple"},"_links":{"self":[{"href":"https:\/\/twsites.com.br\/novomigcenter\/index.php?rest_route=\/wp\/v2\/product\/12581","targetHints":{"allow":["GET"]}}],"collection":[{"href":"https:\/\/twsites.com.br\/novomigcenter\/index.php?rest_route=\/wp\/v2\/product"}],"about":[{"href":"https:\/\/twsites.com.br\/novomigcenter\/index.php?rest_route=\/wp\/v2\/types\/product"}],"replies":[{"embeddable":true,"href":"https:\/\/twsites.com.br\/novomigcenter\/index.php?rest_route=%2Fwp%2Fv2%2Fcomments&post=12581"}],"wp:featuredmedia":[{"embeddable":true,"href":"https:\/\/twsites.com.br\/novomigcenter\/index.php?rest_route=\/wp\/v2\/media\/12576"}],"wp:attachment":[{"href":"https:\/\/twsites.com.br\/novomigcenter\/index.php?rest_route=%2Fwp%2Fv2%2Fmedia&parent=12581"}],"wp:term":[{"taxonomy":"product_brand","embeddable":true,"href":"https:\/\/twsites.com.br\/novomigcenter\/index.php?rest_route=%2Fwp%2Fv2%2Fproduct_brand&post=12581"},{"taxonomy":"product_cat","embeddable":true,"href":"https:\/\/twsites.com.br\/novomigcenter\/index.php?rest_route=%2Fwp%2Fv2%2Fproduct_cat&post=12581"},{"taxonomy":"product_tag","embeddable":true,"href":"https:\/\/twsites.com.br\/novomigcenter\/index.php?rest_route=%2Fwp%2Fv2%2Fproduct_tag&post=12581"}],"curies":[{"name":"wp","href":"https:\/\/api.w.org\/{rel}","templated":true}]}}