{"id":12615,"date":"2018-12-10T10:42:04","date_gmt":"2018-12-10T10:42:04","guid":{"rendered":"https:\/\/twsites.com.br\/novomigcenter\/?product=maquina-para-massa-fresca-sirman-mod-concerto-5"},"modified":"2018-12-10T10:42:04","modified_gmt":"2018-12-10T10:42:04","slug":"maquina-para-massa-fresca-sirman-mod-concerto-5","status":"publish","type":"product","link":"https:\/\/twsites.com.br\/novomigcenter\/?product=maquina-para-massa-fresca-sirman-mod-concerto-5","title":{"rendered":"M\u00e1quina para massa fresca Sirman &#8211; Mod. Concerto 5"},"content":{"rendered":"<p><font face=\"Arial\"> <span style=\"font-size: 14px;\">Apropriada para as necessidades do m\u00e9dio restaurante. <\/span><\/font><\/p>\n<p><font face=\"Arial\"><span style=\"font-size: 14px;\">\u2022 Pr\u00e1tica, r\u00e1pida e extremamente f\u00e1cil de limpar e higienizar. <\/span><\/font><\/p>\n<p><font face=\"Arial\"><span style=\"font-size: 14px;\">\u2022 Estrutura em a\u00e7o inox AISI 304. <\/span><\/font><\/p>\n<p><font face=\"Arial\"><span style=\"font-size: 14px;\">\u2022 Potente motor ventilado com redutor de engrenagens em banho de \u00f3leo. <\/span><\/font><\/p>\n<p><font face=\"Arial\"><span style=\"font-size: 14px;\">\u2022 P\u00e1 amassadeira com alto desempenho e facilmente remov\u00edvel. <\/span><\/font><\/p>\n<p><font face=\"Arial\"><span style=\"font-size: 14px;\">\u2022 Tampa em a\u00e7o inox interbloqueado. <\/span><\/font><\/p>\n<p><font face=\"Arial\"><span style=\"font-size: 14px;\">\u2022 Funil pr\u00e1tico e remov\u00edvel para adicionar l\u00edquidos otimamente durante a prepara\u00e7\u00e3o da massa. <\/span><\/font><\/p>\n<p><font face=\"Arial\"><span style=\"font-size: 14px;\">\u2022 C\u00f3clea, bocal e anel em a\u00e7o inox. <\/span><\/font><\/p>\n<p><font face=\"Arial\"><span style=\"font-size: 14px;\">\u2022 Cuba em alum\u00ednio anodizado. <\/span><\/font><\/p>\n<p><font face=\"Arial\"><span style=\"font-size: 14px;\">\u2022 Ampla disponibilidade de moldes de extrus\u00e3o em bronze. <\/span><\/font><\/p>\n<p><font face=\"Arial\"><span style=\"font-size: 14px;\">\u2022 Cortador de massa opcional com variador de velocidade. <\/span><\/font><\/p>\n<p><font face=\"Arial\"><span style=\"font-size: 14px;\">\u2022 Comandos em a\u00e7o inox IP 67. <\/span><\/font><\/p>\n<p><font face=\"Arial\"><span style=\"font-size: 14px;\">\u2022 Sistema de ventila\u00e7\u00e3o for\u00e7ada tamb\u00e9m com o motor desligado. <\/span><\/font><\/p>\n<p><font face=\"Arial\"><span style=\"font-size: 14px;\"><b><span style=\"font-size: 18px;\">Opcionais:<\/span> <\/b><\/span><\/font><\/p>\n<p><font face=\"Arial\"><span style=\"font-size: 14px;\">\u2022 Cortador de massa opcional com variador de velocidade.<\/span><\/font><\/p>\n<p><font face=\"Arial\"><span style=\"font-size: 14px;\"> \u2022 Kit para extrus\u00e3o penne<\/span><\/font><\/p>\n","protected":false},"excerpt":{"rendered":"<p>Apropriada para as necessidades do m\u00e9dio restaurante. \u2022 Pr\u00e1tica, r\u00e1pida e extremamente f\u00e1cil de limpar e higienizar. \u2022 Estrutura em a\u00e7o inox AISI 304. \u2022 Potente motor ventilado com redutor de engrenagens em banho de \u00f3leo. \u2022 P\u00e1 amassadeira com alto desempenho e facilmente remov\u00edvel. \u2022 Tampa em a\u00e7o inox interbloqueado. \u2022 Funil pr\u00e1tico e [&hellip;]<\/p>\n","protected":false},"featured_media":12612,"comment_status":"open","ping_status":"closed","template":"","meta":[],"product_brand":[],"product_cat":[410,440],"product_tag":[],"class_list":{"0":"post-12615","1":"product","2":"type-product","3":"status-publish","4":"has-post-thumbnail","6":"product_cat-maquinas-para-fazer-massa","7":"product_cat-maquinas","9":"first","10":"instock","11":"shipping-taxable","12":"purchasable","13":"product-type-simple"},"_links":{"self":[{"href":"https:\/\/twsites.com.br\/novomigcenter\/index.php?rest_route=\/wp\/v2\/product\/12615","targetHints":{"allow":["GET"]}}],"collection":[{"href":"https:\/\/twsites.com.br\/novomigcenter\/index.php?rest_route=\/wp\/v2\/product"}],"about":[{"href":"https:\/\/twsites.com.br\/novomigcenter\/index.php?rest_route=\/wp\/v2\/types\/product"}],"replies":[{"embeddable":true,"href":"https:\/\/twsites.com.br\/novomigcenter\/index.php?rest_route=%2Fwp%2Fv2%2Fcomments&post=12615"}],"wp:featuredmedia":[{"embeddable":true,"href":"https:\/\/twsites.com.br\/novomigcenter\/index.php?rest_route=\/wp\/v2\/media\/12612"}],"wp:attachment":[{"href":"https:\/\/twsites.com.br\/novomigcenter\/index.php?rest_route=%2Fwp%2Fv2%2Fmedia&parent=12615"}],"wp:term":[{"taxonomy":"product_brand","embeddable":true,"href":"https:\/\/twsites.com.br\/novomigcenter\/index.php?rest_route=%2Fwp%2Fv2%2Fproduct_brand&post=12615"},{"taxonomy":"product_cat","embeddable":true,"href":"https:\/\/twsites.com.br\/novomigcenter\/index.php?rest_route=%2Fwp%2Fv2%2Fproduct_cat&post=12615"},{"taxonomy":"product_tag","embeddable":true,"href":"https:\/\/twsites.com.br\/novomigcenter\/index.php?rest_route=%2Fwp%2Fv2%2Fproduct_tag&post=12615"}],"curies":[{"name":"wp","href":"https:\/\/api.w.org\/{rel}","templated":true}]}}