{"id":12618,"date":"2018-12-10T10:54:12","date_gmt":"2018-12-10T10:54:12","guid":{"rendered":"https:\/\/twsites.com.br\/novomigcenter\/?product=processador-de-alimentos-em-inox-sirman-mod-tm-2-inox"},"modified":"2018-12-10T10:54:12","modified_gmt":"2018-12-10T10:54:12","slug":"processador-de-alimentos-em-inox-sirman-mod-tm-2-inox","status":"publish","type":"product","link":"https:\/\/twsites.com.br\/novomigcenter\/?product=processador-de-alimentos-em-inox-sirman-mod-tm-2-inox","title":{"rendered":"Processador de Alimentos em inox Sirman &#8211; Mod TM2 Inox"},"content":{"rendered":"<p><font face=\"Arial\" style=\"\"><span style=\"font-size: 14px;\">\u2022 Constru\u00eddos em alum\u00ednio anodizado e a\u00e7o inox. <\/span><\/font><\/p>\n<p><font face=\"Arial\" style=\"\"><span style=\"font-size: 14px;\">\u2022 Motor ventilado para uso cont\u00ednuo. <\/span><\/font><\/p>\n<p><font face=\"Arial\" style=\"\"><span style=\"font-size: 14px;\">\u2022 Design compacto para um melhor aproveitamento dos espa\u00e7os na cozinha. <\/span><\/font><\/p>\n<p><font face=\"Arial\" style=\"\"><span style=\"font-size: 14px;\">\u2022 Exclusivo sistema de queda direta do alimento no equipamento, que permite trabalhar com alimentos macios e delicados, como a mussarela e outros queijos. <\/span><\/font><\/p>\n<p><font face=\"Arial\" style=\"\"><span style=\"font-size: 14px;\">\u2022 Seguran\u00e7a garantida por 3 micro interruptores: na alavanca, na tampa e na cuba. <\/span><\/font><\/p>\n<p><font face=\"Arial\" style=\"\"><span style=\"font-size: 14px;\">\u2022 Cuba de coleta de alimentos com sistema de seguran\u00e7a. <\/span><\/font><\/p>\n<p><font face=\"Arial\" style=\"\"><span style=\"font-size: 14px;\">\u2022 Dispon\u00edvel com tampa em inox lav\u00e1vel na lava-lou\u00e7as <\/span><\/font><\/p>\n<p><font face=\"Arial\" style=\"\"><span style=\"font-size: 14px;\">\u2022 Ampla gama de discos dispon\u00edveis para in\u00fameras aplica\u00e7\u00f5es<\/span><\/font>.<\/p>\n","protected":false},"excerpt":{"rendered":"<p>\u2022 Constru\u00eddos em alum\u00ednio anodizado e a\u00e7o inox. \u2022 Motor ventilado para uso cont\u00ednuo. \u2022 Design compacto para um melhor aproveitamento dos espa\u00e7os na cozinha. \u2022 Exclusivo sistema de queda direta do alimento no equipamento, que permite trabalhar com alimentos macios e delicados, como a mussarela e outros queijos. \u2022 Seguran\u00e7a garantida por 3 micro [&hellip;]<\/p>\n","protected":false},"featured_media":12616,"comment_status":"open","ping_status":"closed","template":"","meta":[],"product_brand":[],"product_cat":[314,440],"product_tag":[],"class_list":{"0":"post-12618","1":"product","2":"type-product","3":"status-publish","4":"has-post-thumbnail","6":"product_cat-processador-de-alimentos","7":"product_cat-maquinas","9":"first","10":"instock","11":"shipping-taxable","12":"purchasable","13":"product-type-simple"},"_links":{"self":[{"href":"https:\/\/twsites.com.br\/novomigcenter\/index.php?rest_route=\/wp\/v2\/product\/12618","targetHints":{"allow":["GET"]}}],"collection":[{"href":"https:\/\/twsites.com.br\/novomigcenter\/index.php?rest_route=\/wp\/v2\/product"}],"about":[{"href":"https:\/\/twsites.com.br\/novomigcenter\/index.php?rest_route=\/wp\/v2\/types\/product"}],"replies":[{"embeddable":true,"href":"https:\/\/twsites.com.br\/novomigcenter\/index.php?rest_route=%2Fwp%2Fv2%2Fcomments&post=12618"}],"wp:featuredmedia":[{"embeddable":true,"href":"https:\/\/twsites.com.br\/novomigcenter\/index.php?rest_route=\/wp\/v2\/media\/12616"}],"wp:attachment":[{"href":"https:\/\/twsites.com.br\/novomigcenter\/index.php?rest_route=%2Fwp%2Fv2%2Fmedia&parent=12618"}],"wp:term":[{"taxonomy":"product_brand","embeddable":true,"href":"https:\/\/twsites.com.br\/novomigcenter\/index.php?rest_route=%2Fwp%2Fv2%2Fproduct_brand&post=12618"},{"taxonomy":"product_cat","embeddable":true,"href":"https:\/\/twsites.com.br\/novomigcenter\/index.php?rest_route=%2Fwp%2Fv2%2Fproduct_cat&post=12618"},{"taxonomy":"product_tag","embeddable":true,"href":"https:\/\/twsites.com.br\/novomigcenter\/index.php?rest_route=%2Fwp%2Fv2%2Fproduct_tag&post=12618"}],"curies":[{"name":"wp","href":"https:\/\/api.w.org\/{rel}","templated":true}]}}