{"id":12624,"date":"2018-12-10T11:54:29","date_gmt":"2018-12-10T11:54:29","guid":{"rendered":"https:\/\/twsites.com.br\/novomigcenter\/?product=mixer-profissional-sirman-mod-storm"},"modified":"2018-12-10T11:54:29","modified_gmt":"2018-12-10T11:54:29","slug":"mixer-profissional-sirman-mod-storm","status":"publish","type":"product","link":"https:\/\/twsites.com.br\/novomigcenter\/?product=mixer-profissional-sirman-mod-storm","title":{"rendered":"Mixer Profissional Sirman Mod. Storm"},"content":{"rendered":"<p> Eficiente sistema de resfriamento para um uso prolongado.<\/p>\n<p> \u2022 Robusta, mas leve estrutura do equipamento em ABS com fibra de vidro. <\/p>\n<p>\u2022 Pr\u00e1tica e ergon\u00f4mica empunhadura. <\/p>\n<p>\u2022 Equipamento protegido com grau IP x3. <\/p>\n<p>\u2022 R\u00e1pido sistema de montagem da haste. <\/p>\n<p>\u2022 Faca com tr\u00eas l\u00e2minas em a\u00e7o de cutelaria.<\/p>\n","protected":false},"excerpt":{"rendered":"<p>Eficiente sistema de resfriamento para um uso prolongado. \u2022 Robusta, mas leve estrutura do equipamento em ABS com fibra de vidro. \u2022 Pr\u00e1tica e ergon\u00f4mica empunhadura. \u2022 Equipamento protegido com grau IP x3. \u2022 R\u00e1pido sistema de montagem da haste. \u2022 Faca com tr\u00eas l\u00e2minas em a\u00e7o de cutelaria.<\/p>\n","protected":false},"featured_media":12623,"comment_status":"open","ping_status":"closed","template":"","meta":[],"product_brand":[],"product_cat":[411,440],"product_tag":[],"class_list":{"0":"post-12624","1":"product","2":"type-product","3":"status-publish","4":"has-post-thumbnail","6":"product_cat-mixer","7":"product_cat-maquinas","9":"first","10":"instock","11":"shipping-taxable","12":"purchasable","13":"product-type-simple"},"_links":{"self":[{"href":"https:\/\/twsites.com.br\/novomigcenter\/index.php?rest_route=\/wp\/v2\/product\/12624","targetHints":{"allow":["GET"]}}],"collection":[{"href":"https:\/\/twsites.com.br\/novomigcenter\/index.php?rest_route=\/wp\/v2\/product"}],"about":[{"href":"https:\/\/twsites.com.br\/novomigcenter\/index.php?rest_route=\/wp\/v2\/types\/product"}],"replies":[{"embeddable":true,"href":"https:\/\/twsites.com.br\/novomigcenter\/index.php?rest_route=%2Fwp%2Fv2%2Fcomments&post=12624"}],"wp:featuredmedia":[{"embeddable":true,"href":"https:\/\/twsites.com.br\/novomigcenter\/index.php?rest_route=\/wp\/v2\/media\/12623"}],"wp:attachment":[{"href":"https:\/\/twsites.com.br\/novomigcenter\/index.php?rest_route=%2Fwp%2Fv2%2Fmedia&parent=12624"}],"wp:term":[{"taxonomy":"product_brand","embeddable":true,"href":"https:\/\/twsites.com.br\/novomigcenter\/index.php?rest_route=%2Fwp%2Fv2%2Fproduct_brand&post=12624"},{"taxonomy":"product_cat","embeddable":true,"href":"https:\/\/twsites.com.br\/novomigcenter\/index.php?rest_route=%2Fwp%2Fv2%2Fproduct_cat&post=12624"},{"taxonomy":"product_tag","embeddable":true,"href":"https:\/\/twsites.com.br\/novomigcenter\/index.php?rest_route=%2Fwp%2Fv2%2Fproduct_tag&post=12624"}],"curies":[{"name":"wp","href":"https:\/\/api.w.org\/{rel}","templated":true}]}}