{"id":12635,"date":"2018-12-10T14:24:25","date_gmt":"2018-12-10T14:24:25","guid":{"rendered":"https:\/\/twsites.com.br\/novomigcenter\/?product=tcg-12-denver-sirman"},"modified":"2018-12-10T14:24:25","modified_gmt":"2018-12-10T14:24:25","slug":"tcg-12-denver-sirman","status":"publish","type":"product","link":"https:\/\/twsites.com.br\/novomigcenter\/?product=tcg-12-denver-sirman","title":{"rendered":"Moedor e Ralador de Carne Sirman Ref. TCG 12 Denver"},"content":{"rendered":"<p>\u2022 Robusta estrutura em alum\u00ednio anodizado. \u2022 Motor ventilado. \u2022 Redutor moedor de carne herm\u00e9tico com engrenagens em banho de \u00f3leo. \u2022 Engrenagens helicoidais temperados e retificados. \u2022 Boca e h\u00e9lice do moedor em liga de alum\u00ednio alimentar brilhante. \u2022 TCG 12 Denver: boca e h\u00e9lice em inox opcionais. \u2022 Chapa e faca em inox. \u2022 Boca do ralador desmont\u00e1vel em liga de alum\u00ednio com polimento e anodiza\u00e7\u00e3o. \u2022 Rolo do ralador em a\u00e7o inox. \u2022 Pr\u00e1tica gaveta para p\u00f4r a chapa e a faca. \u2022 Invers\u00e3o do sentido de trabalho padr\u00e3o. Vers\u00e3o CE com: \u2022 Micro interruptores de seguran\u00e7a na cuba coletora de queijo e na alavanca. \u2022 Comandos IP54 com invers\u00e3o.<\/p>\n","protected":false},"excerpt":{"rendered":"<p>\u2022 Robusta estrutura em alum\u00ednio anodizado. \u2022 Motor ventilado. \u2022 Redutor moedor de carne herm\u00e9tico com engrenagens em banho de \u00f3leo. \u2022 Engrenagens helicoidais temperados e retificados. \u2022 Boca e h\u00e9lice do moedor em liga de alum\u00ednio alimentar brilhante. \u2022 TCG 12 Denver: boca e h\u00e9lice em inox opcionais. \u2022 Chapa e faca em inox. [&hellip;]<\/p>\n","protected":false},"featured_media":12634,"comment_status":"open","ping_status":"closed","template":"","meta":[],"product_brand":[],"product_cat":[362,435],"product_tag":[],"class_list":{"0":"post-12635","1":"product","2":"type-product","3":"status-publish","4":"has-post-thumbnail","6":"product_cat-moedor-de-carne","7":"product_cat-acougue","9":"first","10":"instock","11":"shipping-taxable","12":"purchasable","13":"product-type-simple"},"_links":{"self":[{"href":"https:\/\/twsites.com.br\/novomigcenter\/index.php?rest_route=\/wp\/v2\/product\/12635","targetHints":{"allow":["GET"]}}],"collection":[{"href":"https:\/\/twsites.com.br\/novomigcenter\/index.php?rest_route=\/wp\/v2\/product"}],"about":[{"href":"https:\/\/twsites.com.br\/novomigcenter\/index.php?rest_route=\/wp\/v2\/types\/product"}],"replies":[{"embeddable":true,"href":"https:\/\/twsites.com.br\/novomigcenter\/index.php?rest_route=%2Fwp%2Fv2%2Fcomments&post=12635"}],"wp:featuredmedia":[{"embeddable":true,"href":"https:\/\/twsites.com.br\/novomigcenter\/index.php?rest_route=\/wp\/v2\/media\/12634"}],"wp:attachment":[{"href":"https:\/\/twsites.com.br\/novomigcenter\/index.php?rest_route=%2Fwp%2Fv2%2Fmedia&parent=12635"}],"wp:term":[{"taxonomy":"product_brand","embeddable":true,"href":"https:\/\/twsites.com.br\/novomigcenter\/index.php?rest_route=%2Fwp%2Fv2%2Fproduct_brand&post=12635"},{"taxonomy":"product_cat","embeddable":true,"href":"https:\/\/twsites.com.br\/novomigcenter\/index.php?rest_route=%2Fwp%2Fv2%2Fproduct_cat&post=12635"},{"taxonomy":"product_tag","embeddable":true,"href":"https:\/\/twsites.com.br\/novomigcenter\/index.php?rest_route=%2Fwp%2Fv2%2Fproduct_tag&post=12635"}],"curies":[{"name":"wp","href":"https:\/\/api.w.org\/{rel}","templated":true}]}}