{"id":12637,"date":"2018-12-10T14:30:34","date_gmt":"2018-12-10T14:30:34","guid":{"rendered":"https:\/\/twsites.com.br\/novomigcenter\/?product=tc-22-dakota-sirman"},"modified":"2018-12-10T14:30:34","modified_gmt":"2018-12-10T14:30:34","slug":"tc-22-dakota-sirman","status":"publish","type":"product","link":"https:\/\/twsites.com.br\/novomigcenter\/?product=tc-22-dakota-sirman","title":{"rendered":"Picador de Carne Sirman Ref. TC 22 DAKOTA"},"content":{"rendered":"<p> Pode ser transportado com facilidade gra\u00e7as \u00e0s al\u00e7as. \u2022 Estrutura em alum\u00ednio anodizado e laterais em ABS anti-choque. \u2022 Potente motor ventilado. \u2022 Redutor do moedor de carne com engrenagens em banho de \u00f3leo. \u2022 Engrenagens helicoidais temperados e retificados. \u2022 Bocal picador de carne em a\u00e7o inox AISI 304 (ou alum\u00ednio no modelo 22). \u2022 L\u00e2mina e faca em inox. \u2022 Comandos com invers\u00e3o do sentido de s\u00e9rie<\/p>\n","protected":false},"excerpt":{"rendered":"<p>Pode ser transportado com facilidade gra\u00e7as \u00e0s al\u00e7as. \u2022 Estrutura em alum\u00ednio anodizado e laterais em ABS anti-choque. \u2022 Potente motor ventilado. \u2022 Redutor do moedor de carne com engrenagens em banho de \u00f3leo. \u2022 Engrenagens helicoidais temperados e retificados. \u2022 Bocal picador de carne em a\u00e7o inox AISI 304 (ou alum\u00ednio no modelo 22). [&hellip;]<\/p>\n","protected":false},"featured_media":12636,"comment_status":"open","ping_status":"closed","template":"","meta":[],"product_brand":[],"product_cat":[362,435],"product_tag":[],"class_list":{"0":"post-12637","1":"product","2":"type-product","3":"status-publish","4":"has-post-thumbnail","6":"product_cat-moedor-de-carne","7":"product_cat-acougue","9":"first","10":"instock","11":"shipping-taxable","12":"purchasable","13":"product-type-simple"},"_links":{"self":[{"href":"https:\/\/twsites.com.br\/novomigcenter\/index.php?rest_route=\/wp\/v2\/product\/12637","targetHints":{"allow":["GET"]}}],"collection":[{"href":"https:\/\/twsites.com.br\/novomigcenter\/index.php?rest_route=\/wp\/v2\/product"}],"about":[{"href":"https:\/\/twsites.com.br\/novomigcenter\/index.php?rest_route=\/wp\/v2\/types\/product"}],"replies":[{"embeddable":true,"href":"https:\/\/twsites.com.br\/novomigcenter\/index.php?rest_route=%2Fwp%2Fv2%2Fcomments&post=12637"}],"wp:featuredmedia":[{"embeddable":true,"href":"https:\/\/twsites.com.br\/novomigcenter\/index.php?rest_route=\/wp\/v2\/media\/12636"}],"wp:attachment":[{"href":"https:\/\/twsites.com.br\/novomigcenter\/index.php?rest_route=%2Fwp%2Fv2%2Fmedia&parent=12637"}],"wp:term":[{"taxonomy":"product_brand","embeddable":true,"href":"https:\/\/twsites.com.br\/novomigcenter\/index.php?rest_route=%2Fwp%2Fv2%2Fproduct_brand&post=12637"},{"taxonomy":"product_cat","embeddable":true,"href":"https:\/\/twsites.com.br\/novomigcenter\/index.php?rest_route=%2Fwp%2Fv2%2Fproduct_cat&post=12637"},{"taxonomy":"product_tag","embeddable":true,"href":"https:\/\/twsites.com.br\/novomigcenter\/index.php?rest_route=%2Fwp%2Fv2%2Fproduct_tag&post=12637"}],"curies":[{"name":"wp","href":"https:\/\/api.w.org\/{rel}","templated":true}]}}