{"id":12649,"date":"2018-12-12T11:55:20","date_gmt":"2018-12-12T11:55:20","guid":{"rendered":"https:\/\/twsites.com.br\/novomigcenter\/?product=ensacadeira-vertical-is12xv-sirman"},"modified":"2018-12-12T11:55:20","modified_gmt":"2018-12-12T11:55:20","slug":"ensacadeira-vertical-is12xv-sirman","status":"publish","type":"product","link":"https:\/\/twsites.com.br\/novomigcenter\/?product=ensacadeira-vertical-is12xv-sirman","title":{"rendered":"Ensacadeira Manual Vertical Sirman Mod. IS 12XV"},"content":{"rendered":"<p>\u2022 Corpo e cilindro em a\u00e7o ino AISI 304. \u2022 Robusto cilindro riscado e com dupla selagem do fundo. \u2022 Pist\u00e3o em nylon alimentar com v\u00e1lvula respiradora. \u2022 Caixa de engrenagens em a\u00e7o zincado. \u2022 Engrenagens em a\u00e7o temperado e retificado. \u2022 Deslizamento das engrenagens sobre 4 rolamentos herm\u00e9ticos. \u2022 Sistema de redu\u00e7\u00e3o de velocidade dupla. \u2022 fornecidos: 3 funis em nylon alimentar branco e bra\u00e7adeira de fixa\u00e7\u00e3o<\/p>\n","protected":false},"excerpt":{"rendered":"<p>\u2022 Corpo e cilindro em a\u00e7o ino AISI 304. \u2022 Robusto cilindro riscado e com dupla selagem do fundo. \u2022 Pist\u00e3o em nylon alimentar com v\u00e1lvula respiradora. \u2022 Caixa de engrenagens em a\u00e7o zincado. \u2022 Engrenagens em a\u00e7o temperado e retificado. \u2022 Deslizamento das engrenagens sobre 4 rolamentos herm\u00e9ticos. \u2022 Sistema de redu\u00e7\u00e3o de velocidade [&hellip;]<\/p>\n","protected":false},"featured_media":12648,"comment_status":"open","ping_status":"closed","template":"","meta":[],"product_brand":[],"product_cat":[360,435],"product_tag":[],"class_list":{"0":"post-12649","1":"product","2":"type-product","3":"status-publish","4":"has-post-thumbnail","6":"product_cat-ensacadeira-de-linguica","7":"product_cat-acougue","9":"first","10":"instock","11":"shipping-taxable","12":"purchasable","13":"product-type-simple"},"_links":{"self":[{"href":"https:\/\/twsites.com.br\/novomigcenter\/index.php?rest_route=\/wp\/v2\/product\/12649","targetHints":{"allow":["GET"]}}],"collection":[{"href":"https:\/\/twsites.com.br\/novomigcenter\/index.php?rest_route=\/wp\/v2\/product"}],"about":[{"href":"https:\/\/twsites.com.br\/novomigcenter\/index.php?rest_route=\/wp\/v2\/types\/product"}],"replies":[{"embeddable":true,"href":"https:\/\/twsites.com.br\/novomigcenter\/index.php?rest_route=%2Fwp%2Fv2%2Fcomments&post=12649"}],"wp:featuredmedia":[{"embeddable":true,"href":"https:\/\/twsites.com.br\/novomigcenter\/index.php?rest_route=\/wp\/v2\/media\/12648"}],"wp:attachment":[{"href":"https:\/\/twsites.com.br\/novomigcenter\/index.php?rest_route=%2Fwp%2Fv2%2Fmedia&parent=12649"}],"wp:term":[{"taxonomy":"product_brand","embeddable":true,"href":"https:\/\/twsites.com.br\/novomigcenter\/index.php?rest_route=%2Fwp%2Fv2%2Fproduct_brand&post=12649"},{"taxonomy":"product_cat","embeddable":true,"href":"https:\/\/twsites.com.br\/novomigcenter\/index.php?rest_route=%2Fwp%2Fv2%2Fproduct_cat&post=12649"},{"taxonomy":"product_tag","embeddable":true,"href":"https:\/\/twsites.com.br\/novomigcenter\/index.php?rest_route=%2Fwp%2Fv2%2Fproduct_tag&post=12649"}],"curies":[{"name":"wp","href":"https:\/\/api.w.org\/{rel}","templated":true}]}}