{"id":12651,"date":"2018-12-12T12:13:30","date_gmt":"2018-12-12T12:13:30","guid":{"rendered":"https:\/\/twsites.com.br\/novomigcenter\/?product=amaciador-para-carne-em-fatias-sirman-mod-drake-man"},"modified":"2018-12-12T12:13:30","modified_gmt":"2018-12-12T12:13:30","slug":"amaciador-para-carne-em-fatias-sirman-mod-drake-man","status":"publish","type":"product","link":"https:\/\/twsites.com.br\/novomigcenter\/?product=amaciador-para-carne-em-fatias-sirman-mod-drake-man","title":{"rendered":"Amaciador para carne em fatias Sirman Mod. Drake Man"},"content":{"rendered":"<p style=\"margin: 0cm 0cm 11.25pt; line-height: 18pt; background-image: initial; background-position: initial; background-size: initial; background-repeat: initial; background-attachment: initial; background-origin: initial; background-clip: initial;\"><span style=\"font-size:14.0pt; font-family:&quot;Arial Narrow&quot;,&quot;sans-serif&quot;;mso-bidi-font-family:Arial;color:#666666\"><br \/> <\/span><span style=\"font-size: 14pt;\"><font face=\"Arial\" style=\"\"><span style=\"font-size: 14px;\">&#8211; Amaciador de bife operado manualmente.<\/span><o:p><\/o:p><\/font><\/span><\/p>\n<p style=\"margin: 0cm 0cm 11.25pt; line-height: 18pt; background-image: initial; background-position: initial; background-size: initial; background-repeat: initial; background-attachment: initial; background-origin: initial; background-clip: initial;\"><span style=\"font-size: 14pt;\"><font face=\"Arial\"><span style=\"font-size: 14px;\">&#8211; Constru\u00e7\u00e3o em a\u00e7o inoxid\u00e1vel AISI 304.<\/span><o:p><\/o:p><\/font><\/span><\/p>\n<p style=\"margin: 0cm 0cm 11.25pt; line-height: 18pt; background-image: initial; background-position: initial; background-size: initial; background-repeat: initial; background-attachment: initial; background-origin: initial; background-clip: initial;\"><span style=\"font-size: 14pt;\"><font face=\"Arial\"><span style=\"font-size: 14px;\">&#8211; Funil de alimenta\u00e7\u00e3o com 25 cm de largura, o melhor da sua classe.<\/span><o:p><\/o:p><\/font><\/span><\/p>\n<p style=\"margin: 0cm 0cm 11.25pt; line-height: 18pt; background-image: initial; background-position: initial; background-size: initial; background-repeat: initial; background-attachment: initial; background-origin: initial; background-clip: initial;\"><span style=\"font-size: 14pt;\"><font face=\"Arial\"><span style=\"font-size: 14px;\">&#8211; Escudos de prote\u00e7\u00e3o de l\u00e2mina AISI 304.<\/span><o:p><\/o:p><\/font><\/span><\/p>\n<p style=\"margin: 0cm 0cm 11.25pt; line-height: 18pt; background-image: initial; background-position: initial; background-size: initial; background-repeat: initial; background-attachment: initial; background-origin: initial; background-clip: initial;\"><span style=\"font-size: 14pt;\"><font face=\"Arial\"><span style=\"font-size: 14px;\">&#8211; Montagem da l\u00e2mina facilmente remov\u00edvel e mut\u00e1vel.<\/span><o:p><\/o:p><\/font><\/span><\/p>\n<p style=\"margin: 0cm 0cm 11.25pt; line-height: 18pt; background-image: initial; background-position: initial; background-size: initial; background-repeat: initial; background-attachment: initial; background-origin: initial; background-clip: initial;\"><span style=\"font-size: 14pt;\"><font face=\"Arial\"><span style=\"font-size: 14px;\">&#8211; Pentes facilmente remov\u00edveis e montagem da l\u00e2mina para uma sanifica\u00e7\u00e3o mais profunda.<\/span><o:p><\/o:p><\/font><\/span><\/p>\n<p style=\"margin: 0cm 0cm 11.25pt; line-height: 18pt; background-image: initial; background-position: initial; background-size: initial; background-repeat: initial; background-attachment: initial; background-origin: initial; background-clip: initial;\"><span style=\"font-size: 14pt;\"><font face=\"Arial\"><span style=\"font-size: 14px;\">&#8211; Al\u00e7a comut\u00e1vel para operadores canhotos.<\/span><o:p><\/o:p><\/font><\/span><\/p>\n<p style=\"margin: 0cm 0cm 11.25pt; line-height: 18pt; background-image: initial; background-position: initial; background-size: initial; background-repeat: initial; background-attachment: initial; background-origin: initial; background-clip: initial;\"><span style=\"font-size: 14pt;\"><font face=\"Arial\"><span style=\"font-size: 14px;\">&#8211; Tenderizing l\u00e2mina assembly inclu\u00edda.<\/span><o:p><\/o:p><\/font><\/span><\/p>\n<p style=\"margin: 0cm 0cm 11.25pt; line-height: 18pt; background-image: initial; background-position: initial; background-size: initial; background-repeat: initial; background-attachment: initial; background-origin: initial; background-clip: initial;\"><span style=\"font-size: 14pt;\"><font face=\"Arial\"><span style=\"font-size: 14px;\">Modelo Drake Man.<\/span><o:p><\/o:p><\/font><\/span><\/p>\n<p style=\"margin: 0cm 0cm 11.25pt; line-height: 18pt; background-image: initial; background-position: initial; background-size: initial; background-repeat: initial; background-attachment: initial; background-origin: initial; background-clip: initial;\"><span style=\"font-size: 14pt;\"><font face=\"Arial\"><span style=\"font-size: 14px;\">Cilindrolength mm 250<\/span><o:p><\/o:p><\/font><\/span><\/p>\n<p><span style=\"font-size: 14px;\">                    <\/span><span style=\"font-size: 14pt; line-height: 107%;\"><font face=\"Arial\" style=\"\"><span style=\"font-size: 14px;\">Dimens\u00f5es: loading hopper mm 30&#215;250<\/span><br \/><span style=\"font-size: 14px;\"> A mm 253<\/span><br \/><span style=\"font-size: 14px;\"> B mm 154<\/span><br \/><span style=\"font-size: 14px;\"> C mm 485<\/span><br \/><span style=\"font-size: 14px;\"> D mm 180<\/span><br \/><span style=\"font-size: 14px;\"> E mm 330<\/span><br \/><span style=\"font-size: 14px;\"> F mm 353<\/span><br \/><span style=\"font-size: 14px;\"> G mm 308<\/span><br \/><span style=\"font-size: 14px;\"> H mm 406<\/span><br \/><span style=\"font-size: 14px;\"><b> Peso:<\/b> &nbsp;kg 15<\/span><\/font><\/span><\/p>\n","protected":false},"excerpt":{"rendered":"<p>&#8211; Amaciador de bife operado manualmente. &#8211; Constru\u00e7\u00e3o em a\u00e7o inoxid\u00e1vel AISI 304. &#8211; Funil de alimenta\u00e7\u00e3o com 25 cm de largura, o melhor da sua classe. &#8211; Escudos de prote\u00e7\u00e3o de l\u00e2mina AISI 304. &#8211; Montagem da l\u00e2mina facilmente remov\u00edvel e mut\u00e1vel. &#8211; Pentes facilmente remov\u00edveis e montagem da l\u00e2mina para uma sanifica\u00e7\u00e3o mais [&hellip;]<\/p>\n","protected":false},"featured_media":12650,"comment_status":"open","ping_status":"closed","template":"","meta":[],"product_brand":[],"product_cat":[358,435],"product_tag":[],"class_list":{"0":"post-12651","1":"product","2":"type-product","3":"status-publish","4":"has-post-thumbnail","6":"product_cat-amaciador-de-carne","7":"product_cat-acougue","9":"first","10":"instock","11":"shipping-taxable","12":"purchasable","13":"product-type-simple"},"_links":{"self":[{"href":"https:\/\/twsites.com.br\/novomigcenter\/index.php?rest_route=\/wp\/v2\/product\/12651","targetHints":{"allow":["GET"]}}],"collection":[{"href":"https:\/\/twsites.com.br\/novomigcenter\/index.php?rest_route=\/wp\/v2\/product"}],"about":[{"href":"https:\/\/twsites.com.br\/novomigcenter\/index.php?rest_route=\/wp\/v2\/types\/product"}],"replies":[{"embeddable":true,"href":"https:\/\/twsites.com.br\/novomigcenter\/index.php?rest_route=%2Fwp%2Fv2%2Fcomments&post=12651"}],"wp:featuredmedia":[{"embeddable":true,"href":"https:\/\/twsites.com.br\/novomigcenter\/index.php?rest_route=\/wp\/v2\/media\/12650"}],"wp:attachment":[{"href":"https:\/\/twsites.com.br\/novomigcenter\/index.php?rest_route=%2Fwp%2Fv2%2Fmedia&parent=12651"}],"wp:term":[{"taxonomy":"product_brand","embeddable":true,"href":"https:\/\/twsites.com.br\/novomigcenter\/index.php?rest_route=%2Fwp%2Fv2%2Fproduct_brand&post=12651"},{"taxonomy":"product_cat","embeddable":true,"href":"https:\/\/twsites.com.br\/novomigcenter\/index.php?rest_route=%2Fwp%2Fv2%2Fproduct_cat&post=12651"},{"taxonomy":"product_tag","embeddable":true,"href":"https:\/\/twsites.com.br\/novomigcenter\/index.php?rest_route=%2Fwp%2Fv2%2Fproduct_tag&post=12651"}],"curies":[{"name":"wp","href":"https:\/\/api.w.org\/{rel}","templated":true}]}}