{"id":12697,"date":"2018-12-14T11:58:47","date_gmt":"2018-12-14T11:58:47","guid":{"rendered":"https:\/\/twsites.com.br\/novomigcenter\/?product=blender-orione-2-litros-sirman-mod-orione-q-vv"},"modified":"2018-12-14T11:58:47","modified_gmt":"2018-12-14T11:58:47","slug":"blender-orione-2-litros-sirman-mod-orione-q-vv","status":"publish","type":"product","link":"https:\/\/twsites.com.br\/novomigcenter\/?product=blender-orione-2-litros-sirman-mod-orione-q-vv","title":{"rendered":"Blender Orione 2 Litros Sirman &#8211; Mod. Orione Q VV"},"content":{"rendered":"<p><font face=\"Arial\"><span style=\"font-size: 14px;\">\u2022 Liquidificadores profissionais projetados para as necessidades espec\u00edficas de bares, restaurantes, refeit\u00f3rios, etc.<\/span><\/font><\/p>\n<p><font face=\"Arial\"><span style=\"font-size: 14px;\"> \u2022 Estrutura da m\u00e1quina em alum\u00ednio extrudido e lados em ABS. <\/span><\/font><\/p>\n<p><font face=\"Arial\"><span style=\"font-size: 14px;\">\u2022 Sistema de reten\u00e7\u00e3o por membrana para prevenir a entrada de l\u00edquidos dentro da m\u00e1quina. <\/span><\/font><\/p>\n<p><font face=\"Arial\"><span style=\"font-size: 14px;\">\u2022 Potente motor com ventila\u00e7\u00e3o for\u00e7ada, para um uso prolongado e uma maior durabilidade. <\/span><\/font><\/p>\n<p><font face=\"Arial\"><span style=\"font-size: 14px;\">\u2022 Micro interruptor magn\u00e9tico de seguran\u00e7a na tampa do copo sem posi\u00e7\u00e3o predeterminada. <\/span><\/font><\/p>\n<p><font face=\"Arial\"><span style=\"font-size: 14px;\">\u2022 Comandos com membrana de silicone com bot\u00f5es ON, OFF, Pulse e dispositivo NVR. <\/span><\/font><\/p>\n<p><font face=\"Arial\"><span style=\"font-size: 14px;\">\u2022 Variador de velocidade. <\/span><\/font><\/p>\n<p><font face=\"Arial\"><span style=\"font-size: 14px;\">\u2022 Tampa do copo em borracha com tampinha para a inclus\u00e3o de ingredientes. <\/span><\/font><\/p>\n<p><font face=\"Arial\"><span style=\"font-size: 14px;\">\u2022 Estrutura do eixo de transmiss\u00e3o em a\u00e7o inox, facilmente separ\u00e1vel do copo para uma f\u00e1cil limpeza. \u2022 Eixo da faca equipado com rolamentos de esferas para prevenir o sobreaquecimento e garantir uma longa dura\u00e7\u00e3o. <\/span><\/font><\/p>\n<p><font face=\"Arial\"><span style=\"font-size: 14px;\">\u2022 Pino de acoplamento em a\u00e7o sinterizado de alta resist\u00eancia. <\/span><\/font><\/p>\n<p><font face=\"Arial\"><span style=\"font-size: 14px;\">\u2022 Faca com 4 raios obtido de uma moldagem \u00fanica em a\u00e7o temperado de cutelaria, adequado tamb\u00e9m para triturar o gelo.<\/span><\/font><\/p>\n","protected":false},"excerpt":{"rendered":"<p>\u2022 Liquidificadores profissionais projetados para as necessidades espec\u00edficas de bares, restaurantes, refeit\u00f3rios, etc. \u2022 Estrutura da m\u00e1quina em alum\u00ednio extrudido e lados em ABS. \u2022 Sistema de reten\u00e7\u00e3o por membrana para prevenir a entrada de l\u00edquidos dentro da m\u00e1quina. \u2022 Potente motor com ventila\u00e7\u00e3o for\u00e7ada, para um uso prolongado e uma maior durabilidade. \u2022 Micro [&hellip;]<\/p>\n","protected":false},"featured_media":12694,"comment_status":"open","ping_status":"closed","template":"","meta":[],"product_brand":[],"product_cat":[313,440],"product_tag":[],"class_list":{"0":"post-12697","1":"product","2":"type-product","3":"status-publish","4":"has-post-thumbnail","6":"product_cat-liquidificador","7":"product_cat-maquinas","9":"first","10":"instock","11":"shipping-taxable","12":"purchasable","13":"product-type-simple"},"_links":{"self":[{"href":"https:\/\/twsites.com.br\/novomigcenter\/index.php?rest_route=\/wp\/v2\/product\/12697","targetHints":{"allow":["GET"]}}],"collection":[{"href":"https:\/\/twsites.com.br\/novomigcenter\/index.php?rest_route=\/wp\/v2\/product"}],"about":[{"href":"https:\/\/twsites.com.br\/novomigcenter\/index.php?rest_route=\/wp\/v2\/types\/product"}],"replies":[{"embeddable":true,"href":"https:\/\/twsites.com.br\/novomigcenter\/index.php?rest_route=%2Fwp%2Fv2%2Fcomments&post=12697"}],"wp:featuredmedia":[{"embeddable":true,"href":"https:\/\/twsites.com.br\/novomigcenter\/index.php?rest_route=\/wp\/v2\/media\/12694"}],"wp:attachment":[{"href":"https:\/\/twsites.com.br\/novomigcenter\/index.php?rest_route=%2Fwp%2Fv2%2Fmedia&parent=12697"}],"wp:term":[{"taxonomy":"product_brand","embeddable":true,"href":"https:\/\/twsites.com.br\/novomigcenter\/index.php?rest_route=%2Fwp%2Fv2%2Fproduct_brand&post=12697"},{"taxonomy":"product_cat","embeddable":true,"href":"https:\/\/twsites.com.br\/novomigcenter\/index.php?rest_route=%2Fwp%2Fv2%2Fproduct_cat&post=12697"},{"taxonomy":"product_tag","embeddable":true,"href":"https:\/\/twsites.com.br\/novomigcenter\/index.php?rest_route=%2Fwp%2Fv2%2Fproduct_tag&post=12697"}],"curies":[{"name":"wp","href":"https:\/\/api.w.org\/{rel}","templated":true}]}}