{"id":12705,"date":"2018-12-14T12:15:16","date_gmt":"2018-12-14T12:15:16","guid":{"rendered":"https:\/\/twsites.com.br\/novomigcenter\/?product=triturador-de-gelo-sirman-mod-mordkaap"},"modified":"2018-12-14T12:15:16","modified_gmt":"2018-12-14T12:15:16","slug":"triturador-de-gelo-sirman-mod-mordkaap","status":"publish","type":"product","link":"https:\/\/twsites.com.br\/novomigcenter\/?product=triturador-de-gelo-sirman-mod-mordkaap","title":{"rendered":"Triturador de Gelo Sirman Mod. Nordkaap"},"content":{"rendered":"<p><font face=\"Arial\"><span style=\"font-size: 14px;\">\u2022 Triturador de gelo profissional, equipamento indispens\u00e1vel nos bares para a prepara\u00e7\u00e3o de drink e bebidas geladas, e nos restaurantes para a exposi\u00e7\u00e3o de peixe ou alimentos frescos. <\/span><\/font><\/p>\n<p><font face=\"Arial\"><span style=\"font-size: 14px;\">\u2022 Reduz em lascas qualquer cubo produzido por uma m\u00e1quina de gelo, at\u00e9 um tamanho de mm 40&#215;40 a -3\u00b0C. <\/span><\/font><\/p>\n<p><font face=\"Arial\"><span style=\"font-size: 14px;\">\u2022 Equipado com regulagem na sa\u00edda, permite escolher o tamanho m\u00e9dio das lascas<\/span><\/font><\/p>\n<p><font face=\"Arial\"><span style=\"font-size: 14px;\"> \u2022 Estrutura da m\u00e1quina em alum\u00ednio extrudido, copo em a\u00e7o inox, tampa e boca de sa\u00edda em ABS para uso alimentar e facas em a\u00e7o inox. <\/span><\/font><\/p>\n<p><font face=\"Arial\"><span style=\"font-size: 14px;\">\u2022 Motor ventilado com transmiss\u00e3o por engrenagens, para um uso prolongado, micro interruptor na tampa para a m\u00e1xima seguran\u00e7a do operador<\/span><\/font><\/p>\n","protected":false},"excerpt":{"rendered":"<p>\u2022 Triturador de gelo profissional, equipamento indispens\u00e1vel nos bares para a prepara\u00e7\u00e3o de drink e bebidas geladas, e nos restaurantes para a exposi\u00e7\u00e3o de peixe ou alimentos frescos. \u2022 Reduz em lascas qualquer cubo produzido por uma m\u00e1quina de gelo, at\u00e9 um tamanho de mm 40&#215;40 a -3\u00b0C. \u2022 Equipado com regulagem na sa\u00edda, permite [&hellip;]<\/p>\n","protected":false},"featured_media":12704,"comment_status":"open","ping_status":"closed","template":"","meta":[],"product_brand":[],"product_cat":[414,440],"product_tag":[],"class_list":{"0":"post-12705","1":"product","2":"type-product","3":"status-publish","4":"has-post-thumbnail","6":"product_cat-triturador-de-gelo","7":"product_cat-maquinas","9":"first","10":"instock","11":"shipping-taxable","12":"purchasable","13":"product-type-simple"},"_links":{"self":[{"href":"https:\/\/twsites.com.br\/novomigcenter\/index.php?rest_route=\/wp\/v2\/product\/12705","targetHints":{"allow":["GET"]}}],"collection":[{"href":"https:\/\/twsites.com.br\/novomigcenter\/index.php?rest_route=\/wp\/v2\/product"}],"about":[{"href":"https:\/\/twsites.com.br\/novomigcenter\/index.php?rest_route=\/wp\/v2\/types\/product"}],"replies":[{"embeddable":true,"href":"https:\/\/twsites.com.br\/novomigcenter\/index.php?rest_route=%2Fwp%2Fv2%2Fcomments&post=12705"}],"wp:featuredmedia":[{"embeddable":true,"href":"https:\/\/twsites.com.br\/novomigcenter\/index.php?rest_route=\/wp\/v2\/media\/12704"}],"wp:attachment":[{"href":"https:\/\/twsites.com.br\/novomigcenter\/index.php?rest_route=%2Fwp%2Fv2%2Fmedia&parent=12705"}],"wp:term":[{"taxonomy":"product_brand","embeddable":true,"href":"https:\/\/twsites.com.br\/novomigcenter\/index.php?rest_route=%2Fwp%2Fv2%2Fproduct_brand&post=12705"},{"taxonomy":"product_cat","embeddable":true,"href":"https:\/\/twsites.com.br\/novomigcenter\/index.php?rest_route=%2Fwp%2Fv2%2Fproduct_cat&post=12705"},{"taxonomy":"product_tag","embeddable":true,"href":"https:\/\/twsites.com.br\/novomigcenter\/index.php?rest_route=%2Fwp%2Fv2%2Fproduct_tag&post=12705"}],"curies":[{"name":"wp","href":"https:\/\/api.w.org\/{rel}","templated":true}]}}