{"id":12719,"date":"2019-04-03T15:15:05","date_gmt":"2019-04-03T15:15:05","guid":{"rendered":"https:\/\/twsites.com.br\/novomigcenter\/?product=cafeteira-de-graos-automatica-le-cook-lc1713"},"modified":"2019-04-03T15:15:05","modified_gmt":"2019-04-03T15:15:05","slug":"cafeteira-de-graos-automatica-le-cook-lc1713","status":"publish","type":"product","link":"https:\/\/twsites.com.br\/novomigcenter\/?product=cafeteira-de-graos-automatica-le-cook-lc1713","title":{"rendered":"Cafeteira de Gr\u00e3os Autom\u00e1tica &#8211; Le Cook"},"content":{"rendered":"<div hidden=\"\" class=\"info__NoMarginBottomCol-sc-13tjohn-2 gdqCjo ColUI-gjy0oc-0 cxaHDZ ViewUI-sc-1ijittn-6 iXIDWU\" style=\"display: flex; min-height: 1px; flex-flow: column nowrap; -webkit-box-pack: center; justify-content: center; flex: 0 1 auto; width: 1203px; margin: 0px; padding: 0px; color: rgb(102, 102, 102); font-size: 14px;\">\n<div class=\"TitleWrapper-sc-1wh9e1x-7 cqwXEJ ViewUI-sc-1ijittn-6 iXIDWU\" style=\"display: flex; min-height: 1px; flex-direction: row; -webkit-box-align: center; align-items: center; position: relative; padding: 0px 0px 20px;\">\n<h2 spacing=\"sm\" class=\"TitleH2-sc-1wh9e1x-1 OItzJ\" style=\"font-size: 26px; margin-right: 0px; margin-bottom: 0px; margin-left: 0px; flex-direction: row; display: inline-block; word-break: break-word; line-height: 1.4; color: rgb(102, 102, 102); font-weight: bold; text-transform: lowercase; padding: 0px;\"><font face=\"Arial\"><span style=\"font-size: 18px;\">Informa\u00e7\u00f5es do produto<\/span><\/font><\/h2>\n<\/div>\n<\/div>\n<div hidden=\"\" class=\"info-description-frame-inside info__DescriptionCol-sc-13tjohn-0 FziEj ColUI-gjy0oc-0 hZFKDP ViewUI-sc-1ijittn-6 iXIDWU\" style=\"display: flex; min-height: 1px; flex-flow: column nowrap; -webkit-box-pack: start; justify-content: flex-start; flex: 0 1 auto; width: 1203px; overflow: hidden; color: rgb(102, 102, 102); font-size: 14px;\"><font face=\"Arial\"><span style=\"font-size: 14px;\">informa\u00e7\u00f5es do produto<\/span><\/p>\n<p><span style=\"font-size: 14px;\">Agora voc\u00ea pode tomar aquele delicioso caf\u00e9 de padaria fresquinho no conforto da sua casa e\/ou trabalho. Seja ele em p\u00f3 ou em gr\u00e3os, a m\u00e1quina de caf\u00e9 gourmet Le Cook extrai o melhor sabor e aroma do seu caf\u00e9 favorito em instantes.<\/span><\/p>\n<p><span style=\"font-size: 14px;\">O design limpo, simples e elegante s\u00e3o algumas das caracter\u00edsticas marcantes da m\u00e1quina de Caf\u00e9 Autom\u00e1tica com Moedor Le Cook. Compacta de f\u00e1cil manuseio e armazenamento, ela ocupa espa\u00e7o m\u00ednimo em qualquer ambiente.<\/span><\/p>\n<p><span style=\"font-size: 14px;\">Tudo o que o usu\u00e1rio precisa fazer \u00e9 abastecer com gr\u00e3os e \u00e1gua, ativar o funcionamento, para a m\u00e1quina fazer o restante.<\/span><\/p>\n<p><span style=\"font-size: 14px;\"><b>Caracter\u00edsticas:<\/b><\/span><\/font><\/div>\n<div hidden=\"\" class=\"info-description-frame-inside info__DescriptionCol-sc-13tjohn-0 FziEj ColUI-gjy0oc-0 hZFKDP ViewUI-sc-1ijittn-6 iXIDWU\" style=\"display: flex; min-height: 1px; flex-flow: column nowrap; -webkit-box-pack: start; justify-content: flex-start; flex: 0 1 auto; width: 1203px; overflow: hidden; color: rgb(102, 102, 102); font-size: 14px;\"><font face=\"Arial\"><span style=\"font-size: 14px;\"><br \/><\/span><br \/><span style=\"font-size: 14px;\">Moinho Embutido<\/span><\/p>\n<p><span style=\"font-size: 14px;\">Processamento autom\u00e1tico para moagem de gr\u00e3os. O moinho embutido na unidade principal, proporciona o preparo de caf\u00e9 automaticamente, a partir de gr\u00e3os de caf\u00e9 mo\u00eddos na hora. Pode ser utilizada tanto com caf\u00e9 mo\u00eddos na hora. Pode ser utilizada tanto com caf\u00e9 em p\u00f3 ou com gr\u00e3os de caf\u00e9. Moagem autom\u00e1tica antes de infus\u00e3o.<\/span><\/p>\n<p><span style=\"font-size: 14px;\">Filtro em A\u00e7o Inox<\/span><\/p>\n<p><span style=\"font-size: 14px;\">Extra\u00e7\u00e3o m\u00e1xima de sabor. Ao contr\u00e1rio do filtro de papel, o filtro em A\u00e7o Inox n\u00e3o ret\u00e9m o \u00f3leo dos gr\u00e3os. O resultado disso \u00e9 uma x\u00edcara de caf\u00e9 mais encorpada e cheia de sabor. Sem contar que \u00e9 reutiliz\u00e1vel, sendo poss\u00edvel lavar e utiliz\u00e1-lo v\u00e1rias vezes.<\/span><\/p>\n<p><span style=\"font-size: 14px;\">Fun\u00e7\u00e3o Aquecimento<\/span><\/p>\n<p><span style=\"font-size: 14px;\">Quando o seu caf\u00e9 fica pronto, \u00e9 acionada a placa de aquecimento t\u00e9rmico, que fica embaixo da jarra, mantendo a bebia quente por 38 minutos.<\/span><\/p>\n<p><span style=\"font-size: 14px;\">F\u00e1cil Higieniza\u00e7\u00e3o<\/span><\/p>\n<p><span style=\"font-size: 14px;\">Os acess\u00f3rios lav\u00e1veis s\u00e3o completamente remov\u00edveis. Basta retir\u00e1-los e seguir com a limpeza, utilizando \u00e1gua e detergente neutro.<\/span><\/p>\n<p><span style=\"font-size: 14px;\">Ecologicamente Correta &#8211; Seja consciente, n\u00e3o use c\u00e1psulas!<\/span><\/p>\n<p><span style=\"font-size: 14px;\">No Brasil s\u00e3o consumidas mais de 3 bilh\u00f5es de c\u00e1psulas ao ano. Em sua maioria, elas s\u00e3o produzidas de alum\u00ednio e pl\u00e1stico, o que n\u00e3o decomp\u00f5e com o tempo.<\/span><\/p>\n<p><span style=\"font-size: 14px;\">Estudos demonstram que a reciclagem \u00e9 muito cara, devido a mistura de 3 mat\u00e9rias primas em pouca quantidade, cerca de 6 gramas de caf\u00e9 e 3 gramas de alum\u00ednio.<\/span><\/p>\n<p><span style=\"font-size: 14px;\">Em v\u00e1rias cidades ao redor do mundo, o consumo de c\u00e1psulas j\u00e1 foi proibido.<\/span><\/p>\n<p><span style=\"font-size: 14px;\">Agora voc\u00ea tem a op\u00e7\u00e3o de consumir um caf\u00e9 gourmet de qualidade mo\u00eddo na hora com a nova m\u00e1quina de caf\u00e9 Le Cook.<\/span><\/p>\n<p><span style=\"font-size: 14px;\">F\u00e1cil e Pr\u00e1tica Como usar?<\/span><\/p>\n<p><span style=\"font-size: 14px;\">Escolha o seu caf\u00e9 gourmet favorito em p\u00f3 ou em gr\u00e3os Coloque a \u00e1gua correspondente \u00e0 quantidade de caf\u00e9 que ir\u00e1 fazer Coloque a medida desejada no moinho Verifique se a jarra de vidro est\u00e1 bem encaixada Aperte o bot\u00e3o Start e aguarde at\u00e9 que a m\u00e1quina de caf\u00e9 gourmet Le Cook prepare seu caf\u00e9 fresquinho<\/span><\/p>\n<p><span style=\"font-size: 14px;\">Dosagem Recomendada:<\/span><\/p>\n<p><span style=\"font-size: 14px;\">1 medidor (cerca de 7g) = 2 a 4 caf\u00e9s<\/span><\/p>\n<p><span style=\"font-size: 14px;\">2 medidores (cerca de 14g) = 4 a 6 caf\u00e9s<\/span><\/p>\n<p><span style=\"font-size: 14px;\">3 medidores (cerca de 21g) = 6 a 8 caf\u00e9s<\/span><\/p>\n<p><span style=\"font-size: 14px;\">4 medidores (cerca de 28g) = 8 a 10 caf\u00e9s<\/span><br \/><b><br \/><span style=\"font-size: 14px;\">Dimens\u00f5es do produto:<\/span><\/b><\/p>\n<p><span style=\"font-size: 14px;\">Altura: 27 cm<\/span><\/p>\n<p><span style=\"font-size: 14px;\">Largura: 17 cm<\/span><\/p>\n<p><span style=\"font-size: 14px;\">Profundidade: 21 cm<\/span><\/p>\n<p><span style=\"font-size: 14px;\"><b>Peso:<\/b> 2,2 kg<\/span><\/p>\n<p><span style=\"font-size: 14px;\">Garantia de 12 meses direto do fabricante.<\/span><\/p>\n<p><span style=\"font-size: 14px;\">ficha t\u00e9cnica<\/span><\/p>\n<p><span style=\"font-size: 14px;\">C\u00f3digo 53716599<\/span><\/p>\n<p><span style=\"font-size: 14px;\">C\u00f3digo de barras 7899631611234, 7899631611241<\/span><\/p>\n<p><span style=\"font-size: 14px;\">Cor &#8211; ficha t\u00e9cnica-Preto<\/span><\/p>\n<p><span style=\"font-size: 14px;\">Marca-MarcaMix<\/span><\/p>\n<p><span style=\"font-size: 14px;\">Fabricante-MarcaMix<\/span><\/p>\n<p><span style=\"font-size: 14px;\">Peso-2.83<\/span><br \/><\/font><\/div>\n","protected":false},"excerpt":{"rendered":"<p>Informa\u00e7\u00f5es do produto informa\u00e7\u00f5es do produto Agora voc\u00ea pode tomar aquele delicioso caf\u00e9 de padaria fresquinho no conforto da sua casa e\/ou trabalho. Seja ele em p\u00f3 ou em gr\u00e3os, a m\u00e1quina de caf\u00e9 gourmet Le Cook extrai o melhor sabor e aroma do seu caf\u00e9 favorito em instantes. O design limpo, simples e elegante [&hellip;]<\/p>\n","protected":false},"featured_media":12718,"comment_status":"open","ping_status":"closed","template":"","meta":[],"product_brand":[],"product_cat":[299,440],"product_tag":[],"class_list":{"0":"post-12719","1":"product","2":"type-product","3":"status-publish","4":"has-post-thumbnail","6":"product_cat-cafeteira","7":"product_cat-maquinas","9":"first","10":"instock","11":"shipping-taxable","12":"purchasable","13":"product-type-simple"},"_links":{"self":[{"href":"https:\/\/twsites.com.br\/novomigcenter\/index.php?rest_route=\/wp\/v2\/product\/12719","targetHints":{"allow":["GET"]}}],"collection":[{"href":"https:\/\/twsites.com.br\/novomigcenter\/index.php?rest_route=\/wp\/v2\/product"}],"about":[{"href":"https:\/\/twsites.com.br\/novomigcenter\/index.php?rest_route=\/wp\/v2\/types\/product"}],"replies":[{"embeddable":true,"href":"https:\/\/twsites.com.br\/novomigcenter\/index.php?rest_route=%2Fwp%2Fv2%2Fcomments&post=12719"}],"wp:featuredmedia":[{"embeddable":true,"href":"https:\/\/twsites.com.br\/novomigcenter\/index.php?rest_route=\/wp\/v2\/media\/12718"}],"wp:attachment":[{"href":"https:\/\/twsites.com.br\/novomigcenter\/index.php?rest_route=%2Fwp%2Fv2%2Fmedia&parent=12719"}],"wp:term":[{"taxonomy":"product_brand","embeddable":true,"href":"https:\/\/twsites.com.br\/novomigcenter\/index.php?rest_route=%2Fwp%2Fv2%2Fproduct_brand&post=12719"},{"taxonomy":"product_cat","embeddable":true,"href":"https:\/\/twsites.com.br\/novomigcenter\/index.php?rest_route=%2Fwp%2Fv2%2Fproduct_cat&post=12719"},{"taxonomy":"product_tag","embeddable":true,"href":"https:\/\/twsites.com.br\/novomigcenter\/index.php?rest_route=%2Fwp%2Fv2%2Fproduct_tag&post=12719"}],"curies":[{"name":"wp","href":"https:\/\/api.w.org\/{rel}","templated":true}]}}