{"id":12727,"date":"2019-06-03T13:59:32","date_gmt":"2019-06-03T13:59:32","guid":{"rendered":"https:\/\/twsites.com.br\/novomigcenter\/?product=chapa-eletrica-cotherm-40-30"},"modified":"2019-06-03T13:59:32","modified_gmt":"2019-06-03T13:59:32","slug":"chapa-eletrica-cotherm-40-30","status":"publish","type":"product","link":"https:\/\/twsites.com.br\/novomigcenter\/?product=chapa-eletrica-cotherm-40-30","title":{"rendered":"Chapa El\u00e9trica 1200w 40&#215;30 Cotherm"},"content":{"rendered":"<p style=\"margin-bottom: 10px; font-family: Roboto, sans-serif; color: rgb(51, 51, 51); font-size: 14px;\">A Chapeira Cotherm \u00e9 a op\u00e7\u00e3o ideal para equipar seu estabelecimento, oferecendo uma forma r\u00e1pida e eficiente para preparar hamb\u00farguer, carne, peixe, lingui\u00e7a e muito mais.<\/p>\n<p style=\"margin-bottom: 10px; font-family: Roboto, sans-serif; color: rgb(51, 51, 51); font-size: 14px;\">Projetada para distribuir um calor de forma homog\u00eanea, fazendo com que os alimentos sejam preparados por inteiro e de maneira uniforme.<\/p>\n<p style=\"margin-bottom: 10px; font-family: Roboto, sans-serif; color: rgb(51, 51, 51); font-size: 14px;\">Desenvolvida com design moderno em a\u00e7o inox escovado, a Cotherm possui uma linha de chapeira com mais de 5 modelos de chapa, basta escolher a ideal para voc\u00ea e pronto ! Fa\u00e7a seus alimentos preferidos, de forma r\u00e1pida e pratica.<br \/><span style=\"font-weight: 700;\">CARACTER\u00cdSTICAS<\/span><\/p>\n<p style=\"margin-bottom: 10px; font-family: Roboto, sans-serif; color: rgb(51, 51, 51); font-size: 14px;\">&nbsp;<br \/><a href=\"https:\/\/www.cotherm.com.br\/wp-content\/uploads\/2017\/05\/tic.png\" style=\"color: rgb(77, 77, 77);\"><img decoding=\"async\" class=\"alignnone size-full wp-image-2025\" src=\"https:\/\/www.cotherm.com.br\/wp-content\/uploads\/2017\/05\/tic.png\" alt=\"\" width=\"15\" height=\"14\"><\/a>&nbsp;Tipo El\u00e9trica<br \/><a href=\"https:\/\/www.cotherm.com.br\/wp-content\/uploads\/2017\/05\/tic.png\" style=\"color: rgb(77, 77, 77);\"><img decoding=\"async\" class=\"alignnone size-full wp-image-2025\" src=\"https:\/\/www.cotherm.com.br\/wp-content\/uploads\/2017\/05\/tic.png\" alt=\"\" width=\"15\" height=\"14\"><\/a>&nbsp;Caracter\u00edsticas Gerais Estrutura em a\u00e7o inoxid\u00e1vel escovado.<br \/><a href=\"https:\/\/www.cotherm.com.br\/wp-content\/uploads\/2017\/05\/tic.png\" style=\"color: rgb(77, 77, 77);\"><img decoding=\"async\" class=\"alignnone size-full wp-image-2025\" src=\"https:\/\/www.cotherm.com.br\/wp-content\/uploads\/2017\/05\/tic.png\" alt=\"\" width=\"15\" height=\"14\"><\/a>&nbsp;R\u00e1pido aquecimento<br \/><a href=\"https:\/\/www.cotherm.com.br\/wp-content\/uploads\/2017\/05\/tic.png\" style=\"color: rgb(77, 77, 77);\"><img decoding=\"async\" class=\"alignnone size-full wp-image-2025\" src=\"https:\/\/www.cotherm.com.br\/wp-content\/uploads\/2017\/05\/tic.png\" alt=\"\" width=\"15\" height=\"14\"><\/a>&nbsp;Coletor de Gordura<br \/><a href=\"https:\/\/www.cotherm.com.br\/wp-content\/uploads\/2017\/05\/tic.png\" style=\"color: rgb(77, 77, 77);\"><img decoding=\"async\" class=\"alignnone size-full wp-image-2025\" src=\"https:\/\/www.cotherm.com.br\/wp-content\/uploads\/2017\/05\/tic.png\" alt=\"\" width=\"15\" height=\"14\"><\/a>&nbsp;F\u00e1cil Limpeza<br \/><a href=\"https:\/\/www.cotherm.com.br\/wp-content\/uploads\/2017\/05\/tic.png\" style=\"color: rgb(77, 77, 77);\"><img decoding=\"async\" class=\"alignnone size-full wp-image-2025\" src=\"https:\/\/www.cotherm.com.br\/wp-content\/uploads\/2017\/05\/tic.png\" alt=\"\" width=\"15\" height=\"14\"><\/a>&nbsp;P\u00e9s Anti-deslizantes<br \/><a href=\"https:\/\/www.cotherm.com.br\/wp-content\/uploads\/2017\/05\/tic.png\" style=\"color: rgb(77, 77, 77);\"><img decoding=\"async\" class=\"alignnone size-full wp-image-2025\" src=\"https:\/\/www.cotherm.com.br\/wp-content\/uploads\/2017\/05\/tic.png\" alt=\"\" width=\"15\" height=\"14\"><\/a>&nbsp;Termostato em Escala<\/p>\n<p style=\"margin-bottom: 10px; font-family: Roboto, sans-serif; color: rgb(51, 51, 51); font-size: 14px;\">&nbsp;<br \/><span style=\"font-weight: 700;\">ESPECIFICA\u00c7\u00d5ES T\u00c9CNICAS<\/span><\/p>\n<p style=\"margin-bottom: 10px; font-family: Roboto, sans-serif; color: rgb(51, 51, 51); font-size: 14px;\">&nbsp;<br \/><span style=\"font-weight: 700;\">Pot\u00eancia:<\/span>&nbsp;1200W<br \/><span style=\"font-weight: 700;\">Corrente:<\/span>&nbsp;127 V \u2013 9,5A 220V- 5,5A<br \/><span style=\"font-weight: 700;\">Frequ\u00eancia:<\/span>&nbsp;50\/60Hz<br \/><span style=\"font-weight: 700;\">Consumo:<\/span>&nbsp;(kw\/h) 1,20<br \/><span style=\"font-weight: 700;\">Peso:&nbsp;<\/span>6,2 Kg<br \/><span style=\"font-weight: 700;\">Dimens\u00f5es:<\/span>&nbsp;C 460 x L 360 x A 180 mm<br \/><span style=\"font-weight: 700;\">Conte\u00fado da Embalagem:<\/span>&nbsp;1 Chapeira El\u00e9trica 1200W+ Manual<br \/><span style=\"font-weight: 700;\">Garantia:<\/span>&nbsp;6 Meses<\/p>\n","protected":false},"excerpt":{"rendered":"<p>A Chapeira Cotherm \u00e9 a op\u00e7\u00e3o ideal para equipar seu estabelecimento, oferecendo uma forma r\u00e1pida e eficiente para preparar hamb\u00farguer, carne, peixe, lingui\u00e7a e muito mais. Projetada para distribuir um calor de forma homog\u00eanea, fazendo com que os alimentos sejam preparados por inteiro e de maneira uniforme. Desenvolvida com design moderno em a\u00e7o inox escovado, [&hellip;]<\/p>\n","protected":false},"featured_media":12725,"comment_status":"open","ping_status":"closed","template":"","meta":[],"product_brand":[],"product_cat":[300,440],"product_tag":[],"class_list":{"0":"post-12727","1":"product","2":"type-product","3":"status-publish","4":"has-post-thumbnail","6":"product_cat-chapa-char-broiler","7":"product_cat-maquinas","9":"first","10":"instock","11":"shipping-taxable","12":"purchasable","13":"product-type-simple"},"_links":{"self":[{"href":"https:\/\/twsites.com.br\/novomigcenter\/index.php?rest_route=\/wp\/v2\/product\/12727","targetHints":{"allow":["GET"]}}],"collection":[{"href":"https:\/\/twsites.com.br\/novomigcenter\/index.php?rest_route=\/wp\/v2\/product"}],"about":[{"href":"https:\/\/twsites.com.br\/novomigcenter\/index.php?rest_route=\/wp\/v2\/types\/product"}],"replies":[{"embeddable":true,"href":"https:\/\/twsites.com.br\/novomigcenter\/index.php?rest_route=%2Fwp%2Fv2%2Fcomments&post=12727"}],"wp:featuredmedia":[{"embeddable":true,"href":"https:\/\/twsites.com.br\/novomigcenter\/index.php?rest_route=\/wp\/v2\/media\/12725"}],"wp:attachment":[{"href":"https:\/\/twsites.com.br\/novomigcenter\/index.php?rest_route=%2Fwp%2Fv2%2Fmedia&parent=12727"}],"wp:term":[{"taxonomy":"product_brand","embeddable":true,"href":"https:\/\/twsites.com.br\/novomigcenter\/index.php?rest_route=%2Fwp%2Fv2%2Fproduct_brand&post=12727"},{"taxonomy":"product_cat","embeddable":true,"href":"https:\/\/twsites.com.br\/novomigcenter\/index.php?rest_route=%2Fwp%2Fv2%2Fproduct_cat&post=12727"},{"taxonomy":"product_tag","embeddable":true,"href":"https:\/\/twsites.com.br\/novomigcenter\/index.php?rest_route=%2Fwp%2Fv2%2Fproduct_tag&post=12727"}],"curies":[{"name":"wp","href":"https:\/\/api.w.org\/{rel}","templated":true}]}}