{"id":12729,"date":"2020-02-17T16:32:04","date_gmt":"2020-02-17T16:32:04","guid":{"rendered":"https:\/\/twsites.com.br\/novomigcenter\/?product=forno-skymsen-flp-400d"},"modified":"2020-02-17T16:32:04","modified_gmt":"2020-02-17T16:32:04","slug":"forno-skymsen-flp-400d","status":"publish","type":"product","link":"https:\/\/twsites.com.br\/novomigcenter\/?product=forno-skymsen-flp-400d","title":{"rendered":"Forno de lastro el\u00e9trico com painel digital &#8211; Skymsen"},"content":{"rendered":"<div class=\"col-xs-12 col-md-6\" style=\"border: 0px; margin: 0px; padding-top: 0px; padding-bottom: 0px; width: 600px; font-family: OpenSans; font-size: 15px; background-color: rgb(246, 246, 246); outline: none !important;\">\n<div class=\"caracteristicas\" style=\"border: 1px solid rgb(216, 216, 216); margin: 0px 0px 20px; padding: 30px; background-color: rgb(233, 233, 233); border-radius: 10px; outline: none !important;\">\n<h3 class=\"title__info\" style=\"font-weight: 800; line-height: 20px; color: rgb(69, 69, 69); margin-right: 0px; margin-bottom: 20px; margin-left: 0px; font-size: 20px; border: 0px; vertical-align: baseline; padding: 0px; text-transform: uppercase; outline: none !important;\">CARACTER\u00cdSTICAS DO PRODUTO<\/h3>\n<ul style=\"margin-right: -15px; margin-bottom: 0px; margin-left: -15px; border: 0px; font-size: 14px; vertical-align: baseline; padding: 0px; list-style: none; color: rgb(69, 69, 69); outline: none !important;\">\n<li style=\"border: 0px; vertical-align: baseline; margin: 0px; padding: 0px 15px; float: left; width: 269px; clear: both; outline: none !important;\">\n<p style=\"margin-bottom: 0px; border-width: 1px 0px 0px; border-top-style: solid; border-right-style: initial; border-bottom-style: initial; border-left-style: initial; border-top-color: rgb(192, 193, 193); border-right-color: initial; border-bottom-color: initial; border-left-color: initial; border-image: initial; vertical-align: baseline; padding: 15px 0px; outline: none !important;\"><span style=\"font-weight: 700; border: 0px; vertical-align: baseline; margin: 0px; padding: 0px; outline: none !important;\">Modelo:&nbsp;<\/span>FLP-400D<\/p>\n<\/li>\n<li style=\"border: 0px; vertical-align: baseline; margin: 0px; padding: 0px 15px; float: left; width: 269px; outline: none !important;\">\n<p style=\"margin-bottom: 0px; border-width: 1px 0px 0px; border-top-style: solid; border-right-style: initial; border-bottom-style: initial; border-left-style: initial; border-top-color: rgb(192, 193, 193); border-right-color: initial; border-bottom-color: initial; border-left-color: initial; border-image: initial; vertical-align: baseline; padding: 15px 0px; outline: none !important;\"><span style=\"font-weight: 700; border: 0px; vertical-align: baseline; margin: 0px; padding: 0px; outline: none !important;\">Pot\u00eancia do Motor:&nbsp;<\/span>3300W<\/p>\n<\/li>\n<li style=\"border: 0px; vertical-align: baseline; margin: 0px; padding: 0px 15px; float: left; width: 269px; clear: both; outline: none !important;\">\n<p style=\"margin-bottom: 0px; border-width: 1px 0px 0px; border-top-style: solid; border-right-style: initial; border-bottom-style: initial; border-left-style: initial; border-top-color: rgb(192, 193, 193); border-right-color: initial; border-bottom-color: initial; border-left-color: initial; border-image: initial; vertical-align: baseline; padding: 15px 0px; outline: none !important;\"><span style=\"font-weight: 700; border: 0px; vertical-align: baseline; margin: 0px; padding: 0px; outline: none !important;\">Frequ\u00eancia:&nbsp;<\/span>60Hz<\/p>\n<\/li>\n<li style=\"border: 0px; vertical-align: baseline; margin: 0px; padding: 0px 15px; float: left; width: 269px; outline: none !important;\">\n<p style=\"margin-bottom: 0px; border-width: 1px 0px 0px; border-top-style: solid; border-right-style: initial; border-bottom-style: initial; border-left-style: initial; border-top-color: rgb(192, 193, 193); border-right-color: initial; border-bottom-color: initial; border-left-color: initial; border-image: initial; vertical-align: baseline; padding: 15px 0px; outline: none !important;\"><span style=\"font-weight: 700; border: 0px; vertical-align: baseline; margin: 0px; padding: 0px; outline: none !important;\">Tens\u00e3o:&nbsp;<\/span>220V<\/p>\n<\/li>\n<li style=\"border: 0px; vertical-align: baseline; margin: 0px; padding: 0px 15px; float: left; width: 269px; clear: both; outline: none !important;\">\n<p style=\"margin-bottom: 0px; border-width: 1px 0px 0px; border-top-style: solid; border-right-style: initial; border-bottom-style: initial; border-left-style: initial; border-top-color: rgb(192, 193, 193); border-right-color: initial; border-bottom-color: initial; border-left-color: initial; border-image: initial; vertical-align: baseline; padding: 15px 0px; outline: none !important;\"><span style=\"font-weight: 700; border: 0px; vertical-align: baseline; margin: 0px; padding: 0px; outline: none !important;\">Altura:&nbsp;<\/span>310.00 mm<\/p>\n<\/li>\n<li style=\"border: 0px; vertical-align: baseline; margin: 0px; padding: 0px 15px; float: left; width: 269px; outline: none !important;\">\n<p style=\"margin-bottom: 0px; border-width: 1px 0px 0px; border-top-style: solid; border-right-style: initial; border-bottom-style: initial; border-left-style: initial; border-top-color: rgb(192, 193, 193); border-right-color: initial; border-bottom-color: initial; border-left-color: initial; border-image: initial; vertical-align: baseline; padding: 15px 0px; outline: none !important;\"><span style=\"font-weight: 700; border: 0px; vertical-align: baseline; margin: 0px; padding: 0px; outline: none !important;\">Largura:&nbsp;<\/span>700.00 mm<\/p>\n<\/li>\n<li style=\"border: 0px; vertical-align: baseline; margin: 0px; padding: 0px 15px; float: left; width: 269px; clear: both; outline: none !important;\">\n<p style=\"margin-bottom: 0px; border-width: 1px 0px 0px; border-top-style: solid; border-right-style: initial; border-bottom-style: initial; border-left-style: initial; border-top-color: rgb(192, 193, 193); border-right-color: initial; border-bottom-color: initial; border-left-color: initial; border-image: initial; vertical-align: baseline; padding: 15px 0px; outline: none !important;\"><span style=\"font-weight: 700; border: 0px; vertical-align: baseline; margin: 0px; padding: 0px; outline: none !important;\">Profundidade:&nbsp;<\/span>710.00 mm<\/p>\n<\/li>\n<li style=\"border: 0px; vertical-align: baseline; margin: 0px; padding: 0px 15px; float: left; width: 269px; outline: none !important;\">\n<p style=\"margin-bottom: 0px; border-width: 1px 0px 0px; border-top-style: solid; border-right-style: initial; border-bottom-style: initial; border-left-style: initial; border-top-color: rgb(192, 193, 193); border-right-color: initial; border-bottom-color: initial; border-left-color: initial; border-image: initial; vertical-align: baseline; padding: 15px 0px; outline: none !important;\"><span style=\"font-weight: 700; border: 0px; vertical-align: baseline; margin: 0px; padding: 0px; outline: none !important;\">Peso L\u00edquido:&nbsp;<\/span>38.00 kg<\/p>\n<\/li>\n<li style=\"border: 0px; vertical-align: baseline; margin: 0px; padding: 0px 15px; float: left; width: 269px; clear: both; outline: none !important;\">\n<p style=\"margin-bottom: 0px; border-width: 1px 0px 0px; border-top-style: solid; border-right-style: initial; border-bottom-style: initial; border-left-style: initial; border-top-color: rgb(192, 193, 193); border-right-color: initial; border-bottom-color: initial; border-left-color: initial; border-image: initial; vertical-align: baseline; padding: 15px 0px; outline: none !important;\"><span style=\"font-weight: 700; border: 0px; vertical-align: baseline; margin: 0px; padding: 0px; outline: none !important;\">Peso Bruto:&nbsp;<\/span>41.00 kg<\/p>\n<\/li>\n<li style=\"border: 0px; vertical-align: baseline; margin: 0px; padding: 0px 15px; float: left; width: 538px; outline: none !important;\">\n<p style=\"margin-bottom: 0px; border-width: 1px 0px 0px; border-top-style: solid; border-right-style: initial; border-bottom-style: initial; border-left-style: initial; border-top-color: rgb(192, 193, 193); border-right-color: initial; border-bottom-color: initial; border-left-color: initial; border-image: initial; vertical-align: baseline; padding: 15px 0px; outline: none !important;\"><span style=\"font-weight: 700; border: 0px; vertical-align: baseline; margin: 0px; padding: 0px; outline: none !important;\">C. Fiscal:&nbsp;<\/span>85141010<\/p>\n<\/li>\n<\/ul>\n<\/div>\n<div class=\"caracteristicas\" style=\"border: 1px solid rgb(216, 216, 216); margin: 0px 0px 20px; padding: 30px; background-color: rgb(233, 233, 233); border-radius: 10px; outline: none !important;\">\n<h3 class=\"title__info\" style=\"font-weight: 800; line-height: 20px; color: rgb(69, 69, 69); margin-right: 0px; margin-bottom: 20px; margin-left: 0px; font-size: 20px; border: 0px; vertical-align: baseline; padding: 0px; text-transform: uppercase; outline: none !important;\">CARACTER\u00cdSTICAS DA EMBALAGEM<\/h3>\n<ul style=\"margin-right: -15px; margin-bottom: 0px; margin-left: -15px; border: 0px; font-size: 14px; vertical-align: baseline; padding: 0px; list-style: none; color: rgb(69, 69, 69); outline: none !important;\">\n<li style=\"border: 0px; vertical-align: baseline; margin: 0px; padding: 0px 15px; float: left; width: 269px; clear: both; outline: none !important;\">\n<p style=\"margin-bottom: 0px; border-width: 1px 0px 0px; border-top-style: solid; border-right-style: initial; border-bottom-style: initial; border-left-style: initial; border-top-color: rgb(192, 193, 193); border-right-color: initial; border-bottom-color: initial; border-left-color: initial; border-image: initial; vertical-align: baseline; padding: 15px 0px; outline: none !important;\"><span style=\"font-weight: 700; border: 0px; vertical-align: baseline; margin: 0px; padding: 0px; outline: none !important;\">Altura:&nbsp;<\/span>375.00 mm<\/p>\n<\/li>\n<li style=\"border: 0px; vertical-align: baseline; margin: 0px; padding: 0px 15px; float: left; width: 269px; outline: none !important;\">\n<p style=\"margin-bottom: 0px; border-width: 1px 0px 0px; border-top-style: solid; border-right-style: initial; border-bottom-style: initial; border-left-style: initial; border-top-color: rgb(192, 193, 193); border-right-color: initial; border-bottom-color: initial; border-left-color: initial; border-image: initial; vertical-align: baseline; padding: 15px 0px; outline: none !important;\"><span style=\"font-weight: 700; border: 0px; vertical-align: baseline; margin: 0px; padding: 0px; outline: none !important;\">Largura:&nbsp;<\/span>785.00 mm<\/p>\n<\/li>\n<li style=\"border: 0px; vertical-align: baseline; margin: 0px; padding: 0px 15px; float: left; width: 269px; clear: both; outline: none !important;\">\n<p style=\"margin-bottom: 0px; border-width: 1px 0px 0px; border-top-style: solid; border-right-style: initial; border-bottom-style: initial; border-left-style: initial; border-top-color: rgb(192, 193, 193); border-right-color: initial; border-bottom-color: initial; border-left-color: initial; border-image: initial; vertical-align: baseline; padding: 15px 0px; outline: none !important;\"><span style=\"font-weight: 700; border: 0px; vertical-align: baseline; margin: 0px; padding: 0px; outline: none !important;\">Profundidade:&nbsp;<\/span>780.00 mm<\/p>\n<\/li>\n<li style=\"border: 0px; vertical-align: baseline; margin: 0px; padding: 0px 15px; float: left; width: 269px; outline: none !important;\">\n<p style=\"margin-bottom: 0px; border-width: 1px 0px 0px; border-top-style: solid; border-right-style: initial; border-bottom-style: initial; border-left-style: initial; border-top-color: rgb(192, 193, 193); border-right-color: initial; border-bottom-color: initial; border-left-color: initial; border-image: initial; vertical-align: baseline; padding: 15px 0px; outline: none !important;\"><span style=\"font-weight: 700; border: 0px; vertical-align: baseline; margin: 0px; padding: 0px; outline: none !important;\">Peso Bruto:&nbsp;<\/span>41.00 kg<\/p>\n<\/li>\n<li style=\"border: 0px; vertical-align: baseline; margin: 0px; padding: 0px 15px; float: left; width: 538px; clear: both; outline: none !important;\">\n<p style=\"margin-bottom: 0px; border-width: 1px 0px 0px; border-top-style: solid; border-right-style: initial; border-bottom-style: initial; border-left-style: initial; border-top-color: rgb(192, 193, 193); border-right-color: initial; border-bottom-color: initial; border-left-color: initial; border-image: initial; vertical-align: baseline; padding: 15px 0px; outline: none !important;\"><span style=\"font-weight: 700; border: 0px; vertical-align: baseline; margin: 0px; padding: 0px; outline: none !important;\">C\u00f3digo EAN13:&nbsp;<\/span>7895707661790<\/p>\n<\/li>\n<\/ul>\n<\/div>\n<\/div>\n<div class=\"col-xs-12 col-md-6\" style=\"border: 0px; margin: 0px; padding-top: 0px; padding-bottom: 0px; width: 600px; font-family: OpenSans; font-size: 15px; background-color: rgb(246, 246, 246); outline: none !important;\">\n<div class=\"descricao\" style=\"border: 1px solid rgb(216, 216, 216); margin: 0px 0px 20px; padding: 30px; background-color: rgb(255, 255, 255); border-radius: 10px; box-shadow: rgb(225, 225, 225) 0px 2px 0px; outline: none !important;\">\n<h3 class=\"title\" style=\"font-weight: 800; color: rgb(69, 69, 69); margin-right: 0px; margin-bottom: 3px; margin-left: 0px; font-size: 30px; border: 0px; vertical-align: baseline; padding: 0px; text-transform: uppercase; outline: none !important;\">FLP-400D<\/h3>\n<h4 class=\"subtitle\" style=\"font-weight: 800; color: rgb(69, 69, 69); margin-right: 0px; margin-bottom: 17px; margin-left: 0px; font-size: 18px; border: 0px; vertical-align: baseline; padding: 0px; text-transform: uppercase; outline: none !important;\">FORNO DE LASTRO PARA PIZZA, DIGITAL<\/h4>\n<div class=\"text\" style=\"border: 0px; margin: 0px 0px 30px; padding: 0px; color: rgb(69, 69, 69); font-size: 18px; outline: none !important;\">\n<p style=\"margin-bottom: 0px; border: 0px; vertical-align: baseline; padding: 0px 0px 15px; outline: none !important;\">Desenvolvido para atender as pizzarias mais exigentes, \u00e9 ideal tamb\u00e9m para espa\u00e7os gourmet, padarias, restaurantes, hot\u00e9is, supermercados, lojas de conveni\u00eancia e servi\u00e7os que demandem rapidez no atendimento. Atinge alta temperatura (450\u00baC) e assa uma pizza de massa crua entre 2 e 3 minutos, com resultado muito semelhante e at\u00e9 superior aos fornos a lenha.<\/p>\n<\/div>\n<\/div>\n<\/div>\n","protected":false},"excerpt":{"rendered":"<p>CARACTER\u00cdSTICAS DO PRODUTO Modelo:&nbsp;FLP-400D Pot\u00eancia do Motor:&nbsp;3300W Frequ\u00eancia:&nbsp;60Hz Tens\u00e3o:&nbsp;220V Altura:&nbsp;310.00 mm Largura:&nbsp;700.00 mm Profundidade:&nbsp;710.00 mm Peso L\u00edquido:&nbsp;38.00 kg Peso Bruto:&nbsp;41.00 kg C. Fiscal:&nbsp;85141010 CARACTER\u00cdSTICAS DA EMBALAGEM Altura:&nbsp;375.00 mm Largura:&nbsp;785.00 mm Profundidade:&nbsp;780.00 mm Peso Bruto:&nbsp;41.00 kg C\u00f3digo EAN13:&nbsp;7895707661790 FLP-400D FORNO DE LASTRO PARA PIZZA, DIGITAL Desenvolvido para atender as pizzarias mais exigentes, \u00e9 ideal tamb\u00e9m para [&hellip;]<\/p>\n","protected":false},"featured_media":12728,"comment_status":"open","ping_status":"closed","template":"","meta":[],"product_brand":[],"product_cat":[398],"product_tag":[],"class_list":{"0":"post-12729","1":"product","2":"type-product","3":"status-publish","4":"has-post-thumbnail","6":"product_cat-forno-guilhotina","8":"first","9":"instock","10":"shipping-taxable","11":"purchasable","12":"product-type-simple"},"_links":{"self":[{"href":"https:\/\/twsites.com.br\/novomigcenter\/index.php?rest_route=\/wp\/v2\/product\/12729","targetHints":{"allow":["GET"]}}],"collection":[{"href":"https:\/\/twsites.com.br\/novomigcenter\/index.php?rest_route=\/wp\/v2\/product"}],"about":[{"href":"https:\/\/twsites.com.br\/novomigcenter\/index.php?rest_route=\/wp\/v2\/types\/product"}],"replies":[{"embeddable":true,"href":"https:\/\/twsites.com.br\/novomigcenter\/index.php?rest_route=%2Fwp%2Fv2%2Fcomments&post=12729"}],"wp:featuredmedia":[{"embeddable":true,"href":"https:\/\/twsites.com.br\/novomigcenter\/index.php?rest_route=\/wp\/v2\/media\/12728"}],"wp:attachment":[{"href":"https:\/\/twsites.com.br\/novomigcenter\/index.php?rest_route=%2Fwp%2Fv2%2Fmedia&parent=12729"}],"wp:term":[{"taxonomy":"product_brand","embeddable":true,"href":"https:\/\/twsites.com.br\/novomigcenter\/index.php?rest_route=%2Fwp%2Fv2%2Fproduct_brand&post=12729"},{"taxonomy":"product_cat","embeddable":true,"href":"https:\/\/twsites.com.br\/novomigcenter\/index.php?rest_route=%2Fwp%2Fv2%2Fproduct_cat&post=12729"},{"taxonomy":"product_tag","embeddable":true,"href":"https:\/\/twsites.com.br\/novomigcenter\/index.php?rest_route=%2Fwp%2Fv2%2Fproduct_tag&post=12729"}],"curies":[{"name":"wp","href":"https:\/\/api.w.org\/{rel}","templated":true}]}}