{"id":12743,"date":"2020-03-12T16:53:45","date_gmt":"2020-03-12T16:53:45","guid":{"rendered":"https:\/\/twsites.com.br\/novomigcenter\/?product=vitrine-neutra-mpna-140pr"},"modified":"2020-03-12T16:53:45","modified_gmt":"2020-03-12T16:53:45","slug":"vitrine-neutra-mpna-140pr","status":"publish","type":"product","link":"https:\/\/twsites.com.br\/novomigcenter\/?product=vitrine-neutra-mpna-140pr","title":{"rendered":"Vitrine Neutra Linha Aurora MPNA-140PR"},"content":{"rendered":"<section id=\"product-description\" style=\"outline: none; margin: 0px; padding: 0px; border: 0px; font-variant-numeric: inherit; font-variant-east-asian: inherit; font-variant-alternates: inherit; font-variant-position: inherit; font-stretch: inherit; font-size: 15px; line-height: inherit; font-family: &quot;Noto Sans&quot;, sans-serif; font-optical-sizing: inherit; font-kerning: inherit; font-feature-settings: inherit; font-variation-settings: inherit; vertical-align: baseline; color: rgb(51, 51, 51);\">\n<div class=\"container md-pd bordered\" style=\"outline: none; margin-top: 0px; margin-bottom: 0px; padding: 40px 20px; border: 1px solid rgb(255, 255, 255); font: inherit; vertical-align: baseline; width: unset !important; max-width: 1240px !important;\">\n<h2 class=\"styled-title mb-40\" style=\"outline: none; font-weight: bold; line-height: inherit; margin-right: 0px; margin-bottom: 40px; margin-left: 0px; font-size: 1.8em; padding: 0px; border: 0px; font-style: inherit; font-variant: inherit; font-stretch: inherit; font-optical-sizing: inherit; font-kerning: inherit; font-feature-settings: inherit; font-variation-settings: inherit; vertical-align: baseline; text-transform: uppercase; display: flex; align-items: center; justify-content: center; text-align: center;\">DESCRI\u00c7\u00c3O DO PRODUTO<\/h2>\n<div class=\"cont-description grid col-12\" style=\"outline: none; margin: 0px; padding: 0px; border: 0px; font: inherit; vertical-align: baseline; display: grid; gap: 20px; grid-template-columns: repeat(12, 1fr);\">\n<div class=\"desc span-12\" style=\"outline: none; margin: 0px; padding: 0px; border: 0px; font-style: inherit; font-variant: inherit; font-weight: inherit; font-stretch: inherit; font-size: inherit; line-height: 24px; font-family: inherit; font-optical-sizing: inherit; font-kerning: inherit; font-feature-settings: inherit; font-variation-settings: inherit; vertical-align: baseline; grid-column: span 12;\">Vitrine Neutra<br style=\"outline: none;\">Exposi\u00e7\u00e3o de produtos em condi\u00e7\u00e3o ambiente<br style=\"outline: none;\">Revestimento Externo: Gabinete: Monobloco em a\u00e7o pr\u00e9-pintado<br style=\"outline: none;\">Ilumina\u00e7\u00e3o LED (interna), com interruptor<br style=\"outline: none;\">Porta(s) injetada(s) em PSAI<br style=\"outline: none;\">Prateleira Vidro<br style=\"outline: none;\">2 n\u00edveis em vidros temperados<br style=\"outline: none;\">P\u00e9s niveladores<br style=\"outline: none;\">Vidros temperados<br style=\"outline: none;\">Acompanha perfil alum\u00ednio em T para remate de tampos em montagem<br style=\"outline: none;\">Produto destinado para uso comercial<br style=\"outline: none;\">* Imagens meramente ilustrativas. Imagens e informa\u00e7\u00f5es sujeitas a altera\u00e7\u00f5es sem aviso pr\u00e9vio.<br style=\"outline: none;\">** Cores de acabamento e materiais sujeitos a varia\u00e7\u00e3o de acordo com o lote de produ\u00e7\u00e3o e\/ou entre os materiais que comp\u00f5em o produto (ex.: chapa, pl\u00e1stico,madeiras e etc.)<br style=\"outline: none;\"><\/div>\n<\/div>\n<\/div>\n<\/section>\n<section id=\"product-description\" class=\"pt-40\" style=\"outline: none; margin: 0px; padding: 40px 0px 0px; border: 0px; font-variant-numeric: inherit; font-variant-east-asian: inherit; font-variant-alternates: inherit; font-variant-position: inherit; font-stretch: inherit; font-size: 15px; line-height: inherit; font-family: &quot;Noto Sans&quot;, sans-serif; font-optical-sizing: inherit; font-kerning: inherit; font-feature-settings: inherit; font-variation-settings: inherit; vertical-align: baseline; color: rgb(51, 51, 51);\">\n<div class=\"container md-pd bordered\" style=\"outline: none; margin-top: 0px; margin-bottom: 0px; padding: 40px 20px; border: 1px solid rgb(255, 255, 255); font: inherit; vertical-align: baseline; width: unset !important; max-width: 1240px !important;\">\n<h2 class=\"styled-title mb-40\" style=\"outline: none; font-weight: bold; line-height: inherit; margin-right: 0px; margin-bottom: 40px; margin-left: 0px; font-size: 1.8em; padding: 0px; border: 0px; font-style: inherit; font-variant: inherit; font-stretch: inherit; font-optical-sizing: inherit; font-kerning: inherit; font-feature-settings: inherit; font-variation-settings: inherit; vertical-align: baseline; text-transform: uppercase; display: flex; align-items: center; justify-content: center; text-align: center;\">INFORMA\u00c7\u00d5ES T\u00c9CNICAS<\/h2>\n<div class=\"cont-description grid col-12\" style=\"outline: none; margin: 0px; padding: 0px; border: 0px; font: inherit; vertical-align: baseline; display: grid; gap: 20px; grid-template-columns: repeat(12, 1fr);\">\n<div class=\"desc span-8\" style=\"outline: none; margin: 0px; padding: 0px; border: 0px; font-style: inherit; font-variant: inherit; font-weight: inherit; font-stretch: inherit; font-size: inherit; line-height: 24px; font-family: inherit; font-optical-sizing: inherit; font-kerning: inherit; font-feature-settings: inherit; font-variation-settings: inherit; vertical-align: baseline; grid-column: span 8;\">\n<div clas=\"grid col-12 sm-gap\" style=\"outline: none; margin: 0px; padding: 0px; border: 0px; font: inherit; vertical-align: baseline;\">\n<div class=\"span-8\" style=\"outline: none; margin: 0px; padding: 0px; border: 0px; font: inherit; vertical-align: baseline; grid-column: span 8;\"><\/div>\n<div class=\"table-info span-4\" style=\"outline: none; margin: 0px; padding: 0px; border: 0px; font: inherit; vertical-align: baseline; grid-column: span 4;\">\n<table style=\"outline: none; margin: 25px 0px 0px; padding: 0px; border: 0px; font: inherit; vertical-align: baseline; width: 350px; min-width: 350px;\">\n<tbody style=\"outline: none; margin: 0px; padding: 0px; border-width: 0px 1px 1px; border-top-style: initial; border-right-style: solid; border-bottom-style: solid; border-left-style: solid; border-top-color: initial; border-right-color: rgb(204, 204, 204); border-bottom-color: rgb(204, 204, 204); border-left-color: rgb(204, 204, 204); border-image: initial; font: inherit; vertical-align: baseline;\">\n<tr style=\"outline: none; margin: 0px; padding: 0px; border: 0px; font: inherit; vertical-align: baseline;\">\n<td class=\"bold text-right\" style=\"outline: none; padding: 10px; margin: 0px; border-width: 0px 1px 0px 0px; border-top-style: initial; border-right-style: solid; border-bottom-style: initial; border-left-style: initial; border-top-color: initial; border-right-color: rgb(204, 204, 204); border-bottom-color: initial; border-left-color: initial; border-image: initial; font-style: inherit; font-variant: inherit; font-weight: bold; font-stretch: inherit; font-size: inherit; line-height: inherit; font-family: inherit; font-optical-sizing: inherit; font-kerning: inherit; font-feature-settings: inherit; font-variation-settings: inherit; vertical-align: baseline; width: 209.398px;\">Altura<\/td>\n<td class=\"bold\" style=\"outline: none; padding: 10px; margin: 0px; border: 0px; font-style: inherit; font-variant: inherit; font-weight: bold; font-stretch: inherit; font-size: inherit; line-height: inherit; font-family: inherit; font-optical-sizing: inherit; font-kerning: inherit; font-feature-settings: inherit; font-variation-settings: inherit; vertical-align: baseline;\">1150mm<\/td>\n<\/tr>\n<tr style=\"outline: none; margin: 0px; padding: 0px; border: 0px; font: inherit; vertical-align: baseline; background-color: rgb(226, 226, 226);\">\n<td class=\"bold text-right\" style=\"outline: none; padding: 10px; margin: 0px; border-width: 0px 1px 0px 0px; border-top-style: initial; border-right-style: solid; border-bottom-style: initial; border-left-style: initial; border-top-color: initial; border-right-color: rgb(204, 204, 204); border-bottom-color: initial; border-left-color: initial; border-image: initial; font-style: inherit; font-variant: inherit; font-weight: bold; font-stretch: inherit; font-size: inherit; line-height: inherit; font-family: inherit; font-optical-sizing: inherit; font-kerning: inherit; font-feature-settings: inherit; font-variation-settings: inherit; vertical-align: baseline; width: 209.398px;\">Profundidade<\/td>\n<td class=\"bold\" style=\"outline: none; padding: 10px; margin: 0px; border: 0px; font-style: inherit; font-variant: inherit; font-weight: bold; font-stretch: inherit; font-size: inherit; line-height: inherit; font-family: inherit; font-optical-sizing: inherit; font-kerning: inherit; font-feature-settings: inherit; font-variation-settings: inherit; vertical-align: baseline;\">632mm<\/td>\n<\/tr>\n<tr style=\"outline: none; margin: 0px; padding: 0px; border: 0px; font: inherit; vertical-align: baseline;\">\n<td class=\"bold text-right\" style=\"outline: none; padding: 10px; margin: 0px; border-width: 0px 1px 0px 0px; border-top-style: initial; border-right-style: solid; border-bottom-style: initial; border-left-style: initial; border-top-color: initial; border-right-color: rgb(204, 204, 204); border-bottom-color: initial; border-left-color: initial; border-image: initial; font-style: inherit; font-variant: inherit; font-weight: bold; font-stretch: inherit; font-size: inherit; line-height: inherit; font-family: inherit; font-optical-sizing: inherit; font-kerning: inherit; font-feature-settings: inherit; font-variation-settings: inherit; vertical-align: baseline; width: 209.398px;\">Frente<\/td>\n<td class=\"bold\" style=\"outline: none; padding: 10px; margin: 0px; border: 0px; font-style: inherit; font-variant: inherit; font-weight: bold; font-stretch: inherit; font-size: inherit; line-height: inherit; font-family: inherit; font-optical-sizing: inherit; font-kerning: inherit; font-feature-settings: inherit; font-variation-settings: inherit; vertical-align: baseline;\">1400mm<\/td>\n<\/tr>\n<tr style=\"outline: none; margin: 0px; padding: 0px; border: 0px; font: inherit; vertical-align: baseline; background-color: rgb(226, 226, 226);\">\n<td class=\"bold text-right\" style=\"outline: none; padding: 10px; margin: 0px; border-width: 0px 1px 0px 0px; border-top-style: initial; border-right-style: solid; border-bottom-style: initial; border-left-style: initial; border-top-color: initial; border-right-color: rgb(204, 204, 204); border-bottom-color: initial; border-left-color: initial; border-image: initial; font-style: inherit; font-variant: inherit; font-weight: bold; font-stretch: inherit; font-size: inherit; line-height: inherit; font-family: inherit; font-optical-sizing: inherit; font-kerning: inherit; font-feature-settings: inherit; font-variation-settings: inherit; vertical-align: baseline; width: 209.398px;\">Peso L\u00edquido<\/td>\n<td class=\"bold\" style=\"outline: none; padding: 10px; margin: 0px; border: 0px; font-style: inherit; font-variant: inherit; font-weight: bold; font-stretch: inherit; font-size: inherit; line-height: inherit; font-family: inherit; font-optical-sizing: inherit; font-kerning: inherit; font-feature-settings: inherit; font-variation-settings: inherit; vertical-align: baseline;\">64kg<\/td>\n<\/tr>\n<\/tbody>\n<\/table>\n<\/div>\n<\/div>\n<\/div>\n<\/div>\n<\/div>\n<\/section>\n","protected":false},"excerpt":{"rendered":"<p>DESCRI\u00c7\u00c3O DO PRODUTO Vitrine NeutraExposi\u00e7\u00e3o de produtos em condi\u00e7\u00e3o ambienteRevestimento Externo: Gabinete: Monobloco em a\u00e7o pr\u00e9-pintadoIlumina\u00e7\u00e3o LED (interna), com interruptorPorta(s) injetada(s) em PSAIPrateleira Vidro2 n\u00edveis em vidros temperadosP\u00e9s niveladoresVidros temperadosAcompanha perfil alum\u00ednio em T para remate de tampos em montagemProduto destinado para uso comercial* Imagens meramente ilustrativas. Imagens e informa\u00e7\u00f5es sujeitas a altera\u00e7\u00f5es sem aviso [&hellip;]<\/p>\n","protected":false},"featured_media":12742,"comment_status":"open","ping_status":"closed","template":"","meta":[],"product_brand":[],"product_cat":[422],"product_tag":[],"class_list":{"0":"post-12743","1":"product","2":"type-product","3":"status-publish","4":"has-post-thumbnail","6":"product_cat-vitrine-neutra","8":"first","9":"instock","10":"shipping-taxable","11":"purchasable","12":"product-type-simple"},"_links":{"self":[{"href":"https:\/\/twsites.com.br\/novomigcenter\/index.php?rest_route=\/wp\/v2\/product\/12743","targetHints":{"allow":["GET"]}}],"collection":[{"href":"https:\/\/twsites.com.br\/novomigcenter\/index.php?rest_route=\/wp\/v2\/product"}],"about":[{"href":"https:\/\/twsites.com.br\/novomigcenter\/index.php?rest_route=\/wp\/v2\/types\/product"}],"replies":[{"embeddable":true,"href":"https:\/\/twsites.com.br\/novomigcenter\/index.php?rest_route=%2Fwp%2Fv2%2Fcomments&post=12743"}],"wp:featuredmedia":[{"embeddable":true,"href":"https:\/\/twsites.com.br\/novomigcenter\/index.php?rest_route=\/wp\/v2\/media\/12742"}],"wp:attachment":[{"href":"https:\/\/twsites.com.br\/novomigcenter\/index.php?rest_route=%2Fwp%2Fv2%2Fmedia&parent=12743"}],"wp:term":[{"taxonomy":"product_brand","embeddable":true,"href":"https:\/\/twsites.com.br\/novomigcenter\/index.php?rest_route=%2Fwp%2Fv2%2Fproduct_brand&post=12743"},{"taxonomy":"product_cat","embeddable":true,"href":"https:\/\/twsites.com.br\/novomigcenter\/index.php?rest_route=%2Fwp%2Fv2%2Fproduct_cat&post=12743"},{"taxonomy":"product_tag","embeddable":true,"href":"https:\/\/twsites.com.br\/novomigcenter\/index.php?rest_route=%2Fwp%2Fv2%2Fproduct_tag&post=12743"}],"curies":[{"name":"wp","href":"https:\/\/api.w.org\/{rel}","templated":true}]}}