{"id":12752,"date":"2020-03-13T15:26:29","date_gmt":"2020-03-13T15:26:29","guid":{"rendered":"https:\/\/twsites.com.br\/novomigcenter\/?product=vitrine-de-bebidas-2-placas-vnprpf1260"},"modified":"2020-03-13T15:26:29","modified_gmt":"2020-03-13T15:26:29","slug":"vitrine-de-bebidas-2-placas-vnprpf1260","status":"publish","type":"product","link":"https:\/\/twsites.com.br\/novomigcenter\/?product=vitrine-de-bebidas-2-placas-vnprpf1260","title":{"rendered":"Vitrine Vanguard Plus Refrigerada 2 Placas Frias &#8211; Refrimate"},"content":{"rendered":"<p style=\"margin-top: 20px; margin-bottom: 0px; padding: 0px; color: rgb(33, 37, 41); font-family: Poppins, sans-serif; font-size: 14px;\">Temperatura: 3\u00baC a 10\u00baC<br style=\"margin: 0px; padding: 0px;\">Refrigera\u00e7\u00e3o: Est\u00e1tico (duas placas frias)<br style=\"margin: 0px; padding: 0px;\">Ilumina\u00e7\u00e3o LED<br style=\"margin: 0px; padding: 0px;\">Controle de temperatura: Termostato mec\u00e2nico<br style=\"margin: 0px; padding: 0px;\">Gabinete interno e externo em a\u00e7o galvanizado pintado<br style=\"margin: 0px; padding: 0px;\">Vidros temperados simples<br style=\"margin: 0px; padding: 0px;\">Portas traseiras de bater em a\u00e7o galvanizado pintado<br style=\"margin: 0px; padding: 0px;\">Prateleiras em a\u00e7o galvanizado pintado<br style=\"margin: 0px; padding: 0px;\">P\u00e9s regul\u00e1veis<br style=\"margin: 0px; padding: 0px;\"><br style=\"margin: 0px; padding: 0px;\">OPCIONAL:<br style=\"margin: 0px; padding: 0px;\">Tampo aproveit\u00e1vel em a\u00e7o galvanizado pintado<br style=\"margin: 0px; padding: 0px;\"><\/p>\n<p style=\"margin-bottom: 23px; color: rgb(62, 69, 76); font-family: Arial, Helvetica, sans-serif; font-size: 14px;\"><br style=\"margin: 0px; padding: 0px; color: rgb(33, 37, 41); font-family: Poppins, sans-serif;\"><\/p>\n<div class=\"clearfix\" style=\"margin: 0px; padding: 0px; color: rgb(33, 37, 41); font-family: Poppins, sans-serif; font-size: 14px;\">\n<div class=\"mt-3 mb-3 row\" style=\"margin-right: -7.5px; margin-left: -7.5px; padding: 0px; display: flex; flex-wrap: wrap; margin-top: 1rem !important; margin-bottom: 1rem !important;\">\n<div class=\"col-md-6\" style=\"margin: 0px; padding: 0px 7.5px; width: 300px; flex: 0 0 50%; max-width: 50%;\">\n<div style=\"margin: 0px; padding: 0px;\">Frente (mm)<\/p>\n<div class=\"float-right\" style=\"margin: 0px; padding: 0px; float: right !important;\">750 e 1450<\/div>\n<hr class=\"traco_fino\" style=\"margin-top: var(--mt-traco); margin-right: 0px; margin-bottom: var(--mb-traco); margin-left: 0px; padding: 0px; overflow: visible; border-top-color: rgba(0, 0, 0, 0.1); color: var(--verde_refrimate); background-color: var(--verde_refrimate); clear: both;\"><\/div>\n<div style=\"margin: 0px; padding: 0px;\">Profundidade (mm)<\/p>\n<div class=\"float-right\" style=\"margin: 0px; padding: 0px; float: right !important;\">560<\/div>\n<hr class=\"traco_fino\" style=\"margin-top: var(--mt-traco); margin-right: 0px; margin-bottom: var(--mb-traco); margin-left: 0px; padding: 0px; overflow: visible; border-top-color: rgba(0, 0, 0, 0.1); color: var(--verde_refrimate); background-color: var(--verde_refrimate); clear: both;\"><\/div>\n<div style=\"margin: 0px; padding: 0px;\">Altura (mm)<\/p>\n<div class=\"float-right\" style=\"margin: 0px; padding: 0px; float: right !important;\">1200<\/div>\n<\/div>\n<\/div>\n<div class=\"col-md-6\" style=\"margin: 0px; padding: 0px 7.5px; width: 300px; flex: 0 0 50%; max-width: 50%;\">\n<div style=\"margin: 0px; padding: 0px;\">Frequ\u00eancia (Hz)<\/p>\n<div class=\"float-right\" style=\"margin: 0px; padding: 0px; float: right !important;\">50 ou 60<\/div>\n<hr class=\"traco_fino\" style=\"margin-top: var(--mt-traco); margin-right: 0px; margin-bottom: var(--mb-traco); margin-left: 0px; padding: 0px; overflow: visible; border-top-color: rgba(0, 0, 0, 0.1); color: var(--verde_refrimate); background-color: var(--verde_refrimate); clear: both;\"><\/div>\n<div style=\"margin: 0px; padding: 0px;\">Tens\u00e3o (V)<\/p>\n<div class=\"float-right\" style=\"margin: 0px; padding: 0px; float: right !important;\">127 ou 220<\/div>\n<div><\/div>\n<\/div>\n<\/div>\n<\/div>\n<\/div>\n","protected":false},"excerpt":{"rendered":"<p>Temperatura: 3\u00baC a 10\u00baCRefrigera\u00e7\u00e3o: Est\u00e1tico (duas placas frias)Ilumina\u00e7\u00e3o LEDControle de temperatura: Termostato mec\u00e2nicoGabinete interno e externo em a\u00e7o galvanizado pintadoVidros temperados simplesPortas traseiras de bater em a\u00e7o galvanizado pintadoPrateleiras em a\u00e7o galvanizado pintadoP\u00e9s regul\u00e1veisOPCIONAL:Tampo aproveit\u00e1vel em a\u00e7o galvanizado pintado Frente (mm) 750 e 1450 Profundidade (mm) 560 Altura (mm) 1200 Frequ\u00eancia (Hz) 50 ou 60 [&hellip;]<\/p>\n","protected":false},"featured_media":12749,"comment_status":"open","ping_status":"closed","template":"","meta":[],"product_brand":[],"product_cat":[322,442],"product_tag":[],"class_list":{"0":"post-12752","1":"product","2":"type-product","3":"status-publish","4":"has-post-thumbnail","6":"product_cat-balcao-refrigerado","7":"product_cat-refrigeracao","9":"first","10":"instock","11":"shipping-taxable","12":"purchasable","13":"product-type-simple"},"_links":{"self":[{"href":"https:\/\/twsites.com.br\/novomigcenter\/index.php?rest_route=\/wp\/v2\/product\/12752","targetHints":{"allow":["GET"]}}],"collection":[{"href":"https:\/\/twsites.com.br\/novomigcenter\/index.php?rest_route=\/wp\/v2\/product"}],"about":[{"href":"https:\/\/twsites.com.br\/novomigcenter\/index.php?rest_route=\/wp\/v2\/types\/product"}],"replies":[{"embeddable":true,"href":"https:\/\/twsites.com.br\/novomigcenter\/index.php?rest_route=%2Fwp%2Fv2%2Fcomments&post=12752"}],"wp:featuredmedia":[{"embeddable":true,"href":"https:\/\/twsites.com.br\/novomigcenter\/index.php?rest_route=\/wp\/v2\/media\/12749"}],"wp:attachment":[{"href":"https:\/\/twsites.com.br\/novomigcenter\/index.php?rest_route=%2Fwp%2Fv2%2Fmedia&parent=12752"}],"wp:term":[{"taxonomy":"product_brand","embeddable":true,"href":"https:\/\/twsites.com.br\/novomigcenter\/index.php?rest_route=%2Fwp%2Fv2%2Fproduct_brand&post=12752"},{"taxonomy":"product_cat","embeddable":true,"href":"https:\/\/twsites.com.br\/novomigcenter\/index.php?rest_route=%2Fwp%2Fv2%2Fproduct_cat&post=12752"},{"taxonomy":"product_tag","embeddable":true,"href":"https:\/\/twsites.com.br\/novomigcenter\/index.php?rest_route=%2Fwp%2Fv2%2Fproduct_tag&post=12752"}],"curies":[{"name":"wp","href":"https:\/\/api.w.org\/{rel}","templated":true}]}}