{"id":12764,"date":"2020-03-18T15:12:02","date_gmt":"2020-03-18T15:12:02","guid":{"rendered":"https:\/\/twsites.com.br\/novomigcenter\/?product=visacooler-portacega-vccg600s"},"modified":"2020-03-18T15:12:02","modified_gmt":"2020-03-18T15:12:02","slug":"visacooler-portacega-vccg600s","status":"publish","type":"product","link":"https:\/\/twsites.com.br\/novomigcenter\/?product=visacooler-portacega-vccg600s","title":{"rendered":"Visa Cooler Congelados e Resfriados Porta S\u00f3lida Branca 570 Litros"},"content":{"rendered":"<p style=\"margin-top: 20px; margin-bottom: 0px; padding: 0px; color: rgb(33, 37, 41); font-family: Poppins, sans-serif; font-size: 14px;\">Temperatura: -22\u00baC a 5\u00baC<br style=\"margin: 0px; padding: 0px;\">Refrigera\u00e7\u00e3o: Est\u00e1tico<br style=\"margin: 0px; padding: 0px;\">Controlador digital de temperatura<br style=\"margin: 0px; padding: 0px;\">Gabinete interno e externo em A\u00e7o Galvanizado Pintado<br style=\"margin: 0px; padding: 0px;\">Prateleiras em Grades Aramadas com Regulagem de Altura Atrav\u00e9s de Cremalheiras e Suportes<br style=\"margin: 0px; padding: 0px;\">P\u00e9s com regulagem de altura<br style=\"margin: 0px; padding: 0px;\"><\/p>\n<p style=\"margin-bottom: 23px; color: rgb(62, 69, 76); font-family: Arial, Helvetica, sans-serif; font-size: 14px;\"><br style=\"margin: 0px; padding: 0px; color: rgb(33, 37, 41); font-family: Poppins, sans-serif;\"><\/p>\n<div class=\"clearfix\" style=\"margin: 0px; padding: 0px; color: rgb(33, 37, 41); font-family: Poppins, sans-serif; font-size: 14px;\">\n<div class=\"mt-3 mb-3 row\" style=\"margin-right: -7.5px; margin-left: -7.5px; padding: 0px; display: flex; flex-wrap: wrap; margin-top: 1rem !important; margin-bottom: 1rem !important;\">\n<div class=\"col-md-6\" style=\"margin: 0px; padding: 0px 7.5px; width: 300px; flex: 0 0 50%; max-width: 50%;\">\n<div style=\"margin: 0px; padding: 0px;\">Frente (mm)<\/p>\n<div class=\"float-right\" style=\"margin: 0px; padding: 0px; float: right !important;\">715<\/div>\n<hr class=\"traco_fino\" style=\"margin-top: var(--mt-traco); margin-right: 0px; margin-bottom: var(--mb-traco); margin-left: 0px; padding: 0px; overflow: visible; border-top-color: rgba(0, 0, 0, 0.1); color: var(--verde_refrimate); background-color: var(--verde_refrimate); clear: both;\"><\/div>\n<div style=\"margin: 0px; padding: 0px;\">Profundidade (mm)<\/p>\n<div class=\"float-right\" style=\"margin: 0px; padding: 0px; float: right !important;\">765<\/div>\n<hr class=\"traco_fino\" style=\"margin-top: var(--mt-traco); margin-right: 0px; margin-bottom: var(--mb-traco); margin-left: 0px; padding: 0px; overflow: visible; border-top-color: rgba(0, 0, 0, 0.1); color: var(--verde_refrimate); background-color: var(--verde_refrimate); clear: both;\"><\/div>\n<div style=\"margin: 0px; padding: 0px;\">Altura (mm)<\/p>\n<div class=\"float-right\" style=\"margin: 0px; padding: 0px; float: right !important;\">2065<\/div>\n<\/div>\n<\/div>\n<div class=\"col-md-6\" style=\"margin: 0px; padding: 0px 7.5px; width: 300px; flex: 0 0 50%; max-width: 50%;\">\n<div style=\"margin: 0px; padding: 0px;\">Volume (L)<\/p>\n<div class=\"float-right\" style=\"margin: 0px; padding: 0px; float: right !important;\">570<\/div>\n<hr class=\"traco_fino\" style=\"margin-top: var(--mt-traco); margin-right: 0px; margin-bottom: var(--mb-traco); margin-left: 0px; padding: 0px; overflow: visible; border-top-color: rgba(0, 0, 0, 0.1); color: var(--verde_refrimate); background-color: var(--verde_refrimate); clear: both;\"><\/div>\n<div style=\"margin: 0px; padding: 0px;\">Frequ\u00eancia (Hz)<\/p>\n<div class=\"float-right\" style=\"margin: 0px; padding: 0px; float: right !important;\">50 ou 60<\/div>\n<hr class=\"traco_fino\" style=\"margin-top: var(--mt-traco); margin-right: 0px; margin-bottom: var(--mb-traco); margin-left: 0px; padding: 0px; overflow: visible; border-top-color: rgba(0, 0, 0, 0.1); color: var(--verde_refrimate); background-color: var(--verde_refrimate); clear: both;\"><\/div>\n<div style=\"margin: 0px; padding: 0px;\">Tens\u00e3o (V)<\/p>\n<div class=\"float-right\" style=\"margin: 0px; padding: 0px; float: right !important;\">220<\/div>\n<\/div>\n<\/div>\n<\/div>\n<\/div>\n<div style=\"margin: 0px; padding: 20px 0px 0px; color: rgb(33, 37, 41); font-family: Poppins, sans-serif; font-size: 14px;\"><\/div>\n","protected":false},"excerpt":{"rendered":"<p>Temperatura: -22\u00baC a 5\u00baCRefrigera\u00e7\u00e3o: Est\u00e1ticoControlador digital de temperaturaGabinete interno e externo em A\u00e7o Galvanizado PintadoPrateleiras em Grades Aramadas com Regulagem de Altura Atrav\u00e9s de Cremalheiras e SuportesP\u00e9s com regulagem de altura Frente (mm) 715 Profundidade (mm) 765 Altura (mm) 2065 Volume (L) 570 Frequ\u00eancia (Hz) 50 ou 60 Tens\u00e3o (V) 220<\/p>\n","protected":false},"featured_media":12763,"comment_status":"open","ping_status":"closed","template":"","meta":[],"product_brand":[],"product_cat":[326],"product_tag":[],"class_list":{"0":"post-12764","1":"product","2":"type-product","3":"status-publish","4":"has-post-thumbnail","6":"product_cat-freezer-vertical","8":"first","9":"instock","10":"shipping-taxable","11":"purchasable","12":"product-type-simple"},"_links":{"self":[{"href":"https:\/\/twsites.com.br\/novomigcenter\/index.php?rest_route=\/wp\/v2\/product\/12764","targetHints":{"allow":["GET"]}}],"collection":[{"href":"https:\/\/twsites.com.br\/novomigcenter\/index.php?rest_route=\/wp\/v2\/product"}],"about":[{"href":"https:\/\/twsites.com.br\/novomigcenter\/index.php?rest_route=\/wp\/v2\/types\/product"}],"replies":[{"embeddable":true,"href":"https:\/\/twsites.com.br\/novomigcenter\/index.php?rest_route=%2Fwp%2Fv2%2Fcomments&post=12764"}],"wp:featuredmedia":[{"embeddable":true,"href":"https:\/\/twsites.com.br\/novomigcenter\/index.php?rest_route=\/wp\/v2\/media\/12763"}],"wp:attachment":[{"href":"https:\/\/twsites.com.br\/novomigcenter\/index.php?rest_route=%2Fwp%2Fv2%2Fmedia&parent=12764"}],"wp:term":[{"taxonomy":"product_brand","embeddable":true,"href":"https:\/\/twsites.com.br\/novomigcenter\/index.php?rest_route=%2Fwp%2Fv2%2Fproduct_brand&post=12764"},{"taxonomy":"product_cat","embeddable":true,"href":"https:\/\/twsites.com.br\/novomigcenter\/index.php?rest_route=%2Fwp%2Fv2%2Fproduct_cat&post=12764"},{"taxonomy":"product_tag","embeddable":true,"href":"https:\/\/twsites.com.br\/novomigcenter\/index.php?rest_route=%2Fwp%2Fv2%2Fproduct_tag&post=12764"}],"curies":[{"name":"wp","href":"https:\/\/api.w.org\/{rel}","templated":true}]}}