{"id":12772,"date":"2020-03-18T15:50:59","date_gmt":"2020-03-18T15:50:59","guid":{"rendered":"https:\/\/twsites.com.br\/novomigcenter\/?product=cervejeira-vcc600v"},"modified":"2020-03-18T15:50:59","modified_gmt":"2020-03-18T15:50:59","slug":"cervejeira-vcc600v","status":"publish","type":"product","link":"https:\/\/twsites.com.br\/novomigcenter\/?product=cervejeira-vcc600v","title":{"rendered":"Visa Cooler Cerveja 570L &#8211; Porta de Vidro &#8211; Refrimate"},"content":{"rendered":"<p style=\"margin-top: 20px; margin-bottom: 0px; padding: 0px; color: rgb(33, 37, 41); font-family: Poppins, sans-serif; font-size: 14px;\">Temperatura: -7,5; -5,5; -2,5; 2,0\u00baC<br style=\"margin: 0px; padding: 0px;\">Refrigera\u00e7\u00e3o: Ar for\u00e7ado<br style=\"margin: 0px; padding: 0px;\">Controlador digital de temperatura<br style=\"margin: 0px; padding: 0px;\">Ilumina\u00e7\u00e3o em LED<br style=\"margin: 0px; padding: 0px;\">Porta de vidro duplo, temperado. Sistema de abertura pivotante com fechamento autom\u00e1tico<br style=\"margin: 0px; padding: 0px;\">Gabinete interno em chapa de PSAI branca ou preto<br style=\"margin: 0px; padding: 0px;\">Gabinete externo em chapa galvanizada pintada<br style=\"margin: 0px; padding: 0px;\">Prateleiras tipo aramado com regulagem de altura<br style=\"margin: 0px; padding: 0px;\">Entrada de ar inferior em PSAI vaccum forming<br style=\"margin: 0px; padding: 0px;\">P\u00e9s termopl\u00e1sticos com regulagem de altura<br style=\"margin: 0px; padding: 0px;\"><\/p>\n<p><br style=\"margin: 0px; padding: 0px; color: rgb(33, 37, 41); font-family: Poppins, sans-serif; font-size: 14px;\"><\/p>\n<div class=\"clearfix\" style=\"margin: 0px; padding: 0px; color: rgb(33, 37, 41); font-family: Poppins, sans-serif; font-size: 14px;\">\n<div class=\"mt-3 mb-3 row\" style=\"margin-right: -7.5px; margin-left: -7.5px; padding: 0px; display: flex; flex-wrap: wrap; margin-top: 1rem !important; margin-bottom: 1rem !important;\">\n<div class=\"col-md-6\" style=\"margin: 0px; padding: 0px 7.5px; width: 300px; flex: 0 0 50%; max-width: 50%;\">\n<div style=\"margin: 0px; padding: 0px;\">Frente (mm)<\/p>\n<div class=\"float-right\" style=\"margin: 0px; padding: 0px; float: right !important;\">650<\/div>\n<hr class=\"traco_fino\" style=\"margin-top: var(--mt-traco); margin-right: 0px; margin-bottom: var(--mb-traco); margin-left: 0px; padding: 0px; overflow: visible; border-top-color: rgba(0, 0, 0, 0.1); color: var(--verde_refrimate); background-color: var(--verde_refrimate); clear: both;\"><\/div>\n<div style=\"margin: 0px; padding: 0px;\">Profundidade (mm)<\/p>\n<div class=\"float-right\" style=\"margin: 0px; padding: 0px; float: right !important;\">750<\/div>\n<hr class=\"traco_fino\" style=\"margin-top: var(--mt-traco); margin-right: 0px; margin-bottom: var(--mb-traco); margin-left: 0px; padding: 0px; overflow: visible; border-top-color: rgba(0, 0, 0, 0.1); color: var(--verde_refrimate); background-color: var(--verde_refrimate); clear: both;\"><\/div>\n<div style=\"margin: 0px; padding: 0px;\">Altura (mm)<\/p>\n<div class=\"float-right\" style=\"margin: 0px; padding: 0px; float: right !important;\">2065<\/div>\n<\/div>\n<\/div>\n<div class=\"col-md-6\" style=\"margin: 0px; padding: 0px 7.5px; width: 300px; flex: 0 0 50%; max-width: 50%;\">\n<div style=\"margin: 0px; padding: 0px;\">Volume (L)<\/p>\n<div class=\"float-right\" style=\"margin: 0px; padding: 0px; float: right !important;\">570<\/div>\n<hr class=\"traco_fino\" style=\"margin-top: var(--mt-traco); margin-right: 0px; margin-bottom: var(--mb-traco); margin-left: 0px; padding: 0px; overflow: visible; border-top-color: rgba(0, 0, 0, 0.1); color: var(--verde_refrimate); background-color: var(--verde_refrimate); clear: both;\"><\/div>\n<div style=\"margin: 0px; padding: 0px;\">Frequ\u00eancia (Hz)<\/p>\n<div class=\"float-right\" style=\"margin: 0px; padding: 0px; float: right !important;\">50 ou 60<\/div>\n<hr class=\"traco_fino\" style=\"margin-top: var(--mt-traco); margin-right: 0px; margin-bottom: var(--mb-traco); margin-left: 0px; padding: 0px; overflow: visible; border-top-color: rgba(0, 0, 0, 0.1); color: var(--verde_refrimate); background-color: var(--verde_refrimate); clear: both;\"><\/div>\n<div style=\"margin: 0px; padding: 0px;\">Tens\u00e3o (V)<\/p>\n<div class=\"float-right\" style=\"margin: 0px; padding: 0px; float: right !important;\">127 ou 220<\/div>\n<\/div>\n<\/div>\n<\/div>\n<\/div>\n<div style=\"margin: 0px; padding: 20px 0px 0px; color: rgb(33, 37, 41); font-family: Poppins, sans-serif; font-size: 14px;\"><\/div>\n","protected":false},"excerpt":{"rendered":"<p>Temperatura: -7,5; -5,5; -2,5; 2,0\u00baCRefrigera\u00e7\u00e3o: Ar for\u00e7adoControlador digital de temperaturaIlumina\u00e7\u00e3o em LEDPorta de vidro duplo, temperado. Sistema de abertura pivotante com fechamento autom\u00e1ticoGabinete interno em chapa de PSAI branca ou pretoGabinete externo em chapa galvanizada pintadaPrateleiras tipo aramado com regulagem de alturaEntrada de ar inferior em PSAI vaccum formingP\u00e9s termopl\u00e1sticos com regulagem de altura Frente [&hellip;]<\/p>\n","protected":false},"featured_media":12771,"comment_status":"open","ping_status":"closed","template":"","meta":[],"product_brand":[],"product_cat":[15],"product_tag":[],"class_list":{"0":"post-12772","1":"product","2":"type-product","3":"status-publish","4":"has-post-thumbnail","6":"product_cat-uncategorized","8":"first","9":"instock","10":"shipping-taxable","11":"purchasable","12":"product-type-simple"},"_links":{"self":[{"href":"https:\/\/twsites.com.br\/novomigcenter\/index.php?rest_route=\/wp\/v2\/product\/12772","targetHints":{"allow":["GET"]}}],"collection":[{"href":"https:\/\/twsites.com.br\/novomigcenter\/index.php?rest_route=\/wp\/v2\/product"}],"about":[{"href":"https:\/\/twsites.com.br\/novomigcenter\/index.php?rest_route=\/wp\/v2\/types\/product"}],"replies":[{"embeddable":true,"href":"https:\/\/twsites.com.br\/novomigcenter\/index.php?rest_route=%2Fwp%2Fv2%2Fcomments&post=12772"}],"wp:featuredmedia":[{"embeddable":true,"href":"https:\/\/twsites.com.br\/novomigcenter\/index.php?rest_route=\/wp\/v2\/media\/12771"}],"wp:attachment":[{"href":"https:\/\/twsites.com.br\/novomigcenter\/index.php?rest_route=%2Fwp%2Fv2%2Fmedia&parent=12772"}],"wp:term":[{"taxonomy":"product_brand","embeddable":true,"href":"https:\/\/twsites.com.br\/novomigcenter\/index.php?rest_route=%2Fwp%2Fv2%2Fproduct_brand&post=12772"},{"taxonomy":"product_cat","embeddable":true,"href":"https:\/\/twsites.com.br\/novomigcenter\/index.php?rest_route=%2Fwp%2Fv2%2Fproduct_cat&post=12772"},{"taxonomy":"product_tag","embeddable":true,"href":"https:\/\/twsites.com.br\/novomigcenter\/index.php?rest_route=%2Fwp%2Fv2%2Fproduct_tag&post=12772"}],"curies":[{"name":"wp","href":"https:\/\/api.w.org\/{rel}","templated":true}]}}