{"id":12777,"date":"2020-03-19T15:09:42","date_gmt":"2020-03-19T15:09:42","guid":{"rendered":"https:\/\/twsites.com.br\/novomigcenter\/?product=balcao-caixa-classic-polofrio"},"modified":"2020-03-19T15:09:42","modified_gmt":"2020-03-19T15:09:42","slug":"balcao-caixa-classic-polofrio","status":"publish","type":"product","link":"https:\/\/twsites.com.br\/novomigcenter\/?product=balcao-caixa-classic-polofrio","title":{"rendered":"Balc\u00e3o Caixa Classic"},"content":{"rendered":"<p align=\"left\"><font face=\"Arial\"><br \/><\/font><\/p>\n<div align=\"left\">\n<ul>\n<p><strong><span style=\"font-size: 14px;\"><font face=\"Arial\">Principais caracter\u00edsticas:<\/font><\/span><\/strong><\/p>\n<ul>\n<li><span style=\"font-size: 14px;\"><font face=\"Arial\">Atendimento e exposi\u00e7\u00e3o de produtos em condi\u00e7\u00e3o ambiente;<\/font><\/span><\/li>\n<li><span style=\"font-size: 14px;\"><font face=\"Arial\">P\u00e9s regul\u00e1veis;<\/font><\/span><\/li>\n<li><span style=\"font-size: 14px;\"><font face=\"Arial\">2 n\u00edveis de prateleiras em grades aramadas;<\/font><\/span><\/li>\n<li><span style=\"font-size: 14px;\"><font face=\"Arial\">Portas de correr em vidro;<\/font><\/span><\/li>\n<li><span style=\"font-size: 14px;\"><font face=\"Arial\">Guinch\u00ea em vidro desmont\u00e1vel;<\/font><\/span><\/li>\n<li><span style=\"font-size: 14px;\"><font face=\"Arial\">Gaveta com divis\u00f3rias para c\u00e9dulas;<\/font><\/span><\/li>\n<\/ul>\n<p><span style=\"font-size: 14px;\"><font face=\"Arial\"> &nbsp;  <\/font><\/span><\/p>\n<p><strong><span style=\"font-size: 14px;\"><font face=\"Arial\">Opcionais:<\/font><\/span><\/strong><\/p>\n<ul>\n<li><span style=\"font-size: 14px;\"><font face=\"Arial\">Vidro frontal reto ou semi curvo;<\/font><\/span><\/li>\n<li><span style=\"font-size: 14px;\"><font face=\"Arial\">Porta Branca linha refrigerada;<\/font><\/span><\/li>\n<li><span style=\"font-size: 14px;\"><font face=\"Arial\">Dispon\u00edvel nas Medidas 0.60m,0.80m,1.25m<\/font><\/span><\/li>\n<\/ul>\n<\/ul>\n<\/div>\n","protected":false},"excerpt":{"rendered":"<p>Principais caracter\u00edsticas: Atendimento e exposi\u00e7\u00e3o de produtos em condi\u00e7\u00e3o ambiente; P\u00e9s regul\u00e1veis; 2 n\u00edveis de prateleiras em grades aramadas; Portas de correr em vidro; Guinch\u00ea em vidro desmont\u00e1vel; Gaveta com divis\u00f3rias para c\u00e9dulas; &nbsp; Opcionais: Vidro frontal reto ou semi curvo; Porta Branca linha refrigerada; Dispon\u00edvel nas Medidas 0.60m,0.80m,1.25m<\/p>\n","protected":false},"featured_media":12775,"comment_status":"open","ping_status":"closed","template":"","meta":[],"product_brand":[],"product_cat":[319],"product_tag":[],"class_list":{"0":"post-12777","1":"product","2":"type-product","3":"status-publish","4":"has-post-thumbnail","6":"product_cat-balcao-de-caixa","8":"first","9":"instock","10":"shipping-taxable","11":"purchasable","12":"product-type-simple"},"_links":{"self":[{"href":"https:\/\/twsites.com.br\/novomigcenter\/index.php?rest_route=\/wp\/v2\/product\/12777","targetHints":{"allow":["GET"]}}],"collection":[{"href":"https:\/\/twsites.com.br\/novomigcenter\/index.php?rest_route=\/wp\/v2\/product"}],"about":[{"href":"https:\/\/twsites.com.br\/novomigcenter\/index.php?rest_route=\/wp\/v2\/types\/product"}],"replies":[{"embeddable":true,"href":"https:\/\/twsites.com.br\/novomigcenter\/index.php?rest_route=%2Fwp%2Fv2%2Fcomments&post=12777"}],"wp:featuredmedia":[{"embeddable":true,"href":"https:\/\/twsites.com.br\/novomigcenter\/index.php?rest_route=\/wp\/v2\/media\/12775"}],"wp:attachment":[{"href":"https:\/\/twsites.com.br\/novomigcenter\/index.php?rest_route=%2Fwp%2Fv2%2Fmedia&parent=12777"}],"wp:term":[{"taxonomy":"product_brand","embeddable":true,"href":"https:\/\/twsites.com.br\/novomigcenter\/index.php?rest_route=%2Fwp%2Fv2%2Fproduct_brand&post=12777"},{"taxonomy":"product_cat","embeddable":true,"href":"https:\/\/twsites.com.br\/novomigcenter\/index.php?rest_route=%2Fwp%2Fv2%2Fproduct_cat&post=12777"},{"taxonomy":"product_tag","embeddable":true,"href":"https:\/\/twsites.com.br\/novomigcenter\/index.php?rest_route=%2Fwp%2Fv2%2Fproduct_tag&post=12777"}],"curies":[{"name":"wp","href":"https:\/\/api.w.org\/{rel}","templated":true}]}}