{"id":12793,"date":"2020-03-19T17:17:05","date_gmt":"2020-03-19T17:17:05","guid":{"rendered":"https:\/\/twsites.com.br\/novomigcenter\/?product=vitrine-estufa-classic-polofrio"},"modified":"2020-03-19T17:17:05","modified_gmt":"2020-03-19T17:17:05","slug":"vitrine-estufa-classic-polofrio","status":"publish","type":"product","link":"https:\/\/twsites.com.br\/novomigcenter\/?product=vitrine-estufa-classic-polofrio","title":{"rendered":"Vitrine Estufa Classic"},"content":{"rendered":"<p align=\"left\"><strong>Principais Caracter\u00edsticas:<\/strong><\/p>\n<p align=\"left\">Aquecimento e exposi\u00e7\u00e3o de salgados;<\/p>\n<p align=\"left\">Controle de temperatura: Termostato;<\/p>\n<p align=\"left\">Aquecimento: Resist\u00eancia;<\/p>\n<p align=\"left\">2 n\u00edveis de prateleiras;<\/p>\n<p align=\"left\">Portas de correr em vidro;<\/p>\n<p align=\"left\">P\u00e9s regul\u00e1veis;<\/p>\n<p align=\"left\"> <strong>Opcionais:<\/strong><\/p>\n<p align=\"left\">LED (Interna) com interruptor;<\/p>\n<p align=\"left\">Vidro frontal reto ou semi curvo;<\/p>\n<p align=\"left\">Porta branca linha refrigerada;<\/p>\n<p align=\"left\"><b>Tamanhos Dispon\u00edveis: 0.85m,1.25m<\/b><\/p>\n<p><\/p>\n","protected":false},"excerpt":{"rendered":"<p>Principais Caracter\u00edsticas: Aquecimento e exposi\u00e7\u00e3o de salgados; Controle de temperatura: Termostato; Aquecimento: Resist\u00eancia; 2 n\u00edveis de prateleiras; Portas de correr em vidro; P\u00e9s regul\u00e1veis; Opcionais: LED (Interna) com interruptor; Vidro frontal reto ou semi curvo; Porta branca linha refrigerada; Tamanhos Dispon\u00edveis: 0.85m,1.25m<\/p>\n","protected":false},"featured_media":12791,"comment_status":"open","ping_status":"closed","template":"","meta":[],"product_brand":[],"product_cat":[321],"product_tag":[],"class_list":{"0":"post-12793","1":"product","2":"type-product","3":"status-publish","4":"has-post-thumbnail","6":"product_cat-balcao-estufa","8":"first","9":"instock","10":"shipping-taxable","11":"purchasable","12":"product-type-simple"},"_links":{"self":[{"href":"https:\/\/twsites.com.br\/novomigcenter\/index.php?rest_route=\/wp\/v2\/product\/12793","targetHints":{"allow":["GET"]}}],"collection":[{"href":"https:\/\/twsites.com.br\/novomigcenter\/index.php?rest_route=\/wp\/v2\/product"}],"about":[{"href":"https:\/\/twsites.com.br\/novomigcenter\/index.php?rest_route=\/wp\/v2\/types\/product"}],"replies":[{"embeddable":true,"href":"https:\/\/twsites.com.br\/novomigcenter\/index.php?rest_route=%2Fwp%2Fv2%2Fcomments&post=12793"}],"wp:featuredmedia":[{"embeddable":true,"href":"https:\/\/twsites.com.br\/novomigcenter\/index.php?rest_route=\/wp\/v2\/media\/12791"}],"wp:attachment":[{"href":"https:\/\/twsites.com.br\/novomigcenter\/index.php?rest_route=%2Fwp%2Fv2%2Fmedia&parent=12793"}],"wp:term":[{"taxonomy":"product_brand","embeddable":true,"href":"https:\/\/twsites.com.br\/novomigcenter\/index.php?rest_route=%2Fwp%2Fv2%2Fproduct_brand&post=12793"},{"taxonomy":"product_cat","embeddable":true,"href":"https:\/\/twsites.com.br\/novomigcenter\/index.php?rest_route=%2Fwp%2Fv2%2Fproduct_cat&post=12793"},{"taxonomy":"product_tag","embeddable":true,"href":"https:\/\/twsites.com.br\/novomigcenter\/index.php?rest_route=%2Fwp%2Fv2%2Fproduct_tag&post=12793"}],"curies":[{"name":"wp","href":"https:\/\/api.w.org\/{rel}","templated":true}]}}