{"id":12802,"date":"2020-03-20T10:53:24","date_gmt":"2020-03-20T10:53:24","guid":{"rendered":"https:\/\/twsites.com.br\/novomigcenter\/?product=cervejeira-polofrio-370l-2403"},"modified":"2020-03-20T10:53:24","modified_gmt":"2020-03-20T10:53:24","slug":"cervejeira-polofrio-370l-2403","status":"publish","type":"product","link":"https:\/\/twsites.com.br\/novomigcenter\/?product=cervejeira-polofrio-370l-2403","title":{"rendered":"Cervejeira Porta de Vidro Slim 370l"},"content":{"rendered":"<p><b><font face=\"Arial\"><span style=\"font-size: 18px;\">Principais Caracter\u00edsticas:<\/span><\/font><\/b><\/p>\n<p><font face=\"Arial\"><span style=\"font-size: 14px;\">Refrigera\u00e7\u00e3o e exposi\u00e7\u00e3o de cervejas;<\/span><\/font><\/p>\n<p><font face=\"Arial\"><span style=\"font-size: 14px;\">Refrigera\u00e7\u00e3o: Ar for\u00e7ado com serpentina aletada;<\/span><\/font><\/p>\n<p><font face=\"Arial\"><span style=\"font-size: 14px;\">Controle de temperatura: Controlador eletr\u00f4nico digital com degelo autom\u00e1tico;<\/span><\/font><\/p>\n<p><font face=\"Arial\"><span style=\"font-size: 14px;\"><b>Ilumina\u00e7\u00e3o: <\/b>LED (interna) com interruptor;<\/span><\/font><\/p>\n<p><font face=\"Arial\"><span style=\"font-size: 14px;\">P\u00e9s regul\u00e1veis;<\/span><\/font><\/p>\n<p><font face=\"Arial\"><span style=\"font-size: 14px;\">Porta de vidro temperado duplo baixo emissivo com fechamento autom\u00e1tico;<\/span><\/font><\/p>\n<p><font face=\"Arial\"><span style=\"font-size: 14px;\">4 n\u00edveis de prateleiras regul\u00e1veis;<\/span><\/font><\/p>\n<ul style=\"margin-bottom: 10px; padding-inline-start: 10px; width: 525px; font-size: 15px;\"><font face=\"Arial\"><span style=\"font-size: 14px;\">&nbsp;<\/span><\/font><\/ul>\n<p style=\"margin-bottom: 10px; font-size: 16px; text-align: justify;\"><strong><font face=\"Arial\">Opcionais:<\/font><\/strong><\/p>\n<p><font face=\"Arial\">Adesivos&nbsp;laterais;<\/font><span style=\"font-family: Arial; font-size: 15px;\">&nbsp;<\/span><\/p>\n<p style=\"margin-bottom: 10px; font-size: 16px; text-align: justify;\"><strong><font face=\"Arial\">Quantidade de produtos nas prateleiras dispostos em p\u00e9:<\/font><\/strong><\/p>\n<p><font face=\"Arial\">Lata de 350 ml: 224 unidades;<\/font><\/p>\n<p><font face=\"Arial\">Garrafa long neck: 224 unidades;<\/font><\/p>\n<p><font face=\"Arial\"> Garrafa 600 ml: 120 unidades;<\/font><\/p>\n<p><font face=\"Arial\">OP\u00c7\u00c3O DE CORES:&nbsp;<\/font><\/p>\n<p style=\"margin-bottom: 10px; font-size: 16px; text-align: justify;\"><img decoding=\"async\" src=\"http:\/\/www.migcenter.com.br\/image\/catalog\/Polo frio\/Scripts\/Captura de Tela 2020-03-19 a\u0300s 15.40.14.png\" style=\"width: 218px;\"><\/p>\n","protected":false},"excerpt":{"rendered":"<p>Principais Caracter\u00edsticas: Refrigera\u00e7\u00e3o e exposi\u00e7\u00e3o de cervejas; Refrigera\u00e7\u00e3o: Ar for\u00e7ado com serpentina aletada; Controle de temperatura: Controlador eletr\u00f4nico digital com degelo autom\u00e1tico; Ilumina\u00e7\u00e3o: LED (interna) com interruptor; P\u00e9s regul\u00e1veis; Porta de vidro temperado duplo baixo emissivo com fechamento autom\u00e1tico; 4 n\u00edveis de prateleiras regul\u00e1veis; &nbsp; Opcionais: Adesivos&nbsp;laterais;&nbsp; Quantidade de produtos nas prateleiras dispostos em p\u00e9: [&hellip;]<\/p>\n","protected":false},"featured_media":12799,"comment_status":"open","ping_status":"closed","template":"","meta":[],"product_brand":[],"product_cat":[323],"product_tag":[],"class_list":{"0":"post-12802","1":"product","2":"type-product","3":"status-publish","4":"has-post-thumbnail","6":"product_cat-cervejeira","8":"first","9":"instock","10":"shipping-taxable","11":"purchasable","12":"product-type-simple"},"_links":{"self":[{"href":"https:\/\/twsites.com.br\/novomigcenter\/index.php?rest_route=\/wp\/v2\/product\/12802","targetHints":{"allow":["GET"]}}],"collection":[{"href":"https:\/\/twsites.com.br\/novomigcenter\/index.php?rest_route=\/wp\/v2\/product"}],"about":[{"href":"https:\/\/twsites.com.br\/novomigcenter\/index.php?rest_route=\/wp\/v2\/types\/product"}],"replies":[{"embeddable":true,"href":"https:\/\/twsites.com.br\/novomigcenter\/index.php?rest_route=%2Fwp%2Fv2%2Fcomments&post=12802"}],"wp:featuredmedia":[{"embeddable":true,"href":"https:\/\/twsites.com.br\/novomigcenter\/index.php?rest_route=\/wp\/v2\/media\/12799"}],"wp:attachment":[{"href":"https:\/\/twsites.com.br\/novomigcenter\/index.php?rest_route=%2Fwp%2Fv2%2Fmedia&parent=12802"}],"wp:term":[{"taxonomy":"product_brand","embeddable":true,"href":"https:\/\/twsites.com.br\/novomigcenter\/index.php?rest_route=%2Fwp%2Fv2%2Fproduct_brand&post=12802"},{"taxonomy":"product_cat","embeddable":true,"href":"https:\/\/twsites.com.br\/novomigcenter\/index.php?rest_route=%2Fwp%2Fv2%2Fproduct_cat&post=12802"},{"taxonomy":"product_tag","embeddable":true,"href":"https:\/\/twsites.com.br\/novomigcenter\/index.php?rest_route=%2Fwp%2Fv2%2Fproduct_tag&post=12802"}],"curies":[{"name":"wp","href":"https:\/\/api.w.org\/{rel}","templated":true}]}}