{"id":12805,"date":"2020-03-20T10:58:28","date_gmt":"2020-03-20T10:58:28","guid":{"rendered":"https:\/\/twsites.com.br\/novomigcenter\/?product=cervejeira-polofrio-450l-porta-de-vidro"},"modified":"2020-03-20T10:58:28","modified_gmt":"2020-03-20T10:58:28","slug":"cervejeira-polofrio-450l-porta-de-vidro","status":"publish","type":"product","link":"https:\/\/twsites.com.br\/novomigcenter\/?product=cervejeira-polofrio-450l-porta-de-vidro","title":{"rendered":"Cervejeira Polo Frio 450L Porta de Vidro"},"content":{"rendered":"<p style=\"margin-bottom: 10px; font-size: 16px; text-align: justify;\"><strong style=\"\"><font face=\"Arial\">Principais Caracter\u00edsticas:<\/font><\/strong><\/p>\n<p><font face=\"Arial\">Refrigera\u00e7\u00e3o e exposi\u00e7\u00e3o de cervejas;<\/font><\/p>\n<p><font face=\"Arial\"><b>Refrigera\u00e7\u00e3o:<\/b> Ar for\u00e7ado com serpentina aletada;<\/font><\/p>\n<p><font face=\"Arial\">Controle de temperatura: Controlador eletr\u00f4nico digital com degelo autom\u00e1tico;<\/font><\/p>\n<p><font face=\"Arial\"><b>Ilumina\u00e7\u00e3o:<\/b> LED (interna) com interruptor;<\/font><\/p>\n<p><font face=\"Arial\">P\u00e9s regul\u00e1veis;<\/font><\/p>\n<p><font face=\"Arial\">4 n\u00edveis de prateleiras regul\u00e1veis.<\/font><\/p>\n<ul style=\"margin-bottom: 10px; padding-inline-start: 10px; width: 525px; font-size: 15px; font-family: Arial, serif;\"><\/ul>\n<p style=\"margin-bottom: 10px; font-size: 16px; text-align: justify;\"><strong>Quantidade de produtos nas prateleiras dispostos em p\u00e9:<\/strong><\/p>\n<p>Lata de 350 ml: 280 unidades;<\/p>\n<p>Garrafa long neck: 252 unidades;<\/p>\n<p>Garrafa 600 ml: 192 unidades;<\/p>\n<p> OP\u00c7\u00c3O DE CORES:<\/p>\n<p style=\"margin-bottom: 10px; font-size: 16px; text-align: justify;\"><img decoding=\"async\" src=\"http:\/\/www.migcenter.com.br\/image\/catalog\/Polo frio\/Scripts\/Captura de Tela 2020-03-19 a\u0300s 15.40.14.png\" style=\"width: 218px;\"><\/p>\n","protected":false},"excerpt":{"rendered":"<p>Principais Caracter\u00edsticas: Refrigera\u00e7\u00e3o e exposi\u00e7\u00e3o de cervejas; Refrigera\u00e7\u00e3o: Ar for\u00e7ado com serpentina aletada; Controle de temperatura: Controlador eletr\u00f4nico digital com degelo autom\u00e1tico; Ilumina\u00e7\u00e3o: LED (interna) com interruptor; P\u00e9s regul\u00e1veis; 4 n\u00edveis de prateleiras regul\u00e1veis. Quantidade de produtos nas prateleiras dispostos em p\u00e9: Lata de 350 ml: 280 unidades; Garrafa long neck: 252 unidades; Garrafa 600 [&hellip;]<\/p>\n","protected":false},"featured_media":12803,"comment_status":"open","ping_status":"closed","template":"","meta":[],"product_brand":[],"product_cat":[323],"product_tag":[],"class_list":{"0":"post-12805","1":"product","2":"type-product","3":"status-publish","4":"has-post-thumbnail","6":"product_cat-cervejeira","8":"first","9":"instock","10":"shipping-taxable","11":"purchasable","12":"product-type-simple"},"_links":{"self":[{"href":"https:\/\/twsites.com.br\/novomigcenter\/index.php?rest_route=\/wp\/v2\/product\/12805","targetHints":{"allow":["GET"]}}],"collection":[{"href":"https:\/\/twsites.com.br\/novomigcenter\/index.php?rest_route=\/wp\/v2\/product"}],"about":[{"href":"https:\/\/twsites.com.br\/novomigcenter\/index.php?rest_route=\/wp\/v2\/types\/product"}],"replies":[{"embeddable":true,"href":"https:\/\/twsites.com.br\/novomigcenter\/index.php?rest_route=%2Fwp%2Fv2%2Fcomments&post=12805"}],"wp:featuredmedia":[{"embeddable":true,"href":"https:\/\/twsites.com.br\/novomigcenter\/index.php?rest_route=\/wp\/v2\/media\/12803"}],"wp:attachment":[{"href":"https:\/\/twsites.com.br\/novomigcenter\/index.php?rest_route=%2Fwp%2Fv2%2Fmedia&parent=12805"}],"wp:term":[{"taxonomy":"product_brand","embeddable":true,"href":"https:\/\/twsites.com.br\/novomigcenter\/index.php?rest_route=%2Fwp%2Fv2%2Fproduct_brand&post=12805"},{"taxonomy":"product_cat","embeddable":true,"href":"https:\/\/twsites.com.br\/novomigcenter\/index.php?rest_route=%2Fwp%2Fv2%2Fproduct_cat&post=12805"},{"taxonomy":"product_tag","embeddable":true,"href":"https:\/\/twsites.com.br\/novomigcenter\/index.php?rest_route=%2Fwp%2Fv2%2Fproduct_tag&post=12805"}],"curies":[{"name":"wp","href":"https:\/\/api.w.org\/{rel}","templated":true}]}}