{"id":12813,"date":"2020-03-20T11:58:41","date_gmt":"2020-03-20T11:58:41","guid":{"rendered":"https:\/\/twsites.com.br\/novomigcenter\/?product=cervejeira-polofrio-560l-porta-cega"},"modified":"2020-03-20T11:58:41","modified_gmt":"2020-03-20T11:58:41","slug":"cervejeira-polofrio-560l-porta-cega","status":"publish","type":"product","link":"https:\/\/twsites.com.br\/novomigcenter\/?product=cervejeira-polofrio-560l-porta-cega","title":{"rendered":"Cervejeira Polo Frio 560L Porta Cega"},"content":{"rendered":"<p style=\"margin-bottom: 10px; font-size: 16px; text-align: justify;\"><strong><font face=\"Arial\">   <span style=\"font-size: 14px;\">Principais Caracter\u00edsticas:<\/span><\/font><\/strong><\/p>\n<p><font face=\"Arial\"><span style=\"font-size: 14px;\">Refrigera\u00e7\u00e3o e exposi\u00e7\u00e3o de cervejas;<\/span><\/font><\/p>\n<p><font face=\"Arial\"><span style=\"font-size: 14px;\"> Refrigera\u00e7\u00e3o: Ar for\u00e7ado com serpentina aletada;<\/span><\/font><\/p>\n<p><font face=\"Arial\"><span style=\"font-size: 14px;\"> Controle de temperatura: Controlador eletr\u00f4nico digital com degelo autom\u00e1tico;<\/span><\/font><\/p>\n<p><font face=\"Arial\"><span style=\"font-size: 14px;\">Ilumina\u00e7\u00e3o: LED (interna) com interruptor;<\/span><\/font><\/p>\n<p><font face=\"Arial\"><span style=\"font-size: 14px;\">P\u00e9s regulav\u00e9is;<\/span><\/font><\/p>\n<p><font face=\"Arial\"><span style=\"font-size: 14px;\">4 n\u00edveis de prateleiras regul\u00e1veis;<\/span><\/font><\/p>\n<p><font face=\"Arial\"><span style=\"font-size: 14px;\">Testeira superior pl\u00e1stica.<\/span><\/font><\/p>\n<p style=\"margin-bottom: 10px; font-size: 16px; text-align: justify;\"><font face=\"Arial\"><strong><span style=\"font-size: 14px;\">Quantidade de produtos nas prateleiras dispostos em p\u00e9<\/span><\/strong><span style=\"font-size: 14px;\">:<\/span><\/font><\/p>\n<p><font face=\"Arial\"><span style=\"font-size: 14px;\">Lata de 350 ml: 320&nbsp;unidades;<\/span><\/font><\/p>\n<p><font face=\"Arial\"><span style=\"font-size: 14px;\">Garrafa long neck: 280&nbsp;unidades;<\/span><\/font><\/p>\n<p><font face=\"Arial\"><span style=\"font-size: 14px;\">Garrafa 600 ml: 192 unidades;<\/span><\/font><\/p>\n<p><\/p>\n<p><b>OP\u00c7\u00d5ES DE CORES<\/b><\/p>\n<p style=\"margin-bottom: 10px; font-size: 16px; text-align: justify;\"><img decoding=\"async\" src=\"http:\/\/www.migcenter.com.br\/image\/catalog\/Polo frio\/Scripts\/7 cores.png\" style=\"width: 435px;\"><strong><\/strong><\/p>\n","protected":false},"excerpt":{"rendered":"<p>Principais Caracter\u00edsticas: Refrigera\u00e7\u00e3o e exposi\u00e7\u00e3o de cervejas; Refrigera\u00e7\u00e3o: Ar for\u00e7ado com serpentina aletada; Controle de temperatura: Controlador eletr\u00f4nico digital com degelo autom\u00e1tico; Ilumina\u00e7\u00e3o: LED (interna) com interruptor; P\u00e9s regulav\u00e9is; 4 n\u00edveis de prateleiras regul\u00e1veis; Testeira superior pl\u00e1stica. Quantidade de produtos nas prateleiras dispostos em p\u00e9: Lata de 350 ml: 320&nbsp;unidades; Garrafa long neck: 280&nbsp;unidades; Garrafa [&hellip;]<\/p>\n","protected":false},"featured_media":12807,"comment_status":"open","ping_status":"closed","template":"","meta":[],"product_brand":[],"product_cat":[323],"product_tag":[],"class_list":{"0":"post-12813","1":"product","2":"type-product","3":"status-publish","4":"has-post-thumbnail","6":"product_cat-cervejeira","8":"first","9":"instock","10":"shipping-taxable","11":"purchasable","12":"product-type-simple"},"_links":{"self":[{"href":"https:\/\/twsites.com.br\/novomigcenter\/index.php?rest_route=\/wp\/v2\/product\/12813","targetHints":{"allow":["GET"]}}],"collection":[{"href":"https:\/\/twsites.com.br\/novomigcenter\/index.php?rest_route=\/wp\/v2\/product"}],"about":[{"href":"https:\/\/twsites.com.br\/novomigcenter\/index.php?rest_route=\/wp\/v2\/types\/product"}],"replies":[{"embeddable":true,"href":"https:\/\/twsites.com.br\/novomigcenter\/index.php?rest_route=%2Fwp%2Fv2%2Fcomments&post=12813"}],"wp:featuredmedia":[{"embeddable":true,"href":"https:\/\/twsites.com.br\/novomigcenter\/index.php?rest_route=\/wp\/v2\/media\/12807"}],"wp:attachment":[{"href":"https:\/\/twsites.com.br\/novomigcenter\/index.php?rest_route=%2Fwp%2Fv2%2Fmedia&parent=12813"}],"wp:term":[{"taxonomy":"product_brand","embeddable":true,"href":"https:\/\/twsites.com.br\/novomigcenter\/index.php?rest_route=%2Fwp%2Fv2%2Fproduct_brand&post=12813"},{"taxonomy":"product_cat","embeddable":true,"href":"https:\/\/twsites.com.br\/novomigcenter\/index.php?rest_route=%2Fwp%2Fv2%2Fproduct_cat&post=12813"},{"taxonomy":"product_tag","embeddable":true,"href":"https:\/\/twsites.com.br\/novomigcenter\/index.php?rest_route=%2Fwp%2Fv2%2Fproduct_tag&post=12813"}],"curies":[{"name":"wp","href":"https:\/\/api.w.org\/{rel}","templated":true}]}}