{"id":12815,"date":"2020-03-24T11:35:53","date_gmt":"2020-03-24T11:35:53","guid":{"rendered":"https:\/\/twsites.com.br\/novomigcenter\/?product=refrigerador-vertical-370l-polo-frio"},"modified":"2020-03-24T11:35:53","modified_gmt":"2020-03-24T11:35:53","slug":"refrigerador-vertical-370l-polo-frio","status":"publish","type":"product","link":"https:\/\/twsites.com.br\/novomigcenter\/?product=refrigerador-vertical-370l-polo-frio","title":{"rendered":"Refrigerador Visa Cooler Porta de Vidro 370l"},"content":{"rendered":"<p><b><font face=\"Arial\"><span style=\"font-size: 14px;\">Principais Caracter\u00edsticas:<\/span><\/font><\/b><\/p>\n<p><font face=\"Arial\"><span style=\"font-size: 14px;\">Refrigera\u00e7\u00e3o e exposi\u00e7\u00e3o de bebidas;<\/span><\/font><\/p>\n<p><font face=\"Arial\"><span style=\"font-size: 14px;\">Refrigera\u00e7\u00e3o:<\/span><\/font><\/p>\n<ul style=\"padding-inline-start: 10px; width: 505px;\">\n<ul><\/ul>\n<\/ul>\n<p><font face=\"Arial\"><span style=\"font-size: 14px;\">Ar for\u00e7ado com serpentina aletada;&nbsp;<\/span><\/font><\/p>\n<p><font face=\"Arial\"><span style=\"font-size: 14px;\">Ar&nbsp;for\u00e7ado com placa fria;<\/span><\/font><\/p>\n<p><font face=\"Arial\"><span style=\"font-size: 14px;\">Controle de temperatura:<\/span><\/font><\/p>\n<ul style=\"padding-inline-start: 10px; width: 505px;\">\n<ul>\n<ul><\/ul>\n<\/ul>\n<\/ul>\n<p><font face=\"Arial\"><span style=\"font-size: 14px;\">Controle eletr\u00f4nico digital com degelo autom\u00e1tico (Ar For\u00e7ado com serpentina aletada);&nbsp;<\/span><\/font><\/p>\n<p><font face=\"Arial\"><span style=\"font-size: 14px;\">Termostato com degelo manual&nbsp;(Ar for\u00e7ado com placa fria);<\/span><\/font><\/p>\n<p><font face=\"Arial\"><span style=\"font-size: 14px;\">Ilumina\u00e7\u00e3o: LED (Interna) com interruptor;<\/span><\/font><\/p>\n<p><font face=\"Arial\"><span style=\"font-size: 14px;\">Porta&nbsp;vidro temperado duplo com baixo emissivo com fechamento autom\u00e1tico;<\/span><\/font><\/p>\n<p><font face=\"Arial\"><span style=\"font-size: 14px;\">P\u00e9s regul\u00e1veis;<\/span><\/font><\/p>\n<p><font face=\"Arial\"><span style=\"font-size: 14px;\">4 n\u00edveis de prateleiras regul\u00e1veis.<\/span><\/font><\/p>\n<ul><font face=\"Arial\"><span style=\"font-size: 14px;\">&nbsp;<\/span><\/font><\/ul>\n<p style=\"margin-bottom: 10px; font-size: 16px; text-align: justify;\"><strong><font face=\"Arial\"><span style=\"font-size: 14px;\">Quantidade de produtos nas prateleiras dispostos em p\u00e9:<\/span><\/font><\/strong><\/p>\n<p><font face=\"Arial\"><span style=\"font-size: 14px;\">Lata de 350 ml: 168 unidades;<\/span><\/font><\/p>\n<p><font face=\"Arial\"><span style=\"font-size: 14px;\">Garrafa pet 600 ml: 224 unidades;<\/span><\/font><\/p>\n<p><font face=\"Arial\"><span style=\"font-size: 14px;\">Garrafa pet 2 l: 80 unidades;<\/span><\/font><\/p>\n<p><\/p>\n<p><b>OP\u00c7\u00d5ES DE CORES&nbsp;<\/b><\/p>\n<p style=\"margin-bottom: 10px; font-size: 16px; text-align: justify;\"><img decoding=\"async\" src=\"http:\/\/www.migcenter.com.br\/image\/catalog\/Polo frio\/Scripts\/Cores Visa Cooler.png\" style=\"width: 303px;\"><strong><\/strong><\/p>\n","protected":false},"excerpt":{"rendered":"<p>Principais Caracter\u00edsticas: Refrigera\u00e7\u00e3o e exposi\u00e7\u00e3o de bebidas; Refrigera\u00e7\u00e3o: Ar for\u00e7ado com serpentina aletada;&nbsp; Ar&nbsp;for\u00e7ado com placa fria; Controle de temperatura: Controle eletr\u00f4nico digital com degelo autom\u00e1tico (Ar For\u00e7ado com serpentina aletada);&nbsp; Termostato com degelo manual&nbsp;(Ar for\u00e7ado com placa fria); Ilumina\u00e7\u00e3o: LED (Interna) com interruptor; Porta&nbsp;vidro temperado duplo com baixo emissivo com fechamento autom\u00e1tico; P\u00e9s regul\u00e1veis; [&hellip;]<\/p>\n","protected":false},"featured_media":12814,"comment_status":"open","ping_status":"closed","template":"","meta":[],"product_brand":[],"product_cat":[406],"product_tag":[],"class_list":{"0":"post-12815","1":"product","2":"type-product","3":"status-publish","4":"has-post-thumbnail","6":"product_cat-refrigerador-vertical","8":"first","9":"instock","10":"shipping-taxable","11":"purchasable","12":"product-type-simple"},"_links":{"self":[{"href":"https:\/\/twsites.com.br\/novomigcenter\/index.php?rest_route=\/wp\/v2\/product\/12815","targetHints":{"allow":["GET"]}}],"collection":[{"href":"https:\/\/twsites.com.br\/novomigcenter\/index.php?rest_route=\/wp\/v2\/product"}],"about":[{"href":"https:\/\/twsites.com.br\/novomigcenter\/index.php?rest_route=\/wp\/v2\/types\/product"}],"replies":[{"embeddable":true,"href":"https:\/\/twsites.com.br\/novomigcenter\/index.php?rest_route=%2Fwp%2Fv2%2Fcomments&post=12815"}],"wp:featuredmedia":[{"embeddable":true,"href":"https:\/\/twsites.com.br\/novomigcenter\/index.php?rest_route=\/wp\/v2\/media\/12814"}],"wp:attachment":[{"href":"https:\/\/twsites.com.br\/novomigcenter\/index.php?rest_route=%2Fwp%2Fv2%2Fmedia&parent=12815"}],"wp:term":[{"taxonomy":"product_brand","embeddable":true,"href":"https:\/\/twsites.com.br\/novomigcenter\/index.php?rest_route=%2Fwp%2Fv2%2Fproduct_brand&post=12815"},{"taxonomy":"product_cat","embeddable":true,"href":"https:\/\/twsites.com.br\/novomigcenter\/index.php?rest_route=%2Fwp%2Fv2%2Fproduct_cat&post=12815"},{"taxonomy":"product_tag","embeddable":true,"href":"https:\/\/twsites.com.br\/novomigcenter\/index.php?rest_route=%2Fwp%2Fv2%2Fproduct_tag&post=12815"}],"curies":[{"name":"wp","href":"https:\/\/api.w.org\/{rel}","templated":true}]}}