{"id":12817,"date":"2020-03-24T12:40:51","date_gmt":"2020-03-24T12:40:51","guid":{"rendered":"https:\/\/twsites.com.br\/novomigcenter\/?product=refrigerador-vertical-polo-frio-450l"},"modified":"2020-03-24T12:40:51","modified_gmt":"2020-03-24T12:40:51","slug":"refrigerador-vertical-polo-frio-450l","status":"publish","type":"product","link":"https:\/\/twsites.com.br\/novomigcenter\/?product=refrigerador-vertical-polo-frio-450l","title":{"rendered":"Refrigerador Visa Cooler Porta de Vidro 450l"},"content":{"rendered":"<p><b><span style=\"font-size: 14px;\">Principais Caracter\u00edsticas:<\/span><font face=\"Arial\"><br \/><\/font><\/b><\/p>\n<p><span style=\"font-size: 14px;\"><font face=\"Arial\">Refrigera\u00e7\u00e3o e exposi\u00e7\u00e3o de bebidas;<\/font><\/span><\/p>\n<p><span style=\"font-size: 14px;\"><font face=\"Arial\"><b>Refrigera\u00e7\u00e3o: \t<\/b><\/font><\/span><\/p>\n<ul>\n<ul><\/ul>\n<\/ul>\n<p><span style=\"font-size: 14px;\"><font face=\"Arial\"> \t<\/font><\/span><\/p>\n<p><span style=\"font-size: 14px;\"><font face=\"Arial\">Ar for\u00e7ado com serpentina aletada;&nbsp;<\/font><\/span><\/p>\n<p><span style=\"font-size: 14px;\"><font face=\"Arial\">Ar for\u00e7ado com placa fria;<\/font><\/span><\/p>\n<p><span style=\"font-size: 14px;\"><font face=\"Arial\">Controle de tempertatura:&nbsp; \t<\/font><\/span><\/p>\n<ul>\n<ul><\/ul>\n<\/ul>\n<p><span style=\"font-size: 14px;\"><font face=\"Arial\"> \t<\/font><\/span><\/p>\n<p><span style=\"font-size: 14px;\"><font face=\"Arial\">Controle eletr\u00f4nico digital com degelo autom\u00e1tico (Ar For\u00e7ado com serpentina aletada);&nbsp;<\/font><\/span><\/p>\n<p><span style=\"font-size: 14px;\"><font face=\"Arial\">Termostado com degelo manual (Ar for\u00e7ado com placa fria);<\/font><\/span><\/p>\n<p><span style=\"font-size: 14px;\"><font face=\"Arial\"><b>Ilumina\u00e7\u00e3o:<\/b> LED (Interna) com interruptor;<\/font><\/span><\/p>\n<p><span style=\"font-size: 14px;\"><font face=\"Arial\">Portas vidro temperado duplo com baixo emissivo com fechamento autom\u00e1tico;<\/font><\/span><\/p>\n<p><span style=\"font-size: 14px;\"><font face=\"Arial\">P\u00e9s regul\u00e1veis;<\/font><\/span><\/p>\n<p><span style=\"font-size: 14px;\"><font face=\"Arial\">4 n\u00edveis de prateleiras regul\u00e1veis;<\/font><\/span><\/p>\n<p><strong><span style=\"font-size: 14px;\"><font face=\"Arial\">Quantidade de produtos nas prateleiras dispostos em p\u00e9:<\/font><\/span><\/strong><\/p>\n<p><span style=\"font-size: 14px;\"><font face=\"Arial\">Lata de 350 ml: 252&nbsp;unidades;<\/font><\/span><\/p>\n<p><span style=\"font-size: 14px;\"><font face=\"Arial\">\u200bGarrafa pet 600 ml: 280&nbsp;unidades;<\/font><\/span><\/p>\n<p><span style=\"font-size: 14px;\"><font face=\"Arial\">Garrafa pet 2 l: 96 unidades;<\/font><\/span><\/p>\n<p><\/p>\n<p><b>OP\u00c7\u00d5ES DE CORES <\/b><\/p>\n<p><img decoding=\"async\" style=\"width: 303px;\" src=\"http:\/\/www.migcenter.com.br\/image\/catalog\/Polo frio\/Scripts\/Cores Visa Cooler.png\"><\/p>\n<p><strong><\/strong><\/p><\/p>\n","protected":false},"excerpt":{"rendered":"<p>Principais Caracter\u00edsticas: Refrigera\u00e7\u00e3o e exposi\u00e7\u00e3o de bebidas; Refrigera\u00e7\u00e3o: Ar for\u00e7ado com serpentina aletada;&nbsp; Ar for\u00e7ado com placa fria; Controle de tempertatura:&nbsp; Controle eletr\u00f4nico digital com degelo autom\u00e1tico (Ar For\u00e7ado com serpentina aletada);&nbsp; Termostado com degelo manual (Ar for\u00e7ado com placa fria); Ilumina\u00e7\u00e3o: LED (Interna) com interruptor; Portas vidro temperado duplo com baixo emissivo com fechamento [&hellip;]<\/p>\n","protected":false},"featured_media":12816,"comment_status":"open","ping_status":"closed","template":"","meta":[],"product_brand":[],"product_cat":[406],"product_tag":[],"class_list":{"0":"post-12817","1":"product","2":"type-product","3":"status-publish","4":"has-post-thumbnail","6":"product_cat-refrigerador-vertical","8":"first","9":"instock","10":"shipping-taxable","11":"purchasable","12":"product-type-simple"},"_links":{"self":[{"href":"https:\/\/twsites.com.br\/novomigcenter\/index.php?rest_route=\/wp\/v2\/product\/12817","targetHints":{"allow":["GET"]}}],"collection":[{"href":"https:\/\/twsites.com.br\/novomigcenter\/index.php?rest_route=\/wp\/v2\/product"}],"about":[{"href":"https:\/\/twsites.com.br\/novomigcenter\/index.php?rest_route=\/wp\/v2\/types\/product"}],"replies":[{"embeddable":true,"href":"https:\/\/twsites.com.br\/novomigcenter\/index.php?rest_route=%2Fwp%2Fv2%2Fcomments&post=12817"}],"wp:featuredmedia":[{"embeddable":true,"href":"https:\/\/twsites.com.br\/novomigcenter\/index.php?rest_route=\/wp\/v2\/media\/12816"}],"wp:attachment":[{"href":"https:\/\/twsites.com.br\/novomigcenter\/index.php?rest_route=%2Fwp%2Fv2%2Fmedia&parent=12817"}],"wp:term":[{"taxonomy":"product_brand","embeddable":true,"href":"https:\/\/twsites.com.br\/novomigcenter\/index.php?rest_route=%2Fwp%2Fv2%2Fproduct_brand&post=12817"},{"taxonomy":"product_cat","embeddable":true,"href":"https:\/\/twsites.com.br\/novomigcenter\/index.php?rest_route=%2Fwp%2Fv2%2Fproduct_cat&post=12817"},{"taxonomy":"product_tag","embeddable":true,"href":"https:\/\/twsites.com.br\/novomigcenter\/index.php?rest_route=%2Fwp%2Fv2%2Fproduct_tag&post=12817"}],"curies":[{"name":"wp","href":"https:\/\/api.w.org\/{rel}","templated":true}]}}