{"id":12819,"date":"2020-03-24T12:57:49","date_gmt":"2020-03-24T12:57:49","guid":{"rendered":"https:\/\/twsites.com.br\/novomigcenter\/?product=refrigerador-vertical-polo-frio-560l"},"modified":"2020-03-24T12:57:49","modified_gmt":"2020-03-24T12:57:49","slug":"refrigerador-vertical-polo-frio-560l","status":"publish","type":"product","link":"https:\/\/twsites.com.br\/novomigcenter\/?product=refrigerador-vertical-polo-frio-560l","title":{"rendered":"Refrigerador Visa Cooler Porta de Vidro 560l"},"content":{"rendered":"<p><b><font face=\"Arial\"><span style=\"font-size: 14px;\">Principais Caracter\u00edsticas:<\/span><\/font><\/b><\/p>\n<p><font face=\"Arial\"><span style=\"font-size: 14px;\">Refrigera\u00e7\u00e3o e exposi\u00e7\u00e3o de bebidas;<\/span><\/font><\/p>\n<p><font face=\"Arial\"><span style=\"font-size: 14px;\">Refrigera\u00e7\u00e3o: \t<\/span><\/font><\/p>\n<ul>\n<ul><\/ul>\n<\/ul>\n<p><span style=\"font-size: 14px;\"> \t<\/span><\/p>\n<p><font face=\"Arial\"><span style=\"font-size: 14px;\">Ar for\u00e7ado com serpentina aletada;<\/span><\/font><\/p>\n<p><font face=\"Arial\"><span style=\"font-size: 14px;\">Ar for\u00e7ado com placa fria;<\/span><\/font><\/p>\n<p><font face=\"Arial\"><span style=\"font-size: 14px;\">Controle de tempertatura:&nbsp; \t<\/span><\/font><\/p>\n<ul>\n<ul><\/ul>\n<\/ul>\n<p><span style=\"font-size: 14px;\"> \t<\/span><\/p>\n<p><font face=\"Arial\"><span style=\"font-size: 14px;\">Controle eletr\u00f4nico digital com degelo autom\u00e1tico (Ar For\u00e7ado com serpentina aletada);<\/span><\/font><\/p>\n<p><font face=\"Arial\"><span style=\"font-size: 14px;\">Termostado com degelo manual (Ar for\u00e7ado com placa fria);<\/span><\/font><\/p>\n<p><font face=\"Arial\"><span style=\"font-size: 14px;\">Ilumina\u00e7\u00e3o: LED (Interna) com interruptor;<\/span><\/font><\/p>\n<p><font face=\"Arial\"><span style=\"font-size: 14px;\">Porta&nbsp;vidro temperado duplo baixo emissivo com fechamento autom\u00e1tico;<\/span><\/font><\/p>\n<p><font face=\"Arial\"><span style=\"font-size: 14px;\">P\u00e9s regul\u00e1veis;<\/span><\/font><\/p>\n<p><font face=\"Arial\"><span style=\"font-size: 14px;\">4 n\u00edveis de prateleiras regul\u00e1veis;<\/span><\/font><\/p>\n<ul><font face=\"Arial\"><span style=\"font-size: 14px;\"> &nbsp;  <\/span><\/font><\/ul>\n<p><strong><font face=\"Arial\"><span style=\"font-size: 14px;\">Quantidade de produtos nas prateleiras dispostos em p\u00e9:<\/span><\/font><\/strong><\/p>\n<p><font face=\"Arial\"><span style=\"font-size: 14px;\">Lata de 350 ml: 252&nbsp;unidades;<\/span><\/font><\/p>\n<p><font face=\"Arial\"><span style=\"font-size: 14px;\">Garrafa pet 600 ml: 320&nbsp;unidades;<\/span><\/font><\/p>\n<p><font face=\"Arial\"><span style=\"font-size: 14px;\">Garrafa pet 2 l: 120 unidades;<\/span><\/font><\/p>\n<p><\/p>\n<p><b>OP\u00c7\u00d5ES DE CORES <\/b><\/p>\n<p><img decoding=\"async\" style=\"width: 425px;\" src=\"data:image\/png;base64,iVBORw0KGgoAAAANSUhEUgAAAakAAABJCAYAAACHH9ltAAASDklEQVR4nO2dX28bV3rGiX4LxYuiBXrV66y99Y33Mlr3GxgbO0YRO59gndiLfIAWxcYo7EV9EwdOsZYjbby7zrqA125EiWIcSpySxFTDv6E4Q41mhgTFv6Io6+lF9gxGFIecoY58ZsT3BR7IBgySPz8858eZIanI4eEhnHnz5s2RHBwcBCLDj2v4cfsZYp4N5rBwE\/NsMPPmnhXmyDAcu+HBYIDBYID9\/f0j6ff7byXD98sezyhwL9DjCiXms8McBm5ing1mWtN8mCOjAJ1Qe3t7dnq9Hrrd7ltJr9c7ct9O+FHA42DdiiXms8UcFm5ing1mWtN8uo444RgYA+p0Omi322i1Wmg2m2g2m9jd3X0rYffXarXQbrfR6XSO\/AcwcAY9Cni4WGepxHy2mMPETcyzwUxr+uRdA0CEQe7t7aHb7dpgu7u7aDQaqNfrqNVqsCwLlmXBNE2YpgnDME4l7PbZ\/dVqNdTrdTQaDezu7trg3W4Xe3t7Y2Gd5Y4qlpjPDnMYuIl5NphpTfPrGgAiDLLT6diA9XodlmXBMAzouo5qtQpN06BpGlRVhaqqqFQqpxJ2++z+qtUqdF2HYRiwLAv1et0G7nQ6I2Hdyh0ulpjPDnMYuIl5NphpTfPrGgAivV4P7XbbBjRNE7quQ1VVbG1toVQqoVAoIJfLIZvNQlEUKIqCzc3NUwm7\/Ww2i1wuh0KhgFKphK2tLaiqCl3XYZqmDdxut9Hr9UbCOn86iyXms8U8fCokqNzEPBvMtKb5dG1LikHWajXs7OxA0zSUy2Xk83koigJZlpFOp5FKpSBJEpLJJDY2NrC+vn4q2djYQDKZhCRJSKVSSKfTkGUZiqIgn8+jXC5D0zTs7OygVqvZsE4rszKdP52vPIj57DCPSlC5iXk2mGlNn7xrp6giTshKpYJisQhFUZDJZCBJEhKJBOLxOGKxGFZWVhCNRrG8vHyqiUajWFlZQSwWQzweRyKRgCRJyGQyUBQFxWIRlUrlCKzz8NH57hH2Z+ehMTGfHebhjSvo3MQ8G8y0pk\/W9RFJ1et1G7JQKECWZfzwuyew3r8B691LMP72HwMR691LMH\/5IdSvvoYsyygUCjZsvV5Hq9VCt9tFv98\/cujIDo\/7\/T663S5arRZGMT\/+3WNcv3YNF89fwD\/83d8HIhfPX8AHV69iaXHxVJhjsTUsPFnCvfsP8K\/\/9ptA5N79B3i8sIjXr7+fyDz8Vlb290nc1WoVg8EAQZr9\/X0YhnFqzJ+\/+F\/M313D3K0XiHz0THjmbr3Ae5\/F8Ohb+fR6Ln6OgX4ZqJ4D1L8JRqrnsL\/9CxiVL09lTX++8SfMv7qDuadXEHk8H4jMPb2C917exqPUc09dD5\/ejZimCU3TUCwWIcsytn\/1a+FCmpSdW59ClmUUi0VomgbTNEceOjo\/1OY8PB5m\/uTWLeFCmpTbH3\/ClfmPf\/xGuJAm5U\/P\/jyWefhDguzv47hbrZZoH42ddrvNnfnDz18Ll9K43Hj4Pf+e1RvihTQhbe0m1zX9YfTfhQtpUm6s\/mZi18Oiiui6jnK5DEVRUH68KFxAXlN+vPjjYy6Xoeu6beRer2e\/CmHp9\/vo9Xr2qw8n85OFBeEC8ponCwtcmNfWvhMuIK9ZW\/vOlXn4w4HOC8qjuLe3t0U7yNNsb29zY374Mi1cQl7y8GWaX88\/fCFcQF6z\/cMXXNb0w+Qz4QLymofJZ2O7PiYpVVWRz+eRyWRg\/vJD4fLxfPrv\/RvIZDLI5\/NQVRWWZdnnN50fFmMfdGPncC3LgpP5g6tXhcvHa65fu8aF+fHConD5eM3CkyVXZvYpduf5+v39fVfu\/f190f7xNIPBgBvze5\/FhAvIS+bvrvHrefsXwuXjNQP9Mpc1\/d7L28Ll4zXzr+6M7Zq9gcKWFDOxJEkwA3QNaqKk3r0ESZJsIxuGgUajcexQ2XmI3Gg0YBgGnMz\/FKBrUJNy8fwFLsz37v+ncPl4zb37D1yZ2SJ2bl79ft+Ve9RXrgR1eDHP\/SoY16AmZe7WC349B+ka1KRUz3FZ00G6BjUpc0+vjO36mKRKpRJkWUYikRAuHr9JJBKQZRmlUsk+bGTvvWdfv8G+KqTdbtuHyE5m0eLxGx7MosXjN27Mw98LxtjduMM0vJhFy8dPuPUsWjw+w2NNixaP34zreviUX6RQKCCdTiMejwuXjt\/E43Gk02kUCgVUq1XUajX73OZwua1WC7VaDdVqFU5m0dLxGx7MoqXjN27MbpuXG3eYhhezaPH4CbeeAyAeP+GxpkVLx2\/GdX1MUrlcDqlUCrFYTLh0\/CYWiyGVSiGXy0HTNFiWhWazaX83FCu32+2i2WzCsixomgYns2jp+A0PZtHS8Rs3ZnZx2bl59Xo9V+4wDS9m0eLxE249B0A8fsJjTYuWjt+M6\/qYpLLZLCRJwurqqnDp+M3q6iokSUI2m4WqqjBN0y6XPbHZtwI3m02YpglVVeFkFi0dv+HBLFo6fuPGzF5pss2Lvdp04w7T8GIWLR4\/4dZzAMTjJzzWtGjp+M24roc\/LxVRFAXJZBLRaFS4dPwmGo0imUxCURQblL1LxFkue0cMK9fJLFo6fsODWbR0\/MaN2fltymzz6na7rtxhGl7MosXjJ9x6DoB4\/ITHmhYtHb8Z1\/VISW1sbIRWUhsbG1AUBZVKxVO5lUoFTmbR0plGUidlFi2daSQ1innS5jXMHabhxSxaPH4lxaXnAIjHr6ROuqZFS2caSbl17Sqp5eVl4dLxm+Xl5SOghmGMLdcwjCPlLi8vC5eO3\/BgFi0dv3FjHrd5jeIO0\/BiFi0eP+HWcwDE4yc81rRo6fjNuK6PSWpzczP0ktrc3PRVrpNZtHSmldRJmEVLZ1pJDTN72byc3GEaXsyixTONpE7ccwDEM42kTrKmRUtnWkmN6nqkpNbX10MrqfX19anKZcyipTONpE7KLFo600hqFLPXzYtxh2l4MYsWj19Jcek5AOLxK6mTrmnR0plGUm5dk6RIUsKlQ5KaPCQpkhRJiiRFkgpJSFIkKZIUSYokFZKQpEhSJCmSFEkqJCFJkaRIUiQpkhRJKrAhSZGkSFIkKZIUSSqwIUmRpEhSJCmSFEkqsCFJkaRIUiQpkhRJKrAhSZGkSFIkKZIUSSqwIUmRpEhSJCmSFEkqsCFJkaRIUiQpkhRJKrAhSZGkSFIkKZIUSSqwIUmRpEhSJCmSFEkqsCFJkaRIUiQpkhRJKrAhSZGkSFIkKZIUSSqwIUmRpEhSJCmSFEkqsCFJkaRIUiQpkhRJKrAhSZGkSFIkKZLUDEiKfn18eMKDWbR0ppEU\/fr46ZhFi8evpOjXx0+3pkVLZxpJef718YqihF5SiqL4KtfJLFo600rqJMyipTOtpIaZvWxeTu4wDS9m0eKZRlIn7jkA4plGUidZ06KlM62kRnXtKqloNCpcOn4TjUaPgJqmObZc0zSPlBuNRoVLx294MIuWjt+4MY\/bvEZxh2l4MYsWj59w6zkA4vETHmtatHT8ZlzXIyWVTCZDK6lkMglFUaCqqqdyVVWFk1m0dKaR1EmZRUtnGkmNYp60eQ1zh2l4MYsWj19Jcek5AOLxK6mTrmnR0plGUm5dH5NUNpuFJElYXV0VLh2\/WV1dhSRJyGazNmiz2US32z1SbrfbRbPZtMt1MouWjt\/wYBYtHb9xY+71esc2r16v58odpuHFLFo8fsKt5wCIx094rGnR0vGbcV0fk1Qul0MqlUIsFhMuHb+JxWJIpVLI5XLQNA2WZdnl7u3tod\/v26+6ms0mLMuCpmlwMouWjt\/wYBYtHb9xY2ZPaLZ5scXsxh2m4cUsWjx+wq3nAIjHT3isadHS8ZtxXe\/v7x+VVKFQQDqdRjweFy4dv4nH40in0ygUCqhWq6jVami1WvYrL1Zur9dDq9VCrVZDtVqFk1m0dPyGB7No6fiNGzPjdW5ee3t7rtxhGl7MosXjJ9x6DoB4\/ITHmhYtHb8Z1\/UxSZVKJciyjEQiIVw6fpNIJCDLMkqlEnRdR71eR7vdHlluu91GvV6HrutwMouWjt\/wYBYtHb9xY3bbvNy4wzS8mEWLx0+49RwA8fgJjzUtWjp+M67rY5Iql8tQFAWSJMF695Jw8XiN9dOfQ5IkKIqCcrkMwzDQaDSOgA4GA\/scdrvdRqPRgGEYcDJfPH9BuHi85uKFn3Fhvnf\/gXDxeM393z5wZWYb18HBAQ4ODuwNzI07TMOLee7WC+Hy8ZJ3bv2FX8\/Vc8LF4znbP+GypueeXhEuHq955w9XxnY9GAxsQR0eHiKiqiry+TwymQys928Il4\/X1K7eRCaTQT6fh6qqsCzLfkcMe1Kzcvv9vv3OGMuy4GS+fu2acPl4zb98cJ0L88KTJeHy8ZonX\/3elZm9snZuXvv7+67cg8FAtHs8zcHBATfm+btrwgXkJZf\/I86vZ\/2yePl4zMHOP3NZ0\/Ov7giXj9dc\/p9fj+36mKR0XbeNXH68KFw+XqN+9bVtYna4yM7jMhuzsAutrVbLPlRmzE8WFoTLx2uWFhe5MK+tfSdcPl7z+vX3rszsCc02L7aY3bi3t7dF+8fTGIbBjfnhy7RwAXnJo29lfj3\/8IVw+XiNUfmSy5p+mHwmXD5e8yj1fGzXzlN9h4eHiJimCU3TUCwWIcsyjI8\/FS6gifn4U8iyjGKxCE3T7PfYDx8iszgPldnnDJzMdz65LVxAk3Lnk9tcmZ9981y4gCbl2TfPxzIzVufmNRgMxnJ3Oh3RDho7nU6HO\/PNL4J9bermFwn+PVc\/Ei6gSelUP+K6pm\/GPhMuoEm5GftsYtfHJFWv17Gzs4NKpYJCoQBZlqF+9TWs92\/A+unPxQvpr7HevQTr\/RuoLj2FLMsoFAqoVCrY2dmxTcw+COYEZU\/qfr+PbrdrvwoZZl5aXMT1a9dw8cLPhAuJ5eL5C7h+7Rp+v7R0KsyvX3+PhSdLuP\/b4Fyjunf\/ARaeLCGRWJ\/IzDatN2\/e2NwHBwcTuQ3DCNypv8FgANM0T4350bcy5u+u4Z1bfxEupchHzzB36wXm767hy+X\/O72eK1\/+eOpv+yfChWSneg4D\/TJM9b9OZU0\/Sj3H\/Ks7eOcPwblGNff0CuZf3cGXmf\/21LVTUIeHh4js7u6iVqvZsMViEYqiIJPJQJIkJBIJxONxxGIxrKysIBqNYnl5+VQTjUaxsrKCWCyGeDyORCIBSZKQyWSgKAqKxaINWavV7POZzneGOMtl57H39vbsc7rEfDaY2cbl3MCCzE3Ms8FMa\/pkXTNBAUCEHToyWE3TUC6Xkc\/noSgKZFlGOp1GKpWCJElIJpPY2NjA+vr6qWRjYwPJZBKSJCGVSiGdTkOWfzxfnc\/nUS6XoWnaEcjhw2NWqvPnqMNlYg4\/86gElZuYZ4OZ1vTJuz4iKfbe+93dXdTrdZimCV3Xoaoqtra2UCqVUCgUkMvlkM1moSgKFEXB5ubmqYTdfjabRS6XQ6FQQKlUwtbWFlRVha7rME0T9Xrdhhy+uMognT+HL7gS89lhdibI3MQ8G8y0pvl0zSbiPHxstVo2sGVZMAwDuq6jWq1C0zRomgZVVaGqKiqVyqmE3T67v2q1Cl3XYRgGLMuyAVut1pHDRDdItyc1MZ8t5jBwE\/NsMNOa5tc1AEScsN1uF+122wZuNBqo1+uo1WqwLAuWZcE0TZimCcMwTiXs9tn91Wo11Ot1NBoNG7Ddbh\/5ZmQn5LhyRxVMzGeDOQzcxDwbzLSm+XUNABEnrPPrN7rdLjqdjg3ebDbRbDaxu7v7VsLuj4F1Oh37W4GdX5PiBjlcrlvBxHw2mMPETcyzwUxr+uRdA0DECeyEdoKzsP+AtxEGxOL87i7nZyZGAQ5DjjqfTcxnjzks3MQ8G8y0pvl0HXHCDgM7oZ3wbyPD9zv8gT7nY54EOa5gYj5bzGHgJubZYKY1zYc5Mg7aCS46w4\/L6xPZb9HEfHaYw8JNzLPBzJt7Vpgjo2DHgYvKuMc4zRDzbDCHgZuYZ4P5NLhngTniFTiI4TGiGYj57TCHjZuYZ4OZF7dohtNkjkz+JzQ0NDQ0NGKGJEVDQ0NDE9ghSdHQ0NDQBHZIUjQ0NDQ0gR2SFA0NDQ1NYIckRUNDQ0MT2CFJ0dDQ0NAEdkhSNDQ0NDSBHZIUDQ0NDU1g5\/8Bz1MElx24bqQAAAAASUVORK5CYII=\" data-filename=\"clipboard.png\"><\/p>\n<p><strong><\/strong><\/p>\n","protected":false},"excerpt":{"rendered":"<p>Principais Caracter\u00edsticas: Refrigera\u00e7\u00e3o e exposi\u00e7\u00e3o de bebidas; Refrigera\u00e7\u00e3o: Ar for\u00e7ado com serpentina aletada; Ar for\u00e7ado com placa fria; Controle de tempertatura:&nbsp; Controle eletr\u00f4nico digital com degelo autom\u00e1tico (Ar For\u00e7ado com serpentina aletada); Termostado com degelo manual (Ar for\u00e7ado com placa fria); Ilumina\u00e7\u00e3o: LED (Interna) com interruptor; Porta&nbsp;vidro temperado duplo baixo emissivo com fechamento autom\u00e1tico; P\u00e9s [&hellip;]<\/p>\n","protected":false},"featured_media":12818,"comment_status":"open","ping_status":"closed","template":"","meta":[],"product_brand":[],"product_cat":[406],"product_tag":[],"class_list":{"0":"post-12819","1":"product","2":"type-product","3":"status-publish","4":"has-post-thumbnail","6":"product_cat-refrigerador-vertical","8":"first","9":"instock","10":"shipping-taxable","11":"purchasable","12":"product-type-simple"},"_links":{"self":[{"href":"https:\/\/twsites.com.br\/novomigcenter\/index.php?rest_route=\/wp\/v2\/product\/12819","targetHints":{"allow":["GET"]}}],"collection":[{"href":"https:\/\/twsites.com.br\/novomigcenter\/index.php?rest_route=\/wp\/v2\/product"}],"about":[{"href":"https:\/\/twsites.com.br\/novomigcenter\/index.php?rest_route=\/wp\/v2\/types\/product"}],"replies":[{"embeddable":true,"href":"https:\/\/twsites.com.br\/novomigcenter\/index.php?rest_route=%2Fwp%2Fv2%2Fcomments&post=12819"}],"wp:featuredmedia":[{"embeddable":true,"href":"https:\/\/twsites.com.br\/novomigcenter\/index.php?rest_route=\/wp\/v2\/media\/12818"}],"wp:attachment":[{"href":"https:\/\/twsites.com.br\/novomigcenter\/index.php?rest_route=%2Fwp%2Fv2%2Fmedia&parent=12819"}],"wp:term":[{"taxonomy":"product_brand","embeddable":true,"href":"https:\/\/twsites.com.br\/novomigcenter\/index.php?rest_route=%2Fwp%2Fv2%2Fproduct_brand&post=12819"},{"taxonomy":"product_cat","embeddable":true,"href":"https:\/\/twsites.com.br\/novomigcenter\/index.php?rest_route=%2Fwp%2Fv2%2Fproduct_cat&post=12819"},{"taxonomy":"product_tag","embeddable":true,"href":"https:\/\/twsites.com.br\/novomigcenter\/index.php?rest_route=%2Fwp%2Fv2%2Fproduct_tag&post=12819"}],"curies":[{"name":"wp","href":"https:\/\/api.w.org\/{rel}","templated":true}]}}