{"id":12822,"date":"2020-03-25T10:33:39","date_gmt":"2020-03-25T10:33:39","guid":{"rendered":"https:\/\/twsites.com.br\/novomigcenter\/?product=conveniencia-classic-1-50m-polofrio"},"modified":"2020-03-25T10:33:39","modified_gmt":"2020-03-25T10:33:39","slug":"conveniencia-classic-1-50m-polofrio","status":"publish","type":"product","link":"https:\/\/twsites.com.br\/novomigcenter\/?product=conveniencia-classic-1-50m-polofrio","title":{"rendered":"Conveni\u00eancia classic 1,50 m"},"content":{"rendered":"<ul>\n<li><\/li>\n<ul>\n<li><strong>Principais Caracter\u00edsticas:<\/strong><\/li>\n<ul>\n<li>Refrigera\u00e7\u00e3o e exposi\u00e7\u00e3o de bebidas, frutas, verduras, frios e latic\u00ednios;&nbsp;<\/li>\n<li>Refrigera\u00e7\u00e3o: Ar for\u00e7ado com serpentina aletada;<\/li>\n<li>Temperatura:&nbsp;\n<ul>\n<ul>\n<li>Frios e latic\u00ednios: +3\u00ba a +7\u00baC;<\/li>\n<li>Frutas e verduras: +3\u00ba a +12\u00baC;<\/li>\n<li>Bebidas: -2\u00b0 a +3\u00b0C;<\/li>\n<\/ul>\n<\/ul>\n<\/li>\n<li>Controle de temperatura: Controlador eletr\u00f4nico digital com degelo autom\u00e1tico;<\/li>\n<li>Ilumina\u00e7\u00e3o: LED (interna) com interruptor;&nbsp;<\/li>\n<li>Portas vidro temperado duplo baixo emissivo com fechamento autom\u00e1tico;<\/li>\n<li>P\u00e9s regul\u00e1veis;<\/li>\n<li>4 n\u00edveis de prateleiras regul\u00e1veis.<\/li>\n<\/ul>\n<li> <strong>Opcionais:<\/strong><\/li>\n<ul>\n<li>Adesivo testeira para frutas e verduras, bebidas ou frios e latic\u00ednios;<\/li>\n<\/ul>\n<\/ul>\n<\/ul>\n<p><\/p>\n","protected":false},"excerpt":{"rendered":"<p>Principais Caracter\u00edsticas: Refrigera\u00e7\u00e3o e exposi\u00e7\u00e3o de bebidas, frutas, verduras, frios e latic\u00ednios;&nbsp; Refrigera\u00e7\u00e3o: Ar for\u00e7ado com serpentina aletada; Temperatura:&nbsp; Frios e latic\u00ednios: +3\u00ba a +7\u00baC; Frutas e verduras: +3\u00ba a +12\u00baC; Bebidas: -2\u00b0 a +3\u00b0C; Controle de temperatura: Controlador eletr\u00f4nico digital com degelo autom\u00e1tico; Ilumina\u00e7\u00e3o: LED (interna) com interruptor;&nbsp; Portas vidro temperado duplo baixo emissivo [&hellip;]<\/p>\n","protected":false},"featured_media":12820,"comment_status":"open","ping_status":"closed","template":"","meta":[],"product_brand":[],"product_cat":[324],"product_tag":[],"class_list":{"0":"post-12822","1":"product","2":"type-product","3":"status-publish","4":"has-post-thumbnail","6":"product_cat-expositor-vertical","8":"first","9":"instock","10":"shipping-taxable","11":"purchasable","12":"product-type-simple"},"_links":{"self":[{"href":"https:\/\/twsites.com.br\/novomigcenter\/index.php?rest_route=\/wp\/v2\/product\/12822","targetHints":{"allow":["GET"]}}],"collection":[{"href":"https:\/\/twsites.com.br\/novomigcenter\/index.php?rest_route=\/wp\/v2\/product"}],"about":[{"href":"https:\/\/twsites.com.br\/novomigcenter\/index.php?rest_route=\/wp\/v2\/types\/product"}],"replies":[{"embeddable":true,"href":"https:\/\/twsites.com.br\/novomigcenter\/index.php?rest_route=%2Fwp%2Fv2%2Fcomments&post=12822"}],"wp:featuredmedia":[{"embeddable":true,"href":"https:\/\/twsites.com.br\/novomigcenter\/index.php?rest_route=\/wp\/v2\/media\/12820"}],"wp:attachment":[{"href":"https:\/\/twsites.com.br\/novomigcenter\/index.php?rest_route=%2Fwp%2Fv2%2Fmedia&parent=12822"}],"wp:term":[{"taxonomy":"product_brand","embeddable":true,"href":"https:\/\/twsites.com.br\/novomigcenter\/index.php?rest_route=%2Fwp%2Fv2%2Fproduct_brand&post=12822"},{"taxonomy":"product_cat","embeddable":true,"href":"https:\/\/twsites.com.br\/novomigcenter\/index.php?rest_route=%2Fwp%2Fv2%2Fproduct_cat&post=12822"},{"taxonomy":"product_tag","embeddable":true,"href":"https:\/\/twsites.com.br\/novomigcenter\/index.php?rest_route=%2Fwp%2Fv2%2Fproduct_tag&post=12822"}],"curies":[{"name":"wp","href":"https:\/\/api.w.org\/{rel}","templated":true}]}}