{"id":12843,"date":"2020-04-03T16:40:18","date_gmt":"2020-04-03T16:40:18","guid":{"rendered":"https:\/\/twsites.com.br\/novomigcenter\/?product=sanduicheira-a-gas-progas-pr-700-g"},"modified":"2020-04-03T16:40:18","modified_gmt":"2020-04-03T16:40:18","slug":"sanduicheira-a-gas-progas-pr-700-g","status":"publish","type":"product","link":"https:\/\/twsites.com.br\/novomigcenter\/?product=sanduicheira-a-gas-progas-pr-700-g","title":{"rendered":"Sanduicheira Conjugada \u00e0 G\u00e1s 70&#215;40"},"content":{"rendered":"<p><span style=\"font-weight: bolder; color: rgb(132, 132, 132); font-family: Poppins, sans-serif; font-size: 16px;\">Sobre o Produto<\/span><\/p>\n<div class=\"woocommerce-product-details__short-description\" style=\"color: rgb(132, 132, 132); font-family: Poppins, sans-serif; font-size: 16px;\">\n<p style=\"margin-bottom: 15px;\">A Chapa com Prensa a G\u00e1s Prog\u00e1s PR-700, possui uma extens\u00e3o de 70 cent\u00edmetros de estrutura em a\u00e7o inox, sendo mais resistente, e dividida em dois compartimentos, sendo metade chapa bifeteira e metade uma prensa para lanches.<br \/>Sendo dois em um, facilita o manuseio na hora de chapear o alimento e tem a fun\u00e7\u00e3o de deixar os lanches mais compactos e os p\u00e3es tostados al\u00e9m de todo o lanche ficar tostado igualmente.<\/p>\n<\/div>\n<table class=\"woocommerce-product-attributes shop_attributes\" style=\"margin: 0px 0px 1.41575em; width: 601.281px; border: 1px solid rgb(229, 229, 229); color: rgb(132, 132, 132); font-family: Poppins, sans-serif; font-size: 16px; background-color: rgb(255, 255, 255);\">\n<tbody>\n<tr class=\"woocommerce-product-attributes-item woocommerce-product-attributes-item--weight\">\n<th class=\"woocommerce-product-attributes-item__label\" style=\"vertical-align: top; background-color: rgb(238, 238, 238);\">Peso<\/th>\n<td class=\"woocommerce-product-attributes-item__value\" style=\"vertical-align: top; background-color: rgb(242, 242, 242);\">11,000 kg<\/td>\n<\/tr>\n<tr class=\"woocommerce-product-attributes-item woocommerce-product-attributes-item--dimensions\">\n<th class=\"woocommerce-product-attributes-item__label\" style=\"vertical-align: top;\">Dimens\u00f5es<\/th>\n<td class=\"woocommerce-product-attributes-item__value\" style=\"vertical-align: top;\">\n<p>45,00 \u00d7 68,00 \u00d7 18,00 cm<\/p>\n<\/td>\n<\/tr>\n<\/tbody>\n<\/table>\n","protected":false},"excerpt":{"rendered":"<p>Sobre o Produto A Chapa com Prensa a G\u00e1s Prog\u00e1s PR-700, possui uma extens\u00e3o de 70 cent\u00edmetros de estrutura em a\u00e7o inox, sendo mais resistente, e dividida em dois compartimentos, sendo metade chapa bifeteira e metade uma prensa para lanches.Sendo dois em um, facilita o manuseio na hora de chapear o alimento e tem a [&hellip;]<\/p>\n","protected":false},"featured_media":12842,"comment_status":"open","ping_status":"closed","template":"","meta":[],"product_brand":[],"product_cat":[300],"product_tag":[],"class_list":{"0":"post-12843","1":"product","2":"type-product","3":"status-publish","4":"has-post-thumbnail","6":"product_cat-chapa-char-broiler","8":"first","9":"instock","10":"shipping-taxable","11":"purchasable","12":"product-type-simple"},"_links":{"self":[{"href":"https:\/\/twsites.com.br\/novomigcenter\/index.php?rest_route=\/wp\/v2\/product\/12843","targetHints":{"allow":["GET"]}}],"collection":[{"href":"https:\/\/twsites.com.br\/novomigcenter\/index.php?rest_route=\/wp\/v2\/product"}],"about":[{"href":"https:\/\/twsites.com.br\/novomigcenter\/index.php?rest_route=\/wp\/v2\/types\/product"}],"replies":[{"embeddable":true,"href":"https:\/\/twsites.com.br\/novomigcenter\/index.php?rest_route=%2Fwp%2Fv2%2Fcomments&post=12843"}],"wp:featuredmedia":[{"embeddable":true,"href":"https:\/\/twsites.com.br\/novomigcenter\/index.php?rest_route=\/wp\/v2\/media\/12842"}],"wp:attachment":[{"href":"https:\/\/twsites.com.br\/novomigcenter\/index.php?rest_route=%2Fwp%2Fv2%2Fmedia&parent=12843"}],"wp:term":[{"taxonomy":"product_brand","embeddable":true,"href":"https:\/\/twsites.com.br\/novomigcenter\/index.php?rest_route=%2Fwp%2Fv2%2Fproduct_brand&post=12843"},{"taxonomy":"product_cat","embeddable":true,"href":"https:\/\/twsites.com.br\/novomigcenter\/index.php?rest_route=%2Fwp%2Fv2%2Fproduct_cat&post=12843"},{"taxonomy":"product_tag","embeddable":true,"href":"https:\/\/twsites.com.br\/novomigcenter\/index.php?rest_route=%2Fwp%2Fv2%2Fproduct_tag&post=12843"}],"curies":[{"name":"wp","href":"https:\/\/api.w.org\/{rel}","templated":true}]}}