{"id":12858,"date":"2020-07-01T22:55:38","date_gmt":"2020-07-01T22:55:38","guid":{"rendered":"https:\/\/twsites.com.br\/novomigcenter\/?product=cervejeira-410l-grba-400"},"modified":"2020-07-01T22:55:38","modified_gmt":"2020-07-01T22:55:38","slug":"cervejeira-410l-grba-400","status":"publish","type":"product","link":"https:\/\/twsites.com.br\/novomigcenter\/?product=cervejeira-410l-grba-400","title":{"rendered":"Cervejeira 410l GRBA &#8211; 400PV"},"content":{"rendered":"<p><font face=\"Arial\"><strong class=\"tit-bloco-desc\" style=\"outline: transparent none medium; -webkit-font-smoothing: antialiased; text-rendering: optimizelegibility; color: rgb(76, 76, 76); font-size: 15px;\"><span style=\"font-size: 14px;\">Descri\u00e7\u00e3o do Produto<\/span><\/strong><span style=\"color: rgb(76, 76, 76); font-size: 15px;\"><span style=\"font-size: 14px;\">&nbsp;<\/span><\/span><\/font><\/p>\n<p><font face=\"Arial\"><span style=\"color: rgb(76, 76, 76); font-size: 15px;\"><span style=\"font-size: 14px;\">Refrigera\u00e7\u00e3o de Cervejas e Bebidas (\u00c1gua, Sucos e Refrigerantes)<\/span><\/span><br style=\"outline: transparent none medium; -webkit-font-smoothing: antialiased; text-rendering: optimizelegibility; color: rgb(76, 76, 76); font-size: 15px;\"><span style=\"color: rgb(76, 76, 76); font-size: 14px;\"><b>Temperatura regul\u00e1vel: <\/b>-6\u00ba, -4\u00ba, +1\u00baC ou +3\u00baC (Modo Economia), atrav\u00e9s de controlador eletr\u00f4nico digital com indicador digital de temperatura e degelo autom\u00e1tico (frost free)<\/span><br style=\"outline: transparent none medium; -webkit-font-smoothing: antialiased; text-rendering: optimizelegibility; color: rgb(76, 76, 76); font-size: 15px;\"><span style=\"color: rgb(76, 76, 76); font-size: 14px;\"><b>Refrigera\u00e7\u00e3o: <\/b>Ar for\u00e7ado com serpentina aletada de cobre<\/span><br style=\"outline: transparent none medium; -webkit-font-smoothing: antialiased; text-rendering: optimizelegibility; color: rgb(76, 76, 76); font-size: 15px;\"><span style=\"color: rgb(76, 76, 76); font-size: 14px;\"><b>Porta:<\/b> Vidro duplo temperado baixo emissivo (sem aquecimento) com fechamento autom\u00e1tico<\/span><br style=\"outline: transparent none medium; -webkit-font-smoothing: antialiased; text-rendering: optimizelegibility; color: rgb(76, 76, 76); font-size: 15px;\"><span style=\"color: rgb(76, 76, 76); font-size: 14px;\"><b>Ilumina\u00e7\u00e3o:<\/b> 1 barra de LED interna superior<\/span><br style=\"outline: transparent none medium; -webkit-font-smoothing: antialiased; text-rendering: optimizelegibility; color: rgb(76, 76, 76); font-size: 15px;\"><span style=\"color: rgb(76, 76, 76); font-size: 14px;\"><b>Prateleiras aramadas:<\/b> 3 n\u00edveis regul\u00e1veis<\/span><br style=\"outline: transparent none medium; -webkit-font-smoothing: antialiased; text-rendering: optimizelegibility; color: rgb(76, 76, 76); font-size: 15px;\"><span style=\"color: rgb(76, 76, 76); font-size: 14px;\">Revestimento externo: A\u00e7o pr\u00e9-pintado preto<\/span><br style=\"outline: transparent none medium; -webkit-font-smoothing: antialiased; text-rendering: optimizelegibility; color: rgb(76, 76, 76); font-size: 15px;\"><span style=\"color: rgb(76, 76, 76); font-size: 14px;\">P\u00e9s niveladores<\/span><br style=\"outline: transparent none medium; -webkit-font-smoothing: antialiased; text-rendering: optimizelegibility; color: rgb(76, 76, 76); font-size: 15px;\"><span style=\"color: rgb(76, 76, 76); font-size: 14px;\">Vidros sujeitos a condensa\u00e7\u00e3o da umidade do ar* Imagens meramente ilustrativas. Imagens e informa\u00e7\u00f5es sujeitas a altera\u00e7\u00f5es sem aviso pr\u00e9vio.<\/span><br style=\"outline: transparent none medium; -webkit-font-smoothing: antialiased; text-rendering: optimizelegibility; color: rgb(76, 76, 76); font-size: 15px;\"><br style=\"outline: transparent none medium; -webkit-font-smoothing: antialiased; text-rendering: optimizelegibility; color: rgb(76, 76, 76); font-size: 15px;\"><\/font><span style=\"color: rgb(76, 76, 76); font-size: 15px;\"><span style=\"font-size: 10px;\"><font face=\"Arial\">** Cores de acabamento e materiais sujeitos a varia\u00e7\u00e3o de acordo com o lote de produ\u00e7\u00e3o e\/ou entre os materiais que comp\u00f5em o produto (ex.: chapa, pl\u00e1stico,madeiras e etc.)<\/font><\/span><font face=\"alegreya_sansregular\"><span style=\"font-size: 10px;\">.<\/span><\/font><\/span><\/p>\n<table class=\"tabela-especificacoes\" style=\"outline: 0px; -webkit-font-smoothing: antialiased; text-rendering: optimizelegibility; border: 0px; font-size: medium; font-family: alegreya_sansregular; margin: 0px; padding: 0px; vertical-align: baseline; border-collapse: separate; width: 330px; table-layout: fixed; color: rgb(76, 76, 76); background-color: rgb(255, 255, 255);\">\n<tbody style=\"outline: 0px; -webkit-font-smoothing: antialiased; text-rendering: optimizelegibility; border: 0px; font-style: inherit; font-size: inherit; font-family: inherit; margin: 0px; padding: 0px; vertical-align: baseline;\">\n<tr style=\"outline: 0px; -webkit-font-smoothing: antialiased; text-rendering: optimizelegibility; border: 0px; font-style: inherit; font-size: inherit; margin: 0px; padding: 0px; vertical-align: baseline;\">\n<td class=\"label-especificacoes\" width=\"190\" style=\"outline: 0px; -webkit-font-smoothing: antialiased; text-rendering: optimizelegibility; border-width: 0px 5px 5px 0px; border-top-style: initial; border-right-style: solid; border-bottom-style: solid; border-left-style: initial; border-top-color: initial; border-right-color: rgb(255, 255, 255); border-bottom-color: rgb(255, 255, 255); border-left-color: initial; border-image: initial; font-style: inherit; font-size: 15px; margin: 0px; padding: 7px; vertical-align: baseline; background: rgb(249, 249, 249); color: rgb(74, 74, 74); overflow-wrap: break-word;\"><font face=\"Arial\"><span style=\"font-size: 14px;\">Frente(mm)<\/span><\/font><\/td>\n<td colspan=\"2\" style=\"outline: 0px; -webkit-font-smoothing: antialiased; text-rendering: optimizelegibility; border-width: 0px 5px 5px 0px; border-top-style: initial; border-right-style: solid; border-bottom-style: solid; border-left-style: initial; border-top-color: initial; border-right-color: rgb(255, 255, 255); border-bottom-color: rgb(255, 255, 255); border-left-color: initial; border-image: initial; font-style: inherit; font-size: 15px; margin: 0px; padding: 7px; vertical-align: baseline; background: rgb(249, 249, 249); color: rgb(74, 74, 74); overflow-wrap: break-word;\"><font face=\"Arial\"><span style=\"font-size: 14px;\">645<\/span><\/font><\/td>\n<\/tr>\n<tr style=\"outline: 0px; -webkit-font-smoothing: antialiased; text-rendering: optimizelegibility; border: 0px; font-style: inherit; font-size: inherit; margin: 0px; padding: 0px; vertical-align: baseline;\">\n<td class=\"label-especificacoes\" width=\"190\" style=\"outline: 0px; -webkit-font-smoothing: antialiased; text-rendering: optimizelegibility; border-width: 0px 5px 5px 0px; border-top-style: initial; border-right-style: solid; border-bottom-style: solid; border-left-style: initial; border-top-color: initial; border-right-color: rgb(255, 255, 255); border-bottom-color: rgb(255, 255, 255); border-left-color: initial; border-image: initial; font-style: inherit; font-size: 15px; margin: 0px; padding: 7px; vertical-align: baseline; background: rgb(249, 249, 249); color: rgb(74, 74, 74); overflow-wrap: break-word;\"><font face=\"Arial\"><span style=\"font-size: 14px;\">Profundidade(mm)<\/span><\/font><\/td>\n<td colspan=\"2\" style=\"outline: 0px; -webkit-font-smoothing: antialiased; text-rendering: optimizelegibility; border-width: 0px 5px 5px 0px; border-top-style: initial; border-right-style: solid; border-bottom-style: solid; border-left-style: initial; border-top-color: initial; border-right-color: rgb(255, 255, 255); border-bottom-color: rgb(255, 255, 255); border-left-color: initial; border-image: initial; font-style: inherit; font-size: 15px; margin: 0px; padding: 7px; vertical-align: baseline; background: rgb(249, 249, 249); color: rgb(74, 74, 74); overflow-wrap: break-word;\"><font face=\"Arial\"><span style=\"font-size: 14px;\">645<\/span><\/font><\/td>\n<\/tr>\n<tr style=\"outline: 0px; -webkit-font-smoothing: antialiased; text-rendering: optimizelegibility; border: 0px; font-style: inherit; font-size: inherit; margin: 0px; padding: 0px; vertical-align: baseline;\">\n<td class=\"label-especificacoes\" width=\"190\" style=\"outline: 0px; -webkit-font-smoothing: antialiased; text-rendering: optimizelegibility; border-width: 0px 5px 5px 0px; border-top-style: initial; border-right-style: solid; border-bottom-style: solid; border-left-style: initial; border-top-color: initial; border-right-color: rgb(255, 255, 255); border-bottom-color: rgb(255, 255, 255); border-left-color: initial; border-image: initial; font-style: inherit; font-size: 15px; margin: 0px; padding: 7px; vertical-align: baseline; background: rgb(249, 249, 249); color: rgb(74, 74, 74); overflow-wrap: break-word;\"><font face=\"Arial\"><span style=\"font-size: 14px;\">Altura(mm)<\/span><\/font><\/td>\n<td colspan=\"2\" style=\"outline: 0px; -webkit-font-smoothing: antialiased; text-rendering: optimizelegibility; border-width: 0px 5px 5px 0px; border-top-style: initial; border-right-style: solid; border-bottom-style: solid; border-left-style: initial; border-top-color: initial; border-right-color: rgb(255, 255, 255); border-bottom-color: rgb(255, 255, 255); border-left-color: initial; border-image: initial; font-style: inherit; font-size: 15px; margin: 0px; padding: 7px; vertical-align: baseline; background: rgb(249, 249, 249); color: rgb(74, 74, 74); overflow-wrap: break-word;\"><font face=\"Arial\"><span style=\"font-size: 14px;\">1860<\/span><\/font><\/td>\n<\/tr>\n<tr style=\"outline: 0px; -webkit-font-smoothing: antialiased; text-rendering: optimizelegibility; border: 0px; font-style: inherit; font-size: inherit; margin: 0px; padding: 0px; vertical-align: baseline;\">\n<td class=\"label-especificacoes\" width=\"190\" style=\"outline: 0px; -webkit-font-smoothing: antialiased; text-rendering: optimizelegibility; border-width: 0px 5px 5px 0px; border-top-style: initial; border-right-style: solid; border-bottom-style: solid; border-left-style: initial; border-top-color: initial; border-right-color: rgb(255, 255, 255); border-bottom-color: rgb(255, 255, 255); border-left-color: initial; border-image: initial; font-style: inherit; font-size: 15px; margin: 0px; padding: 7px; vertical-align: baseline; background: rgb(249, 249, 249); color: rgb(74, 74, 74); overflow-wrap: break-word;\"><font face=\"Arial\"><span style=\"font-size: 14px;\">Peso bruto(kg)<\/span><\/font><\/td>\n<td colspan=\"2\" style=\"outline: 0px; -webkit-font-smoothing: antialiased; text-rendering: optimizelegibility; border-width: 0px 5px 5px 0px; border-top-style: initial; border-right-style: solid; border-bottom-style: solid; border-left-style: initial; border-top-color: initial; border-right-color: rgb(255, 255, 255); border-bottom-color: rgb(255, 255, 255); border-left-color: initial; border-image: initial; font-style: inherit; font-size: 15px; margin: 0px; padding: 7px; vertical-align: baseline; background: rgb(249, 249, 249); color: rgb(74, 74, 74); overflow-wrap: break-word;\"><font face=\"Arial\"><span style=\"font-size: 14px;\">98<\/span><\/font><\/td>\n<\/tr>\n<tr style=\"outline: 0px; -webkit-font-smoothing: antialiased; text-rendering: optimizelegibility; border: 0px; font-style: inherit; font-size: inherit; margin: 0px; padding: 0px; vertical-align: baseline;\">\n<td class=\"label-especificacoes\" width=\"190\" style=\"outline: 0px; -webkit-font-smoothing: antialiased; text-rendering: optimizelegibility; border-width: 0px 5px 5px 0px; border-top-style: initial; border-right-style: solid; border-bottom-style: solid; border-left-style: initial; border-top-color: initial; border-right-color: rgb(255, 255, 255); border-bottom-color: rgb(255, 255, 255); border-left-color: initial; border-image: initial; font-style: inherit; font-size: 15px; margin: 0px; padding: 7px; vertical-align: baseline; background: rgb(249, 249, 249); color: rgb(74, 74, 74); overflow-wrap: break-word;\"><font face=\"Arial\"><span style=\"font-size: 14px;\">Capacidade bruta(litros)<\/span><\/font><\/td>\n<td colspan=\"2\" style=\"outline: 0px; -webkit-font-smoothing: antialiased; text-rendering: optimizelegibility; border-width: 0px 5px 5px 0px; border-top-style: initial; border-right-style: solid; border-bottom-style: solid; border-left-style: initial; border-top-color: initial; border-right-color: rgb(255, 255, 255); border-bottom-color: rgb(255, 255, 255); border-left-color: initial; border-image: initial; font-style: inherit; font-size: 15px; margin: 0px; padding: 7px; vertical-align: baseline; background: rgb(249, 249, 249); color: rgb(74, 74, 74); overflow-wrap: break-word;\"><font face=\"Arial\"><span style=\"font-size: 14px;\">410<\/span><\/font><\/td>\n<\/tr>\n<tr style=\"outline: 0px; -webkit-font-smoothing: antialiased; text-rendering: optimizelegibility; border: 0px; font-style: inherit; font-size: inherit; margin: 0px; padding: 0px; vertical-align: baseline;\">\n<td class=\"label-especificacoes\" width=\"190\" style=\"outline: 0px; -webkit-font-smoothing: antialiased; text-rendering: optimizelegibility; border-width: 0px 5px 5px 0px; border-top-style: initial; border-right-style: solid; border-bottom-style: solid; border-left-style: initial; border-top-color: initial; border-right-color: rgb(255, 255, 255); border-bottom-color: rgb(255, 255, 255); border-left-color: initial; border-image: initial; font-style: inherit; font-size: 15px; margin: 0px; padding: 7px; vertical-align: baseline; background: rgb(249, 249, 249); color: rgb(74, 74, 74); overflow-wrap: break-word;\"><font face=\"Arial\"><span style=\"font-size: 14px;\">Tens\u00e3o(V)<\/span><\/font><\/td>\n<td style=\"outline: 0px; -webkit-font-smoothing: antialiased; text-rendering: optimizelegibility; border-width: 0px 5px 5px 0px; border-top-style: initial; border-right-style: solid; border-bottom-style: solid; border-left-style: initial; border-top-color: initial; border-right-color: rgb(255, 255, 255); border-bottom-color: rgb(255, 255, 255); border-left-color: initial; border-image: initial; font-style: inherit; font-size: 15px; margin: 0px; padding: 7px; vertical-align: baseline; background: rgb(249, 249, 249); color: rgb(74, 74, 74); overflow-wrap: break-word;\"><font face=\"Arial\"><span style=\"font-size: 14px;\">127<\/span><\/font><\/td>\n<td style=\"outline: 0px; -webkit-font-smoothing: antialiased; text-rendering: optimizelegibility; border-width: 0px 5px 5px 0px; border-top-style: initial; border-right-style: solid; border-bottom-style: solid; border-left-style: initial; border-top-color: initial; border-right-color: rgb(255, 255, 255); border-bottom-color: rgb(255, 255, 255); border-left-color: initial; border-image: initial; font-style: inherit; font-size: 15px; margin: 0px; padding: 7px; vertical-align: baseline; background: rgb(249, 249, 249); color: rgb(74, 74, 74); overflow-wrap: break-word;\"><font face=\"Arial\"><span style=\"font-size: 14px;\">220<\/span><\/font><\/td>\n<\/tr>\n<tr style=\"outline: 0px; -webkit-font-smoothing: antialiased; text-rendering: optimizelegibility; border: 0px; font-style: inherit; font-size: inherit; margin: 0px; padding: 0px; vertical-align: baseline;\">\n<td class=\"label-especificacoes\" width=\"190\" style=\"outline: 0px; -webkit-font-smoothing: antialiased; text-rendering: optimizelegibility; border-width: 0px 5px 5px 0px; border-top-style: initial; border-right-style: solid; border-bottom-style: solid; border-left-style: initial; border-top-color: initial; border-right-color: rgb(255, 255, 255); border-bottom-color: rgb(255, 255, 255); border-left-color: initial; border-image: initial; font-style: inherit; font-size: 15px; margin: 0px; padding: 7px; vertical-align: baseline; background: rgb(249, 249, 249); color: rgb(74, 74, 74); overflow-wrap: break-word;\"><font face=\"Arial\"><span style=\"font-size: 14px;\">Frequ\u00eancia(Hz)<\/span><\/font><\/td>\n<td style=\"outline: 0px; -webkit-font-smoothing: antialiased; text-rendering: optimizelegibility; border-width: 0px 5px 5px 0px; border-top-style: initial; border-right-style: solid; border-bottom-style: solid; border-left-style: initial; border-top-color: initial; border-right-color: rgb(255, 255, 255); border-bottom-color: rgb(255, 255, 255); border-left-color: initial; border-image: initial; font-style: inherit; font-size: 15px; margin: 0px; padding: 7px; vertical-align: baseline; background: rgb(249, 249, 249); color: rgb(74, 74, 74); overflow-wrap: break-word;\"><font face=\"Arial\"><span style=\"font-size: 14px;\">60<\/span><\/font><\/td>\n<td style=\"outline: 0px; -webkit-font-smoothing: antialiased; text-rendering: optimizelegibility; border-width: 0px 5px 5px 0px; border-top-style: initial; border-right-style: solid; border-bottom-style: solid; border-left-style: initial; border-top-color: initial; border-right-color: rgb(255, 255, 255); border-bottom-color: rgb(255, 255, 255); border-left-color: initial; border-image: initial; font-style: inherit; font-size: 15px; margin: 0px; padding: 7px; vertical-align: baseline; background: rgb(249, 249, 249); color: rgb(74, 74, 74); overflow-wrap: break-word;\"><font face=\"Arial\"><span style=\"font-size: 14px;\">645<\/span><\/font><\/td>\n<\/tr>\n<tr style=\"outline: 0px; -webkit-font-smoothing: antialiased; text-rendering: optimizelegibility; border: 0px; font-style: inherit; font-size: inherit; margin: 0px; padding: 0px; vertical-align: baseline;\">\n<td class=\"label-especificacoes\" width=\"190\" style=\"outline: 0px; -webkit-font-smoothing: antialiased; text-rendering: optimizelegibility; border-width: 0px 5px 5px 0px; border-top-style: initial; border-right-style: solid; border-bottom-style: solid; border-left-style: initial; border-top-color: initial; border-right-color: rgb(255, 255, 255); border-bottom-color: rgb(255, 255, 255); border-left-color: initial; border-image: initial; font-style: inherit; font-size: 15px; margin: 0px; padding: 7px; vertical-align: baseline; background: rgb(249, 249, 249); color: rgb(74, 74, 74); overflow-wrap: break-word;\"><font face=\"Arial\"><span style=\"font-size: 14px;\">Consumo kWh\/dia(60Hz)<\/span><\/font><\/td>\n<td colspan=\"2\" style=\"outline: 0px; -webkit-font-smoothing: antialiased; text-rendering: optimizelegibility; border-width: 0px 5px 5px 0px; border-top-style: initial; border-right-style: solid; border-bottom-style: solid; border-left-style: initial; border-top-color: initial; border-right-color: rgb(255, 255, 255); border-bottom-color: rgb(255, 255, 255); border-left-color: initial; border-image: initial; font-style: inherit; font-size: 15px; margin: 0px; padding: 7px; vertical-align: baseline; background: rgb(249, 249, 249); color: rgb(74, 74, 74); overflow-wrap: break-word;\"><font face=\"Arial\"><span style=\"font-size: 14px;\">8,08<\/span><\/font><\/td>\n<\/tr>\n<tr style=\"outline: 0px; -webkit-font-smoothing: antialiased; text-rendering: optimizelegibility; border: 0px; font-style: inherit; font-size: inherit; font-family: inherit; margin: 0px; padding: 0px; vertical-align: baseline;\">\n<td class=\"label-especificacoes\" width=\"190\" style=\"outline: 0px; -webkit-font-smoothing: antialiased; text-rendering: optimizelegibility; border-width: 0px 5px 5px 0px; border-top-style: initial; border-right-style: solid; border-bottom-style: solid; border-left-style: initial; border-top-color: initial; border-right-color: rgb(255, 255, 255); border-bottom-color: rgb(255, 255, 255); border-left-color: initial; border-image: initial; font-style: inherit; font-size: 15px; margin: 0px; padding: 7px; vertical-align: baseline; background: rgb(249, 249, 249); color: rgb(74, 74, 74); overflow-wrap: break-word;\"><font face=\"Arial\"><span style=\"font-size: 14px;\">Classe<\/span><\/font><\/td>\n<\/tr>\n<\/tbody>\n<\/table>\n<p><\/p>\n","protected":false},"excerpt":{"rendered":"<p>Descri\u00e7\u00e3o do Produto&nbsp; Refrigera\u00e7\u00e3o de Cervejas e Bebidas (\u00c1gua, Sucos e Refrigerantes)Temperatura regul\u00e1vel: -6\u00ba, -4\u00ba, +1\u00baC ou +3\u00baC (Modo Economia), atrav\u00e9s de controlador eletr\u00f4nico digital com indicador digital de temperatura e degelo autom\u00e1tico (frost free)Refrigera\u00e7\u00e3o: Ar for\u00e7ado com serpentina aletada de cobrePorta: Vidro duplo temperado baixo emissivo (sem aquecimento) com fechamento autom\u00e1ticoIlumina\u00e7\u00e3o: 1 barra de [&hellip;]<\/p>\n","protected":false},"featured_media":12856,"comment_status":"open","ping_status":"closed","template":"","meta":[],"product_brand":[],"product_cat":[323,419,417],"product_tag":[],"class_list":{"0":"post-12858","1":"product","2":"type-product","3":"status-publish","4":"has-post-thumbnail","6":"product_cat-cervejeira","7":"product_cat-linha-gelopar","8":"product_cat-novidades","10":"first","11":"instock","12":"shipping-taxable","13":"purchasable","14":"product-type-simple"},"_links":{"self":[{"href":"https:\/\/twsites.com.br\/novomigcenter\/index.php?rest_route=\/wp\/v2\/product\/12858","targetHints":{"allow":["GET"]}}],"collection":[{"href":"https:\/\/twsites.com.br\/novomigcenter\/index.php?rest_route=\/wp\/v2\/product"}],"about":[{"href":"https:\/\/twsites.com.br\/novomigcenter\/index.php?rest_route=\/wp\/v2\/types\/product"}],"replies":[{"embeddable":true,"href":"https:\/\/twsites.com.br\/novomigcenter\/index.php?rest_route=%2Fwp%2Fv2%2Fcomments&post=12858"}],"wp:featuredmedia":[{"embeddable":true,"href":"https:\/\/twsites.com.br\/novomigcenter\/index.php?rest_route=\/wp\/v2\/media\/12856"}],"wp:attachment":[{"href":"https:\/\/twsites.com.br\/novomigcenter\/index.php?rest_route=%2Fwp%2Fv2%2Fmedia&parent=12858"}],"wp:term":[{"taxonomy":"product_brand","embeddable":true,"href":"https:\/\/twsites.com.br\/novomigcenter\/index.php?rest_route=%2Fwp%2Fv2%2Fproduct_brand&post=12858"},{"taxonomy":"product_cat","embeddable":true,"href":"https:\/\/twsites.com.br\/novomigcenter\/index.php?rest_route=%2Fwp%2Fv2%2Fproduct_cat&post=12858"},{"taxonomy":"product_tag","embeddable":true,"href":"https:\/\/twsites.com.br\/novomigcenter\/index.php?rest_route=%2Fwp%2Fv2%2Fproduct_tag&post=12858"}],"curies":[{"name":"wp","href":"https:\/\/api.w.org\/{rel}","templated":true}]}}