{"id":12877,"date":"2020-07-05T14:25:13","date_gmt":"2020-07-05T14:25:13","guid":{"rendered":"https:\/\/twsites.com.br\/novomigcenter\/?product=vitrine-estufa-com-bandejas-meqa-075-rti"},"modified":"2020-07-05T14:25:13","modified_gmt":"2020-07-05T14:25:13","slug":"vitrine-estufa-com-bandejas-meqa-075-rti","status":"publish","type":"product","link":"https:\/\/twsites.com.br\/novomigcenter\/?product=vitrine-estufa-com-bandejas-meqa-075-rti","title":{"rendered":"Vitrine Estufa com bandejas"},"content":{"rendered":"<div class=\"bloco-desc-prod\">                                             <strong class=\"tit-bloco-desc\">Descri\u00e7\u00e3o do Produto<\/strong>                         Aquecimento e exposi\u00e7\u00e3o de salgados<br \/> Temperatura: Acima de 60\u00baC<br \/> Aquecimento: Resist\u00eancia blindada<br \/> Controle de Temperatura: Termostato<br \/> Gabinete: Monobloco em a\u00e7o pr\u00e9-pintado<br \/> Prateleiras: 2 n\u00edveis, aramadas fixas<br \/> Ilumina\u00e7\u00e3o: LED com interruptor<br \/> Porta(s) injetada(s) em PSAI<br \/> Bandejas em a\u00e7o inox 304 (9 unidades)<br \/> Vidros temperados<br \/> P\u00e9s niveladores<br \/> Acompanha perfil alum\u00ednio em T para remate de tampos em montagem&#8221;*  Imagens meramente ilustrativas. Imagens e informa\u00e7\u00f5es sujeitas a  altera\u00e7\u00f5es sem aviso pr\u00e9vio. <\/p>\n<p> ** Cores de acabamento e materiais sujeitos a varia\u00e7\u00e3o de acordo com o  lote de produ\u00e7\u00e3o e\/ou entre os materiais que comp\u00f5em o produto (ex.:  chapa, pl\u00e1stico,madeiras e etc.).&#8221;                                     <\/p><\/div>\n<table class=\"tabela-especificacoes\">\n<tbody>\n<tr>\n<td class=\"label-especificacoes\" width=\"190\">Frente(mm)<\/td>\n<td colspan=\"2\">740<\/td>\n<\/tr>\n<tr>\n<td class=\"label-especificacoes\" width=\"190\">Profundidade(mm)<\/td>\n<td colspan=\"2\">632<\/td>\n<\/tr>\n<tr>\n<td class=\"label-especificacoes\" width=\"190\">Altura(mm)<\/td>\n<td colspan=\"2\">1150<\/td>\n<\/tr>\n<tr>\n<td class=\"label-especificacoes\" width=\"190\">Peso bruto(kg)<\/td>\n<td colspan=\"2\">38<\/td>\n<\/tr>\n<tr>\n<td class=\"label-especificacoes\" width=\"190\">Tens\u00e3o(V)<\/td>\n<td>127<\/td>\n<td>220<\/td>\n<\/tr>\n<tr>\n<td class=\"label-especificacoes\" width=\"190\">Frequ\u00eancia(Hz)<\/td>\n<td>60<\/td>\n<td>740<\/td>\n<\/tr>\n<tr>\n<td class=\"label-especificacoes\" width=\"190\">Consumo kWh\/dia(60Hz)<\/td>\n<td colspan=\"2\">2,4<\/td>\n<\/tr>\n<tr>\n<td class=\"label-especificacoes\" width=\"190\">Classe<\/td>\n<td colspan=\"2\">4<\/td>\n<\/tr>\n<\/tbody>\n<\/table>\n","protected":false},"excerpt":{"rendered":"<p>Descri\u00e7\u00e3o do Produto Aquecimento e exposi\u00e7\u00e3o de salgados Temperatura: Acima de 60\u00baC Aquecimento: Resist\u00eancia blindada Controle de Temperatura: Termostato Gabinete: Monobloco em a\u00e7o pr\u00e9-pintado Prateleiras: 2 n\u00edveis, aramadas fixas Ilumina\u00e7\u00e3o: LED com interruptor Porta(s) injetada(s) em PSAI Bandejas em a\u00e7o inox 304 (9 unidades) Vidros temperados P\u00e9s niveladores Acompanha perfil alum\u00ednio em T para remate [&hellip;]<\/p>\n","protected":false},"featured_media":12876,"comment_status":"open","ping_status":"closed","template":"","meta":[],"product_brand":[],"product_cat":[321],"product_tag":[],"class_list":{"0":"post-12877","1":"product","2":"type-product","3":"status-publish","4":"has-post-thumbnail","6":"product_cat-balcao-estufa","8":"first","9":"instock","10":"shipping-taxable","11":"purchasable","12":"product-type-simple"},"_links":{"self":[{"href":"https:\/\/twsites.com.br\/novomigcenter\/index.php?rest_route=\/wp\/v2\/product\/12877","targetHints":{"allow":["GET"]}}],"collection":[{"href":"https:\/\/twsites.com.br\/novomigcenter\/index.php?rest_route=\/wp\/v2\/product"}],"about":[{"href":"https:\/\/twsites.com.br\/novomigcenter\/index.php?rest_route=\/wp\/v2\/types\/product"}],"replies":[{"embeddable":true,"href":"https:\/\/twsites.com.br\/novomigcenter\/index.php?rest_route=%2Fwp%2Fv2%2Fcomments&post=12877"}],"wp:featuredmedia":[{"embeddable":true,"href":"https:\/\/twsites.com.br\/novomigcenter\/index.php?rest_route=\/wp\/v2\/media\/12876"}],"wp:attachment":[{"href":"https:\/\/twsites.com.br\/novomigcenter\/index.php?rest_route=%2Fwp%2Fv2%2Fmedia&parent=12877"}],"wp:term":[{"taxonomy":"product_brand","embeddable":true,"href":"https:\/\/twsites.com.br\/novomigcenter\/index.php?rest_route=%2Fwp%2Fv2%2Fproduct_brand&post=12877"},{"taxonomy":"product_cat","embeddable":true,"href":"https:\/\/twsites.com.br\/novomigcenter\/index.php?rest_route=%2Fwp%2Fv2%2Fproduct_cat&post=12877"},{"taxonomy":"product_tag","embeddable":true,"href":"https:\/\/twsites.com.br\/novomigcenter\/index.php?rest_route=%2Fwp%2Fv2%2Fproduct_tag&post=12877"}],"curies":[{"name":"wp","href":"https:\/\/api.w.org\/{rel}","templated":true}]}}