{"id":12881,"date":"2020-07-07T17:00:47","date_gmt":"2020-07-07T17:00:47","guid":{"rendered":"https:\/\/twsites.com.br\/novomigcenter\/?product=modulo-neutro-curva-interna-externa-90o-br"},"modified":"2020-07-07T17:00:47","modified_gmt":"2020-07-07T17:00:47","slug":"modulo-neutro-curva-interna-externa-90o-br","status":"publish","type":"product","link":"https:\/\/twsites.com.br\/novomigcenter\/?product=modulo-neutro-curva-interna-externa-90o-br","title":{"rendered":"M\u00f3dulo Neutro Curva Interna \/ Externa 90\u00ba"},"content":{"rendered":"<p><font face=\"Arial\"><strong class=\"tit-bloco-desc\" style=\"outline: transparent none medium; -webkit-font-smoothing: antialiased; text-rendering: optimizelegibility; color: rgb(76, 76, 76); font-size: 15px;\"><span style=\"font-size: 14px;\">Descri\u00e7\u00e3o do Produto<\/span><\/strong><span style=\"color: rgb(76, 76, 76); font-size: 15px;\"><\/span><br style=\"outline: transparent none medium; -webkit-font-smoothing: antialiased; text-rendering: optimizelegibility; color: rgb(76, 76, 76); font-size: 15px;\"><br style=\"outline: transparent none medium; -webkit-font-smoothing: antialiased; text-rendering: optimizelegibility; color: rgb(76, 76, 76); font-size: 15px;\"><span style=\"color: rgb(76, 76, 76); font-size: 14px;\">Exposi\u00e7\u00e3o de produtos em condi\u00e7\u00e3o ambiente<\/span><br style=\"outline: transparent none medium; -webkit-font-smoothing: antialiased; text-rendering: optimizelegibility; color: rgb(76, 76, 76); font-size: 15px;\"><span style=\"color: rgb(76, 76, 76); font-size: 14px;\">Revestimento externo: A\u00e7o pr\u00e9-pintado (Branco ou Preto) ou A\u00e7o revestido Tipo Inox<\/span><br style=\"outline: transparent none medium; -webkit-font-smoothing: antialiased; text-rendering: optimizelegibility; color: rgb(76, 76, 76); font-size: 15px;\"><span style=\"color: rgb(76, 76, 76); font-size: 14px;\">P\u00e9s niveladores&#8221;* Imagens meramente ilustrativas. Imagens e informa\u00e7\u00f5es sujeitas a altera\u00e7\u00f5es sem aviso pr\u00e9vio.<\/span><br style=\"outline: transparent none medium; -webkit-font-smoothing: antialiased; text-rendering: optimizelegibility; color: rgb(76, 76, 76); font-size: 15px;\"><br style=\"outline: transparent none medium; -webkit-font-smoothing: antialiased; text-rendering: optimizelegibility; color: rgb(76, 76, 76); font-size: 15px;\"><span style=\"color: rgb(76, 76, 76); font-size: 10px;\">** Cores de acabamento e materiais sujeitos a varia\u00e7\u00e3o de acordo com o lote de produ\u00e7\u00e3o e\/ou entre os materiais que comp\u00f5em o produto (ex.: chapa, pl\u00e1stico,madeiras e etc.)<\/span><\/font><\/p>\n<table class=\"tabela-especificacoes\" style=\"outline: 0px; -webkit-font-smoothing: antialiased; text-rendering: optimizelegibility; border: 0px; font-size: medium; font-family: alegreya_sansregular; margin: 0px; padding: 0px; vertical-align: baseline; border-collapse: separate; width: 330px; table-layout: fixed; color: rgb(76, 76, 76); background-color: rgb(255, 255, 255);\">\n<tbody style=\"outline: 0px; -webkit-font-smoothing: antialiased; text-rendering: optimizelegibility; border: 0px; font-style: inherit; font-size: inherit; font-family: inherit; margin: 0px; padding: 0px; vertical-align: baseline;\">\n<tr style=\"outline: 0px; -webkit-font-smoothing: antialiased; text-rendering: optimizelegibility; border: 0px; font-style: inherit; font-size: inherit; font-family: inherit; margin: 0px; padding: 0px; vertical-align: baseline;\">\n<td class=\"label-especificacoes\" width=\"190\" style=\"outline: 0px; -webkit-font-smoothing: antialiased; text-rendering: optimizelegibility; border-width: 0px 5px 5px 0px; border-top-style: initial; border-right-style: solid; border-bottom-style: solid; border-left-style: initial; border-top-color: initial; border-right-color: rgb(255, 255, 255); border-bottom-color: rgb(255, 255, 255); border-left-color: initial; border-image: initial; font-style: inherit; font-size: 15px; margin: 0px; padding: 7px; vertical-align: baseline; background: rgb(249, 249, 249); color: rgb(74, 74, 74); overflow-wrap: break-word;\"><font face=\"Arial\"><span style=\"font-size: 14px;\">Frente(mm)<\/span><\/font><\/td>\n<td colspan=\"2\" style=\"outline: 0px; -webkit-font-smoothing: antialiased; text-rendering: optimizelegibility; border-width: 0px 5px 5px 0px; border-top-style: initial; border-right-style: solid; border-bottom-style: solid; border-left-style: initial; border-top-color: initial; border-right-color: rgb(255, 255, 255); border-bottom-color: rgb(255, 255, 255); border-left-color: initial; border-image: initial; font-style: inherit; font-size: 15px; margin: 0px; padding: 7px; vertical-align: baseline; background: rgb(249, 249, 249); color: rgb(74, 74, 74); overflow-wrap: break-word;\"><font face=\"Arial\"><span style=\"font-size: 14px;\">847<\/span><\/font><\/td>\n<\/tr>\n<tr style=\"outline: 0px; -webkit-font-smoothing: antialiased; text-rendering: optimizelegibility; border: 0px; font-style: inherit; font-size: inherit; margin: 0px; padding: 0px; vertical-align: baseline;\">\n<td class=\"label-especificacoes\" width=\"190\" style=\"outline: 0px; -webkit-font-smoothing: antialiased; text-rendering: optimizelegibility; border-width: 0px 5px 5px 0px; border-top-style: initial; border-right-style: solid; border-bottom-style: solid; border-left-style: initial; border-top-color: initial; border-right-color: rgb(255, 255, 255); border-bottom-color: rgb(255, 255, 255); border-left-color: initial; border-image: initial; font-style: inherit; font-size: 15px; margin: 0px; padding: 7px; vertical-align: baseline; background: rgb(249, 249, 249); color: rgb(74, 74, 74); overflow-wrap: break-word;\"><font face=\"Arial\"><span style=\"font-size: 14px;\">Profundidade(mm)<\/span><\/font><\/td>\n<td colspan=\"2\" style=\"outline: 0px; -webkit-font-smoothing: antialiased; text-rendering: optimizelegibility; border-width: 0px 5px 5px 0px; border-top-style: initial; border-right-style: solid; border-bottom-style: solid; border-left-style: initial; border-top-color: initial; border-right-color: rgb(255, 255, 255); border-bottom-color: rgb(255, 255, 255); border-left-color: initial; border-image: initial; font-style: inherit; font-size: 15px; margin: 0px; padding: 7px; vertical-align: baseline; background: rgb(249, 249, 249); color: rgb(74, 74, 74); overflow-wrap: break-word;\"><font face=\"Arial\"><span style=\"font-size: 14px;\">620<\/span><\/font><\/td>\n<\/tr>\n<tr style=\"outline: 0px; -webkit-font-smoothing: antialiased; text-rendering: optimizelegibility; border: 0px; font-style: inherit; font-size: inherit; margin: 0px; padding: 0px; vertical-align: baseline;\">\n<td class=\"label-especificacoes\" width=\"190\" style=\"outline: 0px; -webkit-font-smoothing: antialiased; text-rendering: optimizelegibility; border-width: 0px 5px 5px 0px; border-top-style: initial; border-right-style: solid; border-bottom-style: solid; border-left-style: initial; border-top-color: initial; border-right-color: rgb(255, 255, 255); border-bottom-color: rgb(255, 255, 255); border-left-color: initial; border-image: initial; font-style: inherit; font-size: 15px; margin: 0px; padding: 7px; vertical-align: baseline; background: rgb(249, 249, 249); color: rgb(74, 74, 74); overflow-wrap: break-word;\"><font face=\"Arial\"><span style=\"font-size: 14px;\">Altura(mm)<\/span><\/font><\/td>\n<td colspan=\"2\" style=\"outline: 0px; -webkit-font-smoothing: antialiased; text-rendering: optimizelegibility; border-width: 0px 5px 5px 0px; border-top-style: initial; border-right-style: solid; border-bottom-style: solid; border-left-style: initial; border-top-color: initial; border-right-color: rgb(255, 255, 255); border-bottom-color: rgb(255, 255, 255); border-left-color: initial; border-image: initial; font-style: inherit; font-size: 15px; margin: 0px; padding: 7px; vertical-align: baseline; background: rgb(249, 249, 249); color: rgb(74, 74, 74); overflow-wrap: break-word;\"><font face=\"Arial\"><span style=\"font-size: 14px;\">500<\/span><\/font><\/td>\n<\/tr>\n<tr style=\"outline: 0px; -webkit-font-smoothing: antialiased; text-rendering: optimizelegibility; border: 0px; font-style: inherit; font-size: inherit; margin: 0px; padding: 0px; vertical-align: baseline;\">\n<td class=\"label-especificacoes\" width=\"190\" style=\"outline: 0px; -webkit-font-smoothing: antialiased; text-rendering: optimizelegibility; border-width: 0px 5px 5px 0px; border-top-style: initial; border-right-style: solid; border-bottom-style: solid; border-left-style: initial; border-top-color: initial; border-right-color: rgb(255, 255, 255); border-bottom-color: rgb(255, 255, 255); border-left-color: initial; border-image: initial; font-style: inherit; font-size: 15px; margin: 0px; padding: 7px; vertical-align: baseline; background: rgb(249, 249, 249); color: rgb(74, 74, 74); overflow-wrap: break-word;\"><font face=\"Arial\"><span style=\"font-size: 14px;\">Peso bruto(kg)<\/span><\/font><\/td>\n<td colspan=\"2\" style=\"outline: 0px; -webkit-font-smoothing: antialiased; text-rendering: optimizelegibility; border-width: 0px 5px 5px 0px; border-top-style: initial; border-right-style: solid; border-bottom-style: solid; border-left-style: initial; border-top-color: initial; border-right-color: rgb(255, 255, 255); border-bottom-color: rgb(255, 255, 255); border-left-color: initial; border-image: initial; font-style: inherit; font-size: 15px; margin: 0px; padding: 7px; vertical-align: baseline; background: rgb(249, 249, 249); color: rgb(74, 74, 74); overflow-wrap: break-word;\"><font face=\"Arial\"><span style=\"font-size: 14px;\">12,5<\/span><\/font><\/td>\n<\/tr>\n<\/tbody>\n<\/table>\n<p><\/p>\n","protected":false},"excerpt":{"rendered":"<p>Descri\u00e7\u00e3o do ProdutoExposi\u00e7\u00e3o de produtos em condi\u00e7\u00e3o ambienteRevestimento externo: A\u00e7o pr\u00e9-pintado (Branco ou Preto) ou A\u00e7o revestido Tipo InoxP\u00e9s niveladores&#8221;* Imagens meramente ilustrativas. Imagens e informa\u00e7\u00f5es sujeitas a altera\u00e7\u00f5es sem aviso pr\u00e9vio.** Cores de acabamento e materiais sujeitos a varia\u00e7\u00e3o de acordo com o lote de produ\u00e7\u00e3o e\/ou entre os materiais que comp\u00f5em o produto [&hellip;]<\/p>\n","protected":false},"featured_media":12880,"comment_status":"open","ping_status":"closed","template":"","meta":[],"product_brand":[],"product_cat":[419,407],"product_tag":[],"class_list":{"0":"post-12881","1":"product","2":"type-product","3":"status-publish","4":"has-post-thumbnail","6":"product_cat-linha-gelopar","7":"product_cat-modulos","9":"first","10":"instock","11":"shipping-taxable","12":"purchasable","13":"product-type-simple"},"_links":{"self":[{"href":"https:\/\/twsites.com.br\/novomigcenter\/index.php?rest_route=\/wp\/v2\/product\/12881","targetHints":{"allow":["GET"]}}],"collection":[{"href":"https:\/\/twsites.com.br\/novomigcenter\/index.php?rest_route=\/wp\/v2\/product"}],"about":[{"href":"https:\/\/twsites.com.br\/novomigcenter\/index.php?rest_route=\/wp\/v2\/types\/product"}],"replies":[{"embeddable":true,"href":"https:\/\/twsites.com.br\/novomigcenter\/index.php?rest_route=%2Fwp%2Fv2%2Fcomments&post=12881"}],"wp:featuredmedia":[{"embeddable":true,"href":"https:\/\/twsites.com.br\/novomigcenter\/index.php?rest_route=\/wp\/v2\/media\/12880"}],"wp:attachment":[{"href":"https:\/\/twsites.com.br\/novomigcenter\/index.php?rest_route=%2Fwp%2Fv2%2Fmedia&parent=12881"}],"wp:term":[{"taxonomy":"product_brand","embeddable":true,"href":"https:\/\/twsites.com.br\/novomigcenter\/index.php?rest_route=%2Fwp%2Fv2%2Fproduct_brand&post=12881"},{"taxonomy":"product_cat","embeddable":true,"href":"https:\/\/twsites.com.br\/novomigcenter\/index.php?rest_route=%2Fwp%2Fv2%2Fproduct_cat&post=12881"},{"taxonomy":"product_tag","embeddable":true,"href":"https:\/\/twsites.com.br\/novomigcenter\/index.php?rest_route=%2Fwp%2Fv2%2Fproduct_tag&post=12881"}],"curies":[{"name":"wp","href":"https:\/\/api.w.org\/{rel}","templated":true}]}}