{"id":12899,"date":"2020-07-15T02:59:37","date_gmt":"2020-07-15T02:59:37","guid":{"rendered":"https:\/\/twsites.com.br\/novomigcenter\/?product=vitrine-neutra-mpna-140br"},"modified":"2020-07-15T02:59:37","modified_gmt":"2020-07-15T02:59:37","slug":"vitrine-neutra-mpna-140br","status":"publish","type":"product","link":"https:\/\/twsites.com.br\/novomigcenter\/?product=vitrine-neutra-mpna-140br","title":{"rendered":"Vitrine Neutra Linha Aurora"},"content":{"rendered":"<p><font face=\"Arial\"><span style=\"font-size: 14px;\"><b>Exposi\u00e7\u00e3o de produtos em condi\u00e7\u00e3o ambiente<\/b><\/span><\/font><\/p>\n<p><font face=\"Arial\"><b><span style=\"font-size: 14px;\">\u25aa Gabinete:&nbsp;<\/span><\/b><span style=\"font-size: 14px;\">Monobloco em a\u00e7o pr\u00e9-pintado<\/span><\/font><\/p>\n<p><font face=\"Arial\"><b><span style=\"font-size: 14px;\">\u25aa Prateleiras:<\/span><\/b><span style=\"font-size: 14px;\">&nbsp;2 n\u00edveis em vidros temperados, fixas<\/span><\/font><\/p>\n<p><span style=\"font-size: 14px;\"><font face=\"Arial\">\u25aa Portas injetadas em PSAI<\/font><\/span><\/p>\n<p><font face=\"Arial\"><b><span style=\"font-size: 14px;\">\u25aa Ilumina\u00e7\u00e3o:<\/span><\/b><span style=\"font-size: 14px;\">&nbsp;LED com interruptor<\/span><\/font><\/p>\n<p><font face=\"Arial\"><b><span style=\"font-size: 14px;\">\u25aa<\/span><\/b><span style=\"font-size: 14px;\">&nbsp;Vidros temperados<\/span><\/font><\/p>\n<p><font face=\"Arial\"><b><span style=\"font-size: 14px;\">\u25aa<\/span><\/b><span style=\"font-size: 14px;\">&nbsp;P\u00e9s regul\u00e1veis<\/span><\/font><\/p>\n<p><span style=\"font-size: 14px;\"><font face=\"Arial\">\u25aa Acompanha perfil alum\u00ednio em T para remate de tampos em montagem<\/font><\/span><\/p>\n<p><font face=\"Arial\"><span style=\"color: rgb(76, 76, 76); font-size: 14px;\">Imagens meramente ilustrativas. Imagens e informa\u00e7\u00f5es sujeitas a altera\u00e7\u00f5es sem aviso pr\u00e9vio.<\/span><br style=\"outline: transparent none medium; -webkit-font-smoothing: antialiased; text-rendering: optimizelegibility; color: rgb(76, 76, 76); font-size: 15px;\"><br style=\"outline: transparent none medium; -webkit-font-smoothing: antialiased; text-rendering: optimizelegibility; color: rgb(76, 76, 76); font-size: 15px;\"><span style=\"color: rgb(76, 76, 76); font-size: 14px;\">** Cores de acabamento e materiais sujeitos a varia\u00e7\u00e3o de acordo com o lote de produ\u00e7\u00e3o e\/ou entre os materiais que comp\u00f5em o produto (ex.: chapa, pl\u00e1stico,madeiras e etc.).&#8221;<\/span><\/font><\/p>\n<table class=\"MsoTable15Plain1\" border=\"1\" cellspacing=\"0\" cellpadding=\"0\" style=\"border: none;\">\n<tbody>\n<tr>\n<td width=\"203\" valign=\"top\" style=\"padding: 0cm 5.4pt; width: 151.9pt; border: 1pt solid rgb(191, 191, 191);\">\n<p class=\"MsoNormal\" style=\"line-height: normal;\"><b><span style=\"font-size: 14pt; font-family: &quot;Arial Narrow&quot;, sans-serif;\"><o:p>&nbsp;<\/o:p><\/span><\/b><\/p>\n<\/td>\n<td width=\"135\" valign=\"top\" style=\"padding: 0cm 5.4pt; width: 101.45pt; border-top: 1pt solid rgb(191, 191, 191); border-right: 1pt solid rgb(191, 191, 191); border-bottom: 1pt solid rgb(191, 191, 191); border-image: initial; border-left: none;\">\n<p class=\"MsoNormal\" style=\"line-height: normal;\"><b><span style=\"font-size: 14pt; font-family: &quot;Arial Narrow&quot;, sans-serif;\"><span style=\"font-size: 14px;\">MPNA-140C MPNA-140R<\/span><o:p><\/o:p><\/span><\/b><\/p>\n<p class=\"MsoNormal\" style=\"line-height: normal;\"><b><span style=\"font-size: 14px; font-family: &quot;Arial Narrow&quot;, sans-serif;\"><o:p>&nbsp;<\/o:p><\/span><\/b><\/p>\n<\/td>\n<td width=\"135\" valign=\"top\" style=\"padding: 0cm 5.4pt; width: 101.5pt; border-top: 1pt solid rgb(191, 191, 191); border-right: 1pt solid rgb(191, 191, 191); border-bottom: 1pt solid rgb(191, 191, 191); border-image: initial; border-left: none;\">\n<p class=\"MsoNormal\" style=\"line-height: normal;\"><b><span style=\"font-size: 14pt; font-family: &quot;Arial Narrow&quot;, sans-serif;\"><span style=\"font-size: 14px;\">MPNA-175C MPNA-175R<\/span><o:p><\/o:p><\/span><\/b><\/p>\n<\/td>\n<td width=\"131\" valign=\"top\" style=\"padding: 0cm 5.4pt; width: 98.45pt; border-top: 1pt solid rgb(191, 191, 191); border-right: 1pt solid rgb(191, 191, 191); border-bottom: 1pt solid rgb(191, 191, 191); border-image: initial; border-left: none;\">\n<p class=\"MsoNormal\" style=\"line-height: normal;\"><b><span style=\"font-size: 14px; font-family: &quot;Arial Narrow&quot;, sans-serif;\"><o:p>&nbsp;<\/o:p><\/span><\/b><\/p>\n<\/td>\n<\/tr>\n<tr style=\"height: 23.85pt;\">\n<td width=\"203\" valign=\"top\" style=\"padding: 0cm 5.4pt; width: 151.9pt; border-right: 1pt solid rgb(191, 191, 191); border-bottom: 1pt solid rgb(191, 191, 191); border-left: 1pt solid rgb(191, 191, 191); border-image: initial; border-top: none; background: rgb(242, 242, 242); height: 23.85pt;\">\n<p class=\"MsoNormal\" style=\"line-height: normal;\"><b><span style=\"font-size: 12pt; font-family: &quot;Arial Narrow&quot;, sans-serif;\"><span style=\"font-size: 14px;\">Frente (mm)<\/span><o:p><\/o:p><\/span><\/b><\/p>\n<p class=\"MsoNormal\" style=\"line-height: normal;\"><b><span style=\"font-size: 14px; font-family: &quot;Arial Narrow&quot;, sans-serif;\"><o:p>&nbsp;<\/o:p><\/span><\/b><\/p>\n<\/td>\n<td width=\"135\" valign=\"top\" style=\"padding: 0cm 5.4pt; width: 101.45pt; border-top: none; border-left: none; border-bottom: 1pt solid rgb(191, 191, 191); border-right: 1pt solid rgb(191, 191, 191); background: rgb(242, 242, 242); height: 23.85pt;\">\n<p class=\"MsoNormal\" align=\"center\" style=\"text-align: left; line-height: normal;\"><span style=\"font-size: 14pt; font-family: &quot;Arial Narrow&quot;, sans-serif;\"><span style=\"font-size: 14px;\">1400<\/span><o:p><\/o:p><\/span><\/p>\n<\/td>\n<td width=\"135\" valign=\"top\" style=\"padding: 0cm 5.4pt; width: 101.5pt; border-top: none; border-left: none; border-bottom: 1pt solid rgb(191, 191, 191); border-right: 1pt solid rgb(191, 191, 191); background: rgb(242, 242, 242); height: 23.85pt;\">\n<p class=\"MsoNormal\" align=\"center\" style=\"text-align: left; line-height: normal;\"><span style=\"font-size: 14pt; font-family: &quot;Arial Narrow&quot;, sans-serif;\"><span style=\"font-size: 14px;\">1730<\/span><o:p><\/o:p><\/span><\/p>\n<\/td>\n<td width=\"131\" valign=\"top\" style=\"padding: 0cm 5.4pt; width: 98.45pt; border-top: none; border-left: none; border-bottom: 1pt solid rgb(191, 191, 191); border-right: 1pt solid rgb(191, 191, 191); background: rgb(242, 242, 242); height: 23.85pt;\">\n<p class=\"MsoNormal\" align=\"center\" style=\"text-align: left; line-height: normal;\"><span style=\"font-size: 14px; font-family: &quot;Arial Narrow&quot;, sans-serif;\"><o:p>&nbsp;<\/o:p><\/span><\/p>\n<\/td>\n<\/tr>\n<tr>\n<td width=\"203\" valign=\"top\" style=\"padding: 0cm 5.4pt; width: 151.9pt; border-right: 1pt solid rgb(191, 191, 191); border-bottom: 1pt solid rgb(191, 191, 191); border-left: 1pt solid rgb(191, 191, 191); border-image: initial; border-top: none;\">\n<p class=\"MsoNormal\" style=\"line-height: normal;\"><b><span style=\"font-size: 12pt; font-family: &quot;Arial Narrow&quot;, sans-serif;\"><span style=\"font-size: 14px;\">Profundidade (mm)<\/span><o:p><\/o:p><\/span><\/b><\/p>\n<p class=\"MsoNormal\" style=\"line-height: normal;\"><b><span style=\"font-size: 12pt; font-family: &quot;Arial Narrow&quot;, sans-serif;\"><span style=\"font-size: 14px;\">&nbsp;&nbsp;&nbsp;&nbsp;&nbsp;&nbsp;<\/span><o:p><\/o:p><\/span><\/b><\/p>\n<\/td>\n<td width=\"135\" valign=\"top\" style=\"padding: 0cm 5.4pt; width: 101.45pt; border-top: none; border-left: none; border-bottom: 1pt solid rgb(191, 191, 191); border-right: 1pt solid rgb(191, 191, 191);\">\n<p class=\"MsoNormal\" align=\"center\" style=\"text-align: left; line-height: normal;\"><span style=\"font-size: 14pt; font-family: &quot;Arial Narrow&quot;, sans-serif;\"><span style=\"font-size: 14px;\">603<\/span><o:p><\/o:p><\/span><\/p>\n<\/td>\n<td width=\"135\" valign=\"top\" style=\"padding: 0cm 5.4pt; width: 101.5pt; border-top: none; border-left: none; border-bottom: 1pt solid rgb(191, 191, 191); border-right: 1pt solid rgb(191, 191, 191);\">\n<p class=\"MsoNormal\" align=\"center\" style=\"text-align: left; line-height: normal;\"><span style=\"font-size: 14pt; font-family: &quot;Arial Narrow&quot;, sans-serif;\"><span style=\"font-size: 14px;\">603<\/span><o:p><\/o:p><\/span><\/p>\n<\/td>\n<td width=\"131\" valign=\"top\" style=\"padding: 0cm 5.4pt; width: 98.45pt; border-top: none; border-left: none; border-bottom: 1pt solid rgb(191, 191, 191); border-right: 1pt solid rgb(191, 191, 191);\">\n<p class=\"MsoNormal\" align=\"center\" style=\"text-align: left; line-height: normal;\"><span style=\"font-size: 14px; font-family: &quot;Arial Narrow&quot;, sans-serif;\"><o:p>&nbsp;<\/o:p><\/span><\/p>\n<\/td>\n<\/tr>\n<tr>\n<td width=\"203\" valign=\"top\" style=\"padding: 0cm 5.4pt; width: 151.9pt; border-right: 1pt solid rgb(191, 191, 191); border-bottom: 1pt solid rgb(191, 191, 191); border-left: 1pt solid rgb(191, 191, 191); border-image: initial; border-top: none; background: rgb(242, 242, 242);\">\n<p class=\"MsoNormal\" style=\"line-height: normal;\"><b><span style=\"font-size: 12pt; font-family: &quot;Arial Narrow&quot;, sans-serif;\"><span style=\"font-size: 14px;\">Altura (mm)&nbsp;&nbsp;&nbsp;&nbsp;&nbsp;&nbsp;<\/span><o:p><\/o:p><\/span><\/b><\/p>\n<p class=\"MsoNormal\" style=\"line-height: normal;\"><b><span style=\"font-size: 12pt; font-family: &quot;Arial Narrow&quot;, sans-serif;\"><span style=\"font-size: 14px;\">&nbsp;&nbsp;&nbsp;&nbsp;&nbsp;&nbsp;&nbsp;&nbsp;&nbsp;&nbsp;&nbsp;&nbsp;<\/span><o:p><\/o:p><\/span><\/b><\/p>\n<\/td>\n<td width=\"135\" valign=\"top\" style=\"padding: 0cm 5.4pt; width: 101.45pt; border-top: none; border-left: none; border-bottom: 1pt solid rgb(191, 191, 191); border-right: 1pt solid rgb(191, 191, 191); background: rgb(242, 242, 242);\">\n<p class=\"MsoNormal\" align=\"center\" style=\"text-align: left; line-height: normal;\"><span style=\"font-size: 14pt; font-family: &quot;Arial Narrow&quot;, sans-serif;\"><span style=\"font-size: 14px;\">1150<\/span><o:p><\/o:p><\/span><\/p>\n<\/td>\n<td width=\"135\" valign=\"top\" style=\"padding: 0cm 5.4pt; width: 101.5pt; border-top: none; border-left: none; border-bottom: 1pt solid rgb(191, 191, 191); border-right: 1pt solid rgb(191, 191, 191); background: rgb(242, 242, 242);\">\n<p class=\"MsoNormal\" align=\"center\" style=\"text-align: left; line-height: normal;\"><span style=\"font-size: 14pt; font-family: &quot;Arial Narrow&quot;, sans-serif;\"><span style=\"font-size: 14px;\">1150<\/span><o:p><\/o:p><\/span><\/p>\n<\/td>\n<td width=\"131\" valign=\"top\" style=\"padding: 0cm 5.4pt; width: 98.45pt; border-top: none; border-left: none; border-bottom: 1pt solid rgb(191, 191, 191); border-right: 1pt solid rgb(191, 191, 191); background: rgb(242, 242, 242);\">\n<p class=\"MsoNormal\" align=\"center\" style=\"text-align: left; line-height: normal;\"><span style=\"font-size: 14px; font-family: &quot;Arial Narrow&quot;, sans-serif;\"><o:p>&nbsp;<\/o:p><\/span><\/p>\n<\/td>\n<\/tr>\n<tr>\n<td width=\"203\" valign=\"top\" style=\"padding: 0cm 5.4pt; width: 151.9pt; border-right: 1pt solid rgb(191, 191, 191); border-bottom: 1pt solid rgb(191, 191, 191); border-left: 1pt solid rgb(191, 191, 191); border-image: initial; border-top: none;\">\n<p class=\"MsoNormal\" style=\"line-height: normal;\"><b><span style=\"font-size: 12pt; font-family: &quot;Arial Narrow&quot;, sans-serif;\"><span style=\"font-size: 14px;\">Peso l\u00edquido (kg)<\/span><o:p><\/o:p><\/span><\/b><\/p>\n<p class=\"MsoNormal\" style=\"line-height: normal;\"><b><span style=\"font-size: 14pt; font-family: &quot;Arial Narrow&quot;, sans-serif;\"><span style=\"font-size: 14px;\">&nbsp;&nbsp;&nbsp;&nbsp;&nbsp;&nbsp;&nbsp;&nbsp;&nbsp;&nbsp;&nbsp;<\/span><o:p><\/o:p><\/span><\/b><\/p>\n<\/td>\n<td width=\"135\" valign=\"top\" style=\"padding: 0cm 5.4pt; width: 101.45pt; border-top: none; border-left: none; border-bottom: 1pt solid rgb(191, 191, 191); border-right: 1pt solid rgb(191, 191, 191);\">\n<p class=\"MsoNormal\" align=\"center\" style=\"text-align: left; line-height: normal;\"><span style=\"font-size: 14pt; font-family: &quot;Arial Narrow&quot;, sans-serif;\"><span style=\"font-size: 14px;\">61<\/span><o:p><\/o:p><\/span><\/p>\n<\/td>\n<td width=\"135\" valign=\"top\" style=\"padding: 0cm 5.4pt; width: 101.5pt; border-top: none; border-left: none; border-bottom: 1pt solid rgb(191, 191, 191); border-right: 1pt solid rgb(191, 191, 191);\">\n<p class=\"MsoNormal\" align=\"center\" style=\"text-align: left; line-height: normal;\"><span style=\"font-size: 14pt; font-family: &quot;Arial Narrow&quot;, sans-serif;\"><span style=\"font-size: 14px;\">84,6<\/span><o:p><\/o:p><\/span><\/p>\n<\/td>\n<td width=\"131\" valign=\"top\" style=\"padding: 0cm 5.4pt; width: 98.45pt; border-top: none; border-left: none; border-bottom: 1pt solid rgb(191, 191, 191); border-right: 1pt solid rgb(191, 191, 191);\">\n<p class=\"MsoNormal\" align=\"center\" style=\"text-align: left; line-height: normal;\"><span style=\"font-size: 14px; font-family: &quot;Arial Narrow&quot;, sans-serif;\"><o:p>&nbsp;<\/o:p><\/span><\/p>\n<\/td>\n<\/tr>\n<tr style=\"height: 15.45pt;\">\n<td width=\"203\" valign=\"top\" style=\"padding: 0cm 5.4pt; width: 151.9pt; border-right: 1pt solid rgb(191, 191, 191); border-bottom: 1pt solid rgb(191, 191, 191); border-left: 1pt solid rgb(191, 191, 191); border-image: initial; border-top: none; background: rgb(242, 242, 242); height: 15.45pt;\">\n<p class=\"MsoNormal\" style=\"line-height: normal;\"><b><span style=\"font-size: 12pt; font-family: &quot;Arial Narrow&quot;, sans-serif;\"><span style=\"font-size: 14px;\">Consumo kWh\/dia &#8211; LED<\/span><o:p><\/o:p><\/span><\/b><\/p>\n<\/td>\n<td width=\"135\" valign=\"top\" style=\"padding: 0cm 5.4pt; width: 101.45pt; border-top: none; border-left: none; border-bottom: 1pt solid rgb(191, 191, 191); border-right: 1pt solid rgb(191, 191, 191); background: rgb(242, 242, 242); height: 15.45pt;\">\n<p class=\"MsoNormal\" align=\"center\" style=\"text-align: left; line-height: normal;\"><span style=\"font-size: 14pt; font-family: &quot;Arial Narrow&quot;, sans-serif;\"><span style=\"font-size: 14px;\">0,0017<\/span><o:p><\/o:p><\/span><\/p>\n<\/td>\n<td width=\"135\" valign=\"top\" style=\"padding: 0cm 5.4pt; width: 101.5pt; border-top: none; border-left: none; border-bottom: 1pt solid rgb(191, 191, 191); border-right: 1pt solid rgb(191, 191, 191); background: rgb(242, 242, 242); height: 15.45pt;\">\n<p class=\"MsoNormal\" align=\"center\" style=\"text-align: left; line-height: normal;\"><span style=\"font-size: 14pt; font-family: &quot;Arial Narrow&quot;, sans-serif;\"><span style=\"font-size: 14px;\">0,0026<\/span><o:p><\/o:p><\/span><\/p>\n<\/td>\n<td width=\"131\" valign=\"top\" style=\"padding: 0cm 5.4pt; width: 98.45pt; border-top: none; border-left: none; border-bottom: 1pt solid rgb(191, 191, 191); border-right: 1pt solid rgb(191, 191, 191); background: rgb(242, 242, 242); height: 15.45pt;\">\n<p class=\"MsoNormal\" align=\"center\" style=\"text-align: center; line-height: normal;\"><span style=\"font-size: 14pt; font-family: &quot;Arial Narrow&quot;, sans-serif;\"><o:p>&nbsp;<\/o:p><\/span><\/p>\n<\/td>\n<\/tr>\n<\/tbody>\n<\/table>\n","protected":false},"excerpt":{"rendered":"<p>Exposi\u00e7\u00e3o de produtos em condi\u00e7\u00e3o ambiente \u25aa Gabinete:&nbsp;Monobloco em a\u00e7o pr\u00e9-pintado \u25aa Prateleiras:&nbsp;2 n\u00edveis em vidros temperados, fixas \u25aa Portas injetadas em PSAI \u25aa Ilumina\u00e7\u00e3o:&nbsp;LED com interruptor \u25aa&nbsp;Vidros temperados \u25aa&nbsp;P\u00e9s regul\u00e1veis \u25aa Acompanha perfil alum\u00ednio em T para remate de tampos em montagem Imagens meramente ilustrativas. Imagens e informa\u00e7\u00f5es sujeitas a altera\u00e7\u00f5es sem aviso pr\u00e9vio.** [&hellip;]<\/p>\n","protected":false},"featured_media":12898,"comment_status":"open","ping_status":"closed","template":"","meta":[],"product_brand":[],"product_cat":[422],"product_tag":[],"class_list":{"0":"post-12899","1":"product","2":"type-product","3":"status-publish","4":"has-post-thumbnail","6":"product_cat-vitrine-neutra","8":"first","9":"instock","10":"shipping-taxable","11":"purchasable","12":"product-type-simple"},"_links":{"self":[{"href":"https:\/\/twsites.com.br\/novomigcenter\/index.php?rest_route=\/wp\/v2\/product\/12899","targetHints":{"allow":["GET"]}}],"collection":[{"href":"https:\/\/twsites.com.br\/novomigcenter\/index.php?rest_route=\/wp\/v2\/product"}],"about":[{"href":"https:\/\/twsites.com.br\/novomigcenter\/index.php?rest_route=\/wp\/v2\/types\/product"}],"replies":[{"embeddable":true,"href":"https:\/\/twsites.com.br\/novomigcenter\/index.php?rest_route=%2Fwp%2Fv2%2Fcomments&post=12899"}],"wp:featuredmedia":[{"embeddable":true,"href":"https:\/\/twsites.com.br\/novomigcenter\/index.php?rest_route=\/wp\/v2\/media\/12898"}],"wp:attachment":[{"href":"https:\/\/twsites.com.br\/novomigcenter\/index.php?rest_route=%2Fwp%2Fv2%2Fmedia&parent=12899"}],"wp:term":[{"taxonomy":"product_brand","embeddable":true,"href":"https:\/\/twsites.com.br\/novomigcenter\/index.php?rest_route=%2Fwp%2Fv2%2Fproduct_brand&post=12899"},{"taxonomy":"product_cat","embeddable":true,"href":"https:\/\/twsites.com.br\/novomigcenter\/index.php?rest_route=%2Fwp%2Fv2%2Fproduct_cat&post=12899"},{"taxonomy":"product_tag","embeddable":true,"href":"https:\/\/twsites.com.br\/novomigcenter\/index.php?rest_route=%2Fwp%2Fv2%2Fproduct_tag&post=12899"}],"curies":[{"name":"wp","href":"https:\/\/api.w.org\/{rel}","templated":true}]}}