{"id":12909,"date":"2020-07-15T13:23:12","date_gmt":"2020-07-15T13:23:12","guid":{"rendered":"https:\/\/twsites.com.br\/novomigcenter\/?product=forno-refratario-a-gas-95x95-mr"},"modified":"2020-07-15T13:23:12","modified_gmt":"2020-07-15T13:23:12","slug":"forno-refratario-a-gas-95x95-mr","status":"publish","type":"product","link":"https:\/\/twsites.com.br\/novomigcenter\/?product=forno-refratario-a-gas-95x95-mr","title":{"rendered":"FORNO REFRAT\u00c1RIO 95X95 MR"},"content":{"rendered":"<h2 class=\"description__product-title\" style=\"margin-right: 0px; margin-bottom: 30px; margin-left: 0px; padding: 0px; border: 0px; font-size: 16px; vertical-align: baseline; background: transparent; clear: both; color: rgb(64, 64, 64); font-family: arial, tahoma, verdana, sans-serif;\">Forno p\/ Pizza Refrat\u00e1rio \u00e0 G\u00e1s 95&#215;95 &#8211; Mr Fog\u00f5es<\/h2>\n<p class=\"description__text\" style=\"margin-bottom: 30px; padding: 0px; border: 0px; font-size: 16px; vertical-align: baseline; background: transparent; color: rgb(64, 64, 64); font-family: arial, tahoma, verdana, sans-serif;\">\n<p style=\"margin-bottom: 0px; padding: 0px; border: 0px; font-size: 16px; vertical-align: baseline; background: transparent; color: rgb(64, 64, 64); font-family: arial, tahoma, verdana, sans-serif;\">Forno a g\u00e1s profissional, com pedra refrat\u00e1ria, que mantem o forno quente por muito mais tempo e garantem um sabor sem igual ao alimento. Excelente para pizzas, p\u00e3es, bolos, tortas, e muitos outros.<\/p>\n<p style=\"margin-bottom: 0px; padding: 0px; border: 0px; font-size: 16px; vertical-align: baseline; background: transparent; color: rgb(64, 64, 64); font-family: arial, tahoma, verdana, sans-serif;\">Descri\u00e7\u00e3o:<\/p>\n<p style=\"margin-bottom: 0px; padding: 0px; border: 0px; font-size: 16px; vertical-align: baseline; background: transparent; color: rgb(64, 64, 64); font-family: arial, tahoma, verdana, sans-serif;\">Forno a g\u00e1s profissional, acompanha cavalete com p\u00e9s emborrachados super firmes e fortes;<br \/>&#8211; Tampa de guilhotina em vidro, muito mais f\u00e1cil de abrir, alem de possibilitar ver o interior do forno sem abrir a tampa;<br \/>&#8211; Alavancas com contrapezo, que mantem a tampa levantada, garantindo mais agilidade no uso;<br \/>&#8211; Termostato acoplado para controle preciso da temperatura interna;<br \/>&#8211; Gaveta do queimador removivel, para f\u00e1cil higieniza\u00e7\u00e3o;<br \/>&#8211; Com pedras refrat\u00e1rias, que mantem o forno quente por muito mais tempo, alem de fazer bem a saude e garantirem um sabor sem igual liberando nutrientes no alimento.<\/p>\n<p style=\"margin-bottom: 0px; padding: 0px; border: 0px; font-size: 16px; vertical-align: baseline; background: transparent; color: rgb(64, 64, 64); font-family: arial, tahoma, verdana, sans-serif;\">Dados T\u00e9cnicos:<\/p>\n<p style=\"margin-bottom: 0px; padding: 0px; border: 0px; font-size: 16px; vertical-align: baseline; background: transparent; color: rgb(64, 64, 64); font-family: arial, tahoma, verdana, sans-serif;\">Queimadores com sistema de gaveta e a\u00e7o tubular, com regulador de entrada de ar para uma chama perfeita.<br \/>&#8211; Temperatura maxima 350oC<br \/>&#8211; Isolamento em l\u00e3 de vidro;<br \/>&#8211; Confeccionado em chapa de a\u00e7o carbono em pintura epoxi resistente a alta temperatura<\/p>\n","protected":false},"excerpt":{"rendered":"<p>Forno p\/ Pizza Refrat\u00e1rio \u00e0 G\u00e1s 95&#215;95 &#8211; Mr Fog\u00f5es Forno a g\u00e1s profissional, com pedra refrat\u00e1ria, que mantem o forno quente por muito mais tempo e garantem um sabor sem igual ao alimento. Excelente para pizzas, p\u00e3es, bolos, tortas, e muitos outros. Descri\u00e7\u00e3o: Forno a g\u00e1s profissional, acompanha cavalete com p\u00e9s emborrachados super firmes [&hellip;]<\/p>\n","protected":false},"featured_media":12908,"comment_status":"open","ping_status":"closed","template":"","meta":[],"product_brand":[],"product_cat":[398],"product_tag":[],"class_list":{"0":"post-12909","1":"product","2":"type-product","3":"status-publish","4":"has-post-thumbnail","6":"product_cat-forno-guilhotina","8":"first","9":"instock","10":"shipping-taxable","11":"purchasable","12":"product-type-simple"},"_links":{"self":[{"href":"https:\/\/twsites.com.br\/novomigcenter\/index.php?rest_route=\/wp\/v2\/product\/12909","targetHints":{"allow":["GET"]}}],"collection":[{"href":"https:\/\/twsites.com.br\/novomigcenter\/index.php?rest_route=\/wp\/v2\/product"}],"about":[{"href":"https:\/\/twsites.com.br\/novomigcenter\/index.php?rest_route=\/wp\/v2\/types\/product"}],"replies":[{"embeddable":true,"href":"https:\/\/twsites.com.br\/novomigcenter\/index.php?rest_route=%2Fwp%2Fv2%2Fcomments&post=12909"}],"wp:featuredmedia":[{"embeddable":true,"href":"https:\/\/twsites.com.br\/novomigcenter\/index.php?rest_route=\/wp\/v2\/media\/12908"}],"wp:attachment":[{"href":"https:\/\/twsites.com.br\/novomigcenter\/index.php?rest_route=%2Fwp%2Fv2%2Fmedia&parent=12909"}],"wp:term":[{"taxonomy":"product_brand","embeddable":true,"href":"https:\/\/twsites.com.br\/novomigcenter\/index.php?rest_route=%2Fwp%2Fv2%2Fproduct_brand&post=12909"},{"taxonomy":"product_cat","embeddable":true,"href":"https:\/\/twsites.com.br\/novomigcenter\/index.php?rest_route=%2Fwp%2Fv2%2Fproduct_cat&post=12909"},{"taxonomy":"product_tag","embeddable":true,"href":"https:\/\/twsites.com.br\/novomigcenter\/index.php?rest_route=%2Fwp%2Fv2%2Fproduct_tag&post=12909"}],"curies":[{"name":"wp","href":"https:\/\/api.w.org\/{rel}","templated":true}]}}