{"id":12916,"date":"2020-07-17T17:13:31","date_gmt":"2020-07-17T17:13:31","guid":{"rendered":"https:\/\/twsites.com.br\/novomigcenter\/?product=vitrine-refrigerada-confeitaria-dupla-funcao-gpea-175rpr"},"modified":"2020-07-17T17:13:31","modified_gmt":"2020-07-17T17:13:31","slug":"vitrine-refrigerada-confeitaria-dupla-funcao-gpea-175rpr","status":"publish","type":"product","link":"https:\/\/twsites.com.br\/novomigcenter\/?product=vitrine-refrigerada-confeitaria-dupla-funcao-gpea-175rpr","title":{"rendered":"Vitrine refrigerada Preta 1.75m &#8211; Confeitaria &#8211; Dupla fun\u00e7\u00e3o &#8211; Gelopar"},"content":{"rendered":"<p><font face=\"Arial\"><strong class=\"tit-bloco-desc\" style=\"outline: transparent none medium; -webkit-font-smoothing: antialiased; text-rendering: optimizelegibility; color: rgb(76, 76, 76); font-size: 15px;\"><span style=\"font-size: 14px;\">Descri\u00e7\u00e3o do Produto<\/span><\/strong><span style=\"color: rgb(76, 76, 76); font-size: 15px;\"><span style=\"font-size: 14px;\">&nbsp;<\/span><span style=\"font-size: 14px;\">Conserva\u00e7\u00e3o de sorvetes e produtos congelados ou<\/span><\/span><br style=\"outline: transparent none medium; -webkit-font-smoothing: antialiased; text-rendering: optimizelegibility; color: rgb(76, 76, 76); font-size: 15px;\"><span style=\"color: rgb(76, 76, 76); font-size: 14px;\">Refrigera\u00e7\u00e3o de bebidas e produtos resfriados<\/span><br style=\"outline: transparent none medium; -webkit-font-smoothing: antialiased; text-rendering: optimizelegibility; color: rgb(76, 76, 76); font-size: 15px;\"><span style=\"color: rgb(76, 76, 76); font-size: 14px;\"><b>Temperatura: <\/b>Congelados -16\u00ba a -20\u00baC\/Resfriados 0\u00ba a +7\u00baC<\/span><br style=\"outline: transparent none medium; -webkit-font-smoothing: antialiased; text-rendering: optimizelegibility; color: rgb(76, 76, 76); font-size: 15px;\"><span style=\"color: rgb(76, 76, 76); font-size: 14px;\"><b>Refrigera\u00e7\u00e3o:<\/b> Est\u00e1tica com Serpentina de Cobre<\/span><br style=\"outline: transparent none medium; -webkit-font-smoothing: antialiased; text-rendering: optimizelegibility; color: rgb(76, 76, 76); font-size: 15px;\"><span style=\"color: rgb(76, 76, 76); font-size: 14px;\">Condensador Skin Condenser<\/span><br style=\"outline: transparent none medium; -webkit-font-smoothing: antialiased; text-rendering: optimizelegibility; color: rgb(76, 76, 76); font-size: 15px;\"><span style=\"color: rgb(76, 76, 76); font-size: 14px;\">Controle de Temperatura: Termostato dupla a\u00e7\u00e3o<\/span><br style=\"outline: transparent none medium; -webkit-font-smoothing: antialiased; text-rendering: optimizelegibility; color: rgb(76, 76, 76); font-size: 15px;\"><span style=\"color: rgb(76, 76, 76); font-size: 14px;\"><b>Degelo: <\/b>Manual<\/span><br style=\"outline: transparent none medium; -webkit-font-smoothing: antialiased; text-rendering: optimizelegibility; color: rgb(76, 76, 76); font-size: 15px;\"><span style=\"color: rgb(76, 76, 76); font-size: 14px;\">Colarinho &#8216;E&#8217; em PVC<\/span><br style=\"outline: transparent none medium; -webkit-font-smoothing: antialiased; text-rendering: optimizelegibility; color: rgb(76, 76, 76); font-size: 15px;\"><span style=\"color: rgb(76, 76, 76); font-size: 14px;\"><b>Tampas:<\/b> Vidros temperados, deslizantes, baixo emissivo<\/span><br style=\"outline: transparent none medium; -webkit-font-smoothing: antialiased; text-rendering: optimizelegibility; color: rgb(76, 76, 76); font-size: 15px;\"><span style=\"color: rgb(76, 76, 76); font-size: 14px;\">Revestimento interno e externo em A\u00e7o pr\u00e9-pintado branco<\/span><br style=\"outline: transparent none medium; -webkit-font-smoothing: antialiased; text-rendering: optimizelegibility; color: rgb(76, 76, 76); font-size: 15px;\"><span style=\"color: rgb(76, 76, 76); font-size: 14px;\">Dreno frontal com tampa<\/span><br style=\"outline: transparent none medium; -webkit-font-smoothing: antialiased; text-rendering: optimizelegibility; color: rgb(76, 76, 76); font-size: 15px;\"><span style=\"color: rgb(76, 76, 76); font-size: 14px;\">Gabinete com rod\u00edzios<\/span><br style=\"outline: transparent none medium; -webkit-font-smoothing: antialiased; text-rendering: optimizelegibility; color: rgb(76, 76, 76); font-size: 15px;\"><span style=\"color: rgb(76, 76, 76); font-size: 14px;\">Vidros sujeitos a condensa\u00e7\u00e3o da umidade do ar* Imagens meramente ilustrativas. Imagens e informa\u00e7\u00f5es sujeitas a altera\u00e7\u00f5es sem aviso pr\u00e9vio.<\/span><br style=\"outline: transparent none medium; -webkit-font-smoothing: antialiased; text-rendering: optimizelegibility; color: rgb(76, 76, 76); font-size: 15px;\"><br style=\"outline: transparent none medium; -webkit-font-smoothing: antialiased; text-rendering: optimizelegibility; color: rgb(76, 76, 76); font-size: 15px;\"><span style=\"color: rgb(76, 76, 76); font-size: 10px;\">** Cores de acabamento e materiais sujeitos a varia\u00e7\u00e3o de acordo com o lote de produ\u00e7\u00e3o e\/ou entre os materiais que comp\u00f5em o produto (ex.: chapa, pl\u00e1stico,madeiras e etc.).<\/span><\/font><\/p>\n<table class=\"tabela-especificacoes\" style=\"outline: 0px; -webkit-font-smoothing: antialiased; text-rendering: optimizelegibility; border: 0px; font-size: medium; font-family: alegreya_sansregular; margin: 0px; padding: 0px; vertical-align: baseline; border-collapse: separate; width: 330px; table-layout: fixed; color: rgb(76, 76, 76); background-color: rgb(255, 255, 255);\">\n<tbody style=\"outline: 0px; -webkit-font-smoothing: antialiased; text-rendering: optimizelegibility; border: 0px; font-style: inherit; font-size: inherit; font-family: inherit; margin: 0px; padding: 0px; vertical-align: baseline;\">\n<tr style=\"outline: 0px; -webkit-font-smoothing: antialiased; text-rendering: optimizelegibility; border: 0px; font-style: inherit; font-size: inherit; margin: 0px; padding: 0px; vertical-align: baseline;\">\n<td class=\"label-especificacoes\" width=\"190\" style=\"outline: 0px; -webkit-font-smoothing: antialiased; text-rendering: optimizelegibility; border-width: 0px 5px 5px 0px; border-top-style: initial; border-right-style: solid; border-bottom-style: solid; border-left-style: initial; border-top-color: initial; border-right-color: rgb(255, 255, 255); border-bottom-color: rgb(255, 255, 255); border-left-color: initial; border-image: initial; font-style: inherit; font-size: 15px; margin: 0px; padding: 7px; vertical-align: baseline; background: rgb(249, 249, 249); color: rgb(74, 74, 74); overflow-wrap: break-word;\"><span style=\"font-size: 14px;\"><font face=\"Arial\">Frente(mm)<\/font><\/span><\/td>\n<td colspan=\"2\" style=\"outline: 0px; -webkit-font-smoothing: antialiased; text-rendering: optimizelegibility; border-width: 0px 5px 5px 0px; border-top-style: initial; border-right-style: solid; border-bottom-style: solid; border-left-style: initial; border-top-color: initial; border-right-color: rgb(255, 255, 255); border-bottom-color: rgb(255, 255, 255); border-left-color: initial; border-image: initial; font-style: inherit; font-size: 15px; margin: 0px; padding: 7px; vertical-align: baseline; background: rgb(249, 249, 249); color: rgb(74, 74, 74); overflow-wrap: break-word;\"><span style=\"font-size: 14px;\"><font face=\"Arial\">820<\/font><\/span><\/td>\n<\/tr>\n<tr style=\"outline: 0px; -webkit-font-smoothing: antialiased; text-rendering: optimizelegibility; border: 0px; font-style: inherit; font-size: inherit; margin: 0px; padding: 0px; vertical-align: baseline;\">\n<td class=\"label-especificacoes\" width=\"190\" style=\"outline: 0px; -webkit-font-smoothing: antialiased; text-rendering: optimizelegibility; border-width: 0px 5px 5px 0px; border-top-style: initial; border-right-style: solid; border-bottom-style: solid; border-left-style: initial; border-top-color: initial; border-right-color: rgb(255, 255, 255); border-bottom-color: rgb(255, 255, 255); border-left-color: initial; border-image: initial; font-style: inherit; font-size: 15px; margin: 0px; padding: 7px; vertical-align: baseline; background: rgb(249, 249, 249); color: rgb(74, 74, 74); overflow-wrap: break-word;\"><span style=\"font-size: 14px;\"><font face=\"Arial\">Profundidade(mm)<\/font><\/span><\/td>\n<td colspan=\"2\" style=\"outline: 0px; -webkit-font-smoothing: antialiased; text-rendering: optimizelegibility; border-width: 0px 5px 5px 0px; border-top-style: initial; border-right-style: solid; border-bottom-style: solid; border-left-style: initial; border-top-color: initial; border-right-color: rgb(255, 255, 255); border-bottom-color: rgb(255, 255, 255); border-left-color: initial; border-image: initial; font-style: inherit; font-size: 15px; margin: 0px; padding: 7px; vertical-align: baseline; background: rgb(249, 249, 249); color: rgb(74, 74, 74); overflow-wrap: break-word;\"><span style=\"font-size: 14px;\"><font face=\"Arial\">652<\/font><\/span><\/td>\n<\/tr>\n<tr style=\"outline: 0px; -webkit-font-smoothing: antialiased; text-rendering: optimizelegibility; border: 0px; font-style: inherit; font-size: inherit; margin: 0px; padding: 0px; vertical-align: baseline;\">\n<td class=\"label-especificacoes\" width=\"190\" style=\"outline: 0px; -webkit-font-smoothing: antialiased; text-rendering: optimizelegibility; border-width: 0px 5px 5px 0px; border-top-style: initial; border-right-style: solid; border-bottom-style: solid; border-left-style: initial; border-top-color: initial; border-right-color: rgb(255, 255, 255); border-bottom-color: rgb(255, 255, 255); border-left-color: initial; border-image: initial; font-style: inherit; font-size: 15px; margin: 0px; padding: 7px; vertical-align: baseline; background: rgb(249, 249, 249); color: rgb(74, 74, 74); overflow-wrap: break-word;\"><span style=\"font-size: 14px;\"><font face=\"Arial\">Altura(mm)<\/font><\/span><\/td>\n<td colspan=\"2\" style=\"outline: 0px; -webkit-font-smoothing: antialiased; text-rendering: optimizelegibility; border-width: 0px 5px 5px 0px; border-top-style: initial; border-right-style: solid; border-bottom-style: solid; border-left-style: initial; border-top-color: initial; border-right-color: rgb(255, 255, 255); border-bottom-color: rgb(255, 255, 255); border-left-color: initial; border-image: initial; font-style: inherit; font-size: 15px; margin: 0px; padding: 7px; vertical-align: baseline; background: rgb(249, 249, 249); color: rgb(74, 74, 74); overflow-wrap: break-word;\"><span style=\"font-size: 14px;\"><font face=\"Arial\">919<\/font><\/span><\/td>\n<\/tr>\n<tr style=\"outline: 0px; -webkit-font-smoothing: antialiased; text-rendering: optimizelegibility; border: 0px; font-style: inherit; font-size: inherit; margin: 0px; padding: 0px; vertical-align: baseline;\">\n<td class=\"label-especificacoes\" width=\"190\" style=\"outline: 0px; -webkit-font-smoothing: antialiased; text-rendering: optimizelegibility; border-width: 0px 5px 5px 0px; border-top-style: initial; border-right-style: solid; border-bottom-style: solid; border-left-style: initial; border-top-color: initial; border-right-color: rgb(255, 255, 255); border-bottom-color: rgb(255, 255, 255); border-left-color: initial; border-image: initial; font-style: inherit; font-size: 15px; margin: 0px; padding: 7px; vertical-align: baseline; background: rgb(249, 249, 249); color: rgb(74, 74, 74); overflow-wrap: break-word;\"><span style=\"font-size: 14px;\"><font face=\"Arial\">Peso bruto(kg)<\/font><\/span><\/td>\n<td colspan=\"2\" style=\"outline: 0px; -webkit-font-smoothing: antialiased; text-rendering: optimizelegibility; border-width: 0px 5px 5px 0px; border-top-style: initial; border-right-style: solid; border-bottom-style: solid; border-left-style: initial; border-top-color: initial; border-right-color: rgb(255, 255, 255); border-bottom-color: rgb(255, 255, 255); border-left-color: initial; border-image: initial; font-style: inherit; font-size: 15px; margin: 0px; padding: 7px; vertical-align: baseline; background: rgb(249, 249, 249); color: rgb(74, 74, 74); overflow-wrap: break-word;\"><span style=\"font-size: 14px;\"><font face=\"Arial\">50<\/font><\/span><\/td>\n<\/tr>\n<tr style=\"outline: 0px; -webkit-font-smoothing: antialiased; text-rendering: optimizelegibility; border: 0px; font-style: inherit; font-size: inherit; margin: 0px; padding: 0px; vertical-align: baseline;\">\n<td class=\"label-especificacoes\" width=\"190\" style=\"outline: 0px; -webkit-font-smoothing: antialiased; text-rendering: optimizelegibility; border-width: 0px 5px 5px 0px; border-top-style: initial; border-right-style: solid; border-bottom-style: solid; border-left-style: initial; border-top-color: initial; border-right-color: rgb(255, 255, 255); border-bottom-color: rgb(255, 255, 255); border-left-color: initial; border-image: initial; font-style: inherit; font-size: 15px; margin: 0px; padding: 7px; vertical-align: baseline; background: rgb(249, 249, 249); color: rgb(74, 74, 74); overflow-wrap: break-word;\"><span style=\"font-size: 14px;\"><font face=\"Arial\">Capacidade bruta(litros)<\/font><\/span><\/td>\n<td colspan=\"2\" style=\"outline: 0px; -webkit-font-smoothing: antialiased; text-rendering: optimizelegibility; border-width: 0px 5px 5px 0px; border-top-style: initial; border-right-style: solid; border-bottom-style: solid; border-left-style: initial; border-top-color: initial; border-right-color: rgb(255, 255, 255); border-bottom-color: rgb(255, 255, 255); border-left-color: initial; border-image: initial; font-style: inherit; font-size: 15px; margin: 0px; padding: 7px; vertical-align: baseline; background: rgb(249, 249, 249); color: rgb(74, 74, 74); overflow-wrap: break-word;\"><span style=\"font-size: 14px;\"><font face=\"Arial\">220<\/font><\/span><\/td>\n<\/tr>\n<tr style=\"outline: 0px; -webkit-font-smoothing: antialiased; text-rendering: optimizelegibility; border: 0px; font-style: inherit; font-size: inherit; margin: 0px; padding: 0px; vertical-align: baseline;\">\n<td class=\"label-especificacoes\" width=\"190\" style=\"outline: 0px; -webkit-font-smoothing: antialiased; text-rendering: optimizelegibility; border-width: 0px 5px 5px 0px; border-top-style: initial; border-right-style: solid; border-bottom-style: solid; border-left-style: initial; border-top-color: initial; border-right-color: rgb(255, 255, 255); border-bottom-color: rgb(255, 255, 255); border-left-color: initial; border-image: initial; font-style: inherit; font-size: 15px; margin: 0px; padding: 7px; vertical-align: baseline; background: rgb(249, 249, 249); color: rgb(74, 74, 74); overflow-wrap: break-word;\"><span style=\"font-size: 14px;\"><font face=\"Arial\">Tens\u00e3o(V)<\/font><\/span><\/td>\n<td style=\"outline: 0px; -webkit-font-smoothing: antialiased; text-rendering: optimizelegibility; border-width: 0px 5px 5px 0px; border-top-style: initial; border-right-style: solid; border-bottom-style: solid; border-left-style: initial; border-top-color: initial; border-right-color: rgb(255, 255, 255); border-bottom-color: rgb(255, 255, 255); border-left-color: initial; border-image: initial; font-style: inherit; font-size: 15px; margin: 0px; padding: 7px; vertical-align: baseline; background: rgb(249, 249, 249); color: rgb(74, 74, 74); overflow-wrap: break-word;\"><span style=\"font-size: 14px;\"><font face=\"Arial\">127<\/font><\/span><\/td>\n<td style=\"outline: 0px; -webkit-font-smoothing: antialiased; text-rendering: optimizelegibility; border-width: 0px 5px 5px 0px; border-top-style: initial; border-right-style: solid; border-bottom-style: solid; border-left-style: initial; border-top-color: initial; border-right-color: rgb(255, 255, 255); border-bottom-color: rgb(255, 255, 255); border-left-color: initial; border-image: initial; font-style: inherit; font-size: 15px; margin: 0px; padding: 7px; vertical-align: baseline; background: rgb(249, 249, 249); color: rgb(74, 74, 74); overflow-wrap: break-word;\"><span style=\"font-size: 14px;\"><font face=\"Arial\">220<\/font><\/span><\/td>\n<\/tr>\n<tr style=\"outline: 0px; -webkit-font-smoothing: antialiased; text-rendering: optimizelegibility; border: 0px; font-style: inherit; font-size: inherit; margin: 0px; padding: 0px; vertical-align: baseline;\">\n<td class=\"label-especificacoes\" width=\"190\" style=\"outline: 0px; -webkit-font-smoothing: antialiased; text-rendering: optimizelegibility; border-width: 0px 5px 5px 0px; border-top-style: initial; border-right-style: solid; border-bottom-style: solid; border-left-style: initial; border-top-color: initial; border-right-color: rgb(255, 255, 255); border-bottom-color: rgb(255, 255, 255); border-left-color: initial; border-image: initial; font-style: inherit; font-size: 15px; margin: 0px; padding: 7px; vertical-align: baseline; background: rgb(249, 249, 249); color: rgb(74, 74, 74); overflow-wrap: break-word;\"><span style=\"font-size: 14px;\"><font face=\"Arial\">Frequ\u00eancia(Hz)<\/font><\/span><\/td>\n<td style=\"outline: 0px; -webkit-font-smoothing: antialiased; text-rendering: optimizelegibility; border-width: 0px 5px 5px 0px; border-top-style: initial; border-right-style: solid; border-bottom-style: solid; border-left-style: initial; border-top-color: initial; border-right-color: rgb(255, 255, 255); border-bottom-color: rgb(255, 255, 255); border-left-color: initial; border-image: initial; font-style: inherit; font-size: 15px; margin: 0px; padding: 7px; vertical-align: baseline; background: rgb(249, 249, 249); color: rgb(74, 74, 74); overflow-wrap: break-word;\"><span style=\"font-size: 14px;\"><font face=\"Arial\">60<\/font><\/span><\/td>\n<td style=\"outline: 0px; -webkit-font-smoothing: antialiased; text-rendering: optimizelegibility; border-width: 0px 5px 5px 0px; border-top-style: initial; border-right-style: solid; border-bottom-style: solid; border-left-style: initial; border-top-color: initial; border-right-color: rgb(255, 255, 255); border-bottom-color: rgb(255, 255, 255); border-left-color: initial; border-image: initial; font-style: inherit; font-size: 15px; margin: 0px; padding: 7px; vertical-align: baseline; background: rgb(249, 249, 249); color: rgb(74, 74, 74); overflow-wrap: break-word;\"><span style=\"font-size: 14px;\"><font face=\"Arial\">820<\/font><\/span><\/td>\n<\/tr>\n<tr style=\"outline: 0px; -webkit-font-smoothing: antialiased; text-rendering: optimizelegibility; border: 0px; font-style: inherit; font-size: inherit; margin: 0px; padding: 0px; vertical-align: baseline;\">\n<td class=\"label-especificacoes\" width=\"190\" style=\"outline: 0px; -webkit-font-smoothing: antialiased; text-rendering: optimizelegibility; border-width: 0px 5px 5px 0px; border-top-style: initial; border-right-style: solid; border-bottom-style: solid; border-left-style: initial; border-top-color: initial; border-right-color: rgb(255, 255, 255); border-bottom-color: rgb(255, 255, 255); border-left-color: initial; border-image: initial; font-style: inherit; font-size: 15px; margin: 0px; padding: 7px; vertical-align: baseline; background: rgb(249, 249, 249); color: rgb(74, 74, 74); overflow-wrap: break-word;\"><span style=\"font-size: 14px;\"><font face=\"Arial\">Consumo kWh\/dia(60Hz)<\/font><\/span><\/td>\n<td colspan=\"2\" style=\"outline: 0px; -webkit-font-smoothing: antialiased; text-rendering: optimizelegibility; border-width: 0px 5px 5px 0px; border-top-style: initial; border-right-style: solid; border-bottom-style: solid; border-left-style: initial; border-top-color: initial; border-right-color: rgb(255, 255, 255); border-bottom-color: rgb(255, 255, 255); border-left-color: initial; border-image: initial; font-style: inherit; font-size: 15px; margin: 0px; padding: 7px; vertical-align: baseline; background: rgb(249, 249, 249); color: rgb(74, 74, 74); overflow-wrap: break-word;\"><span style=\"font-size: 14px;\"><font face=\"Arial\">2,99<\/font><\/span><\/td>\n<\/tr>\n<tr style=\"outline: 0px; -webkit-font-smoothing: antialiased; text-rendering: optimizelegibility; border: 0px; font-style: inherit; font-size: inherit; font-family: inherit; margin: 0px; padding: 0px; vertical-align: baseline;\">\n<td class=\"label-especificacoes\" width=\"190\" style=\"outline: 0px; -webkit-font-smoothing: antialiased; text-rendering: optimizelegibility; border-width: 0px 5px 5px 0px; border-top-style: initial; border-right-style: solid; border-bottom-style: solid; border-left-style: initial; border-top-color: initial; border-right-color: rgb(255, 255, 255); border-bottom-color: rgb(255, 255, 255); border-left-color: initial; border-image: initial; font-style: inherit; font-size: 15px; margin: 0px; padding: 7px; vertical-align: baseline; background: rgb(249, 249, 249); color: rgb(74, 74, 74); overflow-wrap: break-word;\"><span style=\"font-size: 14px;\"><font face=\"Arial\">Classe<\/font><\/span><\/td>\n<td colspan=\"2\" style=\"outline: 0px; -webkit-font-smoothing: antialiased; text-rendering: optimizelegibility; border-width: 0px 5px 5px 0px; border-top-style: initial; border-right-style: solid; border-bottom-style: solid; border-left-style: initial; border-top-color: initial; border-right-color: rgb(255, 255, 255); border-bottom-color: rgb(255, 255, 255); border-left-color: initial; border-image: initial; font-style: inherit; font-size: 15px; margin: 0px; padding: 7px; vertical-align: baseline; background: rgb(249, 249, 249); color: rgb(74, 74, 74); overflow-wrap: break-word;\"><span style=\"font-size: 14px;\"><font face=\"Arial\">4<\/font><\/span><\/td>\n<\/tr>\n<\/tbody>\n<\/table>\n<p><\/p>\n","protected":false},"excerpt":{"rendered":"<p>Descri\u00e7\u00e3o do Produto&nbsp;Conserva\u00e7\u00e3o de sorvetes e produtos congelados ouRefrigera\u00e7\u00e3o de bebidas e produtos resfriadosTemperatura: Congelados -16\u00ba a -20\u00baC\/Resfriados 0\u00ba a +7\u00baCRefrigera\u00e7\u00e3o: Est\u00e1tica com Serpentina de CobreCondensador Skin CondenserControle de Temperatura: Termostato dupla a\u00e7\u00e3oDegelo: ManualColarinho &#8216;E&#8217; em PVCTampas: Vidros temperados, deslizantes, baixo emissivoRevestimento interno e externo em A\u00e7o pr\u00e9-pintado brancoDreno frontal com tampaGabinete com rod\u00edziosVidros sujeitos [&hellip;]<\/p>\n","protected":false},"featured_media":12915,"comment_status":"open","ping_status":"closed","template":"","meta":[],"product_brand":[],"product_cat":[322,442],"product_tag":[],"class_list":{"0":"post-12916","1":"product","2":"type-product","3":"status-publish","4":"has-post-thumbnail","6":"product_cat-balcao-refrigerado","7":"product_cat-refrigeracao","9":"first","10":"instock","11":"shipping-taxable","12":"purchasable","13":"product-type-simple"},"_links":{"self":[{"href":"https:\/\/twsites.com.br\/novomigcenter\/index.php?rest_route=\/wp\/v2\/product\/12916","targetHints":{"allow":["GET"]}}],"collection":[{"href":"https:\/\/twsites.com.br\/novomigcenter\/index.php?rest_route=\/wp\/v2\/product"}],"about":[{"href":"https:\/\/twsites.com.br\/novomigcenter\/index.php?rest_route=\/wp\/v2\/types\/product"}],"replies":[{"embeddable":true,"href":"https:\/\/twsites.com.br\/novomigcenter\/index.php?rest_route=%2Fwp%2Fv2%2Fcomments&post=12916"}],"wp:featuredmedia":[{"embeddable":true,"href":"https:\/\/twsites.com.br\/novomigcenter\/index.php?rest_route=\/wp\/v2\/media\/12915"}],"wp:attachment":[{"href":"https:\/\/twsites.com.br\/novomigcenter\/index.php?rest_route=%2Fwp%2Fv2%2Fmedia&parent=12916"}],"wp:term":[{"taxonomy":"product_brand","embeddable":true,"href":"https:\/\/twsites.com.br\/novomigcenter\/index.php?rest_route=%2Fwp%2Fv2%2Fproduct_brand&post=12916"},{"taxonomy":"product_cat","embeddable":true,"href":"https:\/\/twsites.com.br\/novomigcenter\/index.php?rest_route=%2Fwp%2Fv2%2Fproduct_cat&post=12916"},{"taxonomy":"product_tag","embeddable":true,"href":"https:\/\/twsites.com.br\/novomigcenter\/index.php?rest_route=%2Fwp%2Fv2%2Fproduct_tag&post=12916"}],"curies":[{"name":"wp","href":"https:\/\/api.w.org\/{rel}","templated":true}]}}