{"id":12937,"date":"2020-07-21T02:03:27","date_gmt":"2020-07-21T02:03:27","guid":{"rendered":"https:\/\/twsites.com.br\/novomigcenter\/?product=vitrine-refrigerada-universal-2-placas-frias-gpda-175rpr"},"modified":"2020-07-21T02:03:27","modified_gmt":"2020-07-21T02:03:27","slug":"vitrine-refrigerada-universal-2-placas-frias-gpda-175rpr","status":"publish","type":"product","link":"https:\/\/twsites.com.br\/novomigcenter\/?product=vitrine-refrigerada-universal-2-placas-frias-gpda-175rpr","title":{"rendered":"Vitrine Refrigerada Preta 1.75m  Universal 2 Placas Frias &#8211; Gelopar"},"content":{"rendered":"<p><font face=\"Arial\"><strong class=\"tit-bloco-desc\" style=\"outline: transparent none medium; -webkit-font-smoothing: antialiased; text-rendering: optimizelegibility; color: rgb(76, 76, 76); font-size: 15px;\"><span style=\"font-size: 14px;\">Descri\u00e7\u00e3o do Produto<\/span><\/strong><\/font><\/p>\n<p><font face=\"Arial\"><span style=\"color: rgb(76, 76, 76); font-size: 14px;\">Refrigera\u00e7\u00e3o e exposi\u00e7\u00e3o de bebidas, frios e latic\u00ednios<\/span><br style=\"outline: transparent none medium; -webkit-font-smoothing: antialiased; text-rendering: optimizelegibility; color: rgb(76, 76, 76); font-size: 15px;\"><span style=\"color: rgb(76, 76, 76); font-size: 14px;\"><b>Temperatura:<\/b> 0\u00ba a +7\u00baC<\/span><br style=\"outline: transparent none medium; -webkit-font-smoothing: antialiased; text-rendering: optimizelegibility; color: rgb(76, 76, 76); font-size: 15px;\"><span style=\"color: rgb(76, 76, 76); font-size: 14px;\"><b>Refrigera\u00e7\u00e3o: <\/b>Est\u00e1tica com 2 placas frias<\/span><br style=\"outline: transparent none medium; -webkit-font-smoothing: antialiased; text-rendering: optimizelegibility; color: rgb(76, 76, 76); font-size: 15px;\"><span style=\"color: rgb(76, 76, 76); font-size: 14px;\"><b>Degelo: <\/b>Manual<\/span><br style=\"outline: transparent none medium; -webkit-font-smoothing: antialiased; text-rendering: optimizelegibility; color: rgb(76, 76, 76); font-size: 15px;\"><span style=\"color: rgb(76, 76, 76); font-size: 14px;\"><b>Controle de Temperatura: <\/b>Termostato<\/span><br style=\"outline: transparent none medium; -webkit-font-smoothing: antialiased; text-rendering: optimizelegibility; color: rgb(76, 76, 76); font-size: 15px;\"><span style=\"color: rgb(76, 76, 76); font-size: 14px;\"><b>Gabinete: <\/b>Monobloco em a\u00e7o pr\u00e9-pintado<\/span><br style=\"outline: transparent none medium; -webkit-font-smoothing: antialiased; text-rendering: optimizelegibility; color: rgb(76, 76, 76); font-size: 15px;\"><span style=\"color: rgb(76, 76, 76); font-size: 14px;\"><b>Prateleiras:<\/b> 2 n\u00edveis, placas frias fixas<\/span><br style=\"outline: transparent none medium; -webkit-font-smoothing: antialiased; text-rendering: optimizelegibility; color: rgb(76, 76, 76); font-size: 15px;\"><span style=\"color: rgb(76, 76, 76); font-size: 14px;\"><b>Ilumina\u00e7\u00e3o:<\/b> LED com interruptor<\/span><br style=\"outline: transparent none medium; -webkit-font-smoothing: antialiased; text-rendering: optimizelegibility; color: rgb(76, 76, 76); font-size: 15px;\"><span style=\"color: rgb(76, 76, 76); font-size: 14px;\">Porta(s) injetada(s) em PSAI<\/span><br style=\"outline: transparent none medium; -webkit-font-smoothing: antialiased; text-rendering: optimizelegibility; color: rgb(76, 76, 76); font-size: 15px;\"><span style=\"color: rgb(76, 76, 76); font-size: 14px;\">P\u00e9s niveladores<\/span><br style=\"outline: transparent none medium; -webkit-font-smoothing: antialiased; text-rendering: optimizelegibility; color: rgb(76, 76, 76); font-size: 15px;\"><span style=\"color: rgb(76, 76, 76); font-size: 14px;\">Vidros temperados sujeitos a condensa\u00e7\u00e3o da umidade do ar<\/span><br style=\"outline: transparent none medium; -webkit-font-smoothing: antialiased; text-rendering: optimizelegibility; color: rgb(76, 76, 76); font-size: 15px;\"><span style=\"color: rgb(76, 76, 76); font-size: 14px;\">Acompanha perfil alum\u00ednio em T para remate de tampos em montagem<\/span><\/font><\/p>\n<p><font face=\"Arial\"><span style=\"color: rgb(76, 76, 76); font-size: 14px;\"><b>Opcional:<\/b> Grades para as placas frias&#8221;* Imagens meramente ilustrativas. Imagens e informa\u00e7\u00f5es sujeitas a altera\u00e7\u00f5es sem aviso pr\u00e9vio.<\/span><br style=\"outline: transparent none medium; -webkit-font-smoothing: antialiased; text-rendering: optimizelegibility; color: rgb(76, 76, 76); font-size: 15px;\"><br style=\"outline: transparent none medium; -webkit-font-smoothing: antialiased; text-rendering: optimizelegibility; color: rgb(76, 76, 76); font-size: 15px;\"><span style=\"color: rgb(76, 76, 76); font-size: 10px;\">** Cores de acabamento e materiais sujeitos a varia\u00e7\u00e3o de acordo com o lote de produ\u00e7\u00e3o e\/ou entre os materiais que comp\u00f5em o produto (ex.: chapa, pl\u00e1stico,madeiras e etc.).&#8221;<\/span><br \/><\/font><\/p>\n<table class=\"tabela-especificacoes\" style=\"outline: 0px; -webkit-font-smoothing: antialiased; text-rendering: optimizelegibility; border: 0px; font-size: medium; font-family: alegreya_sansregular; margin: 0px; padding: 0px; vertical-align: baseline; border-collapse: separate; width: 330px; table-layout: fixed; color: rgb(76, 76, 76); background-color: rgb(255, 255, 255);\">\n<tbody style=\"outline: 0px; -webkit-font-smoothing: antialiased; text-rendering: optimizelegibility; border: 0px; font-style: inherit; font-size: inherit; font-family: inherit; margin: 0px; padding: 0px; vertical-align: baseline;\">\n<tr style=\"outline: 0px; -webkit-font-smoothing: antialiased; text-rendering: optimizelegibility; border: 0px; font-style: inherit; font-size: inherit; font-family: inherit; margin: 0px; padding: 0px; vertical-align: baseline;\">\n<td class=\"label-especificacoes\" width=\"190\" style=\"outline: 0px; -webkit-font-smoothing: antialiased; text-rendering: optimizelegibility; border-width: 0px 5px 5px 0px; border-top-style: initial; border-right-style: solid; border-bottom-style: solid; border-left-style: initial; border-top-color: initial; border-right-color: rgb(255, 255, 255); border-bottom-color: rgb(255, 255, 255); border-left-color: initial; border-image: initial; font-style: inherit; font-size: 15px; margin: 0px; padding: 7px; vertical-align: baseline; background: rgb(249, 249, 249); color: rgb(74, 74, 74); overflow-wrap: break-word;\"><font face=\"Arial\"><span style=\"font-size: 14px;\">Frente(mm)<\/span><\/font><\/td>\n<td colspan=\"2\" style=\"outline: 0px; -webkit-font-smoothing: antialiased; text-rendering: optimizelegibility; border-width: 0px 5px 5px 0px; border-top-style: initial; border-right-style: solid; border-bottom-style: solid; border-left-style: initial; border-top-color: initial; border-right-color: rgb(255, 255, 255); border-bottom-color: rgb(255, 255, 255); border-left-color: initial; border-image: initial; font-style: inherit; font-size: 15px; margin: 0px; padding: 7px; vertical-align: baseline; background: rgb(249, 249, 249); color: rgb(74, 74, 74); overflow-wrap: break-word;\"><font face=\"Arial\"><span style=\"font-size: 14px;\">1730<\/span><\/font><\/td>\n<\/tr>\n<tr style=\"outline: 0px; -webkit-font-smoothing: antialiased; text-rendering: optimizelegibility; border: 0px; font-style: inherit; font-size: inherit; margin: 0px; padding: 0px; vertical-align: baseline;\">\n<td class=\"label-especificacoes\" width=\"190\" style=\"outline: 0px; -webkit-font-smoothing: antialiased; text-rendering: optimizelegibility; border-width: 0px 5px 5px 0px; border-top-style: initial; border-right-style: solid; border-bottom-style: solid; border-left-style: initial; border-top-color: initial; border-right-color: rgb(255, 255, 255); border-bottom-color: rgb(255, 255, 255); border-left-color: initial; border-image: initial; font-style: inherit; font-size: 15px; margin: 0px; padding: 7px; vertical-align: baseline; background: rgb(249, 249, 249); color: rgb(74, 74, 74); overflow-wrap: break-word;\"><font face=\"Arial\"><span style=\"font-size: 14px;\">Profundidade(mm)<\/span><\/font><\/td>\n<td colspan=\"2\" style=\"outline: 0px; -webkit-font-smoothing: antialiased; text-rendering: optimizelegibility; border-width: 0px 5px 5px 0px; border-top-style: initial; border-right-style: solid; border-bottom-style: solid; border-left-style: initial; border-top-color: initial; border-right-color: rgb(255, 255, 255); border-bottom-color: rgb(255, 255, 255); border-left-color: initial; border-image: initial; font-style: inherit; font-size: 15px; margin: 0px; padding: 7px; vertical-align: baseline; background: rgb(249, 249, 249); color: rgb(74, 74, 74); overflow-wrap: break-word;\"><font face=\"Arial\"><span style=\"font-size: 14px;\">632<\/span><\/font><\/td>\n<\/tr>\n<tr style=\"outline: 0px; -webkit-font-smoothing: antialiased; text-rendering: optimizelegibility; border: 0px; font-style: inherit; font-size: inherit; margin: 0px; padding: 0px; vertical-align: baseline;\">\n<td class=\"label-especificacoes\" width=\"190\" style=\"outline: 0px; -webkit-font-smoothing: antialiased; text-rendering: optimizelegibility; border-width: 0px 5px 5px 0px; border-top-style: initial; border-right-style: solid; border-bottom-style: solid; border-left-style: initial; border-top-color: initial; border-right-color: rgb(255, 255, 255); border-bottom-color: rgb(255, 255, 255); border-left-color: initial; border-image: initial; font-style: inherit; font-size: 15px; margin: 0px; padding: 7px; vertical-align: baseline; background: rgb(249, 249, 249); color: rgb(74, 74, 74); overflow-wrap: break-word;\"><font face=\"Arial\"><span style=\"font-size: 14px;\">Altura(mm)<\/span><\/font><\/td>\n<td colspan=\"2\" style=\"outline: 0px; -webkit-font-smoothing: antialiased; text-rendering: optimizelegibility; border-width: 0px 5px 5px 0px; border-top-style: initial; border-right-style: solid; border-bottom-style: solid; border-left-style: initial; border-top-color: initial; border-right-color: rgb(255, 255, 255); border-bottom-color: rgb(255, 255, 255); border-left-color: initial; border-image: initial; font-style: inherit; font-size: 15px; margin: 0px; padding: 7px; vertical-align: baseline; background: rgb(249, 249, 249); color: rgb(74, 74, 74); overflow-wrap: break-word;\"><font face=\"Arial\"><span style=\"font-size: 14px;\">1150<\/span><\/font><\/td>\n<\/tr>\n<tr style=\"outline: 0px; -webkit-font-smoothing: antialiased; text-rendering: optimizelegibility; border: 0px; font-style: inherit; font-size: inherit; margin: 0px; padding: 0px; vertical-align: baseline;\">\n<td class=\"label-especificacoes\" width=\"190\" style=\"outline: 0px; -webkit-font-smoothing: antialiased; text-rendering: optimizelegibility; border-width: 0px 5px 5px 0px; border-top-style: initial; border-right-style: solid; border-bottom-style: solid; border-left-style: initial; border-top-color: initial; border-right-color: rgb(255, 255, 255); border-bottom-color: rgb(255, 255, 255); border-left-color: initial; border-image: initial; font-style: inherit; font-size: 15px; margin: 0px; padding: 7px; vertical-align: baseline; background: rgb(249, 249, 249); color: rgb(74, 74, 74); overflow-wrap: break-word;\"><font face=\"Arial\"><span style=\"font-size: 14px;\">Peso bruto(kg)<\/span><\/font><\/td>\n<td colspan=\"2\" style=\"outline: 0px; -webkit-font-smoothing: antialiased; text-rendering: optimizelegibility; border-width: 0px 5px 5px 0px; border-top-style: initial; border-right-style: solid; border-bottom-style: solid; border-left-style: initial; border-top-color: initial; border-right-color: rgb(255, 255, 255); border-bottom-color: rgb(255, 255, 255); border-left-color: initial; border-image: initial; font-style: inherit; font-size: 15px; margin: 0px; padding: 7px; vertical-align: baseline; background: rgb(249, 249, 249); color: rgb(74, 74, 74); overflow-wrap: break-word;\"><font face=\"Arial\"><span style=\"font-size: 14px;\">81,9<\/span><\/font><\/td>\n<\/tr>\n<tr style=\"outline: 0px; -webkit-font-smoothing: antialiased; text-rendering: optimizelegibility; border: 0px; font-style: inherit; font-size: inherit; margin: 0px; padding: 0px; vertical-align: baseline;\">\n<td class=\"label-especificacoes\" width=\"190\" style=\"outline: 0px; -webkit-font-smoothing: antialiased; text-rendering: optimizelegibility; border-width: 0px 5px 5px 0px; border-top-style: initial; border-right-style: solid; border-bottom-style: solid; border-left-style: initial; border-top-color: initial; border-right-color: rgb(255, 255, 255); border-bottom-color: rgb(255, 255, 255); border-left-color: initial; border-image: initial; font-style: inherit; font-size: 15px; margin: 0px; padding: 7px; vertical-align: baseline; background: rgb(249, 249, 249); color: rgb(74, 74, 74); overflow-wrap: break-word;\"><font face=\"Arial\"><span style=\"font-size: 14px;\">Tens\u00e3o(V)<\/span><\/font><\/td>\n<td style=\"outline: 0px; -webkit-font-smoothing: antialiased; text-rendering: optimizelegibility; border-width: 0px 5px 5px 0px; border-top-style: initial; border-right-style: solid; border-bottom-style: solid; border-left-style: initial; border-top-color: initial; border-right-color: rgb(255, 255, 255); border-bottom-color: rgb(255, 255, 255); border-left-color: initial; border-image: initial; font-style: inherit; font-size: 15px; margin: 0px; padding: 7px; vertical-align: baseline; background: rgb(249, 249, 249); color: rgb(74, 74, 74); overflow-wrap: break-word;\"><font face=\"Arial\"><span style=\"font-size: 14px;\">127<\/span><\/font><\/td>\n<td style=\"outline: 0px; -webkit-font-smoothing: antialiased; text-rendering: optimizelegibility; border-width: 0px 5px 5px 0px; border-top-style: initial; border-right-style: solid; border-bottom-style: solid; border-left-style: initial; border-top-color: initial; border-right-color: rgb(255, 255, 255); border-bottom-color: rgb(255, 255, 255); border-left-color: initial; border-image: initial; font-style: inherit; font-size: 15px; margin: 0px; padding: 7px; vertical-align: baseline; background: rgb(249, 249, 249); color: rgb(74, 74, 74); overflow-wrap: break-word;\"><font face=\"Arial\"><span style=\"font-size: 14px;\">220<\/span><\/font><\/td>\n<\/tr>\n<tr style=\"outline: 0px; -webkit-font-smoothing: antialiased; text-rendering: optimizelegibility; border: 0px; font-style: inherit; font-size: inherit; margin: 0px; padding: 0px; vertical-align: baseline;\">\n<td class=\"label-especificacoes\" width=\"190\" style=\"outline: 0px; -webkit-font-smoothing: antialiased; text-rendering: optimizelegibility; border-width: 0px 5px 5px 0px; border-top-style: initial; border-right-style: solid; border-bottom-style: solid; border-left-style: initial; border-top-color: initial; border-right-color: rgb(255, 255, 255); border-bottom-color: rgb(255, 255, 255); border-left-color: initial; border-image: initial; font-style: inherit; font-size: 15px; margin: 0px; padding: 7px; vertical-align: baseline; background: rgb(249, 249, 249); color: rgb(74, 74, 74); overflow-wrap: break-word;\"><font face=\"Arial\"><span style=\"font-size: 14px;\">Frequ\u00eancia(Hz)<\/span><\/font><\/td>\n<td style=\"outline: 0px; -webkit-font-smoothing: antialiased; text-rendering: optimizelegibility; border-width: 0px 5px 5px 0px; border-top-style: initial; border-right-style: solid; border-bottom-style: solid; border-left-style: initial; border-top-color: initial; border-right-color: rgb(255, 255, 255); border-bottom-color: rgb(255, 255, 255); border-left-color: initial; border-image: initial; font-style: inherit; font-size: 15px; margin: 0px; padding: 7px; vertical-align: baseline; background: rgb(249, 249, 249); color: rgb(74, 74, 74); overflow-wrap: break-word;\"><font face=\"Arial\"><span style=\"font-size: 14px;\">60<\/span><\/font><\/td>\n<td style=\"outline: 0px; -webkit-font-smoothing: antialiased; text-rendering: optimizelegibility; border-width: 0px 5px 5px 0px; border-top-style: initial; border-right-style: solid; border-bottom-style: solid; border-left-style: initial; border-top-color: initial; border-right-color: rgb(255, 255, 255); border-bottom-color: rgb(255, 255, 255); border-left-color: initial; border-image: initial; font-style: inherit; font-size: 15px; margin: 0px; padding: 7px; vertical-align: baseline; background: rgb(249, 249, 249); color: rgb(74, 74, 74); overflow-wrap: break-word;\"><font face=\"Arial\"><span style=\"font-size: 14px;\">1730<\/span><\/font><\/td>\n<\/tr>\n<tr style=\"outline: 0px; -webkit-font-smoothing: antialiased; text-rendering: optimizelegibility; border: 0px; font-style: inherit; font-size: inherit; margin: 0px; padding: 0px; vertical-align: baseline;\">\n<td class=\"label-especificacoes\" width=\"190\" style=\"outline: 0px; -webkit-font-smoothing: antialiased; text-rendering: optimizelegibility; border-width: 0px 5px 5px 0px; border-top-style: initial; border-right-style: solid; border-bottom-style: solid; border-left-style: initial; border-top-color: initial; border-right-color: rgb(255, 255, 255); border-bottom-color: rgb(255, 255, 255); border-left-color: initial; border-image: initial; font-style: inherit; font-size: 15px; margin: 0px; padding: 7px; vertical-align: baseline; background: rgb(249, 249, 249); color: rgb(74, 74, 74); overflow-wrap: break-word;\"><font face=\"Arial\"><span style=\"font-size: 14px;\">Consumo kWh\/dia(60Hz)<\/span><\/font><\/td>\n<td colspan=\"2\" style=\"outline: 0px; -webkit-font-smoothing: antialiased; text-rendering: optimizelegibility; border-width: 0px 5px 5px 0px; border-top-style: initial; border-right-style: solid; border-bottom-style: solid; border-left-style: initial; border-top-color: initial; border-right-color: rgb(255, 255, 255); border-bottom-color: rgb(255, 255, 255); border-left-color: initial; border-image: initial; font-style: inherit; font-size: 15px; margin: 0px; padding: 7px; vertical-align: baseline; background: rgb(249, 249, 249); color: rgb(74, 74, 74); overflow-wrap: break-word;\"><font face=\"Arial\"><span style=\"font-size: 14px;\">6,97<\/span><\/font><\/td>\n<\/tr>\n<tr style=\"outline: 0px; -webkit-font-smoothing: antialiased; text-rendering: optimizelegibility; border: 0px; font-style: inherit; font-size: inherit; font-family: inherit; margin: 0px; padding: 0px; vertical-align: baseline;\">\n<td class=\"label-especificacoes\" width=\"190\" style=\"outline: 0px; -webkit-font-smoothing: antialiased; text-rendering: optimizelegibility; border-width: 0px 5px 5px 0px; border-top-style: initial; border-right-style: solid; border-bottom-style: solid; border-left-style: initial; border-top-color: initial; border-right-color: rgb(255, 255, 255); border-bottom-color: rgb(255, 255, 255); border-left-color: initial; border-image: initial; font-style: inherit; font-size: 15px; margin: 0px; padding: 7px; vertical-align: baseline; background: rgb(249, 249, 249); color: rgb(74, 74, 74); overflow-wrap: break-word;\"><font face=\"Arial\"><span style=\"font-size: 14px;\">Classe<\/span><\/font><\/td>\n<td colspan=\"2\" style=\"outline: 0px; -webkit-font-smoothing: antialiased; text-rendering: optimizelegibility; border-width: 0px 5px 5px 0px; border-top-style: initial; border-right-style: solid; border-bottom-style: solid; border-left-style: initial; border-top-color: initial; border-right-color: rgb(255, 255, 255); border-bottom-color: rgb(255, 255, 255); border-left-color: initial; border-image: initial; font-style: inherit; font-size: 15px; margin: 0px; padding: 7px; vertical-align: baseline; background: rgb(249, 249, 249); color: rgb(74, 74, 74); overflow-wrap: break-word;\"><font face=\"Arial\"><span style=\"font-size: 14px;\">4<\/span><\/font><\/td>\n<\/tr>\n<\/tbody>\n<\/table>\n","protected":false},"excerpt":{"rendered":"<p>Descri\u00e7\u00e3o do Produto Refrigera\u00e7\u00e3o e exposi\u00e7\u00e3o de bebidas, frios e latic\u00edniosTemperatura: 0\u00ba a +7\u00baCRefrigera\u00e7\u00e3o: Est\u00e1tica com 2 placas friasDegelo: ManualControle de Temperatura: TermostatoGabinete: Monobloco em a\u00e7o pr\u00e9-pintadoPrateleiras: 2 n\u00edveis, placas frias fixasIlumina\u00e7\u00e3o: LED com interruptorPorta(s) injetada(s) em PSAIP\u00e9s niveladoresVidros temperados sujeitos a condensa\u00e7\u00e3o da umidade do arAcompanha perfil alum\u00ednio em T para remate de tampos [&hellip;]<\/p>\n","protected":false},"featured_media":12730,"comment_status":"open","ping_status":"closed","template":"","meta":[],"product_brand":[],"product_cat":[322,421,419],"product_tag":[772],"class_list":{"0":"post-12937","1":"product","2":"type-product","3":"status-publish","4":"has-post-thumbnail","6":"product_cat-balcao-refrigerado","7":"product_cat-linha-gelopar-aurora","8":"product_cat-linha-gelopar","9":"product_tag-vitrine-refrigerada-preta-1-75m-universal-2-placas-frias-gelopar","11":"first","12":"instock","13":"shipping-taxable","14":"purchasable","15":"product-type-simple"},"_links":{"self":[{"href":"https:\/\/twsites.com.br\/novomigcenter\/index.php?rest_route=\/wp\/v2\/product\/12937","targetHints":{"allow":["GET"]}}],"collection":[{"href":"https:\/\/twsites.com.br\/novomigcenter\/index.php?rest_route=\/wp\/v2\/product"}],"about":[{"href":"https:\/\/twsites.com.br\/novomigcenter\/index.php?rest_route=\/wp\/v2\/types\/product"}],"replies":[{"embeddable":true,"href":"https:\/\/twsites.com.br\/novomigcenter\/index.php?rest_route=%2Fwp%2Fv2%2Fcomments&post=12937"}],"wp:featuredmedia":[{"embeddable":true,"href":"https:\/\/twsites.com.br\/novomigcenter\/index.php?rest_route=\/wp\/v2\/media\/12730"}],"wp:attachment":[{"href":"https:\/\/twsites.com.br\/novomigcenter\/index.php?rest_route=%2Fwp%2Fv2%2Fmedia&parent=12937"}],"wp:term":[{"taxonomy":"product_brand","embeddable":true,"href":"https:\/\/twsites.com.br\/novomigcenter\/index.php?rest_route=%2Fwp%2Fv2%2Fproduct_brand&post=12937"},{"taxonomy":"product_cat","embeddable":true,"href":"https:\/\/twsites.com.br\/novomigcenter\/index.php?rest_route=%2Fwp%2Fv2%2Fproduct_cat&post=12937"},{"taxonomy":"product_tag","embeddable":true,"href":"https:\/\/twsites.com.br\/novomigcenter\/index.php?rest_route=%2Fwp%2Fv2%2Fproduct_tag&post=12937"}],"curies":[{"name":"wp","href":"https:\/\/api.w.org\/{rel}","templated":true}]}}