{"id":12951,"date":"2020-07-23T17:39:25","date_gmt":"2020-07-23T17:39:25","guid":{"rendered":"https:\/\/twsites.com.br\/novomigcenter\/?product=vitrine-refrigerada-confeitaria-dupla-funcao-gpea-075rti"},"modified":"2020-07-23T17:39:25","modified_gmt":"2020-07-23T17:39:25","slug":"vitrine-refrigerada-confeitaria-dupla-funcao-gpea-075rti","status":"publish","type":"product","link":"https:\/\/twsites.com.br\/novomigcenter\/?product=vitrine-refrigerada-confeitaria-dupla-funcao-gpea-075rti","title":{"rendered":"Vitrine Refrigerada Tipo Inox 0.75m &#8211; Confeitaria &#8211; Dupla Fun\u00e7\u00e3o &#8211; Gelopar"},"content":{"rendered":"<p><strong class=\"tit-bloco-desc\" style=\"outline: transparent none medium; -webkit-font-smoothing: antialiased; text-rendering: optimizelegibility; color: rgb(76, 76, 76); font-size: 15px;\"><font face=\"Arial\"><span style=\"font-size: 14px;\">Descri\u00e7\u00e3o do Produto<\/span><\/font><\/strong><span style=\"color: rgb(76, 76, 76); font-family: alegreya_sansregular; font-size: 15px;\"><\/span><br style=\"outline: transparent none medium; -webkit-font-smoothing: antialiased; text-rendering: optimizelegibility; color: rgb(76, 76, 76); font-family: alegreya_sansregular; font-size: 15px;\"><font face=\"Arial\"><span style=\"color: rgb(76, 76, 76); font-size: 14px;\">Refrigera\u00e7\u00e3o e exposi\u00e7\u00e3o de bolos, tortas, doces e confeitos ou bebidas, frios e latic\u00ednios<\/span><br style=\"outline: transparent none medium; -webkit-font-smoothing: antialiased; text-rendering: optimizelegibility; color: rgb(76, 76, 76); font-size: 15px;\"><span style=\"color: rgb(76, 76, 76); font-size: 14px;\"><b>Temperatura: Bolos:<\/b> +5\u00b0C a +10\u00b0C ou Bebidas: 0\u00ba a +7\u00baC<\/span><br style=\"outline: transparent none medium; -webkit-font-smoothing: antialiased; text-rendering: optimizelegibility; color: rgb(76, 76, 76); font-size: 15px;\"><span style=\"color: rgb(76, 76, 76); font-size: 14px;\"><b>Refrigera\u00e7\u00e3o: <\/b>Est\u00e1tica com serpentina aletada<\/span><br style=\"outline: transparent none medium; -webkit-font-smoothing: antialiased; text-rendering: optimizelegibility; color: rgb(76, 76, 76); font-size: 15px;\"><span style=\"color: rgb(76, 76, 76); font-size: 14px;\"><b>Degelo: <\/b>Manual<\/span><br style=\"outline: transparent none medium; -webkit-font-smoothing: antialiased; text-rendering: optimizelegibility; color: rgb(76, 76, 76); font-size: 15px;\"><span style=\"color: rgb(76, 76, 76); font-size: 14px;\"><b>Controle de Temperatura: <\/b>Termostato<\/span><br style=\"outline: transparent none medium; -webkit-font-smoothing: antialiased; text-rendering: optimizelegibility; color: rgb(76, 76, 76); font-size: 15px;\"><span style=\"color: rgb(76, 76, 76); font-size: 14px;\"><b>Gabinete:<\/b> Monobloco em a\u00e7o pr\u00e9-pintado<\/span><br style=\"outline: transparent none medium; -webkit-font-smoothing: antialiased; text-rendering: optimizelegibility; color: rgb(76, 76, 76); font-size: 15px;\"><span style=\"color: rgb(76, 76, 76); font-size: 14px;\"><b>Prateleiras:<\/b> 2 n\u00edveis, aramadas fixas<\/span><br style=\"outline: transparent none medium; -webkit-font-smoothing: antialiased; text-rendering: optimizelegibility; color: rgb(76, 76, 76); font-size: 15px;\"><span style=\"color: rgb(76, 76, 76); font-size: 14px;\"><b>Ilumina\u00e7\u00e3o:<\/b> LED com interruptor<\/span><br style=\"outline: transparent none medium; -webkit-font-smoothing: antialiased; text-rendering: optimizelegibility; color: rgb(76, 76, 76); font-size: 15px;\"><span style=\"color: rgb(76, 76, 76); font-size: 14px;\">Porta(s) injetada(s) em PSAI<\/span><br style=\"outline: transparent none medium; -webkit-font-smoothing: antialiased; text-rendering: optimizelegibility; color: rgb(76, 76, 76); font-size: 15px;\"><span style=\"color: rgb(76, 76, 76); font-size: 14px;\">P\u00e9s niveladores<\/span><br style=\"outline: transparent none medium; -webkit-font-smoothing: antialiased; text-rendering: optimizelegibility; color: rgb(76, 76, 76); font-size: 15px;\"><span style=\"color: rgb(76, 76, 76); font-size: 14px;\">Vidros temperados sujeitos a condensa\u00e7\u00e3o da umidade do ar<\/span><br style=\"outline: transparent none medium; -webkit-font-smoothing: antialiased; text-rendering: optimizelegibility; color: rgb(76, 76, 76); font-size: 15px;\"><span style=\"color: rgb(76, 76, 76); font-size: 14px;\">Acompanha perfil alum\u00ednio em T para remate de tampos em montagem<\/span><\/font><\/p>\n<p><font face=\"Arial\"><span style=\"color: rgb(76, 76, 76); font-size: 14px;\"><b>Obs.:<\/b> Recomend\u00e1vel embalagem com c\u00fapula para prote\u00e7\u00e3o dos bolos, pois poder\u00e1 haver gotejamento da condensa\u00e7\u00e3o da chapa do evaporador&#8221;* Imagens meramente ilustrativas. Imagens e informa\u00e7\u00f5es sujeitas a altera\u00e7\u00f5es sem aviso pr\u00e9vio.<\/span><br style=\"outline: transparent none medium; -webkit-font-smoothing: antialiased; text-rendering: optimizelegibility; color: rgb(76, 76, 76); font-size: 15px;\"><br style=\"outline: transparent none medium; -webkit-font-smoothing: antialiased; text-rendering: optimizelegibility; color: rgb(76, 76, 76); font-size: 15px;\"><span style=\"color: rgb(76, 76, 76); font-size: 10px;\">** Cores de acabamento e materiais sujeitos a varia\u00e7\u00e3o de acordo com o lote de produ\u00e7\u00e3o e\/ou entre os materiais que comp\u00f5em o produto (ex.: chapa, pl\u00e1stico,madeiras e etc.).&#8221;<\/span><\/font><\/p>\n<table class=\"tabela-especificacoes\" style=\"outline: 0px; -webkit-font-smoothing: antialiased; text-rendering: optimizelegibility; border: 0px; font-size: medium; font-family: alegreya_sansregular; margin: 0px; padding: 0px; vertical-align: baseline; border-collapse: separate; width: 330px; table-layout: fixed; color: rgb(76, 76, 76); background-color: rgb(255, 255, 255);\">\n<tbody style=\"outline: 0px; -webkit-font-smoothing: antialiased; text-rendering: optimizelegibility; border: 0px; font-style: inherit; font-size: inherit; font-family: inherit; margin: 0px; padding: 0px; vertical-align: baseline;\">\n<tr style=\"outline: 0px; -webkit-font-smoothing: antialiased; text-rendering: optimizelegibility; border: 0px; font-style: inherit; font-size: inherit; font-family: inherit; margin: 0px; padding: 0px; vertical-align: baseline;\">\n<td class=\"label-especificacoes\" width=\"190\" style=\"outline: 0px; -webkit-font-smoothing: antialiased; text-rendering: optimizelegibility; border-width: 0px 5px 5px 0px; border-top-style: initial; border-right-style: solid; border-bottom-style: solid; border-left-style: initial; border-top-color: initial; border-right-color: rgb(255, 255, 255); border-bottom-color: rgb(255, 255, 255); border-left-color: initial; border-image: initial; font-style: inherit; font-size: 15px; font-family: alegreya_sansmedium; margin: 0px; padding: 7px; vertical-align: baseline; background: rgb(249, 249, 249); color: rgb(74, 74, 74); overflow-wrap: break-word;\"><span style=\"font-size: 14px;\">Frente(mm)<\/span><\/td>\n<td colspan=\"2\" style=\"outline: 0px; -webkit-font-smoothing: antialiased; text-rendering: optimizelegibility; border-width: 0px 5px 5px 0px; border-top-style: initial; border-right-style: solid; border-bottom-style: solid; border-left-style: initial; border-top-color: initial; border-right-color: rgb(255, 255, 255); border-bottom-color: rgb(255, 255, 255); border-left-color: initial; border-image: initial; font-style: inherit; font-size: 15px; font-family: alegreya_sansmedium; margin: 0px; padding: 7px; vertical-align: baseline; background: rgb(249, 249, 249); color: rgb(74, 74, 74); overflow-wrap: break-word;\"><span style=\"font-size: 14px;\">740<\/span><\/td>\n<\/tr>\n<tr style=\"outline: 0px; -webkit-font-smoothing: antialiased; text-rendering: optimizelegibility; border: 0px; font-style: inherit; font-size: inherit; font-family: inherit; margin: 0px; padding: 0px; vertical-align: baseline;\">\n<td class=\"label-especificacoes\" width=\"190\" style=\"outline: 0px; -webkit-font-smoothing: antialiased; text-rendering: optimizelegibility; border-width: 0px 5px 5px 0px; border-top-style: initial; border-right-style: solid; border-bottom-style: solid; border-left-style: initial; border-top-color: initial; border-right-color: rgb(255, 255, 255); border-bottom-color: rgb(255, 255, 255); border-left-color: initial; border-image: initial; font-style: inherit; font-size: 15px; font-family: alegreya_sansmedium; margin: 0px; padding: 7px; vertical-align: baseline; background: rgb(249, 249, 249); color: rgb(74, 74, 74); overflow-wrap: break-word;\"><span style=\"font-size: 14px;\">Profundidade(mm)<\/span><\/td>\n<td colspan=\"2\" style=\"outline: 0px; -webkit-font-smoothing: antialiased; text-rendering: optimizelegibility; border-width: 0px 5px 5px 0px; border-top-style: initial; border-right-style: solid; border-bottom-style: solid; border-left-style: initial; border-top-color: initial; border-right-color: rgb(255, 255, 255); border-bottom-color: rgb(255, 255, 255); border-left-color: initial; border-image: initial; font-style: inherit; font-size: 15px; font-family: alegreya_sansmedium; margin: 0px; padding: 7px; vertical-align: baseline; background: rgb(249, 249, 249); color: rgb(74, 74, 74); overflow-wrap: break-word;\"><span style=\"font-size: 14px;\">632<\/span><\/td>\n<\/tr>\n<tr style=\"outline: 0px; -webkit-font-smoothing: antialiased; text-rendering: optimizelegibility; border: 0px; font-style: inherit; font-size: inherit; font-family: inherit; margin: 0px; padding: 0px; vertical-align: baseline;\">\n<td class=\"label-especificacoes\" width=\"190\" style=\"outline: 0px; -webkit-font-smoothing: antialiased; text-rendering: optimizelegibility; border-width: 0px 5px 5px 0px; border-top-style: initial; border-right-style: solid; border-bottom-style: solid; border-left-style: initial; border-top-color: initial; border-right-color: rgb(255, 255, 255); border-bottom-color: rgb(255, 255, 255); border-left-color: initial; border-image: initial; font-style: inherit; font-size: 15px; font-family: alegreya_sansmedium; margin: 0px; padding: 7px; vertical-align: baseline; background: rgb(249, 249, 249); color: rgb(74, 74, 74); overflow-wrap: break-word;\"><span style=\"font-size: 14px;\">Altura(mm)<\/span><\/td>\n<td colspan=\"2\" style=\"outline: 0px; -webkit-font-smoothing: antialiased; text-rendering: optimizelegibility; border-width: 0px 5px 5px 0px; border-top-style: initial; border-right-style: solid; border-bottom-style: solid; border-left-style: initial; border-top-color: initial; border-right-color: rgb(255, 255, 255); border-bottom-color: rgb(255, 255, 255); border-left-color: initial; border-image: initial; font-style: inherit; font-size: 15px; font-family: alegreya_sansmedium; margin: 0px; padding: 7px; vertical-align: baseline; background: rgb(249, 249, 249); color: rgb(74, 74, 74); overflow-wrap: break-word;\"><span style=\"font-size: 14px;\">1150<\/span><\/td>\n<\/tr>\n<tr style=\"outline: 0px; -webkit-font-smoothing: antialiased; text-rendering: optimizelegibility; border: 0px; font-style: inherit; font-size: inherit; font-family: inherit; margin: 0px; padding: 0px; vertical-align: baseline;\">\n<td class=\"label-especificacoes\" width=\"190\" style=\"outline: 0px; -webkit-font-smoothing: antialiased; text-rendering: optimizelegibility; border-width: 0px 5px 5px 0px; border-top-style: initial; border-right-style: solid; border-bottom-style: solid; border-left-style: initial; border-top-color: initial; border-right-color: rgb(255, 255, 255); border-bottom-color: rgb(255, 255, 255); border-left-color: initial; border-image: initial; font-style: inherit; font-size: 15px; font-family: alegreya_sansmedium; margin: 0px; padding: 7px; vertical-align: baseline; background: rgb(249, 249, 249); color: rgb(74, 74, 74); overflow-wrap: break-word;\"><span style=\"font-size: 14px;\">Peso bruto(kg)<\/span><\/td>\n<td colspan=\"2\" style=\"outline: 0px; -webkit-font-smoothing: antialiased; text-rendering: optimizelegibility; border-width: 0px 5px 5px 0px; border-top-style: initial; border-right-style: solid; border-bottom-style: solid; border-left-style: initial; border-top-color: initial; border-right-color: rgb(255, 255, 255); border-bottom-color: rgb(255, 255, 255); border-left-color: initial; border-image: initial; font-style: inherit; font-size: 15px; font-family: alegreya_sansmedium; margin: 0px; padding: 7px; vertical-align: baseline; background: rgb(249, 249, 249); color: rgb(74, 74, 74); overflow-wrap: break-word;\"><span style=\"font-size: 14px;\">51<\/span><\/td>\n<\/tr>\n<tr style=\"outline: 0px; -webkit-font-smoothing: antialiased; text-rendering: optimizelegibility; border: 0px; font-style: inherit; font-size: inherit; font-family: inherit; margin: 0px; padding: 0px; vertical-align: baseline;\">\n<td class=\"label-especificacoes\" width=\"190\" style=\"outline: 0px; -webkit-font-smoothing: antialiased; text-rendering: optimizelegibility; border-width: 0px 5px 5px 0px; border-top-style: initial; border-right-style: solid; border-bottom-style: solid; border-left-style: initial; border-top-color: initial; border-right-color: rgb(255, 255, 255); border-bottom-color: rgb(255, 255, 255); border-left-color: initial; border-image: initial; font-style: inherit; font-size: 15px; font-family: alegreya_sansmedium; margin: 0px; padding: 7px; vertical-align: baseline; background: rgb(249, 249, 249); color: rgb(74, 74, 74); overflow-wrap: break-word;\"><span style=\"font-size: 14px;\">Tens\u00e3o(V)<\/span><\/td>\n<td style=\"outline: 0px; -webkit-font-smoothing: antialiased; text-rendering: optimizelegibility; border-width: 0px 5px 5px 0px; border-top-style: initial; border-right-style: solid; border-bottom-style: solid; border-left-style: initial; border-top-color: initial; border-right-color: rgb(255, 255, 255); border-bottom-color: rgb(255, 255, 255); border-left-color: initial; border-image: initial; font-style: inherit; font-size: 15px; font-family: alegreya_sansmedium; margin: 0px; padding: 7px; vertical-align: baseline; background: rgb(249, 249, 249); color: rgb(74, 74, 74); overflow-wrap: break-word;\"><span style=\"font-size: 14px;\">127<\/span><\/td>\n<td style=\"outline: 0px; -webkit-font-smoothing: antialiased; text-rendering: optimizelegibility; border-width: 0px 5px 5px 0px; border-top-style: initial; border-right-style: solid; border-bottom-style: solid; border-left-style: initial; border-top-color: initial; border-right-color: rgb(255, 255, 255); border-bottom-color: rgb(255, 255, 255); border-left-color: initial; border-image: initial; font-style: inherit; font-size: 15px; font-family: alegreya_sansmedium; margin: 0px; padding: 7px; vertical-align: baseline; background: rgb(249, 249, 249); color: rgb(74, 74, 74); overflow-wrap: break-word;\"><span style=\"font-size: 14px;\">220<\/span><\/td>\n<\/tr>\n<tr style=\"outline: 0px; -webkit-font-smoothing: antialiased; text-rendering: optimizelegibility; border: 0px; font-style: inherit; font-size: inherit; font-family: inherit; margin: 0px; padding: 0px; vertical-align: baseline;\">\n<td class=\"label-especificacoes\" width=\"190\" style=\"outline: 0px; -webkit-font-smoothing: antialiased; text-rendering: optimizelegibility; border-width: 0px 5px 5px 0px; border-top-style: initial; border-right-style: solid; border-bottom-style: solid; border-left-style: initial; border-top-color: initial; border-right-color: rgb(255, 255, 255); border-bottom-color: rgb(255, 255, 255); border-left-color: initial; border-image: initial; font-style: inherit; font-size: 15px; font-family: alegreya_sansmedium; margin: 0px; padding: 7px; vertical-align: baseline; background: rgb(249, 249, 249); color: rgb(74, 74, 74); overflow-wrap: break-word;\"><span style=\"font-size: 14px;\">Frequ\u00eancia(Hz)<\/span><\/td>\n<td style=\"outline: 0px; -webkit-font-smoothing: antialiased; text-rendering: optimizelegibility; border-width: 0px 5px 5px 0px; border-top-style: initial; border-right-style: solid; border-bottom-style: solid; border-left-style: initial; border-top-color: initial; border-right-color: rgb(255, 255, 255); border-bottom-color: rgb(255, 255, 255); border-left-color: initial; border-image: initial; font-style: inherit; font-size: 15px; font-family: alegreya_sansmedium; margin: 0px; padding: 7px; vertical-align: baseline; background: rgb(249, 249, 249); color: rgb(74, 74, 74); overflow-wrap: break-word;\"><span style=\"font-size: 14px;\">60<\/span><\/td>\n<td style=\"outline: 0px; -webkit-font-smoothing: antialiased; text-rendering: optimizelegibility; border-width: 0px 5px 5px 0px; border-top-style: initial; border-right-style: solid; border-bottom-style: solid; border-left-style: initial; border-top-color: initial; border-right-color: rgb(255, 255, 255); border-bottom-color: rgb(255, 255, 255); border-left-color: initial; border-image: initial; font-style: inherit; font-size: 15px; font-family: alegreya_sansmedium; margin: 0px; padding: 7px; vertical-align: baseline; background: rgb(249, 249, 249); color: rgb(74, 74, 74); overflow-wrap: break-word;\"><span style=\"font-size: 14px;\">740<\/span><\/td>\n<\/tr>\n<tr style=\"outline: 0px; -webkit-font-smoothing: antialiased; text-rendering: optimizelegibility; border: 0px; font-style: inherit; font-size: inherit; font-family: inherit; margin: 0px; padding: 0px; vertical-align: baseline;\">\n<td class=\"label-especificacoes\" width=\"190\" style=\"outline: 0px; -webkit-font-smoothing: antialiased; text-rendering: optimizelegibility; border-width: 0px 5px 5px 0px; border-top-style: initial; border-right-style: solid; border-bottom-style: solid; border-left-style: initial; border-top-color: initial; border-right-color: rgb(255, 255, 255); border-bottom-color: rgb(255, 255, 255); border-left-color: initial; border-image: initial; font-style: inherit; font-size: 15px; font-family: alegreya_sansmedium; margin: 0px; padding: 7px; vertical-align: baseline; background: rgb(249, 249, 249); color: rgb(74, 74, 74); overflow-wrap: break-word;\"><span style=\"font-size: 14px;\">Consumo kWh\/dia(60Hz)<\/span><\/td>\n<td colspan=\"2\" style=\"outline: 0px; -webkit-font-smoothing: antialiased; text-rendering: optimizelegibility; border-width: 0px 5px 5px 0px; border-top-style: initial; border-right-style: solid; border-bottom-style: solid; border-left-style: initial; border-top-color: initial; border-right-color: rgb(255, 255, 255); border-bottom-color: rgb(255, 255, 255); border-left-color: initial; border-image: initial; font-style: inherit; font-size: 15px; font-family: alegreya_sansmedium; margin: 0px; padding: 7px; vertical-align: baseline; background: rgb(249, 249, 249); color: rgb(74, 74, 74); overflow-wrap: break-word;\"><span style=\"font-size: 14px;\">4,83<\/span><\/td>\n<\/tr>\n<tr style=\"outline: 0px; -webkit-font-smoothing: antialiased; text-rendering: optimizelegibility; border: 0px; font-style: inherit; font-size: inherit; font-family: inherit; margin: 0px; padding: 0px; vertical-align: baseline;\">\n<td class=\"label-especificacoes\" width=\"190\" style=\"outline: 0px; -webkit-font-smoothing: antialiased; text-rendering: optimizelegibility; border-width: 0px 5px 5px 0px; border-top-style: initial; border-right-style: solid; border-bottom-style: solid; border-left-style: initial; border-top-color: initial; border-right-color: rgb(255, 255, 255); border-bottom-color: rgb(255, 255, 255); border-left-color: initial; border-image: initial; font-style: inherit; font-size: 15px; font-family: alegreya_sansmedium; margin: 0px; padding: 7px; vertical-align: baseline; background: rgb(249, 249, 249); color: rgb(74, 74, 74); overflow-wrap: break-word;\"><span style=\"font-size: 14px;\">Classe<\/span><\/td>\n<td colspan=\"2\" style=\"outline: 0px; -webkit-font-smoothing: antialiased; text-rendering: optimizelegibility; border-width: 0px 5px 5px 0px; border-top-style: initial; border-right-style: solid; border-bottom-style: solid; border-left-style: initial; border-top-color: initial; border-right-color: rgb(255, 255, 255); border-bottom-color: rgb(255, 255, 255); border-left-color: initial; border-image: initial; font-style: inherit; font-size: 15px; font-family: alegreya_sansmedium; margin: 0px; padding: 7px; vertical-align: baseline; background: rgb(249, 249, 249); color: rgb(74, 74, 74); overflow-wrap: break-word;\"><span style=\"font-size: 14px;\">4<\/span><\/td>\n<\/tr>\n<\/tbody>\n<\/table>\n<p><\/p>\n","protected":false},"excerpt":{"rendered":"<p>Descri\u00e7\u00e3o do ProdutoRefrigera\u00e7\u00e3o e exposi\u00e7\u00e3o de bolos, tortas, doces e confeitos ou bebidas, frios e latic\u00edniosTemperatura: Bolos: +5\u00b0C a +10\u00b0C ou Bebidas: 0\u00ba a +7\u00baCRefrigera\u00e7\u00e3o: Est\u00e1tica com serpentina aletadaDegelo: ManualControle de Temperatura: TermostatoGabinete: Monobloco em a\u00e7o pr\u00e9-pintadoPrateleiras: 2 n\u00edveis, aramadas fixasIlumina\u00e7\u00e3o: LED com interruptorPorta(s) injetada(s) em PSAIP\u00e9s niveladoresVidros temperados sujeitos a condensa\u00e7\u00e3o da umidade do [&hellip;]<\/p>\n","protected":false},"featured_media":12950,"comment_status":"open","ping_status":"closed","template":"","meta":[],"product_brand":[],"product_cat":[322,419],"product_tag":[774],"class_list":{"0":"post-12951","1":"product","2":"type-product","3":"status-publish","4":"has-post-thumbnail","6":"product_cat-balcao-refrigerado","7":"product_cat-linha-gelopar","8":"product_tag-vitrine-refrigerada-tipo-inox-0-75m-confeitaria-dupla-funcao-gelopar","10":"first","11":"instock","12":"shipping-taxable","13":"purchasable","14":"product-type-simple"},"_links":{"self":[{"href":"https:\/\/twsites.com.br\/novomigcenter\/index.php?rest_route=\/wp\/v2\/product\/12951","targetHints":{"allow":["GET"]}}],"collection":[{"href":"https:\/\/twsites.com.br\/novomigcenter\/index.php?rest_route=\/wp\/v2\/product"}],"about":[{"href":"https:\/\/twsites.com.br\/novomigcenter\/index.php?rest_route=\/wp\/v2\/types\/product"}],"replies":[{"embeddable":true,"href":"https:\/\/twsites.com.br\/novomigcenter\/index.php?rest_route=%2Fwp%2Fv2%2Fcomments&post=12951"}],"wp:featuredmedia":[{"embeddable":true,"href":"https:\/\/twsites.com.br\/novomigcenter\/index.php?rest_route=\/wp\/v2\/media\/12950"}],"wp:attachment":[{"href":"https:\/\/twsites.com.br\/novomigcenter\/index.php?rest_route=%2Fwp%2Fv2%2Fmedia&parent=12951"}],"wp:term":[{"taxonomy":"product_brand","embeddable":true,"href":"https:\/\/twsites.com.br\/novomigcenter\/index.php?rest_route=%2Fwp%2Fv2%2Fproduct_brand&post=12951"},{"taxonomy":"product_cat","embeddable":true,"href":"https:\/\/twsites.com.br\/novomigcenter\/index.php?rest_route=%2Fwp%2Fv2%2Fproduct_cat&post=12951"},{"taxonomy":"product_tag","embeddable":true,"href":"https:\/\/twsites.com.br\/novomigcenter\/index.php?rest_route=%2Fwp%2Fv2%2Fproduct_tag&post=12951"}],"curies":[{"name":"wp","href":"https:\/\/api.w.org\/{rel}","templated":true}]}}