{"id":12956,"date":"2020-09-05T10:51:33","date_gmt":"2020-09-05T10:51:33","guid":{"rendered":"https:\/\/twsites.com.br\/novomigcenter\/?product=prp-10000-e-style"},"modified":"2020-09-05T10:51:33","modified_gmt":"2020-09-05T10:51:33","slug":"prp-10000-e-style","status":"publish","type":"product","link":"https:\/\/twsites.com.br\/novomigcenter\/?product=prp-10000-e-style","title":{"rendered":"Forno Turbo El\u00e9trico 10 Esteiras PRP-10000-E Style &#8211; Prog\u00e1s"},"content":{"rendered":"<ul style=\"margin-right: 0px; margin-bottom: 0px; margin-left: 0px; padding: 0px; background-position: 0px 0px; color: rgb(102, 102, 102); font-family: montserratlight; font-size: 14px; line-height: 27px; text-align: center;\">\n<li style=\"text-align: left; margin: 0px; padding: 0px; background-position: 0px 0px; font-size: 1.4rem; line-height: 27px; list-style: none !important;\">Estrutura em a\u00e7o com fino acabamento em pintura ep\u00f3xi;<\/li>\n<li style=\"text-align: left; margin: 0px; padding: 0px; background-position: 0px 0px; font-size: 1.4rem; line-height: 27px; list-style: none !important;\">Acabamento frontal em a\u00e7o inox;<\/li>\n<li style=\"text-align: left; margin: 0px; padding: 0px; background-position: 0px 0px; font-size: 1.4rem; line-height: 27px; list-style: none !important;\">Isolamento t\u00e9rmico com l\u00e3 bas\u00e1ltica;<\/li>\n<li style=\"text-align: left; margin: 0px; padding: 0px; background-position: 0px 0px; font-size: 1.4rem; line-height: 27px; list-style: none !important;\">Painel de comando com tecla geral, turbina e l\u00e2mpada;<\/li>\n<li style=\"text-align: left; margin: 0px; padding: 0px; background-position: 0px 0px; font-size: 1.4rem; line-height: 27px; list-style: none !important;\">Micro-chave que liga ou desliga a turbina ao abrir e fechar a porta;<\/li>\n<li style=\"text-align: left; margin: 0px; padding: 0px; background-position: 0px 0px; font-size: 1.4rem; line-height: 27px; list-style: none !important;\">Rod\u00edzios que facilitam o deslocamento;<\/li>\n<li style=\"text-align: left; margin: 0px; padding: 0px; background-position: 0px 0px; font-size: 1.4rem; line-height: 27px; list-style: none !important;\">Tens\u00e3o monof\u00e1sica 220 V ou trif\u00e1sica 220 ou 380V;<\/li>\n<li style=\"text-align: left; margin: 0px; padding: 0px; background-position: 0px 0px; font-size: 1.4rem; line-height: 27px; list-style: none !important;\">Visor em vidro;<\/li>\n<li style=\"text-align: left; margin: 0px; padding: 0px; background-position: 0px 0px; font-size: 1.4rem; line-height: 27px; list-style: none !important;\">&nbsp;Ilumina\u00e7\u00e3o interna;<\/li>\n<li style=\"text-align: left; margin: 0px; padding: 0px; background-position: 0px 0px; font-size: 1.4rem; line-height: 27px; list-style: none !important;\">Controlador digital para programar tempo, temperatura e vapor.<\/li>\n<li style=\"text-align: left; margin: 0px; padding: 0px; background-position: 0px 0px; font-size: 1.4rem; line-height: 27px; list-style: none !important;\"><img decoding=\"async\" src=\"http:\/\/www.progas.com.br\/userfiles\/produtos\/07fa532650ad10403aa1f4ef8c1670e3.jpg\"><\/li>\n<\/ul>\n","protected":false},"excerpt":{"rendered":"<p>Estrutura em a\u00e7o com fino acabamento em pintura ep\u00f3xi; Acabamento frontal em a\u00e7o inox; Isolamento t\u00e9rmico com l\u00e3 bas\u00e1ltica; Painel de comando com tecla geral, turbina e l\u00e2mpada; Micro-chave que liga ou desliga a turbina ao abrir e fechar a porta; Rod\u00edzios que facilitam o deslocamento; Tens\u00e3o monof\u00e1sica 220 V ou trif\u00e1sica 220 ou 380V; [&hellip;]<\/p>\n","protected":false},"featured_media":12955,"comment_status":"open","ping_status":"closed","template":"","meta":[],"product_brand":[],"product_cat":[344],"product_tag":[],"class_list":{"0":"post-12956","1":"product","2":"type-product","3":"status-publish","4":"has-post-thumbnail","6":"product_cat-forno-turbo-gas-eletrico-lenha","8":"first","9":"instock","10":"shipping-taxable","11":"purchasable","12":"product-type-simple"},"_links":{"self":[{"href":"https:\/\/twsites.com.br\/novomigcenter\/index.php?rest_route=\/wp\/v2\/product\/12956","targetHints":{"allow":["GET"]}}],"collection":[{"href":"https:\/\/twsites.com.br\/novomigcenter\/index.php?rest_route=\/wp\/v2\/product"}],"about":[{"href":"https:\/\/twsites.com.br\/novomigcenter\/index.php?rest_route=\/wp\/v2\/types\/product"}],"replies":[{"embeddable":true,"href":"https:\/\/twsites.com.br\/novomigcenter\/index.php?rest_route=%2Fwp%2Fv2%2Fcomments&post=12956"}],"wp:featuredmedia":[{"embeddable":true,"href":"https:\/\/twsites.com.br\/novomigcenter\/index.php?rest_route=\/wp\/v2\/media\/12955"}],"wp:attachment":[{"href":"https:\/\/twsites.com.br\/novomigcenter\/index.php?rest_route=%2Fwp%2Fv2%2Fmedia&parent=12956"}],"wp:term":[{"taxonomy":"product_brand","embeddable":true,"href":"https:\/\/twsites.com.br\/novomigcenter\/index.php?rest_route=%2Fwp%2Fv2%2Fproduct_brand&post=12956"},{"taxonomy":"product_cat","embeddable":true,"href":"https:\/\/twsites.com.br\/novomigcenter\/index.php?rest_route=%2Fwp%2Fv2%2Fproduct_cat&post=12956"},{"taxonomy":"product_tag","embeddable":true,"href":"https:\/\/twsites.com.br\/novomigcenter\/index.php?rest_route=%2Fwp%2Fv2%2Fproduct_tag&post=12956"}],"curies":[{"name":"wp","href":"https:\/\/api.w.org\/{rel}","templated":true}]}}