{"id":12980,"date":"2020-09-18T15:08:23","date_gmt":"2020-09-18T15:08:23","guid":{"rendered":"https:\/\/twsites.com.br\/novomigcenter\/?product=ali-15-1-braesi"},"modified":"2020-09-18T15:08:23","modified_gmt":"2020-09-18T15:08:23","slug":"ali-15-1-braesi","status":"publish","type":"product","link":"https:\/\/twsites.com.br\/novomigcenter\/?product=ali-15-1-braesi","title":{"rendered":"Amassadeiras Semi-R\u00e1pidas ALI-15\/1 &#8211; MB Braesi"},"content":{"rendered":"<ul style=\"margin-right: 0px; margin-bottom: 0px; margin-left: 0px; padding: 0px; background-position: 0px 0px; color: rgb(102, 102, 102); font-family: montserratlight; font-size: 14px; line-height: 27px; text-align: center;\">\n<ul>\n<li style=\"text-align: left; margin: 0px; padding: 0px; background-position: 0px 0px; font-size: 1.4rem; line-height: 27px; list-style: none !important;\">\n<div class=\"elementor-element elementor-element-c547119 elementor-widget elementor-widget-heading\" data-id=\"c547119\" data-element_type=\"widget\" data-widget_type=\"heading.default\" style=\"margin: 0px 0px 20px; padding: 0px; border: 0px; vertical-align: baseline; font-variant-numeric: inherit; font-variant-east-asian: inherit; font-variant-alternates: inherit; font-variant-position: inherit; font-stretch: inherit; line-height: inherit; font-family: Barlow, Arial, Helvetica, sans-serif; font-optical-sizing: inherit; font-kerning: inherit; font-feature-settings: inherit; font-variation-settings: inherit; font-size: 15px; position: relative; --widgets-spacing: 20px; width: 572px; color: rgb(97, 104, 117);\">\n<div class=\"elementor-widget-container\" style=\"margin: 0px; padding: 0px; border: 0px; vertical-align: baseline; font-style: inherit; font-variant: inherit; font-weight: inherit; font-stretch: inherit; line-height: inherit; font-family: inherit; font-optical-sizing: inherit; font-kerning: inherit; font-feature-settings: inherit; font-variation-settings: inherit; transition: background 0.3s ease 0s, border 0.3s ease 0s, border-radius 0.3s ease 0s, box-shadow 0.3s ease 0s, -webkit-border-radius 0.3s ease 0s, -webkit-box-shadow 0.3s ease 0s;\">\n<h4 class=\"elementor-heading-title elementor-size-default\" style=\"margin-right: 0px; margin-bottom: 0px; margin-left: 0px; padding: 0px; border: 0px; vertical-align: baseline; font-style: var(--wd-title-font-style); font-variant: inherit; font-weight: var(--wd-title-font-weight); font-stretch: inherit; line-height: 1; font-family: var(--wd-title-font); font-optical-sizing: inherit; font-kerning: inherit; font-feature-settings: inherit; font-variation-settings: inherit; font-size: 18px; text-transform: var(--wd-title-transform);\">Descri\u00e7\u00e3o do Produto<\/h4>\n<\/div>\n<\/div>\n<div class=\"elementor-element elementor-element-40e9d66 descricao-produto descricao-do-produto elementor-widget elementor-widget-woocommerce-product-content\" data-id=\"40e9d66\" data-element_type=\"widget\" data-widget_type=\"woocommerce-product-content.default\" style=\"margin: 0px; padding: 0px; border: 0px; vertical-align: baseline; font-variant-numeric: inherit; font-variant-east-asian: inherit; font-variant-alternates: inherit; font-variant-position: inherit; font-stretch: inherit; line-height: inherit; font-family: Barlow, Arial, Helvetica, sans-serif; font-optical-sizing: inherit; font-kerning: inherit; font-feature-settings: inherit; font-variation-settings: inherit; font-size: 15px; position: relative; --widgets-spacing: 20px; max-height: 280px; overflow: hidden scroll; width: 572px; color: rgb(97, 104, 117);\">\n<div class=\"elementor-widget-container\" style=\"margin: 0px; padding: 0px; border: 0px; vertical-align: baseline; font-style: inherit; font-variant: inherit; font-weight: inherit; font-stretch: inherit; line-height: inherit; font-family: inherit; font-optical-sizing: inherit; font-kerning: inherit; font-feature-settings: inherit; font-variation-settings: inherit; transition: background 0.3s ease 0s, border 0.3s ease 0s, border-radius 0.3s ease 0s, box-shadow 0.3s ease 0s, -webkit-border-radius 0.3s ease 0s, -webkit-box-shadow 0.3s ease 0s;\">\n<ul style=\"margin-right: 0px; margin-bottom: var(--list-mb); margin-left: 0px; padding-top: 0px; padding-right: 0px; padding-bottom: 0px; padding-left: var(--li-pl); border: 0px; vertical-align: baseline; font-style: inherit; font-variant: inherit; font-weight: inherit; font-stretch: inherit; line-height: inherit; font-family: inherit; font-optical-sizing: inherit; font-kerning: inherit; font-feature-settings: inherit; font-variation-settings: inherit; list-style: none; --list-mb: 20px; --li-mb: 10px; --li-pl: 17px;\">\n<li style=\"margin-top: 0px; margin-right: 0px; margin-bottom: var(--li-mb); margin-left: 0px; padding: 0px; border: 0px; vertical-align: baseline; font-style: inherit; font-variant: inherit; font-weight: inherit; font-stretch: inherit; line-height: inherit; font-family: inherit; font-optical-sizing: inherit; font-kerning: inherit; font-feature-settings: inherit; font-variation-settings: inherit;\">Modelos ALI-05, ALI-15\/1 e ALI-25\/1 G2:<\/li>\n<li style=\"margin-top: 0px; margin-right: 0px; margin-bottom: var(--li-mb); margin-left: 0px; padding: 0px; border: 0px; vertical-align: baseline; font-style: inherit; font-variant: inherit; font-weight: inherit; font-stretch: inherit; line-height: inherit; font-family: inherit; font-optical-sizing: inherit; font-kerning: inherit; font-feature-settings: inherit; font-variation-settings: inherit;\">Estrutura em a\u00e7o com acabamento em pintura ep\u00f3xi;<\/li>\n<li style=\"margin-top: 0px; margin-right: 0px; margin-bottom: var(--li-mb); margin-left: 0px; padding: 0px; border: 0px; vertical-align: baseline; font-style: inherit; font-variant: inherit; font-weight: inherit; font-stretch: inherit; line-height: inherit; font-family: inherit; font-optical-sizing: inherit; font-kerning: inherit; font-feature-settings: inherit; font-variation-settings: inherit;\">Cuba em a\u00e7o inox;<\/li>\n<li style=\"margin: 0px; padding: 0px; border: 0px; vertical-align: baseline; font-style: inherit; font-variant: inherit; font-weight: inherit; font-stretch: inherit; line-height: inherit; font-family: inherit; font-optical-sizing: inherit; font-kerning: inherit; font-feature-settings: inherit; font-variation-settings: inherit;\">Sistema basculante e p\u00e1s fixas.<\/li>\n<\/ul>\n<\/div>\n<\/div>\n<\/li>\n<\/ul>\n<\/ul>\n<p style=\"text-align: left; margin: 0px; padding: 0px; background-position: 0px 0px; font-size: 1.4rem; line-height: 27px; list-style: none !important;\">\n<div class=\"elementor-element elementor-element-40e9d66 descricao-produto descricao-do-produto elementor-widget elementor-widget-woocommerce-product-content\" data-id=\"40e9d66\" data-element_type=\"widget\" data-widget_type=\"woocommerce-product-content.default\" style=\"margin: 0px; padding: 0px; border: 0px; vertical-align: baseline; font-variant-numeric: inherit; font-variant-east-asian: inherit; font-variant-alternates: inherit; font-variant-position: inherit; font-stretch: inherit; line-height: inherit; font-family: Barlow, Arial, Helvetica, sans-serif; font-optical-sizing: inherit; font-kerning: inherit; font-feature-settings: inherit; font-variation-settings: inherit; font-size: 15px; position: relative; --widgets-spacing: 20px; max-height: 280px; overflow: hidden scroll; width: 572px; color: rgb(97, 104, 117);\">\n<div class=\"elementor-widget-container\" style=\"margin: 0px; padding: 0px; border: 0px; vertical-align: baseline; font-style: inherit; font-variant: inherit; font-weight: inherit; font-stretch: inherit; line-height: inherit; font-family: inherit; font-optical-sizing: inherit; font-kerning: inherit; font-feature-settings: inherit; font-variation-settings: inherit; transition: background 0.3s ease 0s, border 0.3s ease 0s, border-radius 0.3s ease 0s, box-shadow 0.3s ease 0s, -webkit-border-radius 0.3s ease 0s, -webkit-box-shadow 0.3s ease 0s;\">\n<ul style=\"margin-right: 0px; margin-bottom: var(--list-mb); margin-left: 0px; padding-top: 0px; padding-right: 0px; padding-bottom: 0px; padding-left: var(--li-pl); border: 0px; vertical-align: baseline; font-style: inherit; font-variant: inherit; font-weight: inherit; font-stretch: inherit; line-height: inherit; font-family: inherit; font-optical-sizing: inherit; font-kerning: inherit; font-feature-settings: inherit; font-variation-settings: inherit; list-style: none; --list-mb: 20px; --li-mb: 10px; --li-pl: 17px;\"><\/ul>\n<\/div>\n<\/div>\n<p style=\"margin: 0px; padding: 0px; border: 0px; vertical-align: baseline; font-style: inherit; font-variant: inherit; font-weight: inherit; font-stretch: inherit; line-height: inherit; font-family: inherit; font-optical-sizing: inherit; font-kerning: inherit; font-feature-settings: inherit; font-variation-settings: inherit;\"><img decoding=\"async\" src=\"https:\/\/www.migcenter.com.br\/image\/catalog\/A TESTE\/dimensoes ali 15\/Captura de Tela 2024-05-10 a\u0300s 13.52.50.png\" style=\"width: 50%;\"><\/p>\n","protected":false},"excerpt":{"rendered":"<p>Descri\u00e7\u00e3o do Produto Modelos ALI-05, ALI-15\/1 e ALI-25\/1 G2: Estrutura em a\u00e7o com acabamento em pintura ep\u00f3xi; Cuba em a\u00e7o inox; Sistema basculante e p\u00e1s fixas.<\/p>\n","protected":false},"featured_media":12979,"comment_status":"open","ping_status":"closed","template":"","meta":[],"product_brand":[],"product_cat":[336],"product_tag":[],"class_list":{"0":"post-12980","1":"product","2":"type-product","3":"status-publish","4":"has-post-thumbnail","6":"product_cat-amassadeira-semi-rapida","8":"first","9":"instock","10":"shipping-taxable","11":"purchasable","12":"product-type-simple"},"_links":{"self":[{"href":"https:\/\/twsites.com.br\/novomigcenter\/index.php?rest_route=\/wp\/v2\/product\/12980","targetHints":{"allow":["GET"]}}],"collection":[{"href":"https:\/\/twsites.com.br\/novomigcenter\/index.php?rest_route=\/wp\/v2\/product"}],"about":[{"href":"https:\/\/twsites.com.br\/novomigcenter\/index.php?rest_route=\/wp\/v2\/types\/product"}],"replies":[{"embeddable":true,"href":"https:\/\/twsites.com.br\/novomigcenter\/index.php?rest_route=%2Fwp%2Fv2%2Fcomments&post=12980"}],"wp:featuredmedia":[{"embeddable":true,"href":"https:\/\/twsites.com.br\/novomigcenter\/index.php?rest_route=\/wp\/v2\/media\/12979"}],"wp:attachment":[{"href":"https:\/\/twsites.com.br\/novomigcenter\/index.php?rest_route=%2Fwp%2Fv2%2Fmedia&parent=12980"}],"wp:term":[{"taxonomy":"product_brand","embeddable":true,"href":"https:\/\/twsites.com.br\/novomigcenter\/index.php?rest_route=%2Fwp%2Fv2%2Fproduct_brand&post=12980"},{"taxonomy":"product_cat","embeddable":true,"href":"https:\/\/twsites.com.br\/novomigcenter\/index.php?rest_route=%2Fwp%2Fv2%2Fproduct_cat&post=12980"},{"taxonomy":"product_tag","embeddable":true,"href":"https:\/\/twsites.com.br\/novomigcenter\/index.php?rest_route=%2Fwp%2Fv2%2Fproduct_tag&post=12980"}],"curies":[{"name":"wp","href":"https:\/\/api.w.org\/{rel}","templated":true}]}}