{"id":12988,"date":"2020-12-11T14:16:09","date_gmt":"2020-12-11T14:16:09","guid":{"rendered":"https:\/\/twsites.com.br\/novomigcenter\/?product=miniconv-pratica"},"modified":"2020-12-11T14:16:09","modified_gmt":"2020-12-11T14:16:09","slug":"miniconv-pratica","status":"publish","type":"product","link":"https:\/\/twsites.com.br\/novomigcenter\/?product=miniconv-pratica","title":{"rendered":"FORNO MINICONV PR\u00c1TICA"},"content":{"rendered":"<h2 class=\"text-center text-lg-left mb-4 black h2\" style=\"font-weight: 900; line-height: 1.2; color: rgb(48, 48, 48); margin-top: 0px; margin-bottom: 1.5rem; font-size: 2.5rem; text-align: left;\"><font face=\"Arial Black\"><span style=\"font-size: 36px;\">CARACTER\u00cdSTICAS<\/span><\/font><\/h2>\n<div class=\"row\" style=\"display: flex; flex-wrap: wrap; color: rgb(48, 48, 48); font-size: 14px;\">\n<div class=\"col-lg\" style=\"position: relative; width: 1058.32px; min-height: 1px; padding-right: 15px; padding-left: 15px; flex-basis: 0px; flex-grow: 1; max-width: 100%;\">\n<ul class=\"list-unstyled\" style=\"margin-bottom: 1rem;\">\n<li style=\"margin-bottom: 2rem;\"><span style=\"font-size: 24px;\"><font face=\"Arial\">\u2192 Convec\u00e7\u00e3o com circula\u00e7\u00e3o de ar por turbina de alta performance.<\/font><\/span><\/li>\n<li style=\"margin-bottom: 2rem;\"><span style=\"font-size: 24px;\"><font face=\"Arial\">\u2192 Controle de temperatura de 0\u00b0C at\u00e9 210\u00b0C.<\/font><\/span><\/li>\n<li style=\"margin-bottom: 2rem;\"><span style=\"font-size: 24px;\"><font face=\"Arial\">\u2192 Op\u00e7\u00e3o com vapor: Vapor gerado por inje\u00e7\u00e3o direta na c\u00e2mara.<\/font><\/span><\/li>\n<li style=\"margin-bottom: 2rem;\"><span style=\"font-size: 24px;\"><font face=\"Arial\">\u2192 Isolamento de alta performance.<\/font><\/span><\/li>\n<li style=\"margin-bottom: 2rem;\"><span style=\"font-size: 24px;\"><font face=\"Arial\">\u2192 P\u00e9s ajust\u00e1veis.<\/font><\/span><\/li>\n<li style=\"margin-bottom: 2rem;\"><span style=\"font-size: 24px;\"><font face=\"Arial\">\u2192 Aquecimento por resist\u00eancia blindada.<\/font><\/span><\/li>\n<li style=\"margin-bottom: 2rem;\"><span style=\"font-size: 24px;\"><font face=\"Arial\">\u2192 Empilh\u00e1vel: m\u00e1ximo 1 equipamento (1 + 1)<\/font><\/span><\/li>\n<li style=\"margin-bottom: 2rem;\"><span style=\"font-size: 24px;\"><font face=\"Arial\">\u2192 Uso eficiente de energia.<\/font><\/span><\/li>\n<li style=\"margin-bottom: 2rem;\"><span style=\"font-size: 24px;\"><font face=\"Arial\">\u2192 Constru\u00eddo de a\u00e7o inoxid\u00e1vel.<\/font><\/span><\/li>\n<li style=\"margin-bottom: 2rem;\"><font face=\"Arial\"><span style=\"font-size: 24px;\">\u2192 1 ano de garantia para pe\u00e7as e m\u00e3o de obra (exceto itens de desgaste natural).<\/span>\n<p><\/font><\/p>\n<p style=\"margin-bottom: 10px; padding: 0px; color: rgb(102, 102, 102); font-size: 12px;\"><span style=\"font-size: 24px;\"><font face=\"Arial\">Corrente (A): 13,2<\/font><\/span><\/p>\n<p style=\"margin-bottom: 10px; padding: 0px; color: rgb(102, 102, 102); font-size: 12px;\"><span style=\"font-size: 24px;\"><font face=\"Arial\">Hertz: 50\/60<\/font><\/span><\/p>\n<p style=\"margin-bottom: 10px; padding: 0px; color: rgb(102, 102, 102); font-size: 12px;\"><span style=\"font-size: 24px;\"><font face=\"Arial\">Pot\u00eancia (kW): 2,900<\/font><\/span><\/p>\n<p style=\"margin-bottom: 10px; padding: 0px; color: rgb(102, 102, 102); font-size: 12px;\"><span style=\"font-size: 24px;\"><font face=\"Arial\">Disjuntor (A): 16<\/font><\/span><\/p>\n<p style=\"margin-bottom: 10px; padding: 0px; color: rgb(102, 102, 102); font-size: 12px;\"><span style=\"font-size: 24px;\"><font face=\"Arial\">Consumo (kW\/h): 2,3<\/font><\/span><\/p>\n<p style=\"margin-bottom: 10px; padding: 0px; color: rgb(102, 102, 102); font-size: 12px;\"><span style=\"font-size: 24px;\"><font face=\"Arial\">Cabo: 3&#215;2,5mm\u00b2<\/font><\/span><\/p>\n<p style=\"margin-bottom: 10px; padding: 0px; color: rgb(102, 102, 102); font-size: 12px;\"><span style=\"font-size: 24px;\"><font face=\"Arial\">Tomada blindada: 16A (2P+T)<\/font><\/span><\/p>\n<p style=\"margin-bottom: 10px; padding: 0px; color: rgb(102, 102, 102); font-size: 12px;\"><span style=\"font-size: 24px;\"><font face=\"Arial\">&nbsp;<\/font><\/span><\/p>\n<p style=\"margin-bottom: 10px; padding: 0px; color: rgb(102, 102, 102); font-size: 12px;\"><span style=\"font-size: 24px;\"><font face=\"Arial\">Medidas:<\/font><\/span><\/p>\n<p style=\"margin-bottom: 10px; padding: 0px; color: rgb(102, 102, 102); font-size: 12px;\"><span style=\"font-size: 24px;\"><font face=\"Arial\">Altura:&nbsp; 44,5 cm<\/font><\/span><\/p>\n<p style=\"margin-bottom: 10px; padding: 0px; color: rgb(102, 102, 102); font-size: 12px;\"><span style=\"font-size: 24px;\"><font face=\"Arial\">Largura: 58,5 cm<\/font><\/span><\/p>\n<p style=\"margin-bottom: 10px; padding: 0px; color: rgb(102, 102, 102); font-size: 12px;\"><span style=\"font-size: 24px;\"><font face=\"Arial\">Profundidade: 65,5 cm<\/font><\/span><\/p>\n<p style=\"margin-bottom: 10px; padding: 0px; color: rgb(102, 102, 102); font-size: 12px;\"><span style=\"font-size: 24px;\"><font face=\"Arial\">Peso: 38 Kg<\/font><\/span><\/p>\n<p style=\"margin-bottom: 10px; padding: 0px; color: rgb(102, 102, 102); font-size: 12px;\"><span style=\"font-size: 24px;\"><font face=\"Arial\">220V MONO 50\/60HZ<\/font><\/span><\/p>\n<p style=\"margin-bottom: 10px; padding: 0px; color: rgb(102, 102, 102); font-size: 12px;\"><font face=\"Arial Black\"><span style=\"font-size: 24px;\">&nbsp;<\/span><\/font><\/p>\n<\/li>\n<\/ul>\n<\/div>\n<\/div>\n","protected":false},"excerpt":{"rendered":"<p>CARACTER\u00cdSTICAS \u2192 Convec\u00e7\u00e3o com circula\u00e7\u00e3o de ar por turbina de alta performance. \u2192 Controle de temperatura de 0\u00b0C at\u00e9 210\u00b0C. \u2192 Op\u00e7\u00e3o com vapor: Vapor gerado por inje\u00e7\u00e3o direta na c\u00e2mara. \u2192 Isolamento de alta performance. \u2192 P\u00e9s ajust\u00e1veis. \u2192 Aquecimento por resist\u00eancia blindada. \u2192 Empilh\u00e1vel: m\u00e1ximo 1 equipamento (1 + 1) \u2192 Uso eficiente [&hellip;]<\/p>\n","protected":false},"featured_media":12987,"comment_status":"open","ping_status":"closed","template":"","meta":[],"product_brand":[],"product_cat":[427],"product_tag":[],"class_list":{"0":"post-12988","1":"product","2":"type-product","3":"status-publish","4":"has-post-thumbnail","6":"product_cat-forno-convector-forno-de-bancada","8":"first","9":"instock","10":"shipping-taxable","11":"purchasable","12":"product-type-simple"},"_links":{"self":[{"href":"https:\/\/twsites.com.br\/novomigcenter\/index.php?rest_route=\/wp\/v2\/product\/12988","targetHints":{"allow":["GET"]}}],"collection":[{"href":"https:\/\/twsites.com.br\/novomigcenter\/index.php?rest_route=\/wp\/v2\/product"}],"about":[{"href":"https:\/\/twsites.com.br\/novomigcenter\/index.php?rest_route=\/wp\/v2\/types\/product"}],"replies":[{"embeddable":true,"href":"https:\/\/twsites.com.br\/novomigcenter\/index.php?rest_route=%2Fwp%2Fv2%2Fcomments&post=12988"}],"wp:featuredmedia":[{"embeddable":true,"href":"https:\/\/twsites.com.br\/novomigcenter\/index.php?rest_route=\/wp\/v2\/media\/12987"}],"wp:attachment":[{"href":"https:\/\/twsites.com.br\/novomigcenter\/index.php?rest_route=%2Fwp%2Fv2%2Fmedia&parent=12988"}],"wp:term":[{"taxonomy":"product_brand","embeddable":true,"href":"https:\/\/twsites.com.br\/novomigcenter\/index.php?rest_route=%2Fwp%2Fv2%2Fproduct_brand&post=12988"},{"taxonomy":"product_cat","embeddable":true,"href":"https:\/\/twsites.com.br\/novomigcenter\/index.php?rest_route=%2Fwp%2Fv2%2Fproduct_cat&post=12988"},{"taxonomy":"product_tag","embeddable":true,"href":"https:\/\/twsites.com.br\/novomigcenter\/index.php?rest_route=%2Fwp%2Fv2%2Fproduct_tag&post=12988"}],"curies":[{"name":"wp","href":"https:\/\/api.w.org\/{rel}","templated":true}]}}