{"id":12990,"date":"2020-12-11T14:21:41","date_gmt":"2020-12-11T14:21:41","guid":{"rendered":"https:\/\/twsites.com.br\/novomigcenter\/?product=forno-maxiconv-sem-vapor"},"modified":"2020-12-11T14:21:41","modified_gmt":"2020-12-11T14:21:41","slug":"forno-maxiconv-sem-vapor","status":"publish","type":"product","link":"https:\/\/twsites.com.br\/novomigcenter\/?product=forno-maxiconv-sem-vapor","title":{"rendered":"FORNO MAXICONV SKYMSEN SEM VAPOR"},"content":{"rendered":"<div class=\"col-xs-12 col-md-6\" style=\"border: 0px; margin: 0px; padding-top: 0px; padding-bottom: 0px; width: 600px; font-family: OpenSans; font-size: 15px; background-color: rgb(246, 246, 246); outline: none !important;\">\n<div class=\"caracteristicas\" style=\"border: 1px solid rgb(216, 216, 216); margin: 0px 0px 20px; padding: 30px; background-color: rgb(233, 233, 233); border-radius: 10px; outline: none !important;\">\n<h3 class=\"title__info\" style=\"font-weight: 800; line-height: 20px; color: rgb(69, 69, 69); margin-right: 0px; margin-bottom: 20px; margin-left: 0px; font-size: 20px; border: 0px; vertical-align: baseline; padding: 0px; text-transform: uppercase; outline: none !important;\">CARACTER\u00cdSTICAS DO PRODUTO<\/h3>\n<ul style=\"margin-right: -15px; margin-bottom: 0px; margin-left: -15px; border: 0px; font-size: 14px; vertical-align: baseline; padding: 0px; list-style: none; color: rgb(69, 69, 69); outline: none !important;\">\n<li style=\"border: 0px; vertical-align: baseline; margin: 0px; padding: 0px 15px; float: left; width: 269px; clear: both; outline: none !important;\">\n<p style=\"margin-bottom: 0px; border-width: 1px 0px 0px; border-top-style: solid; border-right-style: initial; border-bottom-style: initial; border-left-style: initial; border-top-color: rgb(192, 193, 193); border-right-color: initial; border-bottom-color: initial; border-left-color: initial; border-image: initial; vertical-align: baseline; padding: 15px 0px; outline: none !important;\"><span style=\"font-weight: 700; border: 0px; vertical-align: baseline; margin: 0px; padding: 0px; outline: none !important;\">Modelo:&nbsp;<\/span>MAXICONV SV<\/p>\n<\/li>\n<li style=\"border: 0px; vertical-align: baseline; margin: 0px; padding: 0px 15px; float: left; width: 269px; outline: none !important;\">\n<p style=\"margin-bottom: 0px; border-width: 1px 0px 0px; border-top-style: solid; border-right-style: initial; border-bottom-style: initial; border-left-style: initial; border-top-color: rgb(192, 193, 193); border-right-color: initial; border-bottom-color: initial; border-left-color: initial; border-image: initial; vertical-align: baseline; padding: 15px 0px; outline: none !important;\"><span style=\"font-weight: 700; border: 0px; vertical-align: baseline; margin: 0px; padding: 0px; outline: none !important;\">Pot\u00eancia do Motor:&nbsp;<\/span>3000W<\/p>\n<\/li>\n<li style=\"border: 0px; vertical-align: baseline; margin: 0px; padding: 0px 15px; float: left; width: 269px; clear: both; outline: none !important;\">\n<p style=\"margin-bottom: 0px; border-width: 1px 0px 0px; border-top-style: solid; border-right-style: initial; border-bottom-style: initial; border-left-style: initial; border-top-color: rgb(192, 193, 193); border-right-color: initial; border-bottom-color: initial; border-left-color: initial; border-image: initial; vertical-align: baseline; padding: 15px 0px; outline: none !important;\"><span style=\"font-weight: 700; border: 0px; vertical-align: baseline; margin: 0px; padding: 0px; outline: none !important;\">Frequ\u00eancia:&nbsp;<\/span>60Hz<\/p>\n<\/li>\n<li style=\"border: 0px; vertical-align: baseline; margin: 0px; padding: 0px 15px; float: left; width: 269px; outline: none !important;\">\n<p style=\"margin-bottom: 0px; border-width: 1px 0px 0px; border-top-style: solid; border-right-style: initial; border-bottom-style: initial; border-left-style: initial; border-top-color: rgb(192, 193, 193); border-right-color: initial; border-bottom-color: initial; border-left-color: initial; border-image: initial; vertical-align: baseline; padding: 15px 0px; outline: none !important;\"><span style=\"font-weight: 700; border: 0px; vertical-align: baseline; margin: 0px; padding: 0px; outline: none !important;\">Tens\u00e3o:&nbsp;<\/span>220V<\/p>\n<\/li>\n<li style=\"border: 0px; vertical-align: baseline; margin: 0px; padding: 0px 15px; float: left; width: 269px; clear: both; outline: none !important;\">\n<p style=\"margin-bottom: 0px; border-width: 1px 0px 0px; border-top-style: solid; border-right-style: initial; border-bottom-style: initial; border-left-style: initial; border-top-color: rgb(192, 193, 193); border-right-color: initial; border-bottom-color: initial; border-left-color: initial; border-image: initial; vertical-align: baseline; padding: 15px 0px; outline: none !important;\"><span style=\"font-weight: 700; border: 0px; vertical-align: baseline; margin: 0px; padding: 0px; outline: none !important;\">Altura:&nbsp;<\/span>440.00 mm<\/p>\n<\/li>\n<li style=\"border: 0px; vertical-align: baseline; margin: 0px; padding: 0px 15px; float: left; width: 269px; outline: none !important;\">\n<p style=\"margin-bottom: 0px; border-width: 1px 0px 0px; border-top-style: solid; border-right-style: initial; border-bottom-style: initial; border-left-style: initial; border-top-color: rgb(192, 193, 193); border-right-color: initial; border-bottom-color: initial; border-left-color: initial; border-image: initial; vertical-align: baseline; padding: 15px 0px; outline: none !important;\"><span style=\"font-weight: 700; border: 0px; vertical-align: baseline; margin: 0px; padding: 0px; outline: none !important;\">Largura:&nbsp;<\/span>600.00 mm<\/p>\n<\/li>\n<li style=\"border: 0px; vertical-align: baseline; margin: 0px; padding: 0px 15px; float: left; width: 269px; clear: both; outline: none !important;\">\n<p style=\"margin-bottom: 0px; border-width: 1px 0px 0px; border-top-style: solid; border-right-style: initial; border-bottom-style: initial; border-left-style: initial; border-top-color: rgb(192, 193, 193); border-right-color: initial; border-bottom-color: initial; border-left-color: initial; border-image: initial; vertical-align: baseline; padding: 15px 0px; outline: none !important;\"><span style=\"font-weight: 700; border: 0px; vertical-align: baseline; margin: 0px; padding: 0px; outline: none !important;\">Profundidade:&nbsp;<\/span>710.00 mm<\/p>\n<\/li>\n<li style=\"border: 0px; vertical-align: baseline; margin: 0px; padding: 0px 15px; float: left; width: 269px; outline: none !important;\">\n<p style=\"margin-bottom: 0px; border-width: 1px 0px 0px; border-top-style: solid; border-right-style: initial; border-bottom-style: initial; border-left-style: initial; border-top-color: rgb(192, 193, 193); border-right-color: initial; border-bottom-color: initial; border-left-color: initial; border-image: initial; vertical-align: baseline; padding: 15px 0px; outline: none !important;\"><span style=\"font-weight: 700; border: 0px; vertical-align: baseline; margin: 0px; padding: 0px; outline: none !important;\">Peso L\u00edquido:&nbsp;<\/span>29.00 kg<\/p>\n<\/li>\n<li style=\"border: 0px; vertical-align: baseline; margin: 0px; padding: 0px 15px; float: left; width: 269px; clear: both; outline: none !important;\">\n<p style=\"margin-bottom: 0px; border-width: 1px 0px 0px; border-top-style: solid; border-right-style: initial; border-bottom-style: initial; border-left-style: initial; border-top-color: rgb(192, 193, 193); border-right-color: initial; border-bottom-color: initial; border-left-color: initial; border-image: initial; vertical-align: baseline; padding: 15px 0px; outline: none !important;\"><span style=\"font-weight: 700; border: 0px; vertical-align: baseline; margin: 0px; padding: 0px; outline: none !important;\">Peso Bruto:&nbsp;<\/span>32.00 kg<\/p>\n<\/li>\n<li style=\"border: 0px; vertical-align: baseline; margin: 0px; padding: 0px 15px; float: left; width: 538px; outline: none !important;\">\n<p style=\"margin-bottom: 0px; border-width: 1px 0px 0px; border-top-style: solid; border-right-style: initial; border-bottom-style: initial; border-left-style: initial; border-top-color: rgb(192, 193, 193); border-right-color: initial; border-bottom-color: initial; border-left-color: initial; border-image: initial; vertical-align: baseline; padding: 15px 0px; outline: none !important;\"><span style=\"font-weight: 700; border: 0px; vertical-align: baseline; margin: 0px; padding: 0px; outline: none !important;\">C. Fiscal:&nbsp;<\/span>85141010<\/p>\n<\/li>\n<\/ul>\n<\/div>\n<div class=\"caracteristicas\" style=\"border: 1px solid rgb(216, 216, 216); margin: 0px 0px 20px; padding: 30px; background-color: rgb(233, 233, 233); border-radius: 10px; outline: none !important;\">\n<h3 class=\"title__info\" style=\"font-weight: 800; line-height: 20px; color: rgb(69, 69, 69); margin-right: 0px; margin-bottom: 20px; margin-left: 0px; font-size: 20px; border: 0px; vertical-align: baseline; padding: 0px; text-transform: uppercase; outline: none !important;\">CARACTER\u00cdSTICAS DA EMBALAGEM<\/h3>\n<ul style=\"margin-right: -15px; margin-bottom: 0px; margin-left: -15px; border: 0px; font-size: 14px; vertical-align: baseline; padding: 0px; list-style: none; color: rgb(69, 69, 69); outline: none !important;\">\n<li style=\"border: 0px; vertical-align: baseline; margin: 0px; padding: 0px 15px; float: left; width: 269px; clear: both; outline: none !important;\">\n<p style=\"margin-bottom: 0px; border-width: 1px 0px 0px; border-top-style: solid; border-right-style: initial; border-bottom-style: initial; border-left-style: initial; border-top-color: rgb(192, 193, 193); border-right-color: initial; border-bottom-color: initial; border-left-color: initial; border-image: initial; vertical-align: baseline; padding: 15px 0px; outline: none !important;\"><span style=\"font-weight: 700; border: 0px; vertical-align: baseline; margin: 0px; padding: 0px; outline: none !important;\">Altura:&nbsp;<\/span>505.00 mm<\/p>\n<\/li>\n<li style=\"border: 0px; vertical-align: baseline; margin: 0px; padding: 0px 15px; float: left; width: 269px; outline: none !important;\">\n<p style=\"margin-bottom: 0px; border-width: 1px 0px 0px; border-top-style: solid; border-right-style: initial; border-bottom-style: initial; border-left-style: initial; border-top-color: rgb(192, 193, 193); border-right-color: initial; border-bottom-color: initial; border-left-color: initial; border-image: initial; vertical-align: baseline; padding: 15px 0px; outline: none !important;\"><span style=\"font-weight: 700; border: 0px; vertical-align: baseline; margin: 0px; padding: 0px; outline: none !important;\">Largura:&nbsp;<\/span>680.00 mm<\/p>\n<\/li>\n<li style=\"border: 0px; vertical-align: baseline; margin: 0px; padding: 0px 15px; float: left; width: 269px; clear: both; outline: none !important;\">\n<p style=\"margin-bottom: 0px; border-width: 1px 0px 0px; border-top-style: solid; border-right-style: initial; border-bottom-style: initial; border-left-style: initial; border-top-color: rgb(192, 193, 193); border-right-color: initial; border-bottom-color: initial; border-left-color: initial; border-image: initial; vertical-align: baseline; padding: 15px 0px; outline: none !important;\"><span style=\"font-weight: 700; border: 0px; vertical-align: baseline; margin: 0px; padding: 0px; outline: none !important;\">Profundidade:&nbsp;<\/span>790.00 mm<\/p>\n<\/li>\n<li style=\"border: 0px; vertical-align: baseline; margin: 0px; padding: 0px 15px; float: left; width: 269px; outline: none !important;\">\n<p style=\"margin-bottom: 0px; border-width: 1px 0px 0px; border-top-style: solid; border-right-style: initial; border-bottom-style: initial; border-left-style: initial; border-top-color: rgb(192, 193, 193); border-right-color: initial; border-bottom-color: initial; border-left-color: initial; border-image: initial; vertical-align: baseline; padding: 15px 0px; outline: none !important;\"><span style=\"font-weight: 700; border: 0px; vertical-align: baseline; margin: 0px; padding: 0px; outline: none !important;\">Peso Bruto:&nbsp;<\/span>32.00 kg<\/p>\n<\/li>\n<li style=\"border: 0px; vertical-align: baseline; margin: 0px; padding: 0px 15px; float: left; width: 538px; clear: both; outline: none !important;\">\n<p style=\"margin-bottom: 0px; border-width: 1px 0px 0px; border-top-style: solid; border-right-style: initial; border-bottom-style: initial; border-left-style: initial; border-top-color: rgb(192, 193, 193); border-right-color: initial; border-bottom-color: initial; border-left-color: initial; border-image: initial; vertical-align: baseline; padding: 15px 0px; outline: none !important;\"><span style=\"font-weight: 700; border: 0px; vertical-align: baseline; margin: 0px; padding: 0px; outline: none !important;\">C\u00f3digo EAN13:&nbsp;<\/span>7895707663985<\/p>\n<\/li>\n<\/ul>\n<\/div>\n<\/div>\n<div class=\"col-xs-12 col-md-6\" style=\"border: 0px; margin: 0px; padding-top: 0px; padding-bottom: 0px; width: 600px; font-family: OpenSans; font-size: 15px; background-color: rgb(246, 246, 246); outline: none !important;\">\n<div class=\"descricao\" style=\"border: 1px solid rgb(216, 216, 216); margin: 0px 0px 20px; padding: 30px; background-color: rgb(255, 255, 255); border-radius: 10px; box-shadow: rgb(225, 225, 225) 0px 2px 0px; outline: none !important;\">\n<h3 class=\"title\" style=\"font-weight: 800; color: rgb(69, 69, 69); margin-right: 0px; margin-bottom: 3px; margin-left: 0px; font-size: 30px; border: 0px; vertical-align: baseline; padding: 0px; text-transform: uppercase; outline: none !important;\">MAXICONV SV<\/h3>\n<h4 class=\"subtitle\" style=\"font-weight: 800; color: rgb(69, 69, 69); margin-right: 0px; margin-bottom: 17px; margin-left: 0px; font-size: 18px; border: 0px; vertical-align: baseline; padding: 0px; text-transform: uppercase; outline: none !important;\">FORNO TURBO EL\u00c9TRICO COMPACTO SEM VAPOR COM 4 ASSADEIRAS<\/h4>\n<div class=\"text\" style=\"border: 0px; margin: 0px 0px 30px; padding: 0px; color: rgb(69, 69, 69); font-size: 18px; outline: none !important;\">\n<p style=\"margin-bottom: 0px; border: 0px; vertical-align: baseline; padding: 0px 0px 15px; outline: none !important;\">O&nbsp;<span style=\"font-weight: 700; border: 0px; vertical-align: baseline; margin: 0px; padding: 0px; outline: none !important;\">forno turbo el\u00e9trico maxiconv<\/span>&nbsp;\u00e9 um modelo compacto de f\u00e1cil instala\u00e7\u00e3o, podendo ser utilizado para produ\u00e7\u00f5es em padarias, confeitarias, caf\u00e9s, lanchonetes, conveni\u00eancias e outros estabelecimentos que necessitam de&nbsp;<span style=\"font-weight: 700; border: 0px; vertical-align: baseline; margin: 0px; padding: 0px; outline: none !important;\"><a href=\"https:\/\/www.skymsen.com\/index.php\/produtos?linhas=60\" target=\"_blank\" style=\"color: rgb(0, 0, 0); border: 0px; vertical-align: baseline; margin: 0px; padding: 0px; outline: none !important;\">equipamentos para padaria<\/a><\/span>, oferece tamb\u00e9m, praticidade, controle preciso da temperatura e m\u00e1xima efici\u00eancia na hora de assar os alimentos, como o p\u00e3o de queijo, esfihas, past\u00e9is de forno, lasanhas, calzones, bolos, folhados e muito mais.<\/p>\n<p style=\"margin-bottom: 0px; border: 0px; vertical-align: baseline; padding: 0px 0px 15px; outline: none !important;\">Suas dimens\u00f5es compactas permitem que seja empilhado, aumentando ainda mais a capacidade de produ\u00e7\u00e3o, especialmente em estabelecimentos de espa\u00e7o limitado. Al\u00e9m disso, devido ao isolamento t\u00e9rmico eficiente e vidros duplos, a opera\u00e7\u00e3o n\u00e3o causa qualquer desconforto para as pessoas ao seu redor, o que faz do&nbsp;<span style=\"font-weight: 700; border: 0px; vertical-align: baseline; margin: 0px; padding: 0px; outline: none !important;\">forno de convec\u00e7\u00e3o<\/span>&nbsp;<span style=\"font-weight: 700; border: 0px; vertical-align: baseline; margin: 0px; padding: 0px; outline: none !important;\">maxiconv<\/span>&nbsp;perfeito para ser utilizado em ambientes pr\u00f3ximo \u00e0 presen\u00e7a de clientes, como quiosques de shopping, posto de conveni\u00eancia e frentes de lanchonetes.<\/p>\n<p style=\"margin-bottom: 0px; border: 0px; vertical-align: baseline; padding: 0px 0px 15px; outline: none !important;\">Produzido totalmente de a\u00e7o inox com design robusto, o painel facilita a sua opera\u00e7\u00e3o enquanto o suporte para as quatro assadeiras \u00e9 remov\u00edvel, facilitando assim a higieniza\u00e7\u00e3o do equipamento. O&nbsp;<span style=\"font-weight: 700; border: 0px; vertical-align: baseline; margin: 0px; padding: 0px; outline: none !important;\">forno de convec\u00e7\u00e3o maxiconv<\/span>&nbsp;foi desenvolvido com turbina de convec\u00e7\u00e3o, que garante distribui\u00e7\u00e3o uniforme do calor por todo forno, podendo ser desligada de acordo coma preferencia do operador. &nbsp;Com moderno painel digital que oferece um controle preciso da temperatura e do tempo de produ\u00e7\u00e3o, contando tamb\u00e9m, com temporizador e alarme sonoro quando o tempo de produ\u00e7\u00e3o for finalizado.<\/p>\n<p style=\"margin-bottom: 0px; border: 0px; vertical-align: baseline; padding: 0px 0px 15px; outline: none !important;\">A&nbsp;<a href=\"https:\/\/www.skymsen.com\/\" target=\"_blank\" style=\"color: rgb(0, 0, 0); border: 0px; vertical-align: baseline; margin: 0px; padding: 0px; outline: none !important;\"><span style=\"font-weight: 700; border: 0px; vertical-align: baseline; margin: 0px; padding: 0px; outline: none !important;\">Skymsen<\/span><\/a>&nbsp;tamb\u00e9m apresenta uma vers\u00e3o do&nbsp;<span style=\"font-weight: 700; border: 0px; vertical-align: baseline; margin: 0px; padding: 0px; outline: none !important;\"><a href=\"https:\/\/www.skymsen.com\/index.php\/produtos?linhas=60&amp;familia=93\" target=\"_blank\" style=\"color: rgb(0, 0, 0); border: 0px; vertical-align: baseline; margin: 0px; padding: 0px; outline: none !important;\">Forno Turbo El\u00e9trico<\/a><\/span>&nbsp;com vapor, al\u00e9m de outros modelos de equipamentos, como o&nbsp;<a href=\"https:\/\/www.skymsen.com\/index.php\/produtos\/detalhe\/590495\" target=\"_blank\" style=\"color: rgb(0, 0, 0); border: 0px; vertical-align: baseline; margin: 0px; padding: 0px; outline: none !important;\"><span style=\"font-weight: 700; border: 0px; vertical-align: baseline; margin: 0px; padding: 0px; outline: none !important;\">Forno Turbo El\u00e9trico Discovery 4E<\/span><\/a><span style=\"font-weight: 700; border: 0px; vertical-align: baseline; margin: 0px; padding: 0px; outline: none !important;\">,&nbsp;<\/span><a href=\"https:\/\/www.skymsen.com\/index.php\/produtos\/detalhe\/590592\" target=\"_blank\" style=\"color: rgb(0, 0, 0); border: 0px; vertical-align: baseline; margin: 0px; padding: 0px; outline: none !important;\"><span style=\"font-weight: 700; border: 0px; vertical-align: baseline; margin: 0px; padding: 0px; outline: none !important;\">Forno Turbo El\u00e9trico Discovery 4C<\/span><\/a><span style=\"font-weight: 700; border: 0px; vertical-align: baseline; margin: 0px; padding: 0px; outline: none !important;\">,&nbsp;<\/span><a href=\"https:\/\/www.skymsen.com\/index.php\/produtos\/detalhe\/585033\" target=\"_blank\" style=\"color: rgb(0, 0, 0); border: 0px; vertical-align: baseline; margin: 0px; padding: 0px; outline: none !important;\"><span style=\"font-weight: 700; border: 0px; vertical-align: baseline; margin: 0px; padding: 0px; outline: none !important;\">Forno Turbo El\u00e9trico Discovery 10<\/span><\/a>.<\/p>\n<\/div>\n<div class=\"selo-include\" style=\"border: 0px; margin: 0px; padding: 0px; outline: none !important;\"><img decoding=\"async\" src=\"https:\/\/www.skymsen.com\/imagens\/selo_inmetro.jpg\" width=\"228px\" height=\"180px\" class=\"img-responsive\" style=\"margin: 0px; padding: 0px; outline: none !important;\"><\/div>\n<div><\/div>\n<\/div>\n<\/div>\n","protected":false},"excerpt":{"rendered":"<p>CARACTER\u00cdSTICAS DO PRODUTO Modelo:&nbsp;MAXICONV SV Pot\u00eancia do Motor:&nbsp;3000W Frequ\u00eancia:&nbsp;60Hz Tens\u00e3o:&nbsp;220V Altura:&nbsp;440.00 mm Largura:&nbsp;600.00 mm Profundidade:&nbsp;710.00 mm Peso L\u00edquido:&nbsp;29.00 kg Peso Bruto:&nbsp;32.00 kg C. Fiscal:&nbsp;85141010 CARACTER\u00cdSTICAS DA EMBALAGEM Altura:&nbsp;505.00 mm Largura:&nbsp;680.00 mm Profundidade:&nbsp;790.00 mm Peso Bruto:&nbsp;32.00 kg C\u00f3digo EAN13:&nbsp;7895707663985 MAXICONV SV FORNO TURBO EL\u00c9TRICO COMPACTO SEM VAPOR COM 4 ASSADEIRAS O&nbsp;forno turbo el\u00e9trico maxiconv&nbsp;\u00e9 um modelo [&hellip;]<\/p>\n","protected":false},"featured_media":12989,"comment_status":"open","ping_status":"closed","template":"","meta":[],"product_brand":[],"product_cat":[427],"product_tag":[],"class_list":{"0":"post-12990","1":"product","2":"type-product","3":"status-publish","4":"has-post-thumbnail","6":"product_cat-forno-convector-forno-de-bancada","8":"first","9":"instock","10":"shipping-taxable","11":"purchasable","12":"product-type-simple"},"_links":{"self":[{"href":"https:\/\/twsites.com.br\/novomigcenter\/index.php?rest_route=\/wp\/v2\/product\/12990","targetHints":{"allow":["GET"]}}],"collection":[{"href":"https:\/\/twsites.com.br\/novomigcenter\/index.php?rest_route=\/wp\/v2\/product"}],"about":[{"href":"https:\/\/twsites.com.br\/novomigcenter\/index.php?rest_route=\/wp\/v2\/types\/product"}],"replies":[{"embeddable":true,"href":"https:\/\/twsites.com.br\/novomigcenter\/index.php?rest_route=%2Fwp%2Fv2%2Fcomments&post=12990"}],"wp:featuredmedia":[{"embeddable":true,"href":"https:\/\/twsites.com.br\/novomigcenter\/index.php?rest_route=\/wp\/v2\/media\/12989"}],"wp:attachment":[{"href":"https:\/\/twsites.com.br\/novomigcenter\/index.php?rest_route=%2Fwp%2Fv2%2Fmedia&parent=12990"}],"wp:term":[{"taxonomy":"product_brand","embeddable":true,"href":"https:\/\/twsites.com.br\/novomigcenter\/index.php?rest_route=%2Fwp%2Fv2%2Fproduct_brand&post=12990"},{"taxonomy":"product_cat","embeddable":true,"href":"https:\/\/twsites.com.br\/novomigcenter\/index.php?rest_route=%2Fwp%2Fv2%2Fproduct_cat&post=12990"},{"taxonomy":"product_tag","embeddable":true,"href":"https:\/\/twsites.com.br\/novomigcenter\/index.php?rest_route=%2Fwp%2Fv2%2Fproduct_tag&post=12990"}],"curies":[{"name":"wp","href":"https:\/\/api.w.org\/{rel}","templated":true}]}}