{"id":12998,"date":"2020-12-11T15:03:59","date_gmt":"2020-12-11T15:03:59","guid":{"rendered":"https:\/\/twsites.com.br\/novomigcenter\/?product=fastoven-preto"},"modified":"2020-12-11T15:03:59","modified_gmt":"2020-12-11T15:03:59","slug":"fastoven-preto","status":"publish","type":"product","link":"https:\/\/twsites.com.br\/novomigcenter\/?product=fastoven-preto","title":{"rendered":"FORNO TURBO FAST OVEN PROGAS G2 PRETO"},"content":{"rendered":"<ul style=\"margin-right: 0px; margin-bottom: 0px; margin-left: 0px; padding: 0px; background-position: 0px 0px; color: rgb(102, 102, 102); font-family: montserratlight; font-size: 14px; line-height: 27px; text-align: center;\">\n<li style=\"margin: 0px; padding: 0px; background-position: 0px 0px; font-size: 1.4rem; line-height: 27px; list-style: none !important;\">Com ilumina\u00e7\u00e3o interna, turbina que distribui o calor uniformemente e timer;<\/li>\n<li style=\"margin: 0px; padding: 0px; background-position: 0px 0px; font-size: 1.4rem; line-height: 27px; list-style: none !important;\">Isolamento t\u00e9rmico com l\u00e3 bas\u00e1ltica;<\/li>\n<li style=\"margin: 0px; padding: 0px; background-position: 0px 0px; font-size: 1.4rem; line-height: 27px; list-style: none !important;\">Litragem: 39 litros ut\u00e9is e 56 litros totais;<\/li>\n<li style=\"margin: 0px; padding: 0px; background-position: 0px 0px; font-size: 1.4rem; line-height: 27px; list-style: none !important;\">Resist\u00eancia 2000W;<\/li>\n<li style=\"margin: 0px; padding: 0px; background-position: 0px 0px; font-size: 1.4rem; line-height: 27px; list-style: none !important;\">Painel com teclas individuais para acionamento do motor (turbina) e l\u00e2mpada;<\/li>\n<li style=\"margin: 0px; padding: 0px; background-position: 0px 0px; font-size: 1.4rem; line-height: 27px; list-style: none !important;\">Cozimento uniforme.<\/li>\n<li style=\"margin: 0px; padding: 0px; background-position: 0px 0px; font-size: 1.4rem; line-height: 27px; list-style: none !important;\"><img decoding=\"async\" src=\"http:\/\/www.progas.com.br\/userfiles\/produtos\/1c4faefee96ed3149f24728b2d8d5be9.jpg\"><\/li>\n<\/ul>\n","protected":false},"excerpt":{"rendered":"<p>Com ilumina\u00e7\u00e3o interna, turbina que distribui o calor uniformemente e timer; Isolamento t\u00e9rmico com l\u00e3 bas\u00e1ltica; Litragem: 39 litros ut\u00e9is e 56 litros totais; Resist\u00eancia 2000W; Painel com teclas individuais para acionamento do motor (turbina) e l\u00e2mpada; Cozimento uniforme.<\/p>\n","protected":false},"featured_media":12997,"comment_status":"open","ping_status":"closed","template":"","meta":[],"product_brand":[],"product_cat":[427],"product_tag":[],"class_list":{"0":"post-12998","1":"product","2":"type-product","3":"status-publish","4":"has-post-thumbnail","6":"product_cat-forno-convector-forno-de-bancada","8":"first","9":"instock","10":"shipping-taxable","11":"purchasable","12":"product-type-simple"},"_links":{"self":[{"href":"https:\/\/twsites.com.br\/novomigcenter\/index.php?rest_route=\/wp\/v2\/product\/12998","targetHints":{"allow":["GET"]}}],"collection":[{"href":"https:\/\/twsites.com.br\/novomigcenter\/index.php?rest_route=\/wp\/v2\/product"}],"about":[{"href":"https:\/\/twsites.com.br\/novomigcenter\/index.php?rest_route=\/wp\/v2\/types\/product"}],"replies":[{"embeddable":true,"href":"https:\/\/twsites.com.br\/novomigcenter\/index.php?rest_route=%2Fwp%2Fv2%2Fcomments&post=12998"}],"wp:featuredmedia":[{"embeddable":true,"href":"https:\/\/twsites.com.br\/novomigcenter\/index.php?rest_route=\/wp\/v2\/media\/12997"}],"wp:attachment":[{"href":"https:\/\/twsites.com.br\/novomigcenter\/index.php?rest_route=%2Fwp%2Fv2%2Fmedia&parent=12998"}],"wp:term":[{"taxonomy":"product_brand","embeddable":true,"href":"https:\/\/twsites.com.br\/novomigcenter\/index.php?rest_route=%2Fwp%2Fv2%2Fproduct_brand&post=12998"},{"taxonomy":"product_cat","embeddable":true,"href":"https:\/\/twsites.com.br\/novomigcenter\/index.php?rest_route=%2Fwp%2Fv2%2Fproduct_cat&post=12998"},{"taxonomy":"product_tag","embeddable":true,"href":"https:\/\/twsites.com.br\/novomigcenter\/index.php?rest_route=%2Fwp%2Fv2%2Fproduct_tag&post=12998"}],"curies":[{"name":"wp","href":"https:\/\/api.w.org\/{rel}","templated":true}]}}