{"id":13002,"date":"2020-12-11T15:22:34","date_gmt":"2020-12-11T15:22:34","guid":{"rendered":"https:\/\/twsites.com.br\/novomigcenter\/?product=forno-turbo-fast-oven-progas-painel-digital-vermelho"},"modified":"2020-12-11T15:22:34","modified_gmt":"2020-12-11T15:22:34","slug":"forno-turbo-fast-oven-progas-painel-digital-vermelho","status":"publish","type":"product","link":"https:\/\/twsites.com.br\/novomigcenter\/?product=forno-turbo-fast-oven-progas-painel-digital-vermelho","title":{"rendered":"FORNO TURBO FAST OVEN PROGAS PAINEL DIGITAL &#8211; VERMELHO"},"content":{"rendered":"<h2 style=\"margin-right: 0px; margin-bottom: 0px; margin-left: 0px; padding: 0px; background-position: 0px 0px; color: rgb(102, 102, 102); font-family: montserratlight; font-size: 1.4rem; float: none; font-weight: inherit; line-height: 27px; text-align: center; font-style: italic;\"><strong style=\"margin: 0px; padding: 0px; background-position: 0px 0px; font-size: 1.4rem; line-height: 27px;\">Todas as funcionalidades do Forno Turbo PRP-004 G2 agora na vers\u00e3o digital.<\/strong><\/h2>\n<p style=\"margin-bottom: 0px; padding: 0px; background-position: 0px 0px; color: rgb(102, 102, 102); font-family: montserratlight; font-size: 14px; line-height: 27px; text-align: center;\"><strong style=\"margin: 0px; padding: 0px; background-position: 0px 0px; font-size: 1.4rem; line-height: 27px;\">O PRP-004 Plus veio para facilitar o controle de temperatura e tempo de suas receitas, proporcionando mais precis\u00e3o, comodidade e facilidade. Dispon\u00edveis nas cores de vidro vermelha e preta.<\/strong><\/p>\n<p style=\"margin-bottom: 0px; padding: 0px; background-position: 0px 0px; color: rgb(102, 102, 102); font-family: montserratlight; font-size: 14px; line-height: 27px; text-align: center;\">&#8211; Controlador de f\u00e1cil programa\u00e7\u00e3o com display que contempla: controle de temperatura de 0\u00ba a 250\u00baC, temporizador de 360 minutos e aviso sonoro de tempo de cozimento;<\/p>\n<p style=\"margin-bottom: 0px; padding: 0px; background-position: 0px 0px; color: rgb(102, 102, 102); font-family: montserratlight; font-size: 14px; line-height: 27px; text-align: center;\">&#8211; Acompanha 4 esteiras de alum\u00ednio perfuradas de 350x350mm<\/p>\n<p style=\"margin-bottom: 0px; padding: 0px; background-position: 0px 0px; color: rgb(102, 102, 102); font-family: montserratlight; font-size: 14px; line-height: 27px; text-align: center;\">&#8211; Sensor de temperatura blindado;<\/p>\n<p style=\"margin-bottom: 0px; padding: 0px; background-position: 0px 0px; color: rgb(102, 102, 102); font-family: montserratlight; font-size: 14px; line-height: 27px; text-align: center;\">&#8211; Litragem: 39 litros ut\u00e9is e 56 litros totais;<\/p>\n<p style=\"margin-bottom: 0px; padding: 0px; background-position: 0px 0px; color: rgb(102, 102, 102); font-family: montserratlight; font-size: 14px; line-height: 27px; text-align: center;\">&#8211; Resist\u00eancia blindada de 2000W;<\/p>\n<p style=\"margin-bottom: 0px; padding: 0px; background-position: 0px 0px; color: rgb(102, 102, 102); font-family: montserratlight; font-size: 14px; line-height: 27px; text-align: center;\">&#8211; L\u00e2mpada hal\u00f3gena de 35W;<\/p>\n<p style=\"margin-bottom: 0px; padding: 0px; background-position: 0px 0px; color: rgb(102, 102, 102); font-family: montserratlight; font-size: 14px; line-height: 27px; text-align: center;\">&#8211; Motor monof\u00e1sico de 1\/30CV;<\/p>\n<p style=\"margin-bottom: 0px; padding: 0px; background-position: 0px 0px; color: rgb(102, 102, 102); font-family: montserratlight; font-size: 14px; line-height: 27px; text-align: center;\">&#8211; Isolamento t\u00e9rmico com l\u00e3 bas\u00e1ltica;<\/p>\n<p><img decoding=\"async\" src=\"http:\/\/www.progas.com.br\/userfiles\/produtos\/721baa9faa2c66fff51236109353928c.jpg\"><\/p>\n","protected":false},"excerpt":{"rendered":"<p>Todas as funcionalidades do Forno Turbo PRP-004 G2 agora na vers\u00e3o digital. O PRP-004 Plus veio para facilitar o controle de temperatura e tempo de suas receitas, proporcionando mais precis\u00e3o, comodidade e facilidade. Dispon\u00edveis nas cores de vidro vermelha e preta. &#8211; Controlador de f\u00e1cil programa\u00e7\u00e3o com display que contempla: controle de temperatura de 0\u00ba [&hellip;]<\/p>\n","protected":false},"featured_media":13001,"comment_status":"open","ping_status":"closed","template":"","meta":[],"product_brand":[],"product_cat":[427],"product_tag":[],"class_list":{"0":"post-13002","1":"product","2":"type-product","3":"status-publish","4":"has-post-thumbnail","6":"product_cat-forno-convector-forno-de-bancada","8":"first","9":"instock","10":"shipping-taxable","11":"purchasable","12":"product-type-simple"},"_links":{"self":[{"href":"https:\/\/twsites.com.br\/novomigcenter\/index.php?rest_route=\/wp\/v2\/product\/13002","targetHints":{"allow":["GET"]}}],"collection":[{"href":"https:\/\/twsites.com.br\/novomigcenter\/index.php?rest_route=\/wp\/v2\/product"}],"about":[{"href":"https:\/\/twsites.com.br\/novomigcenter\/index.php?rest_route=\/wp\/v2\/types\/product"}],"replies":[{"embeddable":true,"href":"https:\/\/twsites.com.br\/novomigcenter\/index.php?rest_route=%2Fwp%2Fv2%2Fcomments&post=13002"}],"wp:featuredmedia":[{"embeddable":true,"href":"https:\/\/twsites.com.br\/novomigcenter\/index.php?rest_route=\/wp\/v2\/media\/13001"}],"wp:attachment":[{"href":"https:\/\/twsites.com.br\/novomigcenter\/index.php?rest_route=%2Fwp%2Fv2%2Fmedia&parent=13002"}],"wp:term":[{"taxonomy":"product_brand","embeddable":true,"href":"https:\/\/twsites.com.br\/novomigcenter\/index.php?rest_route=%2Fwp%2Fv2%2Fproduct_brand&post=13002"},{"taxonomy":"product_cat","embeddable":true,"href":"https:\/\/twsites.com.br\/novomigcenter\/index.php?rest_route=%2Fwp%2Fv2%2Fproduct_cat&post=13002"},{"taxonomy":"product_tag","embeddable":true,"href":"https:\/\/twsites.com.br\/novomigcenter\/index.php?rest_route=%2Fwp%2Fv2%2Fproduct_tag&post=13002"}],"curies":[{"name":"wp","href":"https:\/\/api.w.org\/{rel}","templated":true}]}}