{"id":13004,"date":"2020-12-11T15:36:05","date_gmt":"2020-12-11T15:36:05","guid":{"rendered":"https:\/\/twsites.com.br\/novomigcenter\/?product=prp-400-style-g2"},"modified":"2020-12-11T15:36:05","modified_gmt":"2020-12-11T15:36:05","slug":"prp-400-style-g2","status":"publish","type":"product","link":"https:\/\/twsites.com.br\/novomigcenter\/?product=prp-400-style-g2","title":{"rendered":"FORNO REFRAT\u00c1RIO \u00c0 G\u00c1S GUILHOTINA"},"content":{"rendered":"<ul style=\"margin-right: 0px; margin-bottom: 0px; margin-left: 0px; padding: 0px; background-position: 0px 0px; color: rgb(102, 102, 102); font-family: montserratlight; font-size: 14px; line-height: 27px; text-align: center;\">\n<li style=\"margin: 0px; padding: 0px; background-position: 0px 0px; font-size: 1.4rem; line-height: 27px; list-style: none !important;\">Com porta tipo guilhotina, p\u00e9s antiderrapantes regul\u00e1veis, term\u00f4metro anal\u00f3gico e pedra refrat\u00e1ria polida;<\/li>\n<li style=\"margin: 0px; padding: 0px; background-position: 0px 0px; font-size: 1.4rem; line-height: 27px; list-style: none !important;\">Queimador inferior com acendimento por faiscador e queimador superior com acendimento manual;<\/li>\n<li style=\"margin: 0px; padding: 0px; background-position: 0px 0px; font-size: 1.4rem; line-height: 27px; list-style: none !important;\">Com queimadores infravermelhos na parte superior &#8211; ideais para gratinar.<\/li>\n<\/ul>\n","protected":false},"excerpt":{"rendered":"<p>Com porta tipo guilhotina, p\u00e9s antiderrapantes regul\u00e1veis, term\u00f4metro anal\u00f3gico e pedra refrat\u00e1ria polida; Queimador inferior com acendimento por faiscador e queimador superior com acendimento manual; Com queimadores infravermelhos na parte superior &#8211; ideais para gratinar.<\/p>\n","protected":false},"featured_media":13003,"comment_status":"open","ping_status":"closed","template":"","meta":[],"product_brand":[],"product_cat":[398],"product_tag":[],"class_list":{"0":"post-13004","1":"product","2":"type-product","3":"status-publish","4":"has-post-thumbnail","6":"product_cat-forno-guilhotina","8":"first","9":"instock","10":"shipping-taxable","11":"purchasable","12":"product-type-simple"},"_links":{"self":[{"href":"https:\/\/twsites.com.br\/novomigcenter\/index.php?rest_route=\/wp\/v2\/product\/13004","targetHints":{"allow":["GET"]}}],"collection":[{"href":"https:\/\/twsites.com.br\/novomigcenter\/index.php?rest_route=\/wp\/v2\/product"}],"about":[{"href":"https:\/\/twsites.com.br\/novomigcenter\/index.php?rest_route=\/wp\/v2\/types\/product"}],"replies":[{"embeddable":true,"href":"https:\/\/twsites.com.br\/novomigcenter\/index.php?rest_route=%2Fwp%2Fv2%2Fcomments&post=13004"}],"wp:featuredmedia":[{"embeddable":true,"href":"https:\/\/twsites.com.br\/novomigcenter\/index.php?rest_route=\/wp\/v2\/media\/13003"}],"wp:attachment":[{"href":"https:\/\/twsites.com.br\/novomigcenter\/index.php?rest_route=%2Fwp%2Fv2%2Fmedia&parent=13004"}],"wp:term":[{"taxonomy":"product_brand","embeddable":true,"href":"https:\/\/twsites.com.br\/novomigcenter\/index.php?rest_route=%2Fwp%2Fv2%2Fproduct_brand&post=13004"},{"taxonomy":"product_cat","embeddable":true,"href":"https:\/\/twsites.com.br\/novomigcenter\/index.php?rest_route=%2Fwp%2Fv2%2Fproduct_cat&post=13004"},{"taxonomy":"product_tag","embeddable":true,"href":"https:\/\/twsites.com.br\/novomigcenter\/index.php?rest_route=%2Fwp%2Fv2%2Fproduct_tag&post=13004"}],"curies":[{"name":"wp","href":"https:\/\/api.w.org\/{rel}","templated":true}]}}